{"id":121,"date":"2018-05-30T14:24:41","date_gmt":"2018-05-30T14:24:41","guid":{"rendered":"https:\/\/hundeschule.eikenroth.net\/?page_id=121"},"modified":"2025-12-24T23:41:49","modified_gmt":"2025-12-24T23:41:49","slug":"termine","status":"publish","type":"page","link":"https:\/\/hundeschule-giessen.de\/angelika\/termine\/","title":{"rendered":"Termine"},"content":{"rendered":"<p>[et_pb_section fb_built=&#8220;1&#8243; _builder_version=&#8220;4.16&#8243; custom_margin=&#8220;||0px|&#8220; custom_padding=&#8220;||0px|&#8220; top_divider_style=&#8220;wave2&#8243; top_divider_color=&#8220;rgba(178,178,178,0.43)&#8220; top_divider_height=&#8220;87px&#8220; top_divider_flip=&#8220;vertical&#8220; global_colors_info=&#8220;{}&#8220;][et_pb_row custom_padding_last_edited=&#8220;on|tablet&#8220; _builder_version=&#8220;4.16&#8243; custom_margin=&#8220;2%|||&#8220; custom_margin_tablet=&#8220;5%||0px|&#8220; custom_margin_phone=&#8220;7%||0px|&#8220; custom_margin_last_edited=&#8220;on|phone&#8220; custom_padding_tablet=&#8220;||0px|&#8220; custom_padding_phone=&#8220;&#8220; global_colors_info=&#8220;{}&#8220;][et_pb_column type=&#8220;4_4&#8243; _builder_version=&#8220;4.16&#8243; custom_padding=&#8220;|||&#8220; global_colors_info=&#8220;{}&#8220; custom_padding__hover=&#8220;|||&#8220;][et_pb_text _builder_version=&#8220;4.16&#8243; custom_margin=&#8220;||0px|&#8220; custom_padding=&#8220;||0px|&#8220; global_colors_info=&#8220;{}&#8220;]<\/p>\n<h2>Stundenplan \/ Termine<\/h2>\n<p>[\/et_pb_text][et_pb_divider color=&#8220;rgba(178,178,178,0.43)&#8220; divider_weight=&#8220;2&#8243; _builder_version=&#8220;4.16&#8243; module_alignment=&#8220;left&#8220; height=&#8220;15px&#8220; custom_margin=&#8220;0px||0px|&#8220; custom_padding=&#8220;0px||0px|&#8220; saved_tabs=&#8220;all&#8220; global_colors_info=&#8220;{}&#8220;][\/et_pb_divider][et_pb_text _builder_version=&#8220;4.25.1&#8243; custom_margin=&#8220;||0px|&#8220; custom_padding=&#8220;||0px|&#8220; global_colors_info=&#8220;{}&#8220;]<\/p>\n<p>Auf dieser Seite findest du einen &#8222;Stundenplan&#8220; der Hundeschule &#8211; ACHTUNG nicht immer aktuell!,<br \/>aktuelle Termine unserer Sonderveranstaltungen und Seminare findest du auf der STARTSEOTE!.<br \/>N\u00e4heres zum Kursangebot entnimm bitte den entsprechenden Seiten.<br \/>F\u00fcr alle Veranstaltungen ist eine verbindliche Anmeldung erforderlich. F\u00fcr weitere Informationen oder um sich die Anmeldeunterlagen f\u00fcr Workshops \/ Seminare zusenden zu lassen, melde dich bitte bei Angelika.<\/p>\n<p>Stand 01\/2026<\/p>\n<p>[\/et_pb_text][\/et_pb_column][\/et_pb_row][et_pb_row disabled_on=&#8220;off|off|&#8220; _builder_version=&#8220;4.16&#8243; global_colors_info=&#8220;{}&#8220;][et_pb_column type=&#8220;4_4&#8243; _builder_version=&#8220;4.16&#8243; custom_padding=&#8220;|||&#8220; global_colors_info=&#8220;{}&#8220; custom_padding__hover=&#8220;|||&#8220;][\/et_pb_column][\/et_pb_row][et_pb_row disabled_on=&#8220;off|off|&#8220; _builder_version=&#8220;4.16&#8243; global_colors_info=&#8220;{}&#8220;][et_pb_column type=&#8220;4_4&#8243; _builder_version=&#8220;4.16&#8243; custom_padding=&#8220;|||&#8220; global_colors_info=&#8220;{}&#8220; custom_padding__hover=&#8220;|||&#8220;][et_pb_text admin_label=&#8220;Tabelle Termine&#8220; _builder_version=&#8220;4.24.2&#8243; global_colors_info=&#8220;{}&#8220;]<\/p>\n<p>&nbsp;<\/p>\n<table style=\"height: 1664px;\">\n<thead>\n<tr style=\"height: 24px;\">\n<th scope=\"col\" style=\"width: 99.9667px; height: 24px;\">Termin<\/th>\n<th scope=\"col\" style=\"width: 277px; height: 24px;\">Kurs<\/th>\n<th scope=\"col\" style=\"width: 134px; height: 24px;\">Trainer\/in<\/th>\n<\/tr>\n<\/thead>\n<tbody>\n<tr style=\"height: 24px;\">\n<td style=\"width: 99.9667px; height: 24px;\"><b> Montag<\/b><\/td>\n<td style=\"width: 277px; height: 24px;\"><\/td>\n<td style=\"width: 134px; height: 24px;\"><\/td>\n<\/tr>\n<tr style=\"height: 24px;\">\n<td style=\"width: 99.9667px; height: 24px;\">\n<p>09:30-10:30<b><br \/><\/b>nachmittags \/ abends<\/p>\n<p>&nbsp;<\/p>\n<\/td>\n<td style=\"width: 277px; height: 24px;\">Monday Morning Club<br \/>Einzeltraining und<br \/>Kurs Jagdverhalten kontrollieren ab Januar 26<br \/>Hasenhunde-Kurse \/ W\u00fcnsch dir was \/ <br \/>Freilauf Hasenhunde ab Feb. 26<\/td>\n<td style=\"width: 134px; height: 24px;\">\n<p>Christine<br \/>Lena<\/p>\n<p>Sarah<\/p>\n<\/td>\n<\/tr>\n<tr style=\"height: 24px;\">\n<td style=\"width: 99.9667px; height: 24px;\"><b> Dienstag<\/b><\/td>\n<td style=\"width: 277px; height: 24px;\"><\/td>\n<td style=\"width: 134px; height: 24px;\"><\/td>\n<\/tr>\n<tr style=\"height: 24px;\">\n<td style=\"width: 99.9667px; height: 24px;\">10:30-11:30<\/td>\n<td style=\"width: 277px; height: 24px;\">Spiel &amp; Spa\u00dfgruppe<\/td>\n<td style=\"width: 134px; height: 24px;\">Brigitte \/ Angelika<\/td>\n<\/tr>\n<tr style=\"height: 24px;\">\n<td style=\"width: 99.9667px; height: 24px;\">\n<p>17:30-18:30<br \/>18:30-19:30<\/p>\n<\/td>\n<td style=\"width: 277px; height: 24px;\">\n<p>Agility<br \/>JuHu-Gruppe, ab Jan.\/Feb. Basis-E-Kurs gro\u00dfe Hunde<\/p>\n<\/td>\n<td style=\"width: 134px; height: 24px;\">\n<p>Angelika<br \/>Angelika<\/p>\n<\/td>\n<\/tr>\n<tr style=\"height: 24px;\">\n<td style=\"width: 99.9667px; height: 24px;\"><b>Mittwoch<\/b><\/td>\n<td style=\"width: 277px; height: 24px;\"><\/td>\n<td style=\"width: 134px; height: 24px;\"><\/td>\n<\/tr>\n<tr style=\"height: 24px;\">\n<td style=\"width: 99.9667px; height: 24px;\">.<br \/>16:15-17:15<b><br \/><\/b>17:30-18:30<br \/>18:30-19:30<\/td>\n<td style=\"width: 277px; height: 24px;\">\n<p>.<br \/>Junghunde *08\/25<br \/>Scent Hurdle Racing-Kurs<br \/>Agility Club<\/p>\n<\/td>\n<td style=\"width: 134px; height: 24px;\">.<br \/>Angelika<br \/>Angelika<br \/>Angelika<\/td>\n<\/tr>\n<tr style=\"height: 24px;\">\n<td style=\"width: 99.9667px; height: 24px;\"><b>Donnerstag<\/b><\/td>\n<td style=\"width: 277px; height: 24px;\"><\/td>\n<td style=\"width: 134px; height: 24px;\"><\/td>\n<\/tr>\n<tr style=\"height: 24px;\">\n<td style=\"width: 99.9667px; height: 24px;\">10:30-11:30<\/td>\n<td style=\"width: 277px; height: 24px;\">Sch\u00fclergruppe<\/td>\n<td style=\"width: 134px; height: 24px;\"><\/td>\n<\/tr>\n<tr style=\"height: 128px;\">\n<td style=\"width: 99.9667px; height: 128px;\">16:30-17:30<br \/>17:45-18:45<br \/>19:00-20:00<br \/>16:00-20:00<\/td>\n<td style=\"width: 277px; height: 128px;\">\n<p>JuHu Kleinhunde<br \/>JuHu, ab M\u00e4rz Basis-E-Kurs Kleinhunde<br \/>Scent Hurdle Racing Club<br \/>Longieren und Cavaletti<\/p>\n<\/td>\n<td style=\"width: 134px; height: 128px;\">Angelika<br \/>Angelika<br \/>Angelika<br \/>Brigitte<\/td>\n<\/tr>\n<tr style=\"height: 24px;\">\n<td style=\"width: 99.9667px; height: 24px;\"><b>Freitag<\/b><\/td>\n<td style=\"width: 277px; height: 24px;\"><\/td>\n<td style=\"width: 134px; height: 24px;\"><\/td>\n<\/tr>\n<tr style=\"height: 144px;\">\n<td style=\"width: 99.9667px; height: 144px;\">12:00-14:00<br \/>.<br \/>15:30-16:30<br \/>17:00-18:00<br \/>18:00-19:00<br \/>.<\/td>\n<td style=\"width: 277px; height: 144px;\">Termine f. Einzeltraining<br \/>.<br \/>JuHu *06-07\/25<br \/>Agility-Kurs<br \/>Agility Club<br \/>.<\/td>\n<td style=\"width: 134px; height: 144px;\">Angelika<br \/>.<br \/>Angelika<br \/>Angelika<br \/>Angelika<br \/>.<\/td>\n<\/tr>\n<tr style=\"height: 24px;\">\n<td style=\"width: 99.9667px; height: 24px;\"><b>Samstag<\/b><\/td>\n<td style=\"width: 277px; height: 24px;\"><\/td>\n<td style=\"width: 134px; height: 24px;\"><\/td>\n<\/tr>\n<tr style=\"height: 72px;\">\n<td style=\"width: 99.9667px; height: 72px;\">10:15-11:15<br \/>11:30-12:30<br \/>12:45-13:45<\/td>\n<td style=\"width: 277px; height: 72px;\">\n<p>Erziehungskurs Tierschutzhunde<br \/>Scent Hurdle Racing Club<br \/>Welpen *09\/25<\/p>\n<\/td>\n<td style=\"width: 134px; height: 72px;\">Angelika<br \/>Angelika<br \/>Angelika<\/td>\n<\/tr>\n<tr style=\"height: 96px;\">\n<td style=\"width: 99.9667px; height: 96px;\">14:45-15:45<br \/>16:00-17:00<br \/>17:15-18:15<br \/>.<\/td>\n<td style=\"width: 277px; height: 96px;\">Junghundegruppe<br \/>Spiel &amp; Spa\u00dfgruppe<br \/>Erziehungskurs gro\u00dfe Hunde<br \/>&#8230;<\/td>\n<td style=\"width: 134px; height: 96px;\">Angelika<br \/>Angelika<br \/>Angelika<br \/>.<\/td>\n<\/tr>\n<tr style=\"height: 24px;\">\n<td style=\"width: 99.9667px; height: 24px;\"><b>Sonntag<\/b><\/td>\n<td style=\"width: 277px; height: 24px;\"><\/td>\n<td style=\"width: 134px; height: 24px;\"><\/td>\n<\/tr>\n<tr style=\"height: 96px;\">\n<td style=\"width: 99.9667px; height: 96px;\">\n<p>10:00-11:30<br \/>11:15-12:15<br \/>12:30-14:00<br \/>10:00-15:00<\/p>\n<\/td>\n<td style=\"width: 277px; height: 96px;\">\n<p>Hundef\u00fchrerscheinkurs in Planung<br \/>Besch\u00e4ftigung f\u00fcr Kleinhunde (Kurs)<br \/>Basis-Erziehungskurs gro\u00dfe Hunde<br \/>Hundebegegnungen meistern\/Mantrailing. u.a<\/p>\n<\/td>\n<td style=\"width: 134px; height: 96px;\">\n<p>Angelika<br \/>Angelika<br \/>Angelika<br \/>Lena<\/p>\n<\/td>\n<\/tr>\n<tr style=\"height: 72px;\">\n<td style=\"width: 99.9667px; height: 72px;\">15:00-16:00<br \/>17:00-18:00<br \/>18:00-19:00<\/td>\n<td style=\"width: 277px; height: 72px;\">&#8230;<br \/>Besch\u00e4ftigung f\u00fcr Kleinhunde\u00a0<br \/>&#8230;<\/td>\n<td style=\"width: 134px; height: 72px;\">Angelika<br \/>Angelika<br \/>Julia<\/td>\n<\/tr>\n<\/tbody>\n<\/table>\n<p>&nbsp;<\/p>\n<p>[\/et_pb_text][\/et_pb_column][\/et_pb_row][\/et_pb_section][et_pb_section fb_built=&#8220;1&#8243; disabled_on=&#8220;off||&#8220; _builder_version=&#8220;4.16&#8243; custom_margin=&#8220;0px|||&#8220; custom_padding=&#8220;0px|||&#8220; global_colors_info=&#8220;{}&#8220;][et_pb_row custom_padding_last_edited=&#8220;on|tablet&#8220; _builder_version=&#8220;4.16&#8243; custom_margin=&#8220;0px|||&#8220; custom_margin_tablet=&#8220;0px||0px|&#8220; custom_margin_phone=&#8220;&#8220; custom_margin_last_edited=&#8220;on|phone&#8220; custom_padding_tablet=&#8220;||0px|&#8220; custom_padding_phone=&#8220;&#8220; global_colors_info=&#8220;{}&#8220;][et_pb_column type=&#8220;4_4&#8243; _builder_version=&#8220;4.16&#8243; custom_padding=&#8220;|||&#8220; global_colors_info=&#8220;{}&#8220; custom_padding__hover=&#8220;|||&#8220;][et_pb_text admin_label=&#8220;Sonderveranstaltungen 2018&#8243; _builder_version=&#8220;4.27.4&#8243; custom_margin=&#8220;||0px|&#8220; custom_padding=&#8220;||0px|&#8220; global_colors_info=&#8220;{}&#8220;]<\/p>\n<h2>Sonderveranstaltungen 2025<\/h2>\n<p>[\/et_pb_text][et_pb_divider color=&#8220;rgba(178,178,178,0.43)&#8220; divider_weight=&#8220;2&#8243; _builder_version=&#8220;4.16&#8243; module_alignment=&#8220;left&#8220; height=&#8220;15px&#8220; custom_margin=&#8220;0px||0px|&#8220; custom_padding=&#8220;0px||0px|&#8220; saved_tabs=&#8220;all&#8220; global_colors_info=&#8220;{}&#8220;][\/et_pb_divider][et_pb_text _builder_version=&#8220;4.16&#8243; custom_margin=&#8220;||0px|&#8220; custom_padding=&#8220;||3%|&#8220; global_colors_info=&#8220;{}&#8220;]<\/p>\n<p>.<\/p>\n<p>[\/et_pb_text][et_pb_text admin_label=&#8220;Tabelle Sonderveranstaltungen&#8220; _builder_version=&#8220;4.25.1&#8243; global_colors_info=&#8220;{}&#8220;]<\/p>\n<p>&#8212;<\/p>\n<table style=\"width: 745px;\">\n<thead>\n<tr>\n<th scope=\"col\" style=\"width: 303px;\">Datum &amp; Veranstaltung<\/th>\n<th scope=\"col\" style=\"width: 211px;\">Veranstaltungs-ort<\/th>\n<th scope=\"col\" style=\"width: 231px;\">Teilnehmerzahl &amp; Preis<\/th>\n<\/tr>\n<\/thead>\n<tbody>\n<tr>\n<td data-label=\"Datum &amp; Veranstaltung\" style=\"width: 303px;\"><\/td>\n<td data-label=\"Veranstaltungsort\" style=\"width: 211px;\"><\/td>\n<td data-label=\"Teilnehmerzahl &amp; Preis\" style=\"width: 231px;\"><\/td>\n<\/tr>\n<tr>\n<td data-label=\"Datum &amp; Veranstaltung\" style=\"width: 303px;\">\n<p>Sa, 05.04.24<br \/><b>\u2022 Helfende H\u00e4nde &#8211; TTouch<\/b><\/p>\n<p>&nbsp;<\/p>\n<\/td>\n<td data-label=\"Veranstaltungsort\" style=\"width: 211px;\">\n<p>Hundeplatz der Hundeschule Gie\u00dfen<\/p>\n<\/td>\n<td data-label=\"Teilnehmerzahl &amp; Preis\" style=\"width: 231px;\">85,- \u20ac<br \/>Begleitpersonen 40,-<br \/>ohne Hund 50,- \u20ac<\/td>\n<\/tr>\n<tr>\n<td data-label=\"Datum &amp; Veranstaltung\" style=\"width: 303px;\">.<b><br \/><\/b><\/td>\n<td data-label=\"Veranstaltungsort\" style=\"width: 211px;\">Hundeplatz der Hundeschule Gie\u00dfen<\/td>\n<td data-label=\"Teilnehmerzahl &amp; Preis\" style=\"width: 231px;\">.<\/td>\n<\/tr>\n<tr>\n<td data-label=\"Datum &amp; Veranstaltung\" style=\"width: 303px;\">.<\/td>\n<td data-label=\"Veranstaltungsort\" style=\"width: 211px;\">Hundeplatz der Hundeschule Gie\u00dfen<\/td>\n<td data-label=\"Teilnehmerzahl &amp; Preis\" style=\"width: 231px;\">.<\/td>\n<\/tr>\n<tr>\n<td style=\"width: 303px;\"><b>\u00a0<\/b><\/td>\n<td style=\"width: 211px;\"><\/td>\n<td style=\"width: 231px;\"><\/td>\n<\/tr>\n<\/tbody>\n<\/table>\n<p>&nbsp;<\/p>\n<p>[\/et_pb_text][\/et_pb_column][\/et_pb_row][\/et_pb_section][et_pb_section fb_built=&#8220;1&#8243; disabled_on=&#8220;off||&#8220; _builder_version=&#8220;4.16&#8243; custom_margin=&#8220;0px|||&#8220; custom_padding=&#8220;0px|||&#8220; global_colors_info=&#8220;{}&#8220;][et_pb_row custom_padding_last_edited=&#8220;on|tablet&#8220; _builder_version=&#8220;4.16&#8243; custom_margin=&#8220;0px|||&#8220; custom_margin_tablet=&#8220;0px||0px|&#8220; custom_margin_phone=&#8220;&#8220; custom_margin_last_edited=&#8220;on|phone&#8220; custom_padding_tablet=&#8220;||0px|&#8220; custom_padding_phone=&#8220;&#8220; global_colors_info=&#8220;{}&#8220;][et_pb_column type=&#8220;4_4&#8243; _builder_version=&#8220;4.16&#8243; custom_padding=&#8220;|||&#8220; global_colors_info=&#8220;{}&#8220; custom_padding__hover=&#8220;|||&#8220;][et_pb_divider color=&#8220;rgba(178,178,178,0.43)&#8220; divider_weight=&#8220;2&#8243; _builder_version=&#8220;4.16&#8243; module_alignment=&#8220;left&#8220; height=&#8220;15px&#8220; custom_margin=&#8220;0px||0px|&#8220; custom_padding=&#8220;0px||0px|&#8220; saved_tabs=&#8220;all&#8220; global_colors_info=&#8220;{}&#8220;][\/et_pb_divider][\/et_pb_column][\/et_pb_row][et_pb_row custom_padding_last_edited=&#8220;on|tablet&#8220; _builder_version=&#8220;4.16&#8243; custom_margin=&#8220;0px|||&#8220; custom_margin_tablet=&#8220;0px||0px|&#8220; custom_margin_phone=&#8220;&#8220; custom_margin_last_edited=&#8220;on|phone&#8220; custom_padding_tablet=&#8220;||0px|&#8220; custom_padding_phone=&#8220;&#8220; global_colors_info=&#8220;{}&#8220;][et_pb_column type=&#8220;4_4&#8243; _builder_version=&#8220;4.16&#8243; custom_padding=&#8220;|||&#8220; global_colors_info=&#8220;{}&#8220; custom_padding__hover=&#8220;|||&#8220;][\/et_pb_column][\/et_pb_row][et_pb_row disabled_on=&#8220;off|off|&#8220; _builder_version=&#8220;4.16&#8243; global_colors_info=&#8220;{}&#8220;][et_pb_column type=&#8220;4_4&#8243; _builder_version=&#8220;4.16&#8243; custom_padding=&#8220;|||&#8220; global_colors_info=&#8220;{}&#8220; custom_padding__hover=&#8220;|||&#8220;][et_pb_divider color=&#8220;rgba(178,178,178,0.43)&#8220; divider_weight=&#8220;2&#8243; _builder_version=&#8220;4.16&#8243; module_alignment=&#8220;left&#8220; height=&#8220;15px&#8220; custom_margin=&#8220;0px||0px|&#8220; custom_padding=&#8220;0px||0px|&#8220; saved_tabs=&#8220;all&#8220; global_colors_info=&#8220;{}&#8220;][\/et_pb_divider][\/et_pb_column][\/et_pb_row][\/et_pb_section]<\/p>\n","protected":false},"excerpt":{"rendered":"<p>Stundenplan \/ Termine Auf dieser Seite findest du einen &#8222;Stundenplan&#8220; der Hundeschule &#8211; ACHTUNG nicht immer aktuell!,aktuelle Termine unserer Sonderveranstaltungen und Seminare findest du auf der STARTSEOTE!.N\u00e4heres zum Kursangebot entnimm bitte den entsprechenden Seiten.F\u00fcr alle Veranstaltungen ist eine verbindliche Anmeldung erforderlich. F\u00fcr weitere Informationen oder um sich die Anmeldeunterlagen f\u00fcr Workshops \/ Seminare zusenden zu [&hellip;]<\/p>\n","protected":false},"author":1,"featured_media":0,"parent":0,"menu_order":0,"comment_status":"closed","ping_status":"closed","template":"","meta":{"_et_pb_use_builder":"on","_et_pb_old_content":"","_et_gb_content_width":"","footnotes":""},"class_list":["post-121","page","type-page","status-publish","hentry"],"_links":{"self":[{"href":"https:\/\/hundeschule-giessen.de\/angelika\/wp-json\/wp\/v2\/pages\/121","targetHints":{"allow":["GET"]}}],"collection":[{"href":"https:\/\/hundeschule-giessen.de\/angelika\/wp-json\/wp\/v2\/pages"}],"about":[{"href":"https:\/\/hundeschule-giessen.de\/angelika\/wp-json\/wp\/v2\/types\/page"}],"author":[{"embeddable":true,"href":"https:\/\/hundeschule-giessen.de\/angelika\/wp-json\/wp\/v2\/users\/1"}],"replies":[{"embeddable":true,"href":"https:\/\/hundeschule-giessen.de\/angelika\/wp-json\/wp\/v2\/comments?post=121"}],"version-history":[{"count":148,"href":"https:\/\/hundeschule-giessen.de\/angelika\/wp-json\/wp\/v2\/pages\/121\/revisions"}],"predecessor-version":[{"id":4569,"href":"https:\/\/hundeschule-giessen.de\/angelika\/wp-json\/wp\/v2\/pages\/121\/revisions\/4569"}],"wp:attachment":[{"href":"https:\/\/hundeschule-giessen.de\/angelika\/wp-json\/wp\/v2\/media?parent=121"}],"curies":[{"name":"wp","href":"https:\/\/api.w.org\/{rel}","templated":true}]}}