{"id":2029,"date":"2018-07-20T11:17:20","date_gmt":"2018-07-20T11:17:20","guid":{"rendered":"https:\/\/hundeschule.eikenroth.net\/?page_id=2029"},"modified":"2021-01-07T00:06:24","modified_gmt":"2021-01-07T00:06:24","slug":"was-passt-zu-mir-und-meinem-hund","status":"publish","type":"page","link":"https:\/\/hundeschule-giessen.de\/angelika\/kurse\/was-passt-zu-mir-und-meinem-hund\/","title":{"rendered":"Was passt zu mir und meinem Hund"},"content":{"rendered":"<p>[et_pb_section fb_built=&#8220;1&#8243; disabled_on=&#8220;on|on|&#8220; _builder_version=&#8220;3.22&#8243; background_color=&#8220;#1d9811&#8243; custom_padding=&#8220;0px||0px|&#8220;][et_pb_row column_structure=&#8220;1_2,1_2&#8243; make_equal=&#8220;on&#8220; _builder_version=&#8220;3.25&#8243; background_color=&#8220;#1d9811&#8243; custom_margin=&#8220;0px||0px|&#8220; custom_padding=&#8220;0px||0px|&#8220;][et_pb_column type=&#8220;1_2&#8243; _builder_version=&#8220;3.25&#8243; custom_padding=&#8220;|||&#8220; custom_padding__hover=&#8220;|||&#8220;][et_pb_image src=&#8220;https:\/\/hundeschule-giessen.de\/angelika\/wp-content\/uploads\/Angelika-mit-Hunden-02.jpg&#8220; alt=&#8220;Was passt zu mir und meinem Hund&#8220; align_tablet=&#8220;center&#8220; align_phone=&#8220;&#8220; align_last_edited=&#8220;on|desktop&#8220; admin_label=&#8220;Bild Desktop&#8220; _builder_version=&#8220;3.23&#8243;][\/et_pb_image][\/et_pb_column][et_pb_column type=&#8220;1_2&#8243; _builder_version=&#8220;3.25&#8243; background_color=&#8220;#1d9811&#8243; custom_padding=&#8220;|||&#8220; custom_padding__hover=&#8220;|||&#8220;][et_pb_text _builder_version=&#8220;3.27.4&#8243; header_font_size=&#8220;50px&#8220; custom_padding=&#8220;25%|||&#8220; header_text_shadow_style=&#8220;preset3&#8243;]<\/p>\n<h1><span style=\"color: #ffe572;\">Was passt zu mir und meinem Hund<\/span><\/h1>\n<p>[\/et_pb_text][\/et_pb_column][\/et_pb_row][\/et_pb_section][et_pb_section fb_built=&#8220;1&#8243; disabled_on=&#8220;off|off|on&#8220; _builder_version=&#8220;3.22&#8243; custom_padding=&#8220;0px||0px|&#8220;][et_pb_row column_structure=&#8220;1_2,1_2&#8243; make_equal=&#8220;on&#8220; _builder_version=&#8220;3.25&#8243; background_color=&#8220;#1d9811&#8243; width=&#8220;100%&#8220; max_width=&#8220;100%&#8220; custom_margin=&#8220;0px||0px|&#8220; custom_padding=&#8220;0px||0px|&#8220; use_custom_width=&#8220;on&#8220; width_unit=&#8220;off&#8220; custom_width_percent=&#8220;100%&#8220;][et_pb_column type=&#8220;1_2&#8243; _builder_version=&#8220;3.25&#8243; custom_padding=&#8220;|||&#8220; custom_padding__hover=&#8220;|||&#8220;][et_pb_image src=&#8220;https:\/\/hundeschule-giessen.de\/angelika\/wp-content\/uploads\/Angelika-mit-Hunden-02.jpg&#8220; alt=&#8220;Was passt zu mir und meinem Hund&#8220; align_tablet=&#8220;center&#8220; align_phone=&#8220;&#8220; align_last_edited=&#8220;on|desktop&#8220; admin_label=&#8220;Bild Handy + Tablet&#8220; _builder_version=&#8220;3.23&#8243;][\/et_pb_image][\/et_pb_column][et_pb_column type=&#8220;1_2&#8243; _builder_version=&#8220;3.25&#8243; background_color=&#8220;#1d9811&#8243; custom_padding=&#8220;|||&#8220; custom_padding__hover=&#8220;|||&#8220;][et_pb_text _builder_version=&#8220;4.0.9&#8243; header_font_size=&#8220;50px&#8220; custom_padding=&#8220;15%||15%|&#8220; custom_padding_tablet=&#8220;0px||5%|&#8220; custom_padding_phone=&#8220;&#8220; custom_padding_last_edited=&#8220;on|tablet&#8220; header_font_size_tablet=&#8220;40px&#8220; header_font_size_phone=&#8220;35px&#8220; header_font_size_last_edited=&#8220;on|tablet&#8220; header_text_shadow_style=&#8220;preset3&#8243;]<\/p>\n<h1 style=\"text-align: center;\"><span style=\"color: #ffe572;\">Was passt zu mir und meinem Hund?<br \/><\/span><\/h1>\n<p>[\/et_pb_text][\/et_pb_column][\/et_pb_row][\/et_pb_section][et_pb_section fb_built=&#8220;1&#8243; _builder_version=&#8220;3.22&#8243; custom_margin=&#8220;||0px|&#8220; custom_padding=&#8220;||0px|&#8220; top_divider_style=&#8220;wave2&#8243; top_divider_color=&#8220;rgba(178,178,178,0.43)&#8220; top_divider_height=&#8220;59px&#8220; top_divider_flip=&#8220;vertical|horizontal&#8220;][et_pb_row _builder_version=&#8220;3.25&#8243; custom_margin=&#8220;1%||0px|&#8220; custom_padding=&#8220;0px||0px|&#8220;][et_pb_column type=&#8220;4_4&#8243; _builder_version=&#8220;3.25&#8243; custom_padding=&#8220;|||&#8220; custom_padding__hover=&#8220;|||&#8220;][et_pb_text _builder_version=&#8220;3.27.4&#8243;]<\/p>\n<h3 style=\"text-align: center;\">Was passt zu mir und meinem Hund<\/h3>\n<p>[\/et_pb_text][et_pb_text _builder_version=&#8220;4.6.1&#8243; custom_margin=&#8220;0px|||&#8220; custom_padding=&#8220;0px|||&#8220; hover_enabled=&#8220;0&#8243; sticky_enabled=&#8220;0&#8243;]<\/p>\n<p>Jeder Mensch und jeder Hund sind einzigartig, und das erst recht als Team!<br \/> Wenn du uns kontaktierst, dann kl\u00e4ren wir als erstes bereits am Telefon oder per email, welche unserer Angebote grunds\u00e4tzlich f\u00fcr dich in Frage kommen.<br \/> <strong>Bitte nimm daher als erstes Kontakt per Telefon oder email auf.<\/strong> Bitte komme NICHT einfach am Hundeplatz vorbei &#8211; in der Regel wird man dort keine Zeit haben auf dein Anliegen einzugehen, denn\u00a0 meistens befinden wir uns im Training mit Kunden.<\/p>\n<p> Hier die \u00dcbersicht, was f\u00fcr wen geeignet ist:<\/p>\n<p><strong>1. Du hast das erste Mal einen eigenen Hund<br \/> <\/strong>Dann empfiehlt es sich, zun\u00e4chst einen Termin f\u00fcr eine Einzelberatung zu vereinbaren. So k\u00f6nnen wir gemeinsam feststellen, wo Beratungsbedarf besteht und an welchen Dingen du vorrangig arbeiten und trainieren solltest. Du bekommst individuell viele Informationen f\u00fcr das Zusammenleben, den Alltag und das Training mit deinem Hund und auch erste \u00dcbungen, die du mit ihm durchf\u00fchren kannst.<br \/> Bei Bedarf und auf Wunsch wird dann im Einzeltraining weiter gearbeitet.<br \/> Wenn keine gr\u00f6\u00dferen &#8222;Baustellen&#8220; bestehen bzw. an diesen erfolgreich gearbeitet wurde, kann das weitere Training in Kursform absolviert werden.<br \/> Je nach Alter des Hundes in der Welpengruppe, Junghundegruppe oder im Erziehungskurs<br \/> <strong>2. Du hattest bzw. hast bereits Hunde, der neue jedoch geh\u00f6rt einer ganz anderen Rasse an und \/ oder kommt aus dem Tierschutz und \/ oder stellt dich vor andere Herausforderungen als die bisherigen Hunde<br \/> <\/strong>Es empfiehlt sich zun\u00e4chste eine Einzelberatung. Dann wird entschieden ob Gruppentraining m\u00f6glich und sinnvoll ist oder ob das Training zun\u00e4chst besser im Einzeltraining fortgesetzt wird.<br \/> <strong>3. Du hast einen Welpen \/ Junghund bis 7-8 Monate, Hundeerfahrung und keine anderen als die alters\u00fcblichen &#8222;Baustellen&#8220;<br \/> <\/strong>Dann kannst du wahrscheinlich sofort in eine nach Alter und Hundegr\u00f6\u00dfe passende Welpengruppe oder Junghundegruppe einsteigen. Auf Wunsch erh\u00e4ltst du auch Einzeltraining. Dies ist auch empfehlenswert, wenn du in eine Gruppe einsteigst die schon l\u00e4ngere Zeit miteinander trainiert &#8211; damit du auf den aktuellen Stand des Trainings in der Gruppe kommst.<br \/> <strong>4. Du hast einen Hund ab ca. 8 Monate, Hundeerfahrung und keine gr\u00f6\u00dferen &#8222;Baustellen&#8220; und m\u00f6chtest an der Erziehung und Ausbildung arbeiten<br \/> <\/strong>Du kannst an einem passenden Basis-Erziehungskurs teilnehmen. Auf Wunsch erh\u00e4ltst du auch Einzeltraining. Sollte gerade kein passender Erziehungkurs in\u00a0 Planung sein, dann ist ebenfalls Einzeltraining empfehlenswert.<br \/> <strong>5. Du lebst gl\u00fccklich mit deinem Hund zusammen und suchst nach M\u00f6glichkeiten f\u00fcr Hundesport und Besch\u00e4ftigung<br \/> <\/strong>Wir besprechen am Telefon, was passen k\u00f6nnte, du kannst dir die verschiedenen Angebote gerne ohne Hund ansehen. Schnupperkurse mit 6 Terminen bieten bei jedem Angebot\u00a0 von Hundesport und Besch\u00e4ftigung die M\u00f6glichkeit festzustellen, ob dies das Richtige f\u00fcr dich und deinen Hund ist.<\/p>\n<p>Au\u00dferdem bieten wir auch Beratungstermine vor der Anschaffung eines Hundes.<\/p>\n<p>Wir bieten auch Tagesbetreuung und Hundepension an &#8211; frage nach!<\/p>\n<p>&nbsp;<\/p>\n<p>&nbsp;<\/p>\n<p>[\/et_pb_text][\/et_pb_column][\/et_pb_row][\/et_pb_section]<\/p>\n","protected":false},"excerpt":{"rendered":"<p>Was passt zu mir und meinem Hund Was passt zu mir und meinem Hund?Was passt zu mir und meinem Hund Jeder Mensch und jeder Hund sind einzigartig, und das erst recht als Team! Wenn du uns kontaktierst, dann kl\u00e4ren wir als erstes bereits am Telefon oder per email, welche unserer Angebote grunds\u00e4tzlich f\u00fcr dich in [&hellip;]<\/p>\n","protected":false},"author":1,"featured_media":0,"parent":113,"menu_order":0,"comment_status":"closed","ping_status":"closed","template":"","meta":{"_et_pb_use_builder":"on","_et_pb_old_content":"","_et_gb_content_width":"","footnotes":""},"class_list":["post-2029","page","type-page","status-publish","hentry"],"_links":{"self":[{"href":"https:\/\/hundeschule-giessen.de\/angelika\/wp-json\/wp\/v2\/pages\/2029","targetHints":{"allow":["GET"]}}],"collection":[{"href":"https:\/\/hundeschule-giessen.de\/angelika\/wp-json\/wp\/v2\/pages"}],"about":[{"href":"https:\/\/hundeschule-giessen.de\/angelika\/wp-json\/wp\/v2\/types\/page"}],"author":[{"embeddable":true,"href":"https:\/\/hundeschule-giessen.de\/angelika\/wp-json\/wp\/v2\/users\/1"}],"replies":[{"embeddable":true,"href":"https:\/\/hundeschule-giessen.de\/angelika\/wp-json\/wp\/v2\/comments?post=2029"}],"version-history":[{"count":13,"href":"https:\/\/hundeschule-giessen.de\/angelika\/wp-json\/wp\/v2\/pages\/2029\/revisions"}],"predecessor-version":[{"id":3550,"href":"https:\/\/hundeschule-giessen.de\/angelika\/wp-json\/wp\/v2\/pages\/2029\/revisions\/3550"}],"up":[{"embeddable":true,"href":"https:\/\/hundeschule-giessen.de\/angelika\/wp-json\/wp\/v2\/pages\/113"}],"wp:attachment":[{"href":"https:\/\/hundeschule-giessen.de\/angelika\/wp-json\/wp\/v2\/media?parent=2029"}],"curies":[{"name":"wp","href":"https:\/\/api.w.org\/{rel}","templated":true}]}}