{"id":2285,"date":"2018-08-14T08:01:36","date_gmt":"2018-08-14T08:01:36","guid":{"rendered":"https:\/\/hundeschule.eikenroth.net\/?page_id=2285"},"modified":"2024-04-04T23:45:39","modified_gmt":"2024-04-04T23:45:39","slug":"erziehungskurse","status":"publish","type":"page","link":"https:\/\/hundeschule-giessen.de\/angelika\/kurse\/erziehungskurse\/","title":{"rendered":"Erziehungskurse"},"content":{"rendered":"<p>[et_pb_section fb_built=&#8220;1&#8243; disabled_on=&#8220;on|on|&#8220; _builder_version=&#8220;4.16&#8243; background_color=&#8220;#1d9811&#8243; custom_padding=&#8220;0px||0px|&#8220; global_colors_info=&#8220;{}&#8220;][et_pb_row column_structure=&#8220;1_2,1_2&#8243; make_equal=&#8220;on&#8220; _builder_version=&#8220;4.16&#8243; background_color=&#8220;#1d9811&#8243; custom_margin=&#8220;0px||0px|&#8220; custom_padding=&#8220;0px||0px|&#8220; global_colors_info=&#8220;{}&#8220;][et_pb_column type=&#8220;1_2&#8243; _builder_version=&#8220;4.16&#8243; custom_padding=&#8220;|||&#8220; global_colors_info=&#8220;{}&#8220; custom_padding__hover=&#8220;|||&#8220;][et_pb_image src=&#8220;https:\/\/hundeschule-giessen.de\/angelika\/wp-content\/uploads\/Erster_Schultag_Basiskurs-03-2.jpg&#8220; alt=&#8220;Erziehungskurse&#8220; align_tablet=&#8220;center&#8220; align_phone=&#8220;&#8220; align_last_edited=&#8220;on|desktop&#8220; admin_label=&#8220;Bild Desktop&#8220; _builder_version=&#8220;4.16&#8243; global_colors_info=&#8220;{}&#8220;][\/et_pb_image][\/et_pb_column][et_pb_column type=&#8220;1_2&#8243; _builder_version=&#8220;4.16&#8243; background_color=&#8220;#1d9811&#8243; custom_padding=&#8220;|||&#8220; global_colors_info=&#8220;{}&#8220; custom_padding__hover=&#8220;|||&#8220;][et_pb_text _builder_version=&#8220;4.16&#8243; header_font_size=&#8220;50px&#8220; custom_padding=&#8220;22%|||&#8220; header_text_shadow_style=&#8220;preset3&#8243; global_colors_info=&#8220;{}&#8220;]<\/p>\n<h1><span style=\"color: #ffe572;\">Erziehungskurse<\/span><\/h1>\n<p>[\/et_pb_text][\/et_pb_column][\/et_pb_row][\/et_pb_section][et_pb_section fb_built=&#8220;1&#8243; disabled_on=&#8220;off|off|on&#8220; _builder_version=&#8220;4.16&#8243; custom_padding=&#8220;0px||0px|&#8220; global_colors_info=&#8220;{}&#8220;][et_pb_row column_structure=&#8220;1_2,1_2&#8243; make_equal=&#8220;on&#8220; _builder_version=&#8220;4.16&#8243; background_color=&#8220;#1d9811&#8243; width=&#8220;100%&#8220; max_width=&#8220;100%&#8220; custom_margin=&#8220;0px||0px|&#8220; custom_padding=&#8220;0px||0px|&#8220; use_custom_width=&#8220;on&#8220; width_unit=&#8220;off&#8220; custom_width_percent=&#8220;100%&#8220; global_colors_info=&#8220;{}&#8220;][et_pb_column type=&#8220;1_2&#8243; _builder_version=&#8220;4.16&#8243; custom_padding=&#8220;|||&#8220; global_colors_info=&#8220;{}&#8220; custom_padding__hover=&#8220;|||&#8220;][et_pb_image src=&#8220;https:\/\/hundeschule-giessen.de\/angelika\/wp-content\/uploads\/Erster_Schultag_Basiskurs-03-2.jpg&#8220; alt=&#8220;Erziehungskurse&#8220; align_tablet=&#8220;center&#8220; align_phone=&#8220;&#8220; align_last_edited=&#8220;on|desktop&#8220; admin_label=&#8220;Bild Handy + Tablet&#8220; _builder_version=&#8220;4.16&#8243; global_colors_info=&#8220;{}&#8220;][\/et_pb_image][\/et_pb_column][et_pb_column type=&#8220;1_2&#8243; _builder_version=&#8220;4.16&#8243; background_color=&#8220;#1d9811&#8243; custom_padding=&#8220;|||&#8220; global_colors_info=&#8220;{}&#8220; custom_padding__hover=&#8220;|||&#8220;][et_pb_text _builder_version=&#8220;4.16&#8243; header_font_size=&#8220;50px&#8220; custom_padding=&#8220;15%||15%|&#8220; custom_padding_tablet=&#8220;0px||5%|&#8220; custom_padding_phone=&#8220;&#8220; custom_padding_last_edited=&#8220;on|tablet&#8220; header_font_size_tablet=&#8220;40px&#8220; header_font_size_phone=&#8220;35px&#8220; header_font_size_last_edited=&#8220;on|tablet&#8220; header_text_shadow_style=&#8220;preset3&#8243; global_colors_info=&#8220;{}&#8220;]<\/p>\n<h1 style=\"text-align: center;\"><span style=\"color: #ffe572;\">Erziehungskurse<\/span><\/h1>\n<p>[\/et_pb_text][\/et_pb_column][\/et_pb_row][\/et_pb_section][et_pb_section fb_built=&#8220;1&#8243; _builder_version=&#8220;4.16&#8243; custom_margin=&#8220;||0px|&#8220; custom_padding=&#8220;||0px|&#8220; top_divider_style=&#8220;wave2&#8243; top_divider_color=&#8220;rgba(178,178,178,0.43)&#8220; top_divider_height=&#8220;73px&#8220; top_divider_flip=&#8220;vertical&#8220; global_colors_info=&#8220;{}&#8220;][et_pb_row column_structure=&#8220;1_2,1_2&#8243; custom_padding_last_edited=&#8220;on|tablet&#8220; _builder_version=&#8220;4.16&#8243; custom_margin=&#8220;||0px|&#8220; custom_margin_tablet=&#8220;5%||0px|&#8220; custom_margin_phone=&#8220;7%||0px|&#8220; custom_margin_last_edited=&#8220;on|phone&#8220; custom_padding=&#8220;||0px|&#8220; custom_padding_tablet=&#8220;0px||0px|&#8220; custom_padding_phone=&#8220;&#8220; global_colors_info=&#8220;{}&#8220;][et_pb_column type=&#8220;1_2&#8243; _builder_version=&#8220;4.16&#8243; custom_padding=&#8220;|||&#8220; global_colors_info=&#8220;{}&#8220; custom_padding__hover=&#8220;|||&#8220;][et_pb_text _builder_version=&#8220;4.16&#8243; custom_margin=&#8220;||0px|&#8220; custom_margin_tablet=&#8220;5%||0px|&#8220; custom_margin_phone=&#8220;7%||0px|&#8220; custom_margin_last_edited=&#8220;on|phone&#8220; custom_padding=&#8220;||0px|&#8220; global_colors_info=&#8220;{}&#8220;]<\/p>\n<p>Sie k\u00f6nnen zwei Erziehungskurse belegen:<\/p>\n<p><span style=\"color: #1d9811;\"><strong>Erziehungs-Basiskurs<\/strong><\/span><\/p>\n<p>Einen &#8222;gut erzogenen&#8220; Hund \u2013 wer h\u00e4tte den nicht gerne? \u201eWenn ich ihn rufe, kommt er nur wenn er Lust hat\u201c&#8230;\u00a0 \u201eEr zieht immer so an der Leine\u201c&#8230; kennen Sie das? Wir auch! Und wir zeigen Ihnen und Ihrem Hund, dass es auch anders geht! Und das mit viel Spa\u00df beim Training und mit Methoden, bei denen auch der Hund Freude am Training hat &#8211; weil er versteht was wir ihm vermitteln wollen.<br \/> Der Erziehungs-Basiskurs umfasst 10 Trainingseinheiten + 1 Zusatzstunde je 90 Minuten auf unserem Hundeplatz und auch au\u00dferhalb unseres Gel\u00e4ndes, im Feld und in der Stadt. Im Zentrum unseres Kurses stehen \u00dcbungen zum Bindungsaufbau und zur Konzentration und Motivation. Unter unserer Anleitung bringen Sie Ihrem Hund bei, nicht mehr an der Leine zu ziehen und freudig zu Ihnen zu kommen, wenn Sie es m\u00f6chten; au\u00dferdem \u201eSitz\u201c, \u201ePlatz\u201c, \u201eSteh\u201c, \u201eFu\u00df\u201c, \u201eBleib\u201c und mehr. Wichtig ist auch das Abbruchsignal, um dem Hund Ruhe zu vermitteln und unerw\u00fcnschtes Verhalten stoppen zu k\u00f6nnen. Wir zeigen Ihnen, wie es geht!<\/p>\n<p>Unerl\u00e4ssliche Voraussetzungen f\u00fcr die Ausbildung sind Geduld, Konsequenz und Zeit. Und das Bestreben, sich dem Hund verst\u00e4ndlich zu machen.<br \/> Was wir nicht anwenden sind H\u00e4rte und Gewalt. Wir lehnen Ketten- und Stachelhalsb\u00e4nder sowie Stromreizger\u00e4te ab, da sie nicht nur unn\u00f6tig, sondern auch tierschutzrelevant sind. Unsere Kunden verpflichten sich, diese Dinge auch im privaten Bereich nicht einzusetzen.<\/p>\n<p>Erleben Sie mit Ihrem Hund diese angenehme Art des Umgangs mit dem Hund!<\/p>\n<p>[\/et_pb_text][\/et_pb_column][et_pb_column type=&#8220;1_2&#8243; _builder_version=&#8220;4.16&#8243; custom_padding=&#8220;|||&#8220; global_colors_info=&#8220;{}&#8220; custom_padding__hover=&#8220;|||&#8220;][et_pb_text _builder_version=&#8220;4.16&#8243; custom_margin=&#8220;0px|||&#8220; custom_padding=&#8220;3%|||&#8220; global_colors_info=&#8220;{}&#8220;]<\/p>\n<p>An einem Erziehungs-Basiskurs nehmen 5-7, maximal bis zu 8 Hundef\u00fchrer mit ihren Hunden teil. Ab 6 Teams wird der Kurs f\u00fcr mindestens drei Trainingseinheiten in zwei Gruppen geteilt. Dies erm\u00f6glicht ein entspanntes, ruhiges Arbeiten mit individueller Betreuung.\u00a0<\/p>\n<p><strong>Ziel des Kurses <\/strong>ist eine Verbesserung der Hund-Mensch-Beziehung, und dem\/der Hundef\u00fchrer(in) das n\u00f6tige Wissen zu vermitteln, um so weiter zu trainieren, dass sich das Team dank guter Kommunikation im Alltag sicher bewegen kann.<\/p>\n<p>Zum Abschluss erhalten Sie eine Teilnahmebest\u00e4tigung \u00fcber den erfolgreichen Besuch dieses Kurses, und wir lassen den Kurs mit einem gem\u00fctlichen Beisammensein ausklingen.<\/p>\n<p>Es startet ca. einmal im Monat ein neuer Kurs, meist laufen zwei Kurse parallel. Die Termine sind variabel (wochentags oder Wochenende, vormittags \/ nachmittags \/ abends).\u00a0 Bitte lassen Sie sich vormerken bei Angelika Stahl (s.u.).<\/p>\n<p>Wenn Sie noch mehr erreichen m\u00f6chten und Spa\u00df an der Arbeit mit ihrem Hund haben, empfehlen wir den Besuch eines Fortgeschrittenen-Kurses zur Erziehung oder unserer Spiel- und Spa\u00df-Gruppe. Vielleicht m\u00f6chten Sie sich auch sportlich mit Ihrem Hund bet\u00e4tigen? Oder Freude daran haben, wenn er Sie mit seiner Supernase in unseren &#8222;NasenSpa\u00df-Kursen&#8220; verbl\u00fcfft? M\u00f6chten Sie Ihre K\u00f6rpersprache und die Kommunikation mit Ihrem Hund beim Longieren verbessern? Dann finden Sie in unserem umfassenden Sport- und Besch\u00e4ftigungs-Programm bestimmt das Richtige.<\/p>\n<p>[\/et_pb_text][\/et_pb_column][\/et_pb_row][et_pb_row _builder_version=&#8220;4.16&#8243; custom_margin=&#8220;||0px|&#8220; custom_padding=&#8220;||0px|&#8220; global_colors_info=&#8220;{}&#8220;][et_pb_column type=&#8220;4_4&#8243; _builder_version=&#8220;4.16&#8243; custom_padding=&#8220;|||&#8220; global_colors_info=&#8220;{}&#8220; custom_padding__hover=&#8220;|||&#8220;][et_pb_divider color=&#8220;rgba(178,178,178,0.43)&#8220; divider_weight=&#8220;2&#8243; _builder_version=&#8220;4.16&#8243; module_alignment=&#8220;left&#8220; height=&#8220;15px&#8220; custom_margin=&#8220;0px||0px|&#8220; custom_padding=&#8220;0px||0px|&#8220; saved_tabs=&#8220;all&#8220; global_colors_info=&#8220;{}&#8220;][\/et_pb_divider][\/et_pb_column][\/et_pb_row][et_pb_row column_structure=&#8220;1_2,1_2&#8243; custom_padding_last_edited=&#8220;on|desktop&#8220; _builder_version=&#8220;4.16&#8243; custom_margin=&#8220;0px|||&#8220; custom_margin_tablet=&#8220;0px||0px|&#8220; custom_margin_phone=&#8220;&#8220; custom_margin_last_edited=&#8220;on|desktop&#8220; custom_padding=&#8220;0px|||&#8220; custom_padding_tablet=&#8220;0px||0px|&#8220; custom_padding_phone=&#8220;&#8220; global_colors_info=&#8220;{}&#8220;][et_pb_column type=&#8220;1_2&#8243; _builder_version=&#8220;4.16&#8243; custom_padding=&#8220;|||&#8220; global_colors_info=&#8220;{}&#8220; custom_padding__hover=&#8220;|||&#8220;][et_pb_text _builder_version=&#8220;4.16&#8243; custom_margin=&#8220;0px|||&#8220; custom_margin_tablet=&#8220;&#8220; custom_margin_phone=&#8220;&#8220; custom_margin_last_edited=&#8220;on|desktop&#8220; custom_padding=&#8220;2.5%|||&#8220; custom_padding_tablet=&#8220;0px|||&#8220; custom_padding_phone=&#8220;&#8220; custom_padding_last_edited=&#8220;on|desktop&#8220; global_colors_info=&#8220;{}&#8220;]<\/p>\n<p><span style=\"color: #1d9811;\"><strong>Erziehungskurs f\u00fcr Fortgeschrittene<\/strong><\/span><\/p>\n<p>Sie haben den Basiskurs erfolgreich abgeschlossen, meinen aber, Ihr Hund kann noch viel mehr lernen? Dann laden wir Sie zum Besuch eines Fortgeschrittenen-Kurses ein. Hier lernen Sie weitere \u00dcbungen kennen, z.B.<\/p>\n<ul>\n<li>das F\u00fchren des Hundes \u201ezur Hand\u201c und Handwechsel<\/li>\n<li>das Vorausschicken<\/li>\n<li>die Distanzkontrolle<\/li>\n<li>Sitz, Platz, Steh aus der Bewegung und im Herankommen<\/li>\n<li>gezielte Signalkontrolle (nur H\u00f6r- oder Sichtzeichen)<\/li>\n<\/ul>\n<p>Anspruchsvolle Gruppen\u00fcbungen bieten ein abwechslungsreiches Programm. Dieser Kurs bietet eine sinnvolle Erg\u00e4nzung zum Basiskurs, um einen\u00a0 noch alltagstauglicheren Gehorsam zu bekommen, und ist auch geeignet f\u00fcr Hunde, die Spa\u00df an der \u201eUnterordnung\u201c haben, vor allem wenn sportliche Bet\u00e4tigung aus gesundheitlichen Gr\u00fcnden (z.B. H\u00fcftgelenksdysplasie (HD), Herzprobleme etc.) nicht m\u00f6glich ist.<\/p>\n<p>Ein Kurs umfasst 10 Trainingsstunden je 60 Minuten.<\/p>\n<p>[\/et_pb_text][\/et_pb_column][et_pb_column type=&#8220;1_2&#8243; _builder_version=&#8220;4.16&#8243; custom_padding=&#8220;|||&#8220; global_colors_info=&#8220;{}&#8220; custom_padding__hover=&#8220;|||&#8220;][\/et_pb_column][\/et_pb_row][\/et_pb_section][et_pb_section fb_built=&#8220;1&#8243; custom_padding_last_edited=&#8220;on|phone&#8220; _builder_version=&#8220;4.16&#8243; custom_margin=&#8220;0px|||&#8220; custom_margin_tablet=&#8220;&#8220; custom_margin_phone=&#8220;0px||0px|&#8220; custom_margin_last_edited=&#8220;on|phone&#8220; custom_padding=&#8220;0px|||&#8220; custom_padding_tablet=&#8220;&#8220; custom_padding_phone=&#8220;0px||0px|&#8220; global_colors_info=&#8220;{}&#8220;][et_pb_row _builder_version=&#8220;4.16&#8243; background_size=&#8220;initial&#8220; background_position=&#8220;top_left&#8220; background_repeat=&#8220;repeat&#8220; global_colors_info=&#8220;{}&#8220;][et_pb_column type=&#8220;4_4&#8243; _builder_version=&#8220;4.16&#8243; custom_padding=&#8220;|||&#8220; global_colors_info=&#8220;{}&#8220; custom_padding__hover=&#8220;|||&#8220;][et_pb_text admin_label=&#8220;Basis-Erziehungskurse f\u00fcr mittlere \/ gro\u00dfe Hunde&#8220; _builder_version=&#8220;4.16&#8243; custom_margin=&#8220;||0px|&#8220; custom_padding=&#8220;||0px|&#8220; global_colors_info=&#8220;{}&#8220;]<\/p>\n<h2>Basis-Erziehungskurse gibt es f\u00fcr:<br \/> kleine Hunde (kleine Rassen und Mischlinge)<br \/> mittlere Hunde<br \/> gro\u00dfe Hunde<\/h2>\n<p>[\/et_pb_text][et_pb_divider color=&#8220;rgba(178,178,178,0.43)&#8220; divider_weight=&#8220;2&#8243; _builder_version=&#8220;4.16&#8243; module_alignment=&#8220;left&#8220; height=&#8220;15px&#8220; custom_margin=&#8220;0px||0px|&#8220; custom_padding=&#8220;0px||0px|&#8220; saved_tabs=&#8220;all&#8220; global_colors_info=&#8220;{}&#8220;][\/et_pb_divider][et_pb_text admin_label=&#8220;Tabelle&#8220; _builder_version=&#8220;4.16&#8243; global_colors_info=&#8220;{}&#8220;]<\/p>\n<p><b>aktuelle Termine findet ihr auf der Startseite!<\/b><\/p>\n<table>\n<thead>\n<tr>\n<th scope=\"col\">Wochentag und Uhrzeit<\/th>\n<th scope=\"col\">Termine<\/th>\n<th scope=\"col\">Pl\u00e4tze \/ Betreuer<\/th>\n<\/tr>\n<\/thead>\n<tbody>\n<tr>\n<td data-label=\"Wochentag\"><\/td>\n<td data-label=\"Termine\"><\/td>\n<td data-label=\"Betreuer\"><\/td>\n<\/tr>\n<tr>\n<td data-label=\"Wochentag\"><strong>aktuelle Termine findet ihr auf der Startseite!<\/strong><\/td>\n<td data-label=\"Termine\"><\/td>\n<td data-label=\"Betreuer\"><\/td>\n<\/tr>\n<tr>\n<td data-label=\"Wochentag\"><\/td>\n<td data-label=\"Termine\"><\/td>\n<td data-label=\"Betreuer\"><\/td>\n<\/tr>\n<tr>\n<td data-label=\"Wochentag\"><\/td>\n<td data-label=\"Termine\"><\/td>\n<td data-label=\"Betreuer\"><\/td>\n<\/tr>\n<tr>\n<td data-label=\"Wochentag\"><\/td>\n<td data-label=\"Termine\"><b><\/b><\/td>\n<td data-label=\"Betreuer\"><b><\/b><\/td>\n<\/tr>\n<tr>\n<td data-label=\"Wochentag\"><\/td>\n<td data-label=\"Termine\"><\/td>\n<td data-label=\"Betreuer\"><\/td>\n<\/tr>\n<tr>\n<td data-label=\"Wochentag\"><\/td>\n<td data-label=\"Termine\"><\/td>\n<td data-label=\"Betreuer\"><\/td>\n<\/tr>\n<tr>\n<td data-label=\"Wochentag\"><\/td>\n<td data-label=\"Termine\"><\/td>\n<td data-label=\"Betreuer\"><\/td>\n<\/tr>\n<tr>\n<td data-label=\"Wochentag\"><\/td>\n<td data-label=\"Termine\"><\/td>\n<td data-label=\"Betreuer\"><\/td>\n<\/tr>\n<tr>\n<td data-label=\"Wochentag\"><strong><\/strong><\/td>\n<td data-label=\"Termine\"><\/td>\n<td data-label=\"Betreuer\"><\/td>\n<\/tr>\n<tr>\n<td data-label=\"Wochentag\"><\/td>\n<td data-label=\"Termine\"><\/td>\n<td data-label=\"Betreuer\"><\/td>\n<\/tr>\n<tr>\n<td scope=\"row\" data-label=\"Wochentag\"><\/td>\n<td data-label=\"Termine\"><\/td>\n<td data-label=\"Betreuer\"><\/td>\n<\/tr>\n<tr>\n<td scope=\"row\" data-label=\"Wochentag\"><\/td>\n<td data-label=\"Termine\"><\/td>\n<td data-label=\"Betreuer\"><\/td>\n<\/tr>\n<tr>\n<td scope=\"row\" data-label=\"Wochentag\"><\/td>\n<td data-label=\"Termine\"><\/td>\n<td data-label=\"Betreuer\"><\/td>\n<\/tr>\n<tr>\n<td scope=\"row\" data-label=\"Wochentag\"><\/td>\n<td data-label=\"Termine\"><\/td>\n<td data-label=\"Betreuer\"><\/td>\n<\/tr>\n<tr>\n<td scope=\"row\" data-label=\"Wochentag\"><\/td>\n<td data-label=\"Termine\"><\/td>\n<td data-label=\"Betreuer\"><\/td>\n<\/tr>\n<tr>\n<td scope=\"row\" data-label=\"Wochentag\"><\/td>\n<td data-label=\"Termine\"><\/td>\n<td data-label=\"Betreuer\"><\/td>\n<\/tr>\n<tr>\n<td scope=\"row\" data-label=\"Wochentag\"><\/td>\n<td data-label=\"Termine\"><\/td>\n<td data-label=\"Betreuer\"><\/td>\n<\/tr>\n<\/tbody>\n<\/table>\n<p>&nbsp;<\/p>\n<p>[\/et_pb_text][\/et_pb_column][\/et_pb_row][\/et_pb_section][et_pb_section fb_built=&#8220;1&#8243; custom_padding_last_edited=&#8220;on|phone&#8220; _builder_version=&#8220;4.16&#8243; custom_margin=&#8220;0px|||&#8220; custom_margin_tablet=&#8220;&#8220; custom_margin_phone=&#8220;0px||0px|&#8220; custom_margin_last_edited=&#8220;on|phone&#8220; custom_padding=&#8220;0px|||&#8220; custom_padding_tablet=&#8220;&#8220; custom_padding_phone=&#8220;0px||0px|&#8220; global_colors_info=&#8220;{}&#8220;][et_pb_row _builder_version=&#8220;4.16&#8243; background_size=&#8220;initial&#8220; background_position=&#8220;top_left&#8220; background_repeat=&#8220;repeat&#8220; global_colors_info=&#8220;{}&#8220;][et_pb_column type=&#8220;4_4&#8243; _builder_version=&#8220;4.16&#8243; custom_padding=&#8220;|||&#8220; global_colors_info=&#8220;{}&#8220; custom_padding__hover=&#8220;|||&#8220;][et_pb_text admin_label=&#8220;Fortgeschrittenen-Erziehungskurse&#8220; _builder_version=&#8220;4.16&#8243; custom_margin=&#8220;||0px|&#8220; custom_padding=&#8220;||0px|&#8220; global_colors_info=&#8220;{}&#8220;]<\/p>\n<h2>Fortgeschrittenen-Erziehungskurse<br \/>hier k\u00f6nnen auch Hunde verschiedener Gr\u00f6\u00dfe zusammen trainieren<\/h2>\n<p>[\/et_pb_text][et_pb_divider color=&#8220;rgba(178,178,178,0.43)&#8220; divider_weight=&#8220;2&#8243; _builder_version=&#8220;4.16&#8243; module_alignment=&#8220;left&#8220; height=&#8220;15px&#8220; custom_margin=&#8220;0px||0px|&#8220; custom_padding=&#8220;0px||0px|&#8220; saved_tabs=&#8220;all&#8220; global_colors_info=&#8220;{}&#8220;][\/et_pb_divider][et_pb_text admin_label=&#8220;Tabelle&#8220; _builder_version=&#8220;4.16&#8243; global_colors_info=&#8220;{}&#8220;]<\/p>\n<table>\n<thead>\n<tr>\n<th scope=\"col\">Wochentag<\/th>\n<th scope=\"col\">Termine<\/th>\n<th scope=\"col\">Betreuer<\/th>\n<\/tr>\n<\/thead>\n<tbody>\n<tr>\n<td scope=\"row\" data-label=\"Wochentag\"><b>aktuelle Termine findet ihr auf der Startseite!<\/b><\/td>\n<td data-label=\"Termine\"><\/td>\n<td data-label=\"Betreuer\"><\/td>\n<\/tr>\n<tr>\n<td scope=\"row\" data-label=\"Wochentag\"><\/td>\n<td data-label=\"Termine\"><\/td>\n<td data-label=\"Betreuer\"><\/td>\n<\/tr>\n<\/tbody>\n<\/table>\n<p>&nbsp;<\/p>\n<p>[\/et_pb_text][\/et_pb_column][\/et_pb_row][\/et_pb_section]<\/p>\n","protected":false},"excerpt":{"rendered":"<p>Erziehungskurse Erziehungskurse Sie k\u00f6nnen zwei Erziehungskurse belegen: Erziehungs-Basiskurs Einen &#8222;gut erzogenen&#8220; Hund \u2013 wer h\u00e4tte den nicht gerne? \u201eWenn ich ihn rufe, kommt er nur wenn er Lust hat\u201c&#8230;\u00a0 \u201eEr zieht immer so an der Leine\u201c&#8230; kennen Sie das? Wir auch! Und wir zeigen Ihnen und Ihrem Hund, dass es auch anders geht! Und das [&hellip;]<\/p>\n","protected":false},"author":1,"featured_media":0,"parent":113,"menu_order":0,"comment_status":"closed","ping_status":"closed","template":"","meta":{"_et_pb_use_builder":"on","_et_pb_old_content":"","_et_gb_content_width":"","footnotes":""},"class_list":["post-2285","page","type-page","status-publish","hentry"],"_links":{"self":[{"href":"https:\/\/hundeschule-giessen.de\/angelika\/wp-json\/wp\/v2\/pages\/2285","targetHints":{"allow":["GET"]}}],"collection":[{"href":"https:\/\/hundeschule-giessen.de\/angelika\/wp-json\/wp\/v2\/pages"}],"about":[{"href":"https:\/\/hundeschule-giessen.de\/angelika\/wp-json\/wp\/v2\/types\/page"}],"author":[{"embeddable":true,"href":"https:\/\/hundeschule-giessen.de\/angelika\/wp-json\/wp\/v2\/users\/1"}],"replies":[{"embeddable":true,"href":"https:\/\/hundeschule-giessen.de\/angelika\/wp-json\/wp\/v2\/comments?post=2285"}],"version-history":[{"count":90,"href":"https:\/\/hundeschule-giessen.de\/angelika\/wp-json\/wp\/v2\/pages\/2285\/revisions"}],"predecessor-version":[{"id":4274,"href":"https:\/\/hundeschule-giessen.de\/angelika\/wp-json\/wp\/v2\/pages\/2285\/revisions\/4274"}],"up":[{"embeddable":true,"href":"https:\/\/hundeschule-giessen.de\/angelika\/wp-json\/wp\/v2\/pages\/113"}],"wp:attachment":[{"href":"https:\/\/hundeschule-giessen.de\/angelika\/wp-json\/wp\/v2\/media?parent=2285"}],"curies":[{"name":"wp","href":"https:\/\/api.w.org\/{rel}","templated":true}]}}