{"id":3186,"date":"2020-01-06T11:28:42","date_gmt":"2020-01-06T11:28:42","guid":{"rendered":"https:\/\/hundeschule.eikenroth.net\/?page_id=3186"},"modified":"2023-01-31T12:58:45","modified_gmt":"2023-01-31T12:58:45","slug":"cavaletti-training","status":"publish","type":"page","link":"https:\/\/hundeschule-giessen.de\/angelika\/kurse\/cavaletti-training\/","title":{"rendered":"Cavaletti-Training"},"content":{"rendered":"<p>[et_pb_section fb_built=&#8220;1&#8243; disabled_on=&#8220;on|on|&#8220; _builder_version=&#8220;4.16&#8243; background_color=&#8220;#1d9811&#8243; custom_padding=&#8220;0px||0px|&#8220; global_colors_info=&#8220;{}&#8220;][et_pb_row column_structure=&#8220;1_2,1_2&#8243; make_equal=&#8220;on&#8220; _builder_version=&#8220;4.16&#8243; background_color=&#8220;#1d9811&#8243; custom_margin=&#8220;0px||0px|&#8220; custom_padding=&#8220;0px||0px|&#8220; custom_width_percent=&#8220;100%&#8220; global_colors_info=&#8220;{}&#8220;][et_pb_column type=&#8220;1_2&#8243; _builder_version=&#8220;4.16&#8243; custom_padding=&#8220;|||&#8220; global_colors_info=&#8220;{}&#8220; custom_padding__hover=&#8220;|||&#8220;][et_pb_image src=&#8220;https:\/\/hundeschule-giessen.de\/angelika\/wp-content\/uploads\/Cavaletti.jpg&#8220; alt=&#8220;Lonigeren&#8220; align_tablet=&#8220;center&#8220; align_phone=&#8220;&#8220; align_last_edited=&#8220;on|desktop&#8220; admin_label=&#8220;Bild Desktop&#8220; _builder_version=&#8220;4.16&#8243; global_colors_info=&#8220;{}&#8220;][\/et_pb_image][\/et_pb_column][et_pb_column type=&#8220;1_2&#8243; _builder_version=&#8220;4.16&#8243; background_color=&#8220;#1d9811&#8243; custom_padding=&#8220;|||&#8220; global_colors_info=&#8220;{}&#8220; custom_padding__hover=&#8220;|||&#8220;][et_pb_text _builder_version=&#8220;4.16&#8243; header_font_size=&#8220;50px&#8220; custom_padding=&#8220;25%|||&#8220; header_text_shadow_style=&#8220;preset3&#8243; global_colors_info=&#8220;{}&#8220;]<\/p>\n<h1><span style=\"color: #ffe572;\">Cavaletti-Training<br \/> <\/span><\/h1>\n<p>[\/et_pb_text][\/et_pb_column][\/et_pb_row][\/et_pb_section][et_pb_section fb_built=&#8220;1&#8243; disabled_on=&#8220;off|off|on&#8220; _builder_version=&#8220;4.16&#8243; custom_padding=&#8220;0px||0px|&#8220; global_colors_info=&#8220;{}&#8220;][et_pb_row column_structure=&#8220;1_2,1_2&#8243; make_equal=&#8220;on&#8220; _builder_version=&#8220;4.16&#8243; background_color=&#8220;#1d9811&#8243; width=&#8220;100%&#8220; max_width=&#8220;100%&#8220; custom_margin=&#8220;0px||0px|&#8220; custom_padding=&#8220;0px||0px|&#8220; use_custom_width=&#8220;on&#8220; width_unit=&#8220;off&#8220; custom_width_percent=&#8220;100%&#8220; global_colors_info=&#8220;{}&#8220;][et_pb_column type=&#8220;1_2&#8243; _builder_version=&#8220;4.16&#8243; custom_padding=&#8220;|||&#8220; global_colors_info=&#8220;{}&#8220; custom_padding__hover=&#8220;|||&#8220;][et_pb_image src=&#8220;https:\/\/hundeschule-giessen.de\/angelika\/wp-content\/uploads\/Cavaletti.jpg&#8220; alt=&#8220;Lonigeren&#8220; align_tablet=&#8220;center&#8220; align_phone=&#8220;&#8220; align_last_edited=&#8220;on|desktop&#8220; admin_label=&#8220;Bild Handy + Tablet&#8220; _builder_version=&#8220;4.16&#8243; global_colors_info=&#8220;{}&#8220;][\/et_pb_image][\/et_pb_column][et_pb_column type=&#8220;1_2&#8243; _builder_version=&#8220;4.16&#8243; background_color=&#8220;#1d9811&#8243; custom_padding=&#8220;|||&#8220; global_colors_info=&#8220;{}&#8220; custom_padding__hover=&#8220;|||&#8220;][et_pb_text _builder_version=&#8220;4.16&#8243; header_font_size=&#8220;50px&#8220; custom_padding=&#8220;15%||15%|&#8220; custom_padding_tablet=&#8220;0px||5%|&#8220; custom_padding_phone=&#8220;&#8220; custom_padding_last_edited=&#8220;on|tablet&#8220; header_font_size_tablet=&#8220;40px&#8220; header_font_size_phone=&#8220;35px&#8220; header_font_size_last_edited=&#8220;on|tablet&#8220; header_text_shadow_style=&#8220;preset3&#8243; global_colors_info=&#8220;{}&#8220;]<\/p>\n<h1 style=\"text-align: center;\"><span style=\"color: #ffe572;\">Cavaletti-Training<br \/> <\/span><\/h1>\n<p>[\/et_pb_text][\/et_pb_column][\/et_pb_row][\/et_pb_section][et_pb_section fb_built=&#8220;1&#8243; _builder_version=&#8220;4.16&#8243; custom_margin=&#8220;||0px|&#8220; custom_padding=&#8220;||0px|&#8220; top_divider_style=&#8220;wave2&#8243; top_divider_color=&#8220;rgba(178,178,178,0.43)&#8220; global_colors_info=&#8220;{}&#8220;][et_pb_row column_structure=&#8220;1_2,1_2&#8243; _builder_version=&#8220;4.16&#8243; custom_margin=&#8220;||0px|&#8220; custom_padding=&#8220;62px||0px||false|false&#8220; global_colors_info=&#8220;{}&#8220;][et_pb_column type=&#8220;1_2&#8243; _builder_version=&#8220;4.16&#8243; custom_padding=&#8220;|||&#8220; global_colors_info=&#8220;{}&#8220; custom_padding__hover=&#8220;|||&#8220;][et_pb_text _builder_version=&#8220;4.16&#8243; global_colors_info=&#8220;{}&#8220;]<\/p>\n<p><span style=\"color: #1d9811;\"><strong>Cavaletti-Training<\/strong><strong><\/strong><\/span><\/p>\n<p>*Text folgt*<\/p>\n<p>[\/et_pb_text][\/et_pb_column][et_pb_column type=&#8220;1_2&#8243; _builder_version=&#8220;4.16&#8243; custom_padding=&#8220;|||&#8220; global_colors_info=&#8220;{}&#8220; custom_padding__hover=&#8220;|||&#8220;][et_pb_text admin_label=&#8220;Tabelle&#8220; _builder_version=&#8220;4.16&#8243; global_colors_info=&#8220;{}&#8220;]<\/p>\n<p>&nbsp;<\/p>\n<table>\n<thead>\n<tr>\n<th scope=\"col\">Wochentag<\/th>\n<th scope=\"col\"><\/th>\n<th scope=\"col\">Betreuer<\/th>\n<\/tr>\n<\/thead>\n<tbody>\n<tr>\n<td data-label=\"Wochentag\">\n<p>Stand 04.03.2022<\/p>\n<p>Donnerstag 16:45-18:00<\/p>\n<\/td>\n<td data-label=\"Wochentag\">\n<p>Schnupperkurs<\/td>\n<td data-label=\"Betreuer\">\n<p>Brigitte<\/td>\n<\/tr>\n<tr>\n<td data-label=\"Wochentag\"><\/td>\n<td data-label=\"Wochentag\"><\/td>\n<td data-label=\"Betreuer\"><\/td>\n<\/tr>\n<tr>\n<td data-label=\"Wochentag\">weitere Kurse bei entspr. Nachfrage!<\/td>\n<td data-label=\"Wochentag\"><\/td>\n<td data-label=\"Betreuer\"><\/td>\n<\/tr>\n<\/tbody>\n<\/table>\n<p>&nbsp;<\/p>\n<p>[\/et_pb_text][\/et_pb_column][\/et_pb_row][et_pb_row custom_padding_last_edited=&#8220;on|tablet&#8220; _builder_version=&#8220;4.16&#8243; custom_margin=&#8220;1%||2%|&#8220; custom_margin_tablet=&#8220;1%||6%|&#8220; custom_margin_phone=&#8220;1%||8%|&#8220; custom_margin_last_edited=&#8220;on|phone&#8220; custom_padding=&#8220;0px||0px|||&#8220; custom_padding_tablet=&#8220;&#8220; custom_padding_phone=&#8220;&#8220; global_colors_info=&#8220;{}&#8220;][et_pb_column type=&#8220;4_4&#8243; _builder_version=&#8220;4.16&#8243; custom_padding=&#8220;|||&#8220; global_colors_info=&#8220;{}&#8220; custom_padding__hover=&#8220;|||&#8220;][et_pb_text _builder_version=&#8220;4.19.5&#8243; text_text_color=&#8220;#FFFFFF&#8220; hover_enabled=&#8220;0&#8243; global_colors_info=&#8220;{}&#8220; sticky_enabled=&#8220;0&#8243;]<\/p>\n<p>Au\u00dferdem macht das Training, wenn die Grundlagen erstmal da sind, viel Spa\u00df und ist eine gute Auslastung und Besch\u00e4ftigung f\u00fcr den Hund.<br \/>Das Training leitet Jennifer Nowak. Durch ihren inzwischen 5j\u00e4hrigen Appenzeller-R\u00fcden &#8222;Anton&#8220; wurde sie vor so manche Herausforderung gestellt. Zum Rudel geh\u00f6rt noch &#8222;Agathe&#8220;, eine liebenswerte Bracken-Mix-H\u00fcndin, die jedoch auch nicht immer ganz &#8222;leichtf\u00fchrig&#8220; ist.<br \/>Durch solche Hunde lernt man aber am meisten, und mit solchen Hunden arbeitet man sich durch vieles durch, was inzwischen an Trainingsangeboten auf dem Markt ist, und lernt, was f\u00fcr wen gut ist. So hat sich Jennifer auch gr\u00fcndlich mit dem Longieren befasst, hierzu auch Seminare besucht, und ich freue mich, dass sie nun in meiner Hundeschule Kurse anbietet.<br \/>Jennifer bereitet sich auf die Pr\u00fcfung zur Hundetrainerein nach \u00a711 Tierschutzgesetz vor.<\/p>\n<p>&nbsp;<\/p>\n<p><span style=\"color: #1d9811;\"><strong>F\u00fcr welche Hunde und Menschen ist Cavaletti-Training interessant?<\/strong><\/span><\/p>\n<p>Eigentlich f\u00fcr alle&#8230; siehe oben stehender Text. Vor allem aber Treib- und H\u00fctehunde und Jagdhunde k\u00f6nnen hiermit ausgelastet und besser kontrolliert werden. Auch junge Hunde k\u00f6nnen schon ins Longieren eingef\u00fchrt werden, da es bei behutsamem Training keine gro\u00dfe k\u00f6rperliche Belastung darstellt.<\/p>\n<p><span style=\"color: #1d9811;\"><strong>Wie bieten wir Cavaletti-Training an?<\/strong><\/span><\/p>\n<p>Seit 2007 stand Longieren mit gelegentlichen Wochenendseminare im Programm, seit 2012 gab es ab und ab Kurse mit verschiedenen Gast-Trainern.<br \/>2018 haben wir Longieren wieder als Kurs ins Programm genommen.<\/p>\n<p><span style=\"color: #1d9811;\"><strong>Gibt es Teilnahmevoraussetzungen?<\/strong><\/span><\/p>\n<p>Wir freuen uns \u00fcber jeden, der diese Besch\u00e4ftigungsm\u00f6glichkeit kennen lernen m\u00f6chte! Ein guter Grundgehorsam macht das Training sicherlich einfacher, ist aber nicht unbedingt Voraussetzung.<\/p>\n<p>[\/et_pb_text][\/et_pb_column][\/et_pb_row][\/et_pb_section]<\/p>\n","protected":false},"excerpt":{"rendered":"<p>Cavaletti-Training Cavaletti-Training Cavaletti-Training *Text folgt*&nbsp; Wochentag Betreuer Stand 04.03.2022 Donnerstag 16:45-18:00 Schnupperkurs Brigitte weitere Kurse bei entspr. Nachfrage! &nbsp;Au\u00dferdem macht das Training, wenn die Grundlagen erstmal da sind, viel Spa\u00df und ist eine gute Auslastung und Besch\u00e4ftigung f\u00fcr den Hund.Das Training leitet Jennifer Nowak. Durch ihren inzwischen 5j\u00e4hrigen Appenzeller-R\u00fcden &#8222;Anton&#8220; wurde sie vor so manche [&hellip;]<\/p>\n","protected":false},"author":1,"featured_media":0,"parent":113,"menu_order":0,"comment_status":"closed","ping_status":"closed","template":"","meta":{"_et_pb_use_builder":"on","_et_pb_old_content":"","_et_gb_content_width":"","footnotes":""},"class_list":["post-3186","page","type-page","status-publish","hentry"],"_links":{"self":[{"href":"https:\/\/hundeschule-giessen.de\/angelika\/wp-json\/wp\/v2\/pages\/3186","targetHints":{"allow":["GET"]}}],"collection":[{"href":"https:\/\/hundeschule-giessen.de\/angelika\/wp-json\/wp\/v2\/pages"}],"about":[{"href":"https:\/\/hundeschule-giessen.de\/angelika\/wp-json\/wp\/v2\/types\/page"}],"author":[{"embeddable":true,"href":"https:\/\/hundeschule-giessen.de\/angelika\/wp-json\/wp\/v2\/users\/1"}],"replies":[{"embeddable":true,"href":"https:\/\/hundeschule-giessen.de\/angelika\/wp-json\/wp\/v2\/comments?post=3186"}],"version-history":[{"count":7,"href":"https:\/\/hundeschule-giessen.de\/angelika\/wp-json\/wp\/v2\/pages\/3186\/revisions"}],"predecessor-version":[{"id":4035,"href":"https:\/\/hundeschule-giessen.de\/angelika\/wp-json\/wp\/v2\/pages\/3186\/revisions\/4035"}],"up":[{"embeddable":true,"href":"https:\/\/hundeschule-giessen.de\/angelika\/wp-json\/wp\/v2\/pages\/113"}],"wp:attachment":[{"href":"https:\/\/hundeschule-giessen.de\/angelika\/wp-json\/wp\/v2\/media?parent=3186"}],"curies":[{"name":"wp","href":"https:\/\/api.w.org\/{rel}","templated":true}]}}