{"id":340,"date":"2018-06-18T11:04:43","date_gmt":"2018-06-18T11:04:43","guid":{"rendered":"https:\/\/hundeschule.eikenroth.net\/?page_id=340"},"modified":"2024-03-28T22:22:49","modified_gmt":"2024-03-28T22:22:49","slug":"kontakt","status":"publish","type":"page","link":"https:\/\/hundeschule-giessen.de\/angelika\/kontakt\/","title":{"rendered":"Kontakt"},"content":{"rendered":"<p>[et_pb_section fb_built=&#8220;1&#8243; _builder_version=&#8220;4.16&#8243; top_divider_style=&#8220;wave2&#8243; top_divider_color=&#8220;rgba(178,178,178,0.43)&#8220; top_divider_height=&#8220;56px&#8220; top_divider_flip=&#8220;horizontal|vertical&#8220; global_colors_info=&#8220;{}&#8220;][et_pb_row custom_padding_last_edited=&#8220;on|tablet&#8220; _builder_version=&#8220;4.16&#8243; custom_margin_tablet=&#8220;||0px|&#8220; custom_margin_phone=&#8220;&#8220; custom_margin_last_edited=&#8220;on|tablet&#8220; custom_padding_tablet=&#8220;||0px|&#8220; custom_padding_phone=&#8220;&#8220; global_colors_info=&#8220;{}&#8220;][et_pb_column type=&#8220;4_4&#8243; _builder_version=&#8220;4.16&#8243; custom_padding=&#8220;|||&#8220; global_colors_info=&#8220;{}&#8220; custom_padding__hover=&#8220;|||&#8220;][et_pb_text _builder_version=&#8220;4.16&#8243; custom_margin=&#8220;||0px|&#8220; custom_padding=&#8220;||0px|&#8220; global_colors_info=&#8220;{}&#8220;]<\/p>\n<h2>Kontakt und Anfahrt<\/h2>\n<p>[\/et_pb_text][et_pb_divider color=&#8220;rgba(178,178,178,0.43)&#8220; divider_weight=&#8220;2&#8243; _builder_version=&#8220;4.16&#8243; module_alignment=&#8220;left&#8220; height=&#8220;15px&#8220; custom_margin=&#8220;0px||0px|&#8220; custom_padding=&#8220;0px||0px|&#8220; saved_tabs=&#8220;all&#8220; global_colors_info=&#8220;{}&#8220;][\/et_pb_divider][\/et_pb_column][\/et_pb_row][et_pb_row column_structure=&#8220;1_2,1_2&#8243; custom_padding_last_edited=&#8220;on|&#8220; _builder_version=&#8220;4.16&#8243; background_size=&#8220;initial&#8220; background_position=&#8220;top_left&#8220; background_repeat=&#8220;repeat&#8220; custom_margin=&#8220;0px|||&#8220; custom_margin_tablet=&#8220;&#8220; custom_margin_phone=&#8220;&#8220; custom_margin_last_edited=&#8220;on|&#8220; custom_padding=&#8220;0px|||&#8220; custom_padding_tablet=&#8220;&#8220; custom_padding_phone=&#8220;&#8220; global_colors_info=&#8220;{}&#8220;][et_pb_column type=&#8220;1_2&#8243; _builder_version=&#8220;4.16&#8243; custom_padding=&#8220;|||&#8220; global_colors_info=&#8220;{}&#8220; custom_padding__hover=&#8220;|||&#8220;][et_pb_text _builder_version=&#8220;4.16&#8243; global_colors_info=&#8220;{}&#8220;]<\/p>\n<p><strong>Am besten: 0171 7501330 <\/strong><br \/>um die Mittagszeit (<strong>au\u00dfer Samstag+Sonntag<\/strong>) oder abends gegen 21:00-22:00 Uhr (ggf. auf Mobilbox sprechen)<br \/><strong><br \/><\/strong>Auf dem Hundeplatz gibt es eine Festnetznr. (homezone): <strong>0641 98444975<\/strong><br \/>hier kannst du ggf. g\u00fcnstiger anrufen als \u00fcber meine Mobilfunknummer.<\/p>\n<p><strong>06407 950157 Anrufbeantworter<br \/><\/strong>im B\u00fcro bin ich tags\u00fcber sehr selten &#8211; bitte auf den AB sprechen oder noch besser auf dem Handy anrufen!<\/p>\n<p>Gerne kannst du dich auch per e-mail bei mir melden:<br \/><strong><a href=\"mailto:Angelika.Stahl@hundeschule-giessen.de\">angelika.stahl@hundeschule-giessen.de<\/a><\/strong> (besser!) oder<br \/><a href=\"mailto:Angelika.Stahl@t-online.de\">angelika.stahl@t-online.de<\/a><\/p>\n<p>[\/et_pb_text][\/et_pb_column][et_pb_column type=&#8220;1_2&#8243; _builder_version=&#8220;4.16&#8243; custom_padding=&#8220;|||&#8220; global_colors_info=&#8220;{}&#8220; custom_padding__hover=&#8220;|||&#8220;][et_pb_image src=&#8220;https:\/\/hundeschule-giessen.de\/angelika\/wp-content\/uploads\/Angelika.jpg&#8220; align_tablet=&#8220;center&#8220; align_phone=&#8220;&#8220; align_last_edited=&#8220;on|desktop&#8220; _builder_version=&#8220;4.16&#8243; global_colors_info=&#8220;{}&#8220;][\/et_pb_image][\/et_pb_column][\/et_pb_row][et_pb_row column_structure=&#8220;1_4,3_4&#8243; _builder_version=&#8220;4.16&#8243; background_size=&#8220;initial&#8220; background_position=&#8220;top_left&#8220; background_repeat=&#8220;repeat&#8220; global_colors_info=&#8220;{}&#8220;][et_pb_column type=&#8220;1_4&#8243; _builder_version=&#8220;4.16&#8243; custom_padding=&#8220;|||&#8220; global_colors_info=&#8220;{}&#8220; custom_padding__hover=&#8220;|||&#8220;][et_pb_text _builder_version=&#8220;4.16&#8243; animation_direction=&#8220;left&#8220; global_colors_info=&#8220;{}&#8220;]<\/p>\n<h1 style=\"text-align: left;\" align=\"center\"><span style=\"font-family: Verdana;\"><br \/>Anfahrt zum Hundeplatz<\/span><\/h1>\n<p style=\"text-align: left;\" align=\"center\"><span style=\"font-family: Verdana;\">Adresse: <br \/>Gleiberger Weg 42 <br \/>35398 Gie\u00dfen<\/span><\/p>\n<p>[\/et_pb_text][\/et_pb_column][et_pb_column type=&#8220;3_4&#8243; _builder_version=&#8220;4.16&#8243; custom_padding=&#8220;|||&#8220; global_colors_info=&#8220;{}&#8220; custom_padding__hover=&#8220;|||&#8220;][et_pb_image src=&#8220;https:\/\/hundeschule-giessen.de\/angelika\/wp-content\/uploads\/map.png&#8220; force_fullwidth=&#8220;on&#8220; align_tablet=&#8220;center&#8220; align_phone=&#8220;&#8220; align_last_edited=&#8220;on|desktop&#8220; _builder_version=&#8220;4.16&#8243; animation_direction=&#8220;right&#8220; border_width_all=&#8220;2px&#8220; border_color_all=&#8220;#1d9811&#8243; box_shadow_style=&#8220;preset1&#8243; box_shadow_blur=&#8220;10px&#8220; global_colors_info=&#8220;{}&#8220;][\/et_pb_image][\/et_pb_column][\/et_pb_row][et_pb_row column_structure=&#8220;1_2,1_2&#8243; custom_padding_last_edited=&#8220;on|tablet&#8220; _builder_version=&#8220;4.16&#8243; background_size=&#8220;initial&#8220; background_position=&#8220;top_left&#8220; background_repeat=&#8220;repeat&#8220; custom_margin_tablet=&#8220;||0px|&#8220; custom_margin_phone=&#8220;&#8220; custom_margin_last_edited=&#8220;on|tablet&#8220; custom_padding_tablet=&#8220;||0px|&#8220; custom_padding_phone=&#8220;&#8220; global_colors_info=&#8220;{}&#8220;][et_pb_column type=&#8220;1_2&#8243; _builder_version=&#8220;4.16&#8243; custom_padding=&#8220;|||&#8220; global_colors_info=&#8220;{}&#8220; custom_padding__hover=&#8220;|||&#8220;][et_pb_text admin_label=&#8220;Anfahrt zum Hundeplatz aus Richtung S\u00fcden&#8220; _builder_version=&#8220;4.16&#8243; global_colors_info=&#8220;{}&#8220;]<\/p>\n<h3>Anfahrt zum Hundeplatz aus Richtung S\u00fcden<\/h3>\n<ul>\n<li>\u00fcber die A5 am Gambacher Kreuz auf die A 45 Fahrtrichtung Dortmund \/ Wetzlar \/ Gie\u00dfen<\/li>\n<li>am Gie\u00dfener S\u00fcdkreuz\u00a0auf die A 485<\/li>\n<li>\u00fcbern\u00e4chste Abfahrt = Dreieck Bergwerkswald auf B49 Richtung Wetzlar<\/li>\n<li>\u00fcbern\u00e4chste Abfahrt\u00a0auf die B 429,\u00a0Gie\u00dfener Ring-Westtangente &#8211; Fahrtrichtung Gladenbach \/ Heuchelheim \/ Wettenberg,<\/li>\n<li><span>n\u00e4chste Abfahrt = GI-Stadtmitte \/ GI-West \/ Heuchelheim<\/span><\/li>\n<li>an Ampel geradeaus auf die Rodheimer Str.<\/li>\n<li>stadteinw\u00e4rts fahren bis linkerhand Jet-Tankstelle<\/li>\n<li>an der Ampel hinter der Jet-Tankstelle links in die Krofdorfer Stra\u00dfe<\/li>\n<li>dann die 2. links in den Gleiberger Weg<\/li>\n<li>Gleiberger Weg ganz durchfahren, an Aliceschule (rechts) vorbei<\/li>\n<li>im Wendehammer am Westbad noch ein St\u00fcck geradeaus fahren<\/li>\n<\/ul>\n<p><strong>Parken:<\/strong><br \/>gro\u00dfer Parkplatz linkerhand vor der Sporthalle \/ dem Hallenbad;<br \/>Parkplatz mit B\u00e4umen auf der rechten Seite ca. 100m vorm Hundeplatz;<br \/>kleiner umz\u00e4unter Parkplatz direkt am Hundeplatz;<br \/>NICHT parken auf dem kleinen Parkplatz links direkt am Sportheim; Kunden von Angelika: NICHT parken ganz hinten links &#8211; dies sind die Pl\u00e4tze f\u00fcr Gunters Kunden.<\/p>\n<p>[\/et_pb_text][\/et_pb_column][et_pb_column type=&#8220;1_2&#8243; _builder_version=&#8220;4.16&#8243; custom_padding=&#8220;|||&#8220; global_colors_info=&#8220;{}&#8220; custom_padding__hover=&#8220;|||&#8220;][et_pb_text admin_label=&#8220;Anfahrt zum Hundeplatz aus Richtung Norden&#8220; _builder_version=&#8220;4.16&#8243; global_colors_info=&#8220;{}&#8220;]<\/p>\n<h3>Anfahrt zum Hundeplatz aus Richtung Norden<\/h3>\n<ul>\n<li>\u00fcber die A5 am Reiskirchener Dreieck Richtung Gie\u00dfen oder von der B3 aus Richtung Marburg kommend<\/li>\n<li>am Gie\u00dfener Nordkreuz auf die A480 Richtung Kassel \/ Lollar, dann Richtung Dortmund \/ Limburg \/ Wetzlar<\/li>\n<li>Abfahrt Wettenberg (rechte Autobahnseite) auf die B429<\/li>\n<li>an der Ampel links halten, n\u00e4chste Ampel (kommt sofort) geradeaus auf B429 fahren<\/li>\n<li><span>n\u00e4chste Abfahrt = GI-Stadtmitte \/ GI-West \/ Heuchelheim<\/span><\/li>\n<li>an Ampel links, n\u00e4chste Ampel wieder links auf die Rodheimer Str. (Richtung Hessenhallen)<\/li>\n<li>stadteinw\u00e4rts fahren bis linkerhand Jet-Tankstelle<\/li>\n<li>an der Ampel hinter der Jet-Tankstelle links in die Krofdorfer Stra\u00dfe<\/li>\n<li>dann die 2. links in den Gleiberger Weg<\/li>\n<li>Gleiberger Weg ganz durchfahren, an Aliceschule (rechts) vorbei<\/li>\n<li>im Wendehammer am Westbad noch ein St\u00fcck geradeaus fahren<\/li>\n<\/ul>\n<p><strong>Parken:<\/strong><br \/> gro\u00dfer Parkplatz linkerhand vor der Sporthalle \/ dem Hallenbad;<br \/> Parkplatz mit B\u00e4umen auf der rechten Seite ca. 100m vorm Hundeplatz;<br \/> kleiner umz\u00e4unter Parkplatz direkt am Hundeplatz;<br \/> NICHT parken auf dem kleinen Parkplatz links direkt am Sportheim; Kunden von Angelika: NICHT parken ganz hinten links &#8211; dies sind die Pl\u00e4tze f\u00fcr Gunters Kunden.<\/p>\n<p>[\/et_pb_text][\/et_pb_column][\/et_pb_row][et_pb_row column_structure=&#8220;1_2,1_2&#8243; custom_padding_last_edited=&#8220;on|tablet&#8220; _builder_version=&#8220;4.16&#8243; background_size=&#8220;initial&#8220; background_position=&#8220;top_left&#8220; background_repeat=&#8220;repeat&#8220; custom_margin_tablet=&#8220;0px|||&#8220; custom_margin_phone=&#8220;&#8220; custom_margin_last_edited=&#8220;on|tablet&#8220; custom_padding_tablet=&#8220;0px|||&#8220; custom_padding_phone=&#8220;&#8220; global_colors_info=&#8220;{}&#8220;][et_pb_column type=&#8220;1_2&#8243; _builder_version=&#8220;4.16&#8243; custom_padding=&#8220;|||&#8220; global_colors_info=&#8220;{}&#8220; custom_padding__hover=&#8220;|||&#8220;][et_pb_text admin_label=&#8220;Anfahrt zum Hundeplatz aus Richtung Westen&#8220; _builder_version=&#8220;4.16&#8243; global_colors_info=&#8220;{}&#8220;]<\/p>\n<h3>Anfahrt zum Hundeplatz aus Richtung Westen<\/h3>\n<ul>\n<li>\u00fcber die B49 auf die B 429, Gie\u00dfener Ring-Westtangente &#8211; Fahrtrichtung Gladenbach \/ Heuchelheim \/ Wettenberg<\/li>\n<li>n\u00e4chste Abfahrt = GI-Stadtmitte \/ GI-West \/ Heuchelheim<\/li>\n<li>an Ampel geradeaus auf die Rodheimer Str.<\/li>\n<li>stadteinw\u00e4rts fahren bis linkerhand Jet-Tankstelle<\/li>\n<li>an der Ampel hinter der Jet-Tankstelle links in die Krofdorfer Stra\u00dfe<\/li>\n<li>dann die 2. links in den Gleiberger Weg<\/li>\n<li>Gleiberger Weg ganz durchfahren, an Aliceschule (rechts) vorbei<\/li>\n<li>im Wendehammer am Westbad noch ein St\u00fcck geradeaus fahren<\/li>\n<\/ul>\n<p><strong>Parken:<\/strong><br \/>\ngro\u00dfer Parkplatz linkerhand vor der Sporthalle \/ dem Hallenbad;<br \/>\nParkplatz mit B\u00e4umen auf der rechten Seite ca. 100m vorm Hundeplatz;<br \/>\nkleiner umz\u00e4unter Parkplatz direkt am Hundeplatz;<br \/>\nNICHT parken auf dem kleinen Parkplatz links direkt am Sportheim; Kunden von Angelika: NICHT parken ganz hinten links &#8211; dies sind die Pl\u00e4tze f\u00fcr Gunters Kunden.<br \/>\n[\/et_pb_text][\/et_pb_column][et_pb_column type=&#8220;1_2&#8243; _builder_version=&#8220;4.16&#8243; custom_padding=&#8220;|||&#8220; global_colors_info=&#8220;{}&#8220; custom_padding__hover=&#8220;|||&#8220;][et_pb_text admin_label=&#8220;Anfahrt zum Hundeplatz aus Richtung Stadtmitte&#8220; _builder_version=&#8220;4.16&#8243; global_colors_info=&#8220;{}&#8220;]<\/p>\n<h3>Anfahrt zum Hundeplatz aus Richtung Stadtmitte<\/h3>\n<ul>\n<li>Die Rodheimer Stra\u00dfe stadtausw\u00e4rts fahren.<\/li>\n<li>Nach der Lahnbr\u00fccke 2. Stra\u00dfe rechts = Krofdorfer Stra\u00dfe.<\/li>\n<li>Dann die 2. links in den Gleiberger Weg.<\/li>\n<li>Ganz durchfahren, an Aliceschule (rechts) vorbei.<\/li>\n<li>Im Wendehammer am Westbad noch ein St\u00fcck geradeaus fahren.<\/li>\n<\/ul>\n<p><strong>Parken:<\/strong><br \/>\ngro\u00dfer Parkplatz linkerhand vor der Sporthalle \/ dem Hallenbad;<br \/>\nParkplatz mit B\u00e4umen auf der rechten Seite ca. 100m vorm Hundeplatz;<br \/>\nkleiner umz\u00e4unter Parkplatz direkt am Hundeplatz;<br \/>\nNICHT parken auf dem kleinen Parkplatz links direkt am Sportheim; Kunden von Angelika: NICHT parken ganz hinten links &#8211; dies sind die Pl\u00e4tze f\u00fcr Gunters Kunden.<br \/>\n[\/et_pb_text][\/et_pb_column][\/et_pb_row][\/et_pb_section]<\/p>\n","protected":false},"excerpt":{"rendered":"<p>Kontakt und Anfahrt Am besten: 0171 7501330 um die Mittagszeit (au\u00dfer Samstag+Sonntag) oder abends gegen 21:00-22:00 Uhr (ggf. auf Mobilbox sprechen)Auf dem Hundeplatz gibt es eine Festnetznr. (homezone): 0641 98444975hier kannst du ggf. g\u00fcnstiger anrufen als \u00fcber meine Mobilfunknummer. 06407 950157 Anrufbeantworterim B\u00fcro bin ich tags\u00fcber sehr selten &#8211; bitte auf den AB sprechen oder [&hellip;]<\/p>\n","protected":false},"author":1,"featured_media":0,"parent":0,"menu_order":0,"comment_status":"closed","ping_status":"closed","template":"","meta":{"_et_pb_use_builder":"on","_et_pb_old_content":"","_et_gb_content_width":"","footnotes":""},"class_list":["post-340","page","type-page","status-publish","hentry"],"_links":{"self":[{"href":"https:\/\/hundeschule-giessen.de\/angelika\/wp-json\/wp\/v2\/pages\/340","targetHints":{"allow":["GET"]}}],"collection":[{"href":"https:\/\/hundeschule-giessen.de\/angelika\/wp-json\/wp\/v2\/pages"}],"about":[{"href":"https:\/\/hundeschule-giessen.de\/angelika\/wp-json\/wp\/v2\/types\/page"}],"author":[{"embeddable":true,"href":"https:\/\/hundeschule-giessen.de\/angelika\/wp-json\/wp\/v2\/users\/1"}],"replies":[{"embeddable":true,"href":"https:\/\/hundeschule-giessen.de\/angelika\/wp-json\/wp\/v2\/comments?post=340"}],"version-history":[{"count":36,"href":"https:\/\/hundeschule-giessen.de\/angelika\/wp-json\/wp\/v2\/pages\/340\/revisions"}],"predecessor-version":[{"id":4266,"href":"https:\/\/hundeschule-giessen.de\/angelika\/wp-json\/wp\/v2\/pages\/340\/revisions\/4266"}],"wp:attachment":[{"href":"https:\/\/hundeschule-giessen.de\/angelika\/wp-json\/wp\/v2\/media?parent=340"}],"curies":[{"name":"wp","href":"https:\/\/api.w.org\/{rel}","templated":true}]}}