{"id":355,"date":"2018-06-18T11:36:26","date_gmt":"2018-06-18T11:36:26","guid":{"rendered":"https:\/\/hundeschule.eikenroth.net\/?page_id=355"},"modified":"2022-05-03T06:44:44","modified_gmt":"2022-05-03T06:44:44","slug":"links","status":"publish","type":"page","link":"https:\/\/hundeschule-giessen.de\/angelika\/links\/","title":{"rendered":"Links"},"content":{"rendered":"<p>[et_pb_section fb_built=&#8220;1&#8243; _builder_version=&#8220;4.16&#8243; top_divider_style=&#8220;wave2&#8243; top_divider_color=&#8220;rgba(178,178,178,0.43)&#8220; top_divider_height=&#8220;54px&#8220; top_divider_flip=&#8220;vertical|horizontal&#8220; global_colors_info=&#8220;{}&#8220;][et_pb_row custom_padding_last_edited=&#8220;on|tablet&#8220; _builder_version=&#8220;4.16&#8243; custom_margin_tablet=&#8220;||0px|&#8220; custom_margin_phone=&#8220;&#8220; custom_margin_last_edited=&#8220;on|tablet&#8220; custom_padding_tablet=&#8220;||0px|&#8220; custom_padding_phone=&#8220;&#8220; global_colors_info=&#8220;{}&#8220;][et_pb_column type=&#8220;4_4&#8243; _builder_version=&#8220;4.16&#8243; custom_padding=&#8220;|||&#8220; global_colors_info=&#8220;{}&#8220; custom_padding__hover=&#8220;|||&#8220;][et_pb_text admin_label=&#8220;Hunde- und Tierbetreuung und Gassiservice&#8220; _builder_version=&#8220;4.16&#8243; max_width=&#8220;80%&#8220; module_alignment=&#8220;center&#8220; custom_margin=&#8220;||0px|&#8220; custom_margin_tablet=&#8220;&#8220; custom_margin_phone=&#8220;&#8220; custom_margin_last_edited=&#8220;on|desktop&#8220; custom_padding=&#8220;||0px|&#8220; custom_padding_tablet=&#8220;&#8220; custom_padding_phone=&#8220;&#8220; custom_padding_last_edited=&#8220;on|desktop&#8220; global_colors_info=&#8220;{}&#8220;]<\/p>\n<h2 style=\"text-align: left;\">Hunde- und Tierbetreuung und Gassiservice<\/h2>\n<p>[\/et_pb_text][et_pb_divider color=&#8220;rgba(178,178,178,0.43)&#8220; divider_weight=&#8220;2&#8243; _builder_version=&#8220;4.16&#8243; module_alignment=&#8220;left&#8220; height=&#8220;15px&#8220; custom_margin=&#8220;0px||0px|&#8220; custom_padding=&#8220;0px||0px|&#8220; saved_tabs=&#8220;all&#8220; global_colors_info=&#8220;{}&#8220;][\/et_pb_divider][et_pb_text admin_label=&#8220;Hunde- und Tierbetreuung und Gassiservice&#8220; _builder_version=&#8220;4.17.3&#8243; max_width=&#8220;80%&#8220; module_alignment=&#8220;center&#8220; global_colors_info=&#8220;{}&#8220;]<\/p>\n<p>Angelika Stahl bietet Hundetagesbetreuung und Hundepension an. Die verf\u00fcgbaren Pl\u00e4tze sind allerdings oft belegt und wir k\u00f6nnen Tagesg\u00e4ste erst ab ca. 09.00 annehmen. Hier noch ein paar Links f\u00fcr Betreuungsangebote:<\/p>\n<p><a href=\"http:\/\/www.blaumuehle.de\/\" target=\"_blank\" rel=\"noopener\">www.blaumuehle.de\u00a0<\/a><\/p>\n<p>Hundepension in Gladenbach-Erdhausen<\/p>\n<p><a href=\"http:\/\/www.hundetagesstaette-giessen.de\/\" target=\"_blank\" rel=\"noopener noreferrer\">www.hundetagesstaette-giessen.de<\/a><\/p>\n<p>DIE Hundetagesst\u00e4tte in Gie\u00dfen!<\/p>\n<p>[\/et_pb_text][\/et_pb_column][\/et_pb_row][et_pb_row custom_padding_last_edited=&#8220;on|tablet&#8220; _builder_version=&#8220;4.16&#8243; background_size=&#8220;initial&#8220; background_position=&#8220;top_left&#8220; background_repeat=&#8220;repeat&#8220; custom_margin_tablet=&#8220;5%||0px|&#8220; custom_margin_phone=&#8220;7%||0px|&#8220; custom_margin_last_edited=&#8220;on|phone&#8220; custom_padding_tablet=&#8220;0px||0px|&#8220; custom_padding_phone=&#8220;&#8220; global_colors_info=&#8220;{}&#8220;][et_pb_column type=&#8220;4_4&#8243; _builder_version=&#8220;4.16&#8243; custom_padding=&#8220;|||&#8220; global_colors_info=&#8220;{}&#8220; custom_padding__hover=&#8220;|||&#8220;][et_pb_text admin_label=&#8220;Hundeschulen \/ Hundetrainer&#8220; _builder_version=&#8220;4.16&#8243; max_width=&#8220;80%&#8220; module_alignment=&#8220;center&#8220; custom_margin=&#8220;||0px|&#8220; custom_margin_tablet=&#8220;&#8220; custom_margin_phone=&#8220;&#8220; custom_margin_last_edited=&#8220;on|desktop&#8220; custom_padding=&#8220;||0px|&#8220; custom_padding_tablet=&#8220;&#8220; custom_padding_phone=&#8220;&#8220; custom_padding_last_edited=&#8220;on|desktop&#8220; global_colors_info=&#8220;{}&#8220;]<\/p>\n<h2 style=\"text-align: left;\">Hundeschulen \/ Hundetrainer<\/h2>\n<p>[\/et_pb_text][et_pb_divider color=&#8220;rgba(178,178,178,0.43)&#8220; divider_weight=&#8220;2&#8243; _builder_version=&#8220;4.16&#8243; module_alignment=&#8220;left&#8220; height=&#8220;15px&#8220; custom_margin=&#8220;0px||0px|&#8220; custom_padding=&#8220;0px||0px|&#8220; saved_tabs=&#8220;all&#8220; global_colors_info=&#8220;{}&#8220;][\/et_pb_divider][et_pb_text admin_label=&#8220;Hundeschulen \/ Hundetrainer&#8220; _builder_version=&#8220;4.17.3&#8243; max_width=&#8220;80%&#8220; module_alignment=&#8220;center&#8220; global_colors_info=&#8220;{}&#8220;]<\/p>\n<p><a href=\"https:\/\/tier-bewusst-sein.de\" target=\"_blank\" rel=\"noopener noreferrer\">www.tier-bewusst-sein.de<\/a><\/p>\n<p>Jennifer Nowak\u00a0 arbeitet als Tierheilpraktikerin und bietet Energiearbeit und Tierkommunikation an<\/p>\n<p><a href=\"http:\/\/www.hundemeisterei.info\" target=\"_blank\" rel=\"noopener noreferrer\">www.hundemeisterei.info<\/a><\/p>\n<p>Bei Trainerkollegin Silvia Meister findet ihr neben ZOS noch viele andere tolle Trainingsm\u00f6glichkeiten f\u00fcr eure Hunde!<\/p>\n<p><a href=\"http:\/\/www.hund-im-sinn.de\" target=\"_blank\" rel=\"noopener noreferrer\">www.hund-im-sinn.de<\/a><\/p>\n<p>Bei Trainerkollegin Anne Sippekamp findet ihr viele tolle Besch\u00e4ftigungsm\u00f6glichkeiten! Anne gibt auch Kurse in der Hundeschule Gie\u00dfen<\/p>\n<p><a href=\"https:\/\/www.teamwaerts.com\/\" target=\"_blank\" rel=\"noopener noreferrer\">www.teamwaerts.com<\/a><\/p>\n<p>Uschis wunderbares Hundezentrum im Siegerland! Hier finden auch unsere Auslauftermine statt &#8211; auf 70.000 qm Spa\u00df pur ohne Leine!<\/p>\n<p><a href=\"http:\/\/www.mensch-hund-systeme.de\/\" target=\"_blank\" rel=\"noopener noreferrer\">www.mensch-hund-systeme.de<\/a><\/p>\n<p>Michael Stephan und Team bieten regelm\u00e4\u00dfig Seminare in der Hundeschule Gie\u00dfen an<\/p>\n<p><a href=\"http:\/\/www.suchhunde-mittelhessen.de\" target=\"_blank\" rel=\"noopener noreferrer\">www.suchhunde-mittelhessen.de<\/a><\/p>\n<p>Diana Reintjes ist Diplom-P\u00e4dagogin, Hundephysiotherapeutin und Mantrail-Trainerin nach K9<\/p>\n<p><a href=\"http:\/\/www.trainingfuerhunde.net\/\" target=\"_blank\" rel=\"noopener noreferrer\">www.trainingfuerhunde.net<\/a><\/p>\n<p>Dr. Kerstin Nier bietet Gruppen- und Einzeltraining im Raum Reichelsheim an,<br \/>sie ist Tier\u00e4rztin und Verhaltenstherapeutin<\/p>\n<p><a href=\"http:\/\/www.hundeteamschule.de\/\" target=\"_blank\" rel=\"noopener noreferrer\">www.hundeteamschule.de<\/a><\/p>\n<p>[\/et_pb_text][\/et_pb_column][\/et_pb_row][et_pb_row custom_padding_last_edited=&#8220;on|tablet&#8220; _builder_version=&#8220;4.16&#8243; background_size=&#8220;initial&#8220; background_position=&#8220;top_left&#8220; background_repeat=&#8220;repeat&#8220; custom_margin_tablet=&#8220;5%||0px|&#8220; custom_margin_phone=&#8220;7%||0px|&#8220; custom_margin_last_edited=&#8220;on|phone&#8220; custom_padding_tablet=&#8220;0px||0px|&#8220; custom_padding_phone=&#8220;&#8220; global_colors_info=&#8220;{}&#8220;][et_pb_column type=&#8220;4_4&#8243; _builder_version=&#8220;4.16&#8243; custom_padding=&#8220;|||&#8220; global_colors_info=&#8220;{}&#8220; custom_padding__hover=&#8220;|||&#8220;][et_pb_text admin_label=&#8220;Hundeschulen-Dachverb\u00e4nde&#8220; _builder_version=&#8220;4.16&#8243; max_width=&#8220;80%&#8220; module_alignment=&#8220;center&#8220; custom_margin=&#8220;0px||0px|&#8220; custom_margin_tablet=&#8220;||0px|&#8220; custom_margin_phone=&#8220;&#8220; custom_margin_last_edited=&#8220;on|desktop&#8220; custom_padding=&#8220;0px||0px|&#8220; custom_padding_tablet=&#8220;||0px|&#8220; custom_padding_phone=&#8220;&#8220; custom_padding_last_edited=&#8220;on|desktop&#8220; global_colors_info=&#8220;{}&#8220;]<\/p>\n<h2 style=\"text-align: left;\">Hundeschulen-Dachverb\u00e4nde<\/h2>\n<p>[\/et_pb_text][et_pb_divider color=&#8220;rgba(178,178,178,0.43)&#8220; divider_weight=&#8220;2&#8243; _builder_version=&#8220;4.16&#8243; module_alignment=&#8220;left&#8220; height=&#8220;15px&#8220; custom_margin=&#8220;0px||0px|&#8220; custom_padding=&#8220;0px||0px|&#8220; saved_tabs=&#8220;all&#8220; global_colors_info=&#8220;{}&#8220;][\/et_pb_divider][et_pb_text admin_label=&#8220;Hundeschulen-Dachverb\u00e4nde&#8220; _builder_version=&#8220;4.16&#8243; max_width=&#8220;80%&#8220; module_alignment=&#8220;center&#8220; global_colors_info=&#8220;{}&#8220;]<a class=\"moz-txt-link-abbreviated\" href=\"http:\/\/www.hundeschulen.de\/\" target=\"_blank\" rel=\"noopener noreferrer\">www.hundeschulen.de<\/a><\/p>\n<p>Der Berufsverband der Hundeerzieher\/innen und Verhaltensberater\/innen e.V. organisiert u.a. die Pr\u00fcfungen zum Hundef\u00fchrerschein, f\u00fcr die in der Hundeschule Gie\u00dfen seit 2007 Vorbereitungskurse angeboten werden<br \/>\n[\/et_pb_text][\/et_pb_column][\/et_pb_row][et_pb_row custom_padding_last_edited=&#8220;on|tablet&#8220; _builder_version=&#8220;4.16&#8243; background_size=&#8220;initial&#8220; background_position=&#8220;top_left&#8220; background_repeat=&#8220;repeat&#8220; custom_margin_tablet=&#8220;5%||0px|&#8220; custom_margin_phone=&#8220;7%||0px|&#8220; custom_margin_last_edited=&#8220;on|phone&#8220; custom_padding_tablet=&#8220;0px||0px|&#8220; custom_padding_phone=&#8220;&#8220; global_colors_info=&#8220;{}&#8220;][et_pb_column type=&#8220;4_4&#8243; _builder_version=&#8220;4.16&#8243; custom_padding=&#8220;|||&#8220; global_colors_info=&#8220;{}&#8220; custom_padding__hover=&#8220;|||&#8220;][et_pb_text admin_label=&#8220;Hundesport und Fitness&#8220; _builder_version=&#8220;4.16&#8243; max_width=&#8220;80%&#8220; module_alignment=&#8220;center&#8220; custom_margin=&#8220;||0px|&#8220; custom_margin_tablet=&#8220;&#8220; custom_margin_phone=&#8220;&#8220; custom_margin_last_edited=&#8220;on|tablet&#8220; custom_padding=&#8220;||0px|&#8220; custom_padding_tablet=&#8220;&#8220; custom_padding_phone=&#8220;&#8220; custom_padding_last_edited=&#8220;on|desktop&#8220; global_colors_info=&#8220;{}&#8220;]<\/p>\n<h2 style=\"text-align: left;\">Hunde-Gesundheit und Fitness<\/h2>\n<p>[\/et_pb_text][et_pb_divider color=&#8220;rgba(178,178,178,0.43)&#8220; divider_weight=&#8220;2&#8243; _builder_version=&#8220;4.16&#8243; module_alignment=&#8220;left&#8220; height=&#8220;15px&#8220; custom_margin=&#8220;0px||0px|&#8220; custom_padding=&#8220;0px||0px|&#8220; saved_tabs=&#8220;all&#8220; global_colors_info=&#8220;{}&#8220;][\/et_pb_divider][et_pb_text admin_label=&#8220;Hundesport und Fitness&#8220; _builder_version=&#8220;4.17.3&#8243; max_width=&#8220;80%&#8220; module_alignment=&#8220;center&#8220; hover_enabled=&#8220;0&#8243; global_colors_info=&#8220;{}&#8220; sticky_enabled=&#8220;0&#8243;]<\/p>\n<p><a href=\"http:\/\/www.chironn.de\/\" target=\"_blank\" rel=\"noopener noreferrer\">www.chironn.de<\/a><\/p>\n<p><a href=\"https:\/\/Tier\u00e4rztin-jung.de\" target=\"_blank\" rel=\"noopener noreferrer\">Tier\u00e4rztin-jung.de<\/a><\/p>\n<p>Mit der manuellen Therapie durch <strong>Christine Kutscher<\/strong> und <strong>Isabelle Jung<\/strong> haben wir bei einigen von Angelikas Hunden und Kundenhunden schon kleine Wunder erlebt!<\/p>\n<p><a href=\"https:\/\/raum-fuer-pfoten.jimdo.com\/\" target=\"_blank\" rel=\"noopener noreferrer\">raum-fuer-pfoten.jimdo.com\/<\/a><\/p>\n<p>Schmerzlinderung &#8211; Mobilisation &#8211; Pr\u00e4vention &#8211; Wellness &#8211; Reha!<br \/>Petra Kaltschmidt bietet ein Therapie-Schwimmbecken, Hunde-Physiotherapie, Bowen-Therapie, Lasertherapie, und Blutegeltherapie<\/p>\n<p>[\/et_pb_text][\/et_pb_column][\/et_pb_row][et_pb_row _builder_version=&#8220;4.16&#8243; background_size=&#8220;initial&#8220; background_position=&#8220;top_left&#8220; background_repeat=&#8220;repeat&#8220; custom_margin_tablet=&#8220;5%||0px|&#8220; custom_margin_phone=&#8220;7%||0px|&#8220; custom_margin_last_edited=&#8220;on|tablet&#8220; global_colors_info=&#8220;{}&#8220;][et_pb_column type=&#8220;4_4&#8243; _builder_version=&#8220;4.16&#8243; custom_padding=&#8220;|||&#8220; global_colors_info=&#8220;{}&#8220; custom_padding__hover=&#8220;|||&#8220;][et_pb_text admin_label=&#8220;Tierarztpraxis&#8220; _builder_version=&#8220;4.16&#8243; max_width=&#8220;80%&#8220; module_alignment=&#8220;center&#8220; custom_margin=&#8220;||0px|&#8220; custom_margin_tablet=&#8220;&#8220; custom_margin_phone=&#8220;&#8220; custom_margin_last_edited=&#8220;on|&#8220; custom_padding=&#8220;||0px|&#8220; global_colors_info=&#8220;{}&#8220;]<\/p>\n<h2 style=\"text-align: left;\">Tierarztpraxen und empfehlenswerte Seiten<\/h2>\n<p>[\/et_pb_text][et_pb_divider color=&#8220;rgba(178,178,178,0.43)&#8220; divider_weight=&#8220;2&#8243; _builder_version=&#8220;4.16&#8243; module_alignment=&#8220;left&#8220; height=&#8220;15px&#8220; custom_margin=&#8220;0px||0px|&#8220; custom_padding=&#8220;0px||0px|&#8220; saved_tabs=&#8220;all&#8220; global_colors_info=&#8220;{}&#8220;][\/et_pb_divider][et_pb_text admin_label=&#8220;Tierarztpraxis&#8220; _builder_version=&#8220;4.16&#8243; max_width=&#8220;80%&#8220; module_alignment=&#8220;center&#8220; global_colors_info=&#8220;{}&#8220;]<\/p>\n<p><a class=\"moz-txt-link-abbreviated\" href=\"http:\/\/www.tierarztpraxis-kleebachtal.de\/\" target=\"_blank\" rel=\"noopener noreferrer\">www.tierarztpraxis-kleebachtal.de<\/a><\/p>\n<p>&nbsp;<\/p>\n<p>[\/et_pb_text][\/et_pb_column][\/et_pb_row][et_pb_row _builder_version=&#8220;4.16&#8243; background_size=&#8220;initial&#8220; background_position=&#8220;top_left&#8220; background_repeat=&#8220;repeat&#8220; global_colors_info=&#8220;{}&#8220;][et_pb_column type=&#8220;4_4&#8243; _builder_version=&#8220;4.16&#8243; custom_padding=&#8220;|||&#8220; global_colors_info=&#8220;{}&#8220; custom_padding__hover=&#8220;|||&#8220;][et_pb_text admin_label=&#8220;Tierfotografie und Tiermalerei&#8220; _builder_version=&#8220;4.16&#8243; max_width=&#8220;80%&#8220; module_alignment=&#8220;center&#8220; custom_margin=&#8220;||0px|&#8220; custom_padding=&#8220;||0px|&#8220; global_colors_info=&#8220;{}&#8220;]<\/p>\n<h2 style=\"text-align: left;\">Tierfotografie und Tiermalerei<\/h2>\n<p>[\/et_pb_text][et_pb_divider color=&#8220;rgba(178,178,178,0.43)&#8220; divider_weight=&#8220;2&#8243; _builder_version=&#8220;4.16&#8243; module_alignment=&#8220;left&#8220; height=&#8220;15px&#8220; custom_margin=&#8220;0px||0px|&#8220; custom_padding=&#8220;0px||0px|&#8220; saved_tabs=&#8220;all&#8220; global_colors_info=&#8220;{}&#8220;][\/et_pb_divider][et_pb_text admin_label=&#8220;Tierfotografie und Tiermalerei&#8220; _builder_version=&#8220;4.16&#8243; max_width=&#8220;80%&#8220; module_alignment=&#8220;center&#8220; global_colors_info=&#8220;{}&#8220;]<a href=\"http:\/\/www.tierfotografie-steimer.de\/\" target=\"_blank\" rel=\"noopener noreferrer\">www.tierfotografie-steimer.de<\/a><\/p>\n<p>Professionelle Fotografien f\u00fcr Tiermotive von Christine Steimer<\/p>\n<p><a href=\"http:\/\/www.natascha-schwitalla.de\/\" target=\"_blank\" rel=\"noopener noreferrer\">http:\/\/www.natascha-schwitalla.de\/<\/a><\/p>\n<p>Natascha Schwitalla-Hotz fotografiert Tiere und Natur<\/p>\n<p><a href=\"http:\/\/www.silkekiefer.de\/\" target=\"_blank\" rel=\"noopener noreferrer\">www.silkekiefer.de<\/a><\/p>\n<p>Silke Kiefer \u00d6lgem\u00e4lde und Portaits<br \/>\n[\/et_pb_text][\/et_pb_column][\/et_pb_row][et_pb_row _builder_version=&#8220;4.16&#8243; background_size=&#8220;initial&#8220; background_position=&#8220;top_left&#8220; background_repeat=&#8220;repeat&#8220; custom_margin_tablet=&#8220;||0px|&#8220; custom_margin_phone=&#8220;7%||0px|&#8220; custom_margin_last_edited=&#8220;on|tablet&#8220; global_colors_info=&#8220;{}&#8220;][et_pb_column type=&#8220;4_4&#8243; _builder_version=&#8220;4.16&#8243; custom_padding=&#8220;|||&#8220; global_colors_info=&#8220;{}&#8220; custom_padding__hover=&#8220;|||&#8220;][et_pb_text admin_label=&#8220;Urlaub mit Hund&#8220; _builder_version=&#8220;4.16&#8243; max_width=&#8220;80%&#8220; module_alignment=&#8220;center&#8220; custom_margin=&#8220;||0px|&#8220; custom_padding=&#8220;||0px|&#8220; global_colors_info=&#8220;{}&#8220;]<\/p>\n<h2 style=\"text-align: left;\">Urlaub mit Hund<\/h2>\n<p>[\/et_pb_text][et_pb_divider color=&#8220;rgba(178,178,178,0.43)&#8220; divider_weight=&#8220;2&#8243; _builder_version=&#8220;4.16&#8243; module_alignment=&#8220;left&#8220; height=&#8220;15px&#8220; custom_margin=&#8220;0px||0px|&#8220; custom_padding=&#8220;0px||0px|&#8220; saved_tabs=&#8220;all&#8220; global_colors_info=&#8220;{}&#8220;][\/et_pb_divider][et_pb_text admin_label=&#8220;Urlaub mit Hund&#8220; _builder_version=&#8220;4.17.3&#8243; max_width=&#8220;80%&#8220; module_alignment=&#8220;center&#8220; global_colors_info=&#8220;{}&#8220;]<\/p>\n<p><a class=\"moz-txt-link-abbreviated\" href=\"http:\/\/www.ferienhaus-glasau.de\/\" target=\"_blank\" rel=\"noopener noreferrer\">www.ferienhaus-glasau.de<\/a><\/p>\n<p>Hier macht Angelika jedes Jahr im November mit allen Hunden Urlaub &#8211; wo sonst findet man f\u00fcr sich alleine (und ein paar Freunde) ein Ferienhaus mit 75.000 qm eingez\u00e4untem Grundst\u00fcck?<\/p>\n<p><a href=\"http:\/\/www.vierbeinerlandgut.de\" target=\"_blank\" rel=\"noopener\">www.vierbeinerlandgut.de<\/a><\/p>\n<p><a href=\"http:\/\/www.nordsee24.de\/nordsee-urlaub\/strandurlaub\/hundestrand#karte Hundestrand-\u00dcbersichtskarte Nordsee\" target=\"_blank\" rel=\"noopener\">www.nordsee24.de\/nordsee-urlaub\/strandurlaub\/hundestrand#karte<\/a><\/p>\n<p>Hundestrand-\u00dcbersichtskarte Nordsee<\/p>\n<p><a href=\"http:\/\/www.ostsee24.de\/ostsee-urlaub\/strandurlaub\/hundestrand-ostsee\" target=\"_blank\" rel=\"noopener noreferrer\">http:\/\/www.ostsee24.de\/ostsee-urlaub\/strandurlaub\/hundestrand-ostsee<\/a><\/p>\n<p>Hundestrand-\u00dcbersichtskarte Ostsee<\/p>\n<p>[\/et_pb_text][\/et_pb_column][\/et_pb_row][et_pb_row _builder_version=&#8220;4.16&#8243; background_size=&#8220;initial&#8220; background_position=&#8220;top_left&#8220; background_repeat=&#8220;repeat&#8220; global_colors_info=&#8220;{}&#8220;][et_pb_column type=&#8220;4_4&#8243; _builder_version=&#8220;4.16&#8243; custom_padding=&#8220;|||&#8220; global_colors_info=&#8220;{}&#8220; custom_padding__hover=&#8220;|||&#8220;][et_pb_text admin_label=&#8220;Zubeh\u00f6r, Futter&#8220; _builder_version=&#8220;4.16&#8243; max_width=&#8220;80%&#8220; module_alignment=&#8220;center&#8220; custom_margin=&#8220;||0px|&#8220; custom_padding=&#8220;||0px|&#8220; global_colors_info=&#8220;{}&#8220;]<\/p>\n<h2 style=\"text-align: left;\">Zubeh\u00f6r und Futter<\/h2>\n<p>[\/et_pb_text][et_pb_divider color=&#8220;rgba(178,178,178,0.43)&#8220; divider_weight=&#8220;2&#8243; _builder_version=&#8220;4.16&#8243; module_alignment=&#8220;left&#8220; height=&#8220;15px&#8220; custom_margin=&#8220;0px||0px|&#8220; custom_padding=&#8220;0px||0px|&#8220; saved_tabs=&#8220;all&#8220; global_colors_info=&#8220;{}&#8220;][\/et_pb_divider][et_pb_text admin_label=&#8220;Zubeh\u00f6r, Futter&#8220; _builder_version=&#8220;4.16&#8243; max_width=&#8220;80%&#8220; module_alignment=&#8220;center&#8220; global_colors_info=&#8220;{}&#8220;]<\/p>\n<p><a class=\"moz-txt-link-freetext\" href=\"https:\/\/www.knabberwerkstatt.de\/\" target=\"_blank\" rel=\"noopener noreferrer\">www.knabberwerkstatt.de<\/a><\/p>\n<p><a href=\"http:\/\/www.hundeschulen.com\/\" target=\"_blank\" rel=\"noopener noreferrer\">www.hundeschulen.com<\/a><\/p>\n<p>Regelm\u00e4\u00dfig Sammelbestellungen \u00fcber Angelika!<\/p>\n<p><a href=\"http:\/\/www.natuer-lich-gut.de\/\" target=\"_blank\" rel=\"noopener noreferrer\">www.natuer-lich-gut.de<\/a><\/p>\n<p>NAT\u00dcR-LICH-GUT, Das Futterl\u00e4dchen<br \/> BARF f\u00fcr Hund und Katze<\/p>\n<p><a href=\"http:\/\/www.steinmuhlys.de\/\" target=\"_blank\" rel=\"noopener noreferrer\">www.steinmuhlys.de<\/a><\/p>\n<p>Hier gibt\u2019s Halsb\u00e4nder, Leinen und Geschirre nach Ma\u00df. Viele Farben, Borten und Bestickungen stehen zur Auswahl. Jedes St\u00fcck ist einmalig und genau f\u00fcr den jeweiligen Hund angefertigt!<\/p>\n<p>&nbsp;<\/p>\n<p>[\/et_pb_text][\/et_pb_column][\/et_pb_row][et_pb_row _builder_version=&#8220;4.16&#8243; background_size=&#8220;initial&#8220; background_position=&#8220;top_left&#8220; background_repeat=&#8220;repeat&#8220; global_colors_info=&#8220;{}&#8220;][et_pb_column type=&#8220;4_4&#8243; _builder_version=&#8220;4.16&#8243; custom_padding=&#8220;|||&#8220; global_colors_info=&#8220;{}&#8220; custom_padding__hover=&#8220;|||&#8220;][et_pb_text admin_label=&#8220;Z\u00fcchter&#8220; _builder_version=&#8220;4.16&#8243; max_width=&#8220;80%&#8220; module_alignment=&#8220;center&#8220; custom_margin=&#8220;||0px|&#8220; custom_padding=&#8220;||0px|&#8220; global_colors_info=&#8220;{}&#8220;]<\/p>\n<h2 style=\"text-align: left;\">Z\u00fcchter<\/h2>\n<p>[\/et_pb_text][et_pb_divider color=&#8220;rgba(178,178,178,0.43)&#8220; divider_weight=&#8220;2&#8243; _builder_version=&#8220;4.16&#8243; module_alignment=&#8220;left&#8220; height=&#8220;15px&#8220; custom_margin=&#8220;0px||0px|&#8220; custom_padding=&#8220;0px||0px|&#8220; saved_tabs=&#8220;all&#8220; global_colors_info=&#8220;{}&#8220;][\/et_pb_divider][et_pb_text admin_label=&#8220;Z\u00fcchter&#8220; _builder_version=&#8220;4.16&#8243; max_width=&#8220;80%&#8220; module_alignment=&#8220;center&#8220; global_colors_info=&#8220;{}&#8220;]<a href=\"http:\/\/www.bordercollie-haus.de\/\" target=\"_blank\" rel=\"noopener noreferrer\">www.bordercollie-haus.de<\/a><\/p>\n<p>Bordercollies vom Greifental \u2013 H\u00fcteleistungszucht seit 1994<br \/>\n[\/et_pb_text][\/et_pb_column][\/et_pb_row][et_pb_row _builder_version=&#8220;4.16&#8243; background_size=&#8220;initial&#8220; background_position=&#8220;top_left&#8220; background_repeat=&#8220;repeat&#8220; global_colors_info=&#8220;{}&#8220;][et_pb_column type=&#8220;4_4&#8243; _builder_version=&#8220;4.16&#8243; custom_padding=&#8220;|||&#8220; global_colors_info=&#8220;{}&#8220; custom_padding__hover=&#8220;|||&#8220;][et_pb_text admin_label=&#8220;Weitere Seiten f\u00fcr Hundefreunde&#8220; _builder_version=&#8220;4.16&#8243; max_width=&#8220;80%&#8220; module_alignment=&#8220;center&#8220; custom_margin=&#8220;||0px|&#8220; custom_padding=&#8220;||0px|&#8220; global_colors_info=&#8220;{}&#8220;]<\/p>\n<h2 style=\"text-align: left;\">Weitere Seiten f\u00fcr Hundefreunde<\/h2>\n<p>[\/et_pb_text][et_pb_divider color=&#8220;rgba(178,178,178,0.43)&#8220; divider_weight=&#8220;2&#8243; _builder_version=&#8220;4.16&#8243; module_alignment=&#8220;left&#8220; height=&#8220;15px&#8220; custom_margin=&#8220;0px||0px|&#8220; custom_padding=&#8220;0px||0px|&#8220; saved_tabs=&#8220;all&#8220; global_colors_info=&#8220;{}&#8220;][\/et_pb_divider][et_pb_text admin_label=&#8220;Weitere Seiten f\u00fcr Hundefreunde&#8220; _builder_version=&#8220;4.17.3&#8243; max_width=&#8220;80%&#8220; module_alignment=&#8220;center&#8220; hover_enabled=&#8220;0&#8243; global_colors_info=&#8220;{}&#8220; sticky_enabled=&#8220;0&#8243;]<\/p>\n<p><a class=\"moz-txt-link-abbreviated\" href=\"http:\/\/www.tier-bewusst-sein.de\/\" target=\"_blank\" rel=\"noopener noreferrer\">www.tier-bewusst-sein.de<\/a><\/p>\n<p><a href=\"http:\/\/www.wolfmagazin.de\/\" target=\"_blank\" rel=\"noopener noreferrer\">www.wolfmagazin.de<\/a><span style=\"color: #19783c;\">\u00a0<\/span><\/p>\n<p>Das Wolf Magazin ist die einzige deutschsprachige Fachzeitschrift \u00fcber W\u00f6lfe und andere wilde Caniden<\/p>\n<p>[\/et_pb_text][\/et_pb_column][\/et_pb_row][et_pb_row _builder_version=&#8220;4.16&#8243; background_size=&#8220;initial&#8220; background_position=&#8220;top_left&#8220; background_repeat=&#8220;repeat&#8220; global_colors_info=&#8220;{}&#8220;][et_pb_column type=&#8220;4_4&#8243; _builder_version=&#8220;4.16&#8243; custom_padding=&#8220;|||&#8220; global_colors_info=&#8220;{}&#8220; custom_padding__hover=&#8220;|||&#8220;][et_pb_text admin_label=&#8220;Hier geht es nur indirekt um den Hund&#8220; _builder_version=&#8220;4.16&#8243; max_width=&#8220;80%&#8220; module_alignment=&#8220;center&#8220; custom_margin=&#8220;||0px|&#8220; custom_padding=&#8220;||0px|&#8220; global_colors_info=&#8220;{}&#8220;]<\/p>\n<h2 style=\"text-align: left;\">Hier geht es nur indirekt um den Hund<\/h2>\n<p>[\/et_pb_text][et_pb_divider color=&#8220;rgba(178,178,178,0.43)&#8220; divider_weight=&#8220;2&#8243; _builder_version=&#8220;4.16&#8243; module_alignment=&#8220;left&#8220; height=&#8220;15px&#8220; custom_margin=&#8220;0px||0px|&#8220; custom_padding=&#8220;0px||0px|&#8220; saved_tabs=&#8220;all&#8220; global_colors_info=&#8220;{}&#8220;][\/et_pb_divider][et_pb_text admin_label=&#8220;Hier geht es nur indirekt um den Hund&#8220; _builder_version=&#8220;4.16&#8243; max_width=&#8220;80%&#8220; module_alignment=&#8220;center&#8220; global_colors_info=&#8220;{}&#8220;]<a href=\"http:\/\/www.autohaus-garbenteich.de\/\" target=\"_blank\" rel=\"noopener noreferrer\">www.autohaus-garbenteich.de<\/a><\/p>\n<p>Autohaus von Frank Stahl<br \/>\n[\/et_pb_text][\/et_pb_column][\/et_pb_row][\/et_pb_section]<\/p>\n","protected":false},"excerpt":{"rendered":"<p>Hunde- und Tierbetreuung und Gassiservice Angelika Stahl bietet Hundetagesbetreuung und Hundepension an. Die verf\u00fcgbaren Pl\u00e4tze sind allerdings oft belegt und wir k\u00f6nnen Tagesg\u00e4ste erst ab ca. 09.00 annehmen. Hier noch ein paar Links f\u00fcr Betreuungsangebote: www.blaumuehle.de\u00a0 Hundepension in Gladenbach-Erdhausen www.hundetagesstaette-giessen.de DIE Hundetagesst\u00e4tte in Gie\u00dfen!Hundeschulen \/ Hundetrainer www.tier-bewusst-sein.de Jennifer Nowak\u00a0 arbeitet als Tierheilpraktikerin und bietet Energiearbeit [&hellip;]<\/p>\n","protected":false},"author":1,"featured_media":0,"parent":0,"menu_order":0,"comment_status":"closed","ping_status":"closed","template":"","meta":{"_et_pb_use_builder":"on","_et_pb_old_content":"","_et_gb_content_width":"","footnotes":""},"class_list":["post-355","page","type-page","status-publish","hentry"],"_links":{"self":[{"href":"https:\/\/hundeschule-giessen.de\/angelika\/wp-json\/wp\/v2\/pages\/355","targetHints":{"allow":["GET"]}}],"collection":[{"href":"https:\/\/hundeschule-giessen.de\/angelika\/wp-json\/wp\/v2\/pages"}],"about":[{"href":"https:\/\/hundeschule-giessen.de\/angelika\/wp-json\/wp\/v2\/types\/page"}],"author":[{"embeddable":true,"href":"https:\/\/hundeschule-giessen.de\/angelika\/wp-json\/wp\/v2\/users\/1"}],"replies":[{"embeddable":true,"href":"https:\/\/hundeschule-giessen.de\/angelika\/wp-json\/wp\/v2\/comments?post=355"}],"version-history":[{"count":44,"href":"https:\/\/hundeschule-giessen.de\/angelika\/wp-json\/wp\/v2\/pages\/355\/revisions"}],"predecessor-version":[{"id":3871,"href":"https:\/\/hundeschule-giessen.de\/angelika\/wp-json\/wp\/v2\/pages\/355\/revisions\/3871"}],"wp:attachment":[{"href":"https:\/\/hundeschule-giessen.de\/angelika\/wp-json\/wp\/v2\/media?parent=355"}],"curies":[{"name":"wp","href":"https:\/\/api.w.org\/{rel}","templated":true}]}}