{"id":393,"date":"2020-10-20T14:21:49","date_gmt":"2020-10-20T14:21:49","guid":{"rendered":"https:\/\/hundeschule.eikenroth.net\/?page_id=393"},"modified":"2024-01-22T22:10:47","modified_gmt":"2024-01-22T22:10:47","slug":"welpengruppe","status":"publish","type":"page","link":"https:\/\/hundeschule-giessen.de\/angelika\/kurse\/welpengruppe\/","title":{"rendered":"Welpengruppe"},"content":{"rendered":"<p>[et_pb_section fb_built=&#8220;1&#8243; disabled_on=&#8220;on|on|&#8220; _builder_version=&#8220;4.16&#8243; background_color=&#8220;#1d9811&#8243; custom_padding=&#8220;0px||0px|&#8220; global_colors_info=&#8220;{}&#8220;][et_pb_row column_structure=&#8220;1_2,1_2&#8243; make_equal=&#8220;on&#8220; _builder_version=&#8220;4.16&#8243; background_color=&#8220;#1d9811&#8243; custom_margin=&#8220;0px||0px|&#8220; custom_padding=&#8220;0px||0px|&#8220; global_colors_info=&#8220;{}&#8220;][et_pb_column type=&#8220;1_2&#8243; _builder_version=&#8220;4.16&#8243; custom_padding=&#8220;|||&#8220; global_colors_info=&#8220;{}&#8220; custom_padding__hover=&#8220;|||&#8220;][et_pb_image src=&#8220;https:\/\/hundeschule-giessen.de\/angelika\/wp-content\/uploads\/Welpengruppe-1.jpg&#8220; alt=&#8220;Welpengruppe&#8220; align_tablet=&#8220;center&#8220; align_phone=&#8220;&#8220; align_last_edited=&#8220;on|desktop&#8220; admin_label=&#8220;Bild Desktop&#8220; _builder_version=&#8220;4.16&#8243; global_colors_info=&#8220;{}&#8220;][\/et_pb_image][\/et_pb_column][et_pb_column type=&#8220;1_2&#8243; _builder_version=&#8220;4.16&#8243; background_color=&#8220;#1d9811&#8243; custom_padding=&#8220;|||&#8220; global_colors_info=&#8220;{}&#8220; custom_padding__hover=&#8220;|||&#8220;][et_pb_text _builder_version=&#8220;4.16&#8243; header_font_size=&#8220;50px&#8220; custom_padding=&#8220;25%||0px|&#8220; header_text_shadow_style=&#8220;preset3&#8243; global_colors_info=&#8220;{}&#8220;]<\/p>\n<h1><span style=\"color: #ffe572;\">Welpengruppe<\/span><\/h1>\n<p>[\/et_pb_text][\/et_pb_column][\/et_pb_row][\/et_pb_section][et_pb_section fb_built=&#8220;1&#8243; disabled_on=&#8220;off|off|on&#8220; _builder_version=&#8220;4.16&#8243; custom_padding=&#8220;0px||0px|&#8220; global_colors_info=&#8220;{}&#8220;][et_pb_row column_structure=&#8220;1_2,1_2&#8243; make_equal=&#8220;on&#8220; _builder_version=&#8220;4.16&#8243; background_color=&#8220;#1d9811&#8243; width=&#8220;100%&#8220; max_width=&#8220;100%&#8220; custom_margin=&#8220;0px||0px|&#8220; custom_padding=&#8220;0px||0px|&#8220; use_custom_width=&#8220;on&#8220; width_unit=&#8220;off&#8220; custom_width_percent=&#8220;100%&#8220; global_colors_info=&#8220;{}&#8220;][et_pb_column type=&#8220;1_2&#8243; _builder_version=&#8220;4.16&#8243; custom_padding=&#8220;|||&#8220; global_colors_info=&#8220;{}&#8220; custom_padding__hover=&#8220;|||&#8220;][et_pb_image src=&#8220;https:\/\/hundeschule-giessen.de\/angelika\/wp-content\/uploads\/Welpengruppe-1.jpg&#8220; alt=&#8220;Welpengruppe&#8220; align_tablet=&#8220;center&#8220; align_phone=&#8220;&#8220; align_last_edited=&#8220;on|desktop&#8220; admin_label=&#8220;Bild Handy + Tablet&#8220; _builder_version=&#8220;4.16&#8243; global_colors_info=&#8220;{}&#8220;][\/et_pb_image][\/et_pb_column][et_pb_column type=&#8220;1_2&#8243; _builder_version=&#8220;4.16&#8243; background_color=&#8220;#1d9811&#8243; custom_padding=&#8220;|||&#8220; global_colors_info=&#8220;{}&#8220; custom_padding__hover=&#8220;|||&#8220;][et_pb_text _builder_version=&#8220;4.16&#8243; header_font_size=&#8220;50px&#8220; custom_padding=&#8220;15%||15%|&#8220; custom_padding_tablet=&#8220;0px||5%|&#8220; custom_padding_phone=&#8220;&#8220; custom_padding_last_edited=&#8220;on|tablet&#8220; header_font_size_tablet=&#8220;40px&#8220; header_font_size_phone=&#8220;35px&#8220; header_font_size_last_edited=&#8220;on|tablet&#8220; header_text_shadow_style=&#8220;preset3&#8243; global_colors_info=&#8220;{}&#8220;]<\/p>\n<h1 style=\"text-align: center;\"><span style=\"color: #ffe572;\">Welpengruppe<\/span><\/h1>\n<p>[\/et_pb_text][\/et_pb_column][\/et_pb_row][\/et_pb_section][et_pb_section fb_built=&#8220;1&#8243; _builder_version=&#8220;4.16&#8243; custom_margin=&#8220;||0px|&#8220; custom_padding=&#8220;||0px|&#8220; top_divider_style=&#8220;wave2&#8243; top_divider_color=&#8220;rgba(178,178,178,0.43)&#8220; top_divider_height=&#8220;78px&#8220; top_divider_flip=&#8220;vertical|horizontal&#8220; global_colors_info=&#8220;{}&#8220;][et_pb_row column_structure=&#8220;1_2,1_2&#8243; use_custom_gutter=&#8220;on&#8220; gutter_width=&#8220;2&#8243; _builder_version=&#8220;4.16&#8243; custom_margin=&#8220;2%||0px|&#8220; custom_padding=&#8220;||0px|&#8220; global_colors_info=&#8220;{}&#8220;][et_pb_column type=&#8220;1_2&#8243; _builder_version=&#8220;4.16&#8243; custom_padding=&#8220;|||&#8220; global_colors_info=&#8220;{}&#8220; custom_padding__hover=&#8220;|||&#8220;][et_pb_text _builder_version=&#8220;4.16&#8243; global_colors_info=&#8220;{}&#8220;]<\/p>\n<p>Mit Hundewelpen und ihren Menschen zu arbeiten ist nicht nur eine der sch\u00f6nsten Aufgaben in unserer Hundeschule und ein Spa\u00df f\u00fcr die ganze Familie, sondern auch ein sehr wichtiges Angebot.<br \/> Wir empfehlen, so fr\u00fchzeitig wie m\u00f6glich mit dem Besuch einer Welpengruppe zu beginnen, durchaus schon ab der 8. Woche (eher d\u00fcrfen Welpen normalerweise ohnehin nicht vom Z\u00fcchter abgegeben werden). Nach der \u00dcbernahme braucht der Welpe meist 2-3 Tage, um sich in seinem neuen zu Hause einzuleben. Danach k\u00f6nnen Sie ihm kaum einen gr\u00f6\u00dferen Gefallen tun, als dem kleinen Kerl, der von Mutter und Geschwistern getrennt wurde, gleichaltrige Spielgef\u00e4hrten zu bieten.\u00a0Inzwischen ist vielen Hundefreunden die Bedeutung des Besuches einer Welpengruppe bekannt. <strong>Bitte warten Sie nicht auf den Abschluss der Impfungen, <\/strong>denn dann w\u00e4re der Welpe schon mindestens 13 Wochen alt, und Sie haben wertvolle Zeit vers\u00e4umt. Au\u00dferdem ist es anzuraten, eine dritte Impfung mit 14-16 Wochen vornehmen zu lassen &#8211; und mit 16 Wochen wird aus dem Welpen schon ein Junghund!\u00a0Da wir Hunde von den Kursstunden ausschlie\u00dfen, die Anzeichen einer \u00fcbertragbaren Krankheit zeigen, sind Ansteckungen auf dem Hundeplatz zwar nicht ausgeschlossen, aber nicht wahrscheinlicher als beim t\u00e4glichen Spaziergang mit Begegnungen anderer Hunde. Selbstverst\u00e4ndlich kontrollieren wir zur gegebenen Zeit die Durchf\u00fchrung der n\u00f6tigen Schutzimpfungen.<\/p>\n<p>[\/et_pb_text][\/et_pb_column][et_pb_column type=&#8220;1_2&#8243; _builder_version=&#8220;4.16&#8243; custom_padding=&#8220;|||&#8220; global_colors_info=&#8220;{}&#8220; custom_padding__hover=&#8220;|||&#8220;][et_pb_text disabled_on=&#8220;on|on|on&#8220; admin_label=&#8220;Tabelle&#8220; _builder_version=&#8220;4.16&#8243; custom_margin=&#8220;0px|||&#8220; custom_margin_tablet=&#8220;&#8220; custom_margin_phone=&#8220;&#8220; custom_margin_last_edited=&#8220;on|phone&#8220; custom_padding=&#8220;1%|||&#8220; custom_padding_tablet=&#8220;&#8220; custom_padding_phone=&#8220;&#8220; custom_padding_last_edited=&#8220;on|desktop&#8220; disabled=&#8220;on&#8220; global_colors_info=&#8220;{}&#8220;]<\/p>\n<p>&nbsp;<\/p>\n<table>\n<thead>\n<tr style=\"height: 24px;\">\n<th style=\"height: 24px;\" scope=\"col\">Alter &amp; Gr\u00f6\u00dfe<\/th>\n<th style=\"height: 24px;\" scope=\"col\">Termin<\/th>\n<th style=\"height: 24px;\" scope=\"col\">Pl\u00e4tze &amp; Betreuer<\/th>\n<\/tr>\n<\/thead>\n<tbody>\n<tr style=\"height: 48px;\">\n<td style=\"height: 48px;\" data-label=\"Alter &amp; Gr\u00f6\u00dfe\">\n<p><strong>aktuelle Termine finden Sie auf der Startseite!<\/strong><\/p>\n<p><strong>Welpen- und Junghundegruppen<\/strong>:<\/p>\n<\/td>\n<td style=\"height: 48px;\" data-label=\"Termine\"><\/td>\n<td style=\"height: 48px;\" data-label=\"Pl\u00e4tze &amp; Betreuer\"><\/td>\n<\/tr>\n<tr style=\"height: 48px;\">\n<td style=\"height: 48px;\" data-label=\"Alter &amp; Gr\u00f6\u00dfe\"><b>Gruppen f\u00fcr gro\u00dfe Rassen \/ Mixe<\/b><\/td>\n<td style=\"height: 48px;\" data-label=\"Termine\"><\/td>\n<td style=\"height: 48px;\" data-label=\"Pl\u00e4tze &amp; Betreuer\"><b><\/b><\/td>\n<\/tr>\n<tr style=\"height: 48px;\">\n<td style=\"height: 48px;\" data-label=\"Alter &amp; Gr\u00f6\u00dfe\"><\/td>\n<td style=\"height: 48px;\" data-label=\"Termine\"><\/td>\n<td style=\"height: 48px;\" data-label=\"Pl\u00e4tze &amp; Betreuer\"><\/td>\n<\/tr>\n<tr style=\"height: 48px;\">\n<td style=\"height: 48px;\" data-label=\"Alter &amp; Gr\u00f6\u00dfe\"><\/td>\n<td style=\"height: 48px;\" data-label=\"Termine\"><\/td>\n<td style=\"height: 48px;\" data-label=\"Pl\u00e4tze &amp; Betreuer\"><b>freie Pl\u00e4tze<br \/><\/b>Angelika Stahl<\/td>\n<\/tr>\n<tr style=\"height: 48px;\">\n<td style=\"height: 48px;\" data-label=\"Alter &amp; Gr\u00f6\u00dfe\"><\/td>\n<td style=\"height: 48px;\" data-label=\"Termine\"><\/td>\n<td style=\"height: 48px;\" data-label=\"Pl\u00e4tze &amp; Betreuer\"><\/td>\n<\/tr>\n<tr style=\"height: 10px;\">\n<td style=\"height: 10px;\" data-label=\"Alter &amp; Gr\u00f6\u00dfe\"><\/td>\n<td style=\"height: 10px;\" data-label=\"Termine\"><\/td>\n<td style=\"height: 10px;\" data-label=\"Pl\u00e4tze &amp; Betreuer\"><\/td>\n<\/tr>\n<tr style=\"height: 10px;\">\n<td style=\"height: 10px;\" data-label=\"Alter &amp; Gr\u00f6\u00dfe\"><\/td>\n<td style=\"height: 10px;\" data-label=\"Termine\"><\/td>\n<td style=\"height: 10px;\" data-label=\"Pl\u00e4tze &amp; Betreuer\"><\/td>\n<\/tr>\n<tr style=\"height: 10px;\">\n<td style=\"height: 10px;\" data-label=\"Alter &amp; Gr\u00f6\u00dfe\"><\/td>\n<td style=\"height: 10px;\" data-label=\"Termine\"><\/td>\n<td style=\"height: 10px;\" data-label=\"Pl\u00e4tze &amp; Betreuer\"><\/td>\n<\/tr>\n<tr style=\"height: 10px;\">\n<td style=\"height: 10px;\" data-label=\"Alter &amp; Gr\u00f6\u00dfe\"><\/td>\n<td style=\"height: 10px;\" data-label=\"Termine\"><\/td>\n<td style=\"height: 10px;\" data-label=\"Pl\u00e4tze &amp; Betreuer\"><\/td>\n<\/tr>\n<tr style=\"height: 10px;\">\n<td style=\"height: 10px;\" data-label=\"Alter &amp; Gr\u00f6\u00dfe\"><b>Gruppen f\u00fcr kleine<br \/>und midi Rassen \/ Mixe<\/b><\/td>\n<td style=\"height: 10px;\" data-label=\"Termine\"><\/td>\n<td style=\"height: 10px;\" data-label=\"Pl\u00e4tze &amp; Betreuer\"><b><\/b><\/td>\n<\/tr>\n<tr style=\"height: 10px;\">\n<td style=\"height: 10px;\" data-label=\"Alter &amp; Gr\u00f6\u00dfe\"><\/td>\n<td style=\"height: 10px;\" data-label=\"Termine\"><\/td>\n<td style=\"height: 10px;\" data-label=\"Pl\u00e4tze &amp; Betreuer\"><\/td>\n<\/tr>\n<tr style=\"height: 10px;\">\n<td style=\"height: 10px;\" data-label=\"Alter &amp; Gr\u00f6\u00dfe\">f\u00fcr weitere Gruppen f\u00fcr kleine und<br \/>midi Hunde stellen wir gerne den Kontakt<br \/>zu KollegInnen her<\/td>\n<td style=\"height: 10px;\" data-label=\"Termine\"><\/td>\n<td style=\"height: 10px;\" data-label=\"Pl\u00e4tze &amp; Betreuer\"><\/td>\n<\/tr>\n<tr style=\"height: 10px;\">\n<td style=\"height: 10px;\" data-label=\"Alter &amp; Gr\u00f6\u00dfe\"><\/td>\n<td style=\"height: 10px;\" data-label=\"Termine\"><\/td>\n<td style=\"height: 10px;\" data-label=\"Pl\u00e4tze &amp; Betreuer\"><\/td>\n<\/tr>\n<tr style=\"height: 10px;\">\n<td style=\"height: 10px;\" data-label=\"Alter &amp; Gr\u00f6\u00dfe\"><\/td>\n<td style=\"height: 10px;\" data-label=\"Termine\"><\/td>\n<td style=\"height: 10px;\" data-label=\"Pl\u00e4tze &amp; Betreuer\"><\/td>\n<\/tr>\n<tr style=\"height: 10px;\">\n<td style=\"height: 10px;\" data-label=\"Alter &amp; Gr\u00f6\u00dfe\"><\/td>\n<td style=\"height: 10px;\" data-label=\"Termine\"><\/td>\n<td style=\"height: 10px;\" data-label=\"Pl\u00e4tze &amp; Betreuer\"><\/td>\n<\/tr>\n<tr style=\"height: 10px;\">\n<td style=\"height: 10px;\" data-label=\"Alter &amp; Gr\u00f6\u00dfe\"><\/td>\n<td style=\"height: 10px;\" data-label=\"Termine\"><\/td>\n<td style=\"height: 10px;\" data-label=\"Pl\u00e4tze &amp; Betreuer\"><\/td>\n<\/tr>\n<\/tbody>\n<\/table>\n<p>&nbsp;<\/p>\n<p>[\/et_pb_text][et_pb_text disabled_on=&#8220;off|off|&#8220; admin_label=&#8220;Tabelle&#8220; _builder_version=&#8220;4.16&#8243; custom_margin=&#8220;0px|||&#8220; custom_margin_tablet=&#8220;&#8220; custom_margin_phone=&#8220;&#8220; custom_margin_last_edited=&#8220;on|phone&#8220; custom_padding=&#8220;1%|||&#8220; custom_padding_tablet=&#8220;&#8220; custom_padding_phone=&#8220;&#8220; custom_padding_last_edited=&#8220;on|desktop&#8220; global_colors_info=&#8220;{}&#8220;]<\/p>\n<p>&nbsp;<\/p>\n<table>\n<thead>\n<tr>\n<th scope=\"col\">Alter &amp; Gr\u00f6\u00dfe<\/th>\n<th scope=\"col\">Termine<\/th>\n<th scope=\"col\">Pl\u00e4tze &amp; Betreuer<\/th>\n<\/tr>\n<\/thead>\n<tbody>\n<tr>\n<td data-label=\"Alter &amp; Gr\u00f6\u00dfe\"><b>aktuelle Termine findet ihr auf der Startseite!<br \/><\/b><\/td>\n<td data-label=\"Termine\"><\/td>\n<td data-label=\"Pl\u00e4tze &amp; Betreuer\"><\/td>\n<\/tr>\n<tr>\n<td data-label=\"Alter &amp; Gr\u00f6\u00dfe\"><b>&gt;&gt; gro\u00dfe Rassen\/Mixe<\/b><\/td>\n<td data-label=\"Termine\"><\/td>\n<td data-label=\"Pl\u00e4tze &amp; Betreuer\"><b><\/b><\/td>\n<\/tr>\n<tr>\n<td data-label=\"Alter &amp; Gr\u00f6\u00dfe\"><\/td>\n<td data-label=\"Termine\"><\/td>\n<td data-label=\"Pl\u00e4tze &amp; Betreuer\"><b><\/b><\/td>\n<\/tr>\n<tr>\n<td data-label=\"Alter &amp; Gr\u00f6\u00dfe\"><\/td>\n<td data-label=\"Termine\"><\/td>\n<td data-label=\"Pl\u00e4tze &amp; Betreuer\"><\/td>\n<\/tr>\n<tr>\n<td data-label=\"Alter &amp; Gr\u00f6\u00dfe\"><\/td>\n<td data-label=\"Termine\"><\/td>\n<td data-label=\"Pl\u00e4tze &amp; Betreuer\"><\/td>\n<\/tr>\n<tr>\n<td data-label=\"Alter &amp; Gr\u00f6\u00dfe\"><\/td>\n<td data-label=\"Termine\"><\/td>\n<td data-label=\"Pl\u00e4tze &amp; Betreuer\"><\/td>\n<\/tr>\n<tr>\n<td data-label=\"Alter &amp; Gr\u00f6\u00dfe\"><\/td>\n<td data-label=\"Termine\"><\/td>\n<td data-label=\"Pl\u00e4tze &amp; Betreuer\"><\/td>\n<\/tr>\n<tr>\n<td data-label=\"Alter &amp; Gr\u00f6\u00dfe\"><\/td>\n<td data-label=\"Termine\"><\/td>\n<td data-label=\"Pl\u00e4tze &amp; Betreuer\"><\/td>\n<\/tr>\n<tr>\n<td data-label=\"Alter &amp; Gr\u00f6\u00dfe\"><\/td>\n<td data-label=\"Termine\"><\/td>\n<td data-label=\"Pl\u00e4tze &amp; Betreuer\"><\/td>\n<\/tr>\n<tr>\n<td data-label=\"Alter &amp; Gr\u00f6\u00dfe\"><\/td>\n<td data-label=\"Termine\"><\/td>\n<td data-label=\"Pl\u00e4tze &amp; Betreuer\"><\/td>\n<\/tr>\n<tr>\n<td data-label=\"Alter &amp; Gr\u00f6\u00dfe\"><b><\/b><\/td>\n<td data-label=\"Termine\"><\/td>\n<td data-label=\"Pl\u00e4tze &amp; Betreuer\"><\/td>\n<\/tr>\n<tr>\n<td data-label=\"Alter &amp; Gr\u00f6\u00dfe\"><b>Gruppen f\u00fcr kleine<br \/>und midi Rassen \/ Mixe<\/b><\/td>\n<td data-label=\"Termine\"><\/td>\n<td data-label=\"Pl\u00e4tze &amp; Betreuer\"><\/td>\n<\/tr>\n<tr>\n<td data-label=\"Alter &amp; Gr\u00f6\u00dfe\"><b><\/b><\/td>\n<td data-label=\"Termine\"><\/td>\n<td data-label=\"Pl\u00e4tze &amp; Betreuer\"><\/td>\n<\/tr>\n<tr>\n<td data-label=\"Alter &amp; Gr\u00f6\u00dfe\"><\/td>\n<td data-label=\"Termine\"><\/td>\n<td data-label=\"Pl\u00e4tze &amp; Betreuer\"><\/td>\n<\/tr>\n<tr>\n<td data-label=\"Alter &amp; Gr\u00f6\u00dfe\"><\/td>\n<td data-label=\"Termine\"><\/td>\n<td data-label=\"Pl\u00e4tze &amp; Betreuer\"><\/td>\n<\/tr>\n<tr>\n<td data-label=\"Alter &amp; Gr\u00f6\u00dfe\"><\/td>\n<td data-label=\"Termine\"><\/td>\n<td data-label=\"Pl\u00e4tze &amp; Betreuer\"><\/td>\n<\/tr>\n<tr>\n<td data-label=\"Alter &amp; Gr\u00f6\u00dfe\"><\/td>\n<td data-label=\"Termine\"><\/td>\n<td data-label=\"Pl\u00e4tze &amp; Betreuer\"><\/td>\n<\/tr>\n<tr>\n<td data-label=\"Alter &amp; Gr\u00f6\u00dfe\"><\/td>\n<td data-label=\"Termine\"><\/td>\n<td data-label=\"Pl\u00e4tze &amp; Betreuer\"><\/td>\n<\/tr>\n<tr>\n<td data-label=\"Alter &amp; Gr\u00f6\u00dfe\"><\/td>\n<td data-label=\"Termine\"><\/td>\n<td data-label=\"Pl\u00e4tze &amp; Betreuer\"><\/td>\n<\/tr>\n<tr>\n<td data-label=\"Alter &amp; Gr\u00f6\u00dfe\"><\/td>\n<td data-label=\"Termine\"><\/td>\n<td data-label=\"Pl\u00e4tze &amp; Betreuer\"><\/td>\n<\/tr>\n<tr>\n<td data-label=\"Alter &amp; Gr\u00f6\u00dfe\"><\/td>\n<td data-label=\"Termine\"><\/td>\n<td data-label=\"Pl\u00e4tze &amp; Betreuer\"><\/td>\n<\/tr>\n<tr>\n<td data-label=\"Alter &amp; Gr\u00f6\u00dfe\"><\/td>\n<td data-label=\"Termine\"><\/td>\n<td data-label=\"Pl\u00e4tze &amp; Betreuer\"><\/td>\n<\/tr>\n<\/tbody>\n<\/table>\n<p>&nbsp;<\/p>\n<p>[\/et_pb_text][et_pb_text disabled_on=&#8220;off|off|&#8220; _builder_version=&#8220;4.16&#8243; custom_margin=&#8220;0px|||&#8220; custom_margin_tablet=&#8220;&#8220; custom_margin_phone=&#8220;&#8220; custom_margin_last_edited=&#8220;on|phone&#8220; custom_padding=&#8220;1%|||&#8220; custom_padding_tablet=&#8220;&#8220; custom_padding_phone=&#8220;&#8220; custom_padding_last_edited=&#8220;on|desktop&#8220; global_colors_info=&#8220;{}&#8220;]<\/p>\n<p>\n<strong>Weitere Welpengruppen werden bei Bedarf angeboten! Bitte melden unter 0171\/7501330<\/strong><\/p>\n<p>[\/et_pb_text][\/et_pb_column][\/et_pb_row][et_pb_row column_structure=&#8220;1_2,1_2&#8243; use_custom_gutter=&#8220;on&#8220; gutter_width=&#8220;2&#8243; custom_padding_last_edited=&#8220;on|desktop&#8220; _builder_version=&#8220;4.16&#8243; custom_margin=&#8220;1%||0px|&#8220; custom_margin_tablet=&#8220;&#8220; custom_margin_phone=&#8220;&#8220; custom_margin_last_edited=&#8220;on|tablet&#8220; custom_padding=&#8220;2%||0px|&#8220; custom_padding_tablet=&#8220;&#8220; custom_padding_phone=&#8220;&#8220; global_colors_info=&#8220;{}&#8220;][et_pb_column type=&#8220;1_2&#8243; _builder_version=&#8220;4.16&#8243; custom_padding=&#8220;|||&#8220; global_colors_info=&#8220;{}&#8220; custom_padding__hover=&#8220;|||&#8220;][et_pb_text _builder_version=&#8220;4.16&#8243; global_colors_info=&#8220;{}&#8220;]<\/p>\n<p><span style=\"color: #1d9811;\"><strong>Nie wieder lernt ein Hund so schnell und l\u00e4sst sich so pr\u00e4gen wie in den ersten Wochen bei Ihnen. Wir nutzen diese Zeit und bieten Ihnen und Ihrem neuen Gef\u00e4hrten:<\/strong><\/span><\/p>\n<p>&nbsp;<\/p>\n<ul>\n<li>kontrolliertes Spielen mit gleichaltrigen Welpen, so lernt Ihr Hund, sich sozial sicher zu verhalten und Sie lernen, das Verhalten der Hunde und Situationen richtig einzusch\u00e4tzen<\/li>\n<li>Umgang mit sozial sicheren erwachsenen Hunden, so erlebt Ihr Welpe positive Kontakte zu erwachsenen Hunden, wird aber durchaus auch einmal \u201ehundegerecht\u201c zurechtgewiesen<\/li>\n<li>Gew\u00f6hnung an verschiedene Umweltreize und Umweltsituationen, z.B. ungew\u00f6hnliche Ger\u00e4usche und Objekte, es kommt zu \u201eunheimlichen Begegnungen\u201c auf dem Hundeplatz mit Menschen, die seltsam gekleidet sind und sich &#8222;merkw\u00fcrdig&#8220; verhalten<\/li>\n<li>Erlangen von Sicherheit und Selbstvertrauen beim Bew\u00e4ltigen eines \u201eWelpen-Parcours\u201c mit verschiedenen \u00dcbungen<\/li>\n<li>Informationen f\u00fcr Sie, wie man als Zweibeiner eine gute F\u00fchrungsperson wird<\/li>\n<li>kleine Lektionen f\u00fcr Sie und Ihren Welpen zum spielerischen Erlernen der Bedeutung von Signalen, die sp\u00e4ter zuverl\u00e4ssig befolgt werden sollen; Gehorsams\u00fcbungen und \u201eUnterordnung\u201c sind nicht der Sinn einer Welpengruppe! Jedoch sollte der Welpe Leinenf\u00fchrigkeit und freudiges Kommen unbedingt jetzt schon lernen.<\/li>\n<li>viele Tipps f\u00fcr den Alltag und f\u00fcr besondere Situationen mit Ihrem Hund, z.B. Stubenreinheit, Boxentraining, Autofahren&#8230;<\/li>\n<li>Unterst\u00fctzung von Bindungsaufbau, umweltsicherem Verhalten, und m\u00f6glichst optimaler Entwicklung des Welpen<\/li>\n<li>Einf\u00fchrung ins Clickertraining<\/li>\n<\/ul>\n<p>[\/et_pb_text][\/et_pb_column][et_pb_column type=&#8220;1_2&#8243; _builder_version=&#8220;4.16&#8243; custom_padding=&#8220;|||&#8220; global_colors_info=&#8220;{}&#8220; custom_padding__hover=&#8220;|||&#8220;][et_pb_text _builder_version=&#8220;4.16&#8243; global_colors_info=&#8220;{}&#8220;]<\/p>\n<p><span style=\"color: #1d9811;\"><strong>Folgendes ist zum Besuch in der Welpengruppe mitzubringen: <\/strong><\/span><\/p>\n<ul>\n<li><strong>hierzu erhalten Sie vor dem ersten Besuch der Hundeschule eine ausf\u00fchrliche e-mail!<\/strong><\/li>\n<li><strong>Brustgeschirr<\/strong> f\u00fcr den Welpen ist <strong>unbedingt<\/strong> mitzubringen!<br \/> Als Leine eine 1-2 Meter lange <strong>leichte Leine<\/strong>, bitte <em>keine Flexileine <\/em>mitbringen!<\/li>\n<li><strong>Impfpass<\/strong> des Hundes; bei Folgeimpfungen bitte wieder vorlegen<\/li>\n<li>Nachweis der <strong>Tierhalterhaftpflichtversicherung<\/strong>; sofern Sie noch keine solche haben, k\u00f6nnen Sie &#8211; nur nach Absprache! &#8211; f\u00fcr ein oder zweimal trotzdem teilnehmen, danach ist unbedingt die Police oder vorl\u00e4ufige Bescheinigung vorzulegen. Diese Versicherung ist auch f\u00fcr den Alltag immens wichtig, gerade wenn man einen kleinen tollpatschigen Welpen hat, der schnell in gef\u00e4hrliche Situationen geraten bzw. solche verursachen kann wie z.B. auf die Stra\u00dfe laufen oder jemanden mit der Leine einwickeln, der dann st\u00fcrzt. Wenn Sie wissen m\u00f6chten, welche Versicherung wir empfehlen, sprechen Sie uns bitte an.<\/li>\n<li>kleine, weiche <strong>Leckerchen<\/strong> wie Frolic, Wurst, K\u00e4se, dazu etwas vom &#8222;normalen&#8220; Futter<\/li>\n<li>&#8222;<strong>Entsorgungst\u00fctchen<\/strong>&#8220; f\u00fcr eventuell abgesetzte H\u00e4ufchen, sammeln darf jeder selbst :), M\u00fclleimer stehen bereit<\/li>\n<li><strong>Spielzeug<\/strong> mit Schnur oder Kordel oder ein Knotentau oder \u00e4hnliches; nicht quietschend!!! Spielzeug ist nicht in jeder Stunde erforderlich, darf aber gerne mitgebracht werden, damit es ggf. eingesetzt werden kann!<\/li>\n<li>Bei nassem \/ kaltem Wetter ein <strong>Handtuch<\/strong>, um den Hund nach der Stunde und bei Bedarf auch zwischendurch abzutrocknen.<\/li>\n<li>vor allem bei kurzhaarigen Hunderassen: <strong>Hundemantel<\/strong>!<\/li>\n<li>Ruhedecke<\/li>\n<\/ul>\n<p>[\/et_pb_text][\/et_pb_column][\/et_pb_row][et_pb_row custom_padding_last_edited=&#8220;on|desktop&#8220; _builder_version=&#8220;4.16&#8243; custom_margin=&#8220;||0px|&#8220; custom_margin_tablet=&#8220;0px|||&#8220; custom_margin_phone=&#8220;&#8220; custom_margin_last_edited=&#8220;on|desktop&#8220; custom_padding=&#8220;||2%|&#8220; custom_padding_tablet=&#8220;0px|||&#8220; custom_padding_phone=&#8220;&#8220; global_colors_info=&#8220;{}&#8220;][et_pb_column type=&#8220;4_4&#8243; _builder_version=&#8220;4.16&#8243; custom_padding=&#8220;|||&#8220; global_colors_info=&#8220;{}&#8220; custom_padding__hover=&#8220;|||&#8220;][et_pb_text _builder_version=&#8220;4.16&#8243; custom_margin_tablet=&#8220;0px|||&#8220; custom_margin_phone=&#8220;&#8220; custom_margin_last_edited=&#8220;on|tablet&#8220; custom_padding_tablet=&#8220;0px|||&#8220; custom_padding_phone=&#8220;&#8220; custom_padding_last_edited=&#8220;on|tablet&#8220; global_colors_info=&#8220;{}&#8220;]<\/p>\n<p>Im Anschluss an die Welpengruppe, wenn der Hund ca. 16 Wochen alt ist, empfiehlt sich der Besuch der <a href=\"https:\/\/hundeschule-giessen.de\/angelika\/kurse\/junghundegruppen\/\">Junghundegruppe<\/a>. Da die Welpen alters- und gr\u00f6\u00dfenm\u00e4\u00dfig schon in der Welpengruppe passend zusammengestellt werden,\u00a0 f\u00fchren wir die Welpengruppe einfach als Junghundegruppe fort.<\/p>\n<p>Wir haben in der Regel Welpen- und dann auch Junghundegruppen f\u00fcr:<\/p>\n<ul>\n<li>&#8222;Zwerge&#8220;\u00a0(z.B. Chihuahua, Zwergpinscher, Yorkie etc.)<\/li>\n<li>kleinere Rassen\/Mixe (z.B. Havaneser, Bolonka, Dackel, Westie, Parson und Jack Russell Terrier)<\/li>\n<li>mittelgro\u00dfe (z.B. Beagle, Kleinpudel, Shiba Inu)<\/li>\n<li>gro\u00df werdende Rassen \/ Mixe (z.B. Labrador)<\/li>\n<\/ul>\n<p>Da es nicht einfach ist alle Anfragen absolut passend auch noch an einem Termin unterzubringen, kann es sein dass die Einteilung nicht immer absolut so ist wie eben angegeben &#8211; aber wir tun unser Bestes und schauen, dass die Hunde gut zusammenpassen.<\/p>\n<p>[\/et_pb_text][\/et_pb_column][\/et_pb_row][\/et_pb_section]<\/p>\n","protected":false},"excerpt":{"rendered":"<p>Welpengruppe Welpengruppe Mit Hundewelpen und ihren Menschen zu arbeiten ist nicht nur eine der sch\u00f6nsten Aufgaben in unserer Hundeschule und ein Spa\u00df f\u00fcr die ganze Familie, sondern auch ein sehr wichtiges Angebot. Wir empfehlen, so fr\u00fchzeitig wie m\u00f6glich mit dem Besuch einer Welpengruppe zu beginnen, durchaus schon ab der 8. Woche (eher d\u00fcrfen Welpen normalerweise [&hellip;]<\/p>\n","protected":false},"author":1,"featured_media":0,"parent":113,"menu_order":0,"comment_status":"closed","ping_status":"closed","template":"","meta":{"_et_pb_use_builder":"on","_et_pb_old_content":"","_et_gb_content_width":"","footnotes":""},"class_list":["post-393","page","type-page","status-publish","hentry"],"_links":{"self":[{"href":"https:\/\/hundeschule-giessen.de\/angelika\/wp-json\/wp\/v2\/pages\/393","targetHints":{"allow":["GET"]}}],"collection":[{"href":"https:\/\/hundeschule-giessen.de\/angelika\/wp-json\/wp\/v2\/pages"}],"about":[{"href":"https:\/\/hundeschule-giessen.de\/angelika\/wp-json\/wp\/v2\/types\/page"}],"author":[{"embeddable":true,"href":"https:\/\/hundeschule-giessen.de\/angelika\/wp-json\/wp\/v2\/users\/1"}],"replies":[{"embeddable":true,"href":"https:\/\/hundeschule-giessen.de\/angelika\/wp-json\/wp\/v2\/comments?post=393"}],"version-history":[{"count":75,"href":"https:\/\/hundeschule-giessen.de\/angelika\/wp-json\/wp\/v2\/pages\/393\/revisions"}],"predecessor-version":[{"id":4227,"href":"https:\/\/hundeschule-giessen.de\/angelika\/wp-json\/wp\/v2\/pages\/393\/revisions\/4227"}],"up":[{"embeddable":true,"href":"https:\/\/hundeschule-giessen.de\/angelika\/wp-json\/wp\/v2\/pages\/113"}],"wp:attachment":[{"href":"https:\/\/hundeschule-giessen.de\/angelika\/wp-json\/wp\/v2\/media?parent=393"}],"curies":[{"name":"wp","href":"https:\/\/api.w.org\/{rel}","templated":true}]}}