{"id":398,"date":"2018-06-18T14:24:02","date_gmt":"2018-06-18T14:24:02","guid":{"rendered":"https:\/\/hundeschule.eikenroth.net\/?page_id=398"},"modified":"2022-03-03T21:50:31","modified_gmt":"2022-03-03T21:50:31","slug":"junghundegruppen","status":"publish","type":"page","link":"https:\/\/hundeschule-giessen.de\/angelika\/kurse\/junghundegruppen\/","title":{"rendered":"Junghundegruppen"},"content":{"rendered":"<p>[et_pb_section fb_built=&#8220;1&#8243; disabled_on=&#8220;on|on|&#8220; _builder_version=&#8220;3.22&#8243; background_color=&#8220;#1d9811&#8243; custom_padding=&#8220;0px||0px|&#8220; global_colors_info=&#8220;{}&#8220;][et_pb_row column_structure=&#8220;1_2,1_2&#8243; make_equal=&#8220;on&#8220; _builder_version=&#8220;3.25&#8243; background_color=&#8220;#1d9811&#8243; custom_margin=&#8220;0px||0px|&#8220; custom_padding=&#8220;0px||0px|&#8220; custom_width_percent=&#8220;100%&#8220; global_colors_info=&#8220;{}&#8220;][et_pb_column type=&#8220;1_2&#8243; _builder_version=&#8220;3.25&#8243; custom_padding=&#8220;|||&#8220; global_colors_info=&#8220;{}&#8220; custom_padding__hover=&#8220;|||&#8220;][et_pb_image src=&#8220;https:\/\/hundeschule-giessen.de\/angelika\/wp-content\/uploads\/Baloo_fu\u0308r_Homepage-1.jpg&#8220; alt=&#8220;Junghundegruppen&#8220; align_tablet=&#8220;center&#8220; align_phone=&#8220;&#8220; align_last_edited=&#8220;on|desktop&#8220; admin_label=&#8220;Bild Desktop&#8220; _builder_version=&#8220;4.0.11&#8243; global_colors_info=&#8220;{}&#8220;][\/et_pb_image][\/et_pb_column][et_pb_column type=&#8220;1_2&#8243; _builder_version=&#8220;3.25&#8243; background_color=&#8220;#1d9811&#8243; custom_padding=&#8220;|||&#8220; global_colors_info=&#8220;{}&#8220; custom_padding__hover=&#8220;|||&#8220;][et_pb_text _builder_version=&#8220;3.27.4&#8243; header_font_size=&#8220;50px&#8220; custom_padding=&#8220;25%|||&#8220; header_text_shadow_style=&#8220;preset3&#8243; global_colors_info=&#8220;{}&#8220;]<\/p>\n<h1><span style=\"color: #ffe572;\">Junghundegruppe<\/span><\/h1>\n<p>[\/et_pb_text][\/et_pb_column][\/et_pb_row][\/et_pb_section][et_pb_section fb_built=&#8220;1&#8243; disabled_on=&#8220;off|off|on&#8220; _builder_version=&#8220;3.22&#8243; custom_padding=&#8220;0px||0px|&#8220; global_colors_info=&#8220;{}&#8220;][et_pb_row column_structure=&#8220;1_2,1_2&#8243; make_equal=&#8220;on&#8220; _builder_version=&#8220;3.25&#8243; background_color=&#8220;#1d9811&#8243; width=&#8220;100%&#8220; max_width=&#8220;100%&#8220; custom_margin=&#8220;0px||0px|&#8220; custom_padding=&#8220;0px||0px|&#8220; use_custom_width=&#8220;on&#8220; width_unit=&#8220;off&#8220; custom_width_percent=&#8220;100%&#8220; global_colors_info=&#8220;{}&#8220;][et_pb_column type=&#8220;1_2&#8243; _builder_version=&#8220;3.25&#8243; custom_padding=&#8220;|||&#8220; global_colors_info=&#8220;{}&#8220; custom_padding__hover=&#8220;|||&#8220;][et_pb_image src=&#8220;https:\/\/hundeschule-giessen.de\/angelika\/wp-content\/uploads\/Baloo_fu\u0308r_Homepage-1.jpg&#8220; alt=&#8220;Junghundegruppen&#8220; align_tablet=&#8220;center&#8220; align_phone=&#8220;&#8220; align_last_edited=&#8220;on|desktop&#8220; admin_label=&#8220;Bild Handy + Tablet&#8220; _builder_version=&#8220;3.23&#8243; global_colors_info=&#8220;{}&#8220;][\/et_pb_image][\/et_pb_column][et_pb_column type=&#8220;1_2&#8243; _builder_version=&#8220;3.25&#8243; background_color=&#8220;#1d9811&#8243; custom_padding=&#8220;|||&#8220; global_colors_info=&#8220;{}&#8220; custom_padding__hover=&#8220;|||&#8220;][et_pb_text _builder_version=&#8220;3.27.4&#8243; header_font_size=&#8220;50px&#8220; custom_padding=&#8220;15%||15%|&#8220; custom_padding_tablet=&#8220;0px||5%|&#8220; custom_padding_phone=&#8220;&#8220; custom_padding_last_edited=&#8220;on|tablet&#8220; header_font_size_tablet=&#8220;40px&#8220; header_font_size_phone=&#8220;35px&#8220; header_font_size_last_edited=&#8220;on|tablet&#8220; header_text_shadow_style=&#8220;preset3&#8243; global_colors_info=&#8220;{}&#8220;]<\/p>\n<h1 style=\"text-align: center;\"><span style=\"color: #ffe572;\">Junghundegruppe<\/span><\/h1>\n<p>[\/et_pb_text][\/et_pb_column][\/et_pb_row][\/et_pb_section][et_pb_section fb_built=&#8220;1&#8243; _builder_version=&#8220;3.22&#8243; top_divider_style=&#8220;wave2&#8243; top_divider_color=&#8220;rgba(178,178,178,0.43)&#8220; top_divider_height=&#8220;71px&#8220; top_divider_flip=&#8220;horizontal|vertical&#8220; global_colors_info=&#8220;{}&#8220;][et_pb_row column_structure=&#8220;1_2,1_2&#8243; custom_padding_last_edited=&#8220;on|tablet&#8220; _builder_version=&#8220;3.25&#8243; custom_margin=&#8220;||0px|&#8220; custom_margin_tablet=&#8220;3%||0px|&#8220; custom_margin_phone=&#8220;5%||0px|&#8220; custom_margin_last_edited=&#8220;on|phone&#8220; custom_padding=&#8220;||0px|&#8220; custom_padding_tablet=&#8220;&#8220; custom_padding_phone=&#8220;&#8220; global_colors_info=&#8220;{}&#8220;][et_pb_column type=&#8220;1_2&#8243; _builder_version=&#8220;3.25&#8243; custom_padding=&#8220;|||&#8220; global_colors_info=&#8220;{}&#8220; custom_padding__hover=&#8220;|||&#8220;][et_pb_text _builder_version=&#8220;4.0.9&#8243; global_colors_info=&#8220;{}&#8220;]<\/p>\n<p>Im Anschluss an die Welpengruppe \u2013 mit 16-18 Wochen &#8211; empfiehlt sich der Besuch einer Junghundegruppe. Selbstverst\u00e4ndlich k\u00f6nnen Sie hier auch neu einsteigen, wenn Sie unsere Welpengruppe nicht besucht haben. Ggf. wird vorher ein Termin f\u00fcr ein Einzeltraining vereinbart, abh\u00e4ngig davon, ob Sie bereits Hundeerfahrung haben &#8211; generell bzw. mit dieser Rasse \/ Mischung \/ Herkunft -, und um was f\u00fcr einen Hund mit ggf. welchen &#8222;Baustellen&#8220; es sich handelt.<\/p>\n<p>In der Junghundegruppe bieten wir Ihnen weiterhin die Inhalte der Welpengruppe, wobei sich jedoch der Schwerpunkt in Richtung Erlernen des Grundgehorsams verlagert. Wir ber\u00fccksichtigen selbstverst\u00e4ndlich, dass sich Junghunde meist noch nicht l\u00e4ngere Zeit konzentrieren k\u00f6nnen, um so wichtiger ist das Training in kleinen Einheiten. Wir helfen Ihnen in der mitunter nicht leichten Zeit der Pubert\u00e4t Ihres Hundes, in der so manches, das er bisher schon gut konnte, pl\u00f6tzlich vergessen scheint&#8230; Gerade in dieser Zeit ist es wichtig, dass Sie Ihrem Hund F\u00fchrung bieten und er sich an Ihnen orientieren kann.<\/p>\n<p>[\/et_pb_text][\/et_pb_column][et_pb_column type=&#8220;1_2&#8243; _builder_version=&#8220;3.25&#8243; custom_padding=&#8220;|||&#8220; global_colors_info=&#8220;{}&#8220; custom_padding__hover=&#8220;|||&#8220;][et_pb_text disabled_on=&#8220;off|off|&#8220; admin_label=&#8220;Tabelle&#8220; _builder_version=&#8220;4.6.1&#8243; custom_margin=&#8220;0px|||&#8220; custom_padding=&#8220;0px||0px|&#8220; global_colors_info=&#8220;{}&#8220;]<\/p>\n<table>\n<thead>\n<tr>\n<th scope=\"col\">Alter &amp; Gr\u00f6\u00dfe<\/th>\n<th scope=\"col\">Termine<\/th>\n<th scope=\"col\">Pl\u00e4tze &amp; Betreuer<\/th>\n<\/tr>\n<\/thead>\n<tbody>\n<tr>\n<td data-label=\"Alter &amp; Gr\u00f6\u00dfe\">\n<p><b><br \/>aktuelle Termine findet ihr auf der Startseite!<br \/><\/b><\/p>\n<p>&nbsp;<\/p>\n<\/td>\n<td data-label=\"Termine\"><\/td>\n<td data-label=\"Pl\u00e4tze &amp; Betreuer\"><\/td>\n<\/tr>\n<tr>\n<td data-label=\"Alter &amp; Gr\u00f6\u00dfe\"><\/td>\n<td data-label=\"Termine\"><\/td>\n<td data-label=\"Pl\u00e4tze &amp; Betreuer\"><\/td>\n<\/tr>\n<tr>\n<td data-label=\"Alter &amp; Gr\u00f6\u00dfe\"><\/td>\n<td data-label=\"Termine\"><\/td>\n<td data-label=\"Pl\u00e4tze &amp; Betreuer\"><\/td>\n<\/tr>\n<tr>\n<td data-label=\"Alter &amp; Gr\u00f6\u00dfe\"><\/td>\n<td data-label=\"Termine\"><\/td>\n<td data-label=\"Pl\u00e4tze &amp; Betreuer\"><\/td>\n<\/tr>\n<tr>\n<td data-label=\"Alter &amp; Gr\u00f6\u00dfe\"><\/td>\n<td data-label=\"Termine\"><\/td>\n<td data-label=\"Pl\u00e4tze &amp; Betreuer\"><\/td>\n<\/tr>\n<tr>\n<td data-label=\"Alter &amp; Gr\u00f6\u00dfe\"><\/td>\n<td data-label=\"Termine\"><\/td>\n<td data-label=\"Pl\u00e4tze &amp; Betreuer\"><\/td>\n<\/tr>\n<tr>\n<td data-label=\"Alter &amp; Gr\u00f6\u00dfe\"><\/td>\n<td data-label=\"Termine\"><\/td>\n<td data-label=\"Pl\u00e4tze &amp; Betreuer\"><\/td>\n<\/tr>\n<\/tbody>\n<\/table>\n<p>&nbsp;<\/p>\n<p>[\/et_pb_text][et_pb_text disabled_on=&#8220;off|off|&#8220; _builder_version=&#8220;4.0.9&#8243; custom_margin=&#8220;0px||0px|&#8220; custom_padding=&#8220;0px||0px|&#8220; global_colors_info=&#8220;{}&#8220;]<\/p>\n<p><strong>.<br \/><\/strong><\/p>\n<p>[\/et_pb_text][\/et_pb_column][\/et_pb_row][et_pb_row _builder_version=&#8220;3.25&#8243; custom_margin=&#8220;0px||0px|&#8220; custom_padding=&#8220;2%||0px|&#8220; global_colors_info=&#8220;{}&#8220;][et_pb_column type=&#8220;4_4&#8243; _builder_version=&#8220;3.25&#8243; custom_padding=&#8220;|||&#8220; global_colors_info=&#8220;{}&#8220; custom_padding__hover=&#8220;|||&#8220;][et_pb_text _builder_version=&#8220;3.27.4&#8243; global_colors_info=&#8220;{}&#8220;]<\/p>\n<p>In den Junghundegruppen achten wir darauf, dass die Hunde vom Alter her m\u00f6glichst gut zusammen passen. Au\u00dferdem bieten wir extra Gruppen f\u00fcr kleine Hunde und versuchen den Ausbildungsstand von Hund und Halter zu ber\u00fccksichtigen.<\/p>\n<p>Rasseabh\u00e4ngig und individuell unterschiedlich hat der Hund mit ca. 6-8 Monaten die n\u00f6tige Reife, um einen zuverl\u00e4ssigen Grundgehorsam zu festigen. Dazu bieten wir Ihnen im Anschluss an die Junghundegruppe den Erziehungs-Basiskurs an. Bis dahin, d.h. von der etwa 16. Woche bis zu einem Alter von ca. 8 Monaten, besuchen Sie mit Ihrem Hund die Junghundegruppe.<\/p>\n<p>&nbsp;<\/p>\n<p><span style=\"color: #1d980f;\"><strong>Unser Junghunde-Programm umfasst:<\/strong><\/span><\/p>\n<p>[\/et_pb_text][\/et_pb_column][\/et_pb_row][et_pb_row column_structure=&#8220;1_2,1_2&#8243; _builder_version=&#8220;3.25&#8243; custom_margin=&#8220;1%||0px|&#8220; custom_padding=&#8220;0px||0px|&#8220; global_colors_info=&#8220;{}&#8220;][et_pb_column type=&#8220;1_2&#8243; _builder_version=&#8220;3.25&#8243; custom_padding=&#8220;|||&#8220; global_colors_info=&#8220;{}&#8220; custom_padding__hover=&#8220;|||&#8220;][et_pb_text _builder_version=&#8220;4.0.9&#8243; global_colors_info=&#8220;{}&#8220;]<\/p>\n<ol>\n<li><span style=\"color: #1d9811;\"><strong>&#8222;Basics&#8220;<\/strong><\/span><\/li>\n<\/ol>\n<ul>\n<li>das Training:<\/li>\n<li>entspricht in vielen Punkten den Inhalten der Welpengruppen, ist aber auf die Junghundezeit zugeschnitten,<\/li>\n<li>vermittelt die wichtigsten Grundlagen zum Verst\u00e4ndnis des Hundeverhaltens und der Hundesprache,<\/li>\n<li>soll den Hundehalter in die Lage versetzen, die Bed\u00fcrfnisse seines Hundes zu erkennen und nach M\u00f6glichkeit zu erf\u00fcllen,<\/li>\n<li>hilft dem Menschen, seine F\u00fchrungsposition gegen\u00fcber dem Hund einzunehmen,<\/li>\n<li>erl\u00e4utert dem Hundef\u00fchrer, wie ein Hund die Dinge lernen kann, die er lernen soll &#8211; z.B. &#8222;Sitz&#8220;, &#8222;Platz&#8220;, &#8222;Warte&#8220; &#8211; uns ist wichtig, dass der Mensch das <em>Grundprinzip<\/em> des Trainings versteht, denn dann ist Hundeerziehung und Ausbildung nicht schwer,<\/li>\n<li>macht begreiflich, warum der Hunde Dinge tut, die uns nicht so gut gefallen und wie man am besten damit umgeht, um das Verhalten in gew\u00fcnschte Bahnen zu lenken &#8211; z.B. Hochspringen, Essen &#8222;klauen&#8220;, L\u00f6cher buddeln, Sachen zerst\u00f6ren, Jagen, Bellen undundund &#8211;<\/li>\n<li>und zeigt dem Hundef\u00fchrer, wie man die wichtigsten Basis\u00fcbungen richtig aufbaut &#8211; Leinenf\u00fchrigkeit, Kommen, Schleppleinenarbeit.<\/li>\n<\/ul>\n<p>[\/et_pb_text][\/et_pb_column][et_pb_column type=&#8220;1_2&#8243; _builder_version=&#8220;3.25&#8243; custom_padding=&#8220;|||&#8220; global_colors_info=&#8220;{}&#8220; custom_padding__hover=&#8220;|||&#8220;][et_pb_text _builder_version=&#8220;4.0.9&#8243; global_colors_info=&#8220;{}&#8220;]<\/p>\n<ol start=\"2\">\n<li><span style=\"color: #1d9811;\"><strong>darauf aufbauend:<br \/><\/strong><\/span><\/li>\n<\/ol>\n<ul>\n<li>die aufbauenden \u00dcbungen erg\u00e4nzen das Basisprogramm, sie bietet \u00dcbungen f\u00fcr \u201efortgeschrittene Junghunde(halter)\u201c,<\/li>\n<li>viele praktische \u00dcbungen f\u00f6rdern die Teamarbeit Mensch-Hund zu f\u00f6rdern und den Gehorsam und die Umweltsicherheit des Hundes<\/li>\n<li>Besch\u00e4ftigungsm\u00f6glichkeiten werden aufgezeigt,<\/li>\n<li>mit gut leinenf\u00fchrigen und umweltsicheren Hunden sind kleine Ausfl\u00fcge (z.B. Feldgang, Training am Bahnhof) m\u00f6glich &#8211; hierzu werden bei Bedarf ggf. extra Termine angeboten<\/li>\n<\/ul>\n<p>[\/et_pb_text][\/et_pb_column][\/et_pb_row][et_pb_row custom_padding_last_edited=&#8220;on|tablet&#8220; _builder_version=&#8220;3.25&#8243; custom_margin_tablet=&#8220;0px||0px|&#8220; custom_margin_phone=&#8220;&#8220; custom_margin_last_edited=&#8220;on|tablet&#8220; custom_padding_tablet=&#8220;0px||0px|&#8220; custom_padding_phone=&#8220;&#8220; global_colors_info=&#8220;{}&#8220;][et_pb_column type=&#8220;4_4&#8243; _builder_version=&#8220;3.25&#8243; custom_padding=&#8220;|||&#8220; global_colors_info=&#8220;{}&#8220; custom_padding__hover=&#8220;|||&#8220;][et_pb_text _builder_version=&#8220;4.0.11&#8243; global_colors_info=&#8220;{}&#8220;]<\/p>\n<ol start=\"3\">\n<li><span style=\"color: #1d9811;\"><strong>Junghundegruppe f\u00fcr Kleinhunde<\/strong><\/span><\/li>\n<\/ol>\n<p>Wir bieten bei ausreichender Nachfrage Gruppne f\u00fcr kleine und mittlere Rassen\/Mischlinge (bis ca. Beagle-Gr\u00f6\u00dfe) an. W\u00e4hrend wir in der Welpengruppe noch nicht immer exakt nach Gr\u00f6\u00dfe trennen, hat sich dies in der Junghundegruppe aufgrund der zunehmenden Gr\u00f6\u00dfenunterschiede sehr bew\u00e4hrt.<\/p>\n<p>Rasseabh\u00e4ngig und individuell unterschiedlich hat der Hund mit ca. 6-10 Monaten die n\u00f6tige Reife, um einen zuverl\u00e4ssigen Grundgehorsam zu festigen. Dazu bieten wir Ihnen im Anschluss an die Junghundegruppe den Erziehungs-Basiskurs an.<\/p>\n<p><strong>Folgendes ist zum Besuch in der Junghundegruppe mitzubringen: <\/strong><\/p>\n<ul>\n<li><strong>Hierzu erhalten Sie VOR dem ersten Besuch in der Hundeschule eine email mit ausf\u00fchrlichen Informationen<\/strong><\/li>\n<li><strong>Brustgeschirr!<\/strong> <strong><\/strong><br \/> Als Leine eine 1-2 Meter lange <strong>leichte Leine<\/strong>, bitte <em>keine Flexileine <\/em>mitbringen!<\/li>\n<li><strong>Impfpass<\/strong> des Hundes; bei Folgeimpfungen bitte wieder vorlegen<\/li>\n<li>Nachweis der <strong>Tierhalterhaftpflichtversicherung! <\/strong>Diese Versicherung ist auch f\u00fcr den Alltag immens wichtig, gerade wenn man einen kleinen tollpatschigen Welpen hat, der schnell in gef\u00e4hrliche Situationen geraten bzw. solche verursachen kann wie z.B. auf die Stra\u00dfe laufen oder jemanden mit der Leine einwickeln, der dann st\u00fcrzt. Wenn Sie wissen m\u00f6chten, welche Versicherung wir empfehlen, sprechen Sie uns bitte an.<\/li>\n<li>kleine, weiche <strong>Leckerchen<\/strong> wie Frolic, Wurst, K\u00e4se, dazu etwas vom &#8222;normalen&#8220; Futter<\/li>\n<li>&#8222;<strong>Entsorgungst\u00fctchen<\/strong>&#8220; f\u00fcr eventuell abgesetzte H\u00e4ufchen, sammeln darf jeder selbst :), M\u00fclleimer stehen bereit<\/li>\n<li><strong>Spielzeug<\/strong> mit Schnur oder Kordel oder ein Knotentau oder \u00e4hnliches; nicht quietschend!!! Spielzeug ist nicht in jeder Stunde erforderlich, darf aber gerne mitgebracht werden, damit es ggf. eingesetzt werden kann!<\/li>\n<li>Bei nassem \/ kaltem Wetter ein <strong>Handtuch<\/strong>, um den Hund nach der Stunde und bei Bedarf auch zwischendurch abzutrocknen.<\/li>\n<li>besonders f\u00fcr kurzhaarige Hunde im Winter ein <strong>Hundemantel<\/strong><\/li>\n<\/ul>\n<p>[\/et_pb_text][\/et_pb_column][\/et_pb_row][\/et_pb_section]<\/p>\n","protected":false},"excerpt":{"rendered":"<p>Junghundegruppe Junghundegruppe Im Anschluss an die Welpengruppe \u2013 mit 16-18 Wochen &#8211; empfiehlt sich der Besuch einer Junghundegruppe. Selbstverst\u00e4ndlich k\u00f6nnen Sie hier auch neu einsteigen, wenn Sie unsere Welpengruppe nicht besucht haben. Ggf. wird vorher ein Termin f\u00fcr ein Einzeltraining vereinbart, abh\u00e4ngig davon, ob Sie bereits Hundeerfahrung haben &#8211; generell bzw. mit dieser Rasse \/ [&hellip;]<\/p>\n","protected":false},"author":1,"featured_media":0,"parent":113,"menu_order":0,"comment_status":"closed","ping_status":"closed","template":"","meta":{"_et_pb_use_builder":"on","_et_pb_old_content":"","_et_gb_content_width":"","footnotes":""},"class_list":["post-398","page","type-page","status-publish","hentry"],"_links":{"self":[{"href":"https:\/\/hundeschule-giessen.de\/angelika\/wp-json\/wp\/v2\/pages\/398","targetHints":{"allow":["GET"]}}],"collection":[{"href":"https:\/\/hundeschule-giessen.de\/angelika\/wp-json\/wp\/v2\/pages"}],"about":[{"href":"https:\/\/hundeschule-giessen.de\/angelika\/wp-json\/wp\/v2\/types\/page"}],"author":[{"embeddable":true,"href":"https:\/\/hundeschule-giessen.de\/angelika\/wp-json\/wp\/v2\/users\/1"}],"replies":[{"embeddable":true,"href":"https:\/\/hundeschule-giessen.de\/angelika\/wp-json\/wp\/v2\/comments?post=398"}],"version-history":[{"count":55,"href":"https:\/\/hundeschule-giessen.de\/angelika\/wp-json\/wp\/v2\/pages\/398\/revisions"}],"predecessor-version":[{"id":3815,"href":"https:\/\/hundeschule-giessen.de\/angelika\/wp-json\/wp\/v2\/pages\/398\/revisions\/3815"}],"up":[{"embeddable":true,"href":"https:\/\/hundeschule-giessen.de\/angelika\/wp-json\/wp\/v2\/pages\/113"}],"wp:attachment":[{"href":"https:\/\/hundeschule-giessen.de\/angelika\/wp-json\/wp\/v2\/media?parent=398"}],"curies":[{"name":"wp","href":"https:\/\/api.w.org\/{rel}","templated":true}]}}