{"id":401,"date":"2018-06-18T14:25:13","date_gmt":"2018-06-18T14:25:13","guid":{"rendered":"https:\/\/hundeschule.eikenroth.net\/?page_id=401"},"modified":"2024-06-08T20:08:33","modified_gmt":"2024-06-08T20:08:33","slug":"bhv-hundefuehrerschein","status":"publish","type":"page","link":"https:\/\/hundeschule-giessen.de\/angelika\/kurse\/bhv-hundefuehrerschein\/","title":{"rendered":"BHV-Hundef\u00fchrerschein"},"content":{"rendered":"<p>[et_pb_section fb_built=&#8220;1&#8243; disabled_on=&#8220;on|on|&#8220; _builder_version=&#8220;4.16&#8243; background_color=&#8220;#1d9811&#8243; custom_padding=&#8220;0px||0px|&#8220; global_colors_info=&#8220;{}&#8220;][et_pb_row column_structure=&#8220;1_2,1_2&#8243; make_equal=&#8220;on&#8220; _builder_version=&#8220;4.16&#8243; background_color=&#8220;#1d9811&#8243; custom_margin=&#8220;0px||0px|&#8220; custom_padding=&#8220;0px||0px|&#8220; global_colors_info=&#8220;{}&#8220;][et_pb_column type=&#8220;1_2&#8243; _builder_version=&#8220;4.16&#8243; custom_padding=&#8220;|||&#8220; global_colors_info=&#8220;{}&#8220; custom_padding__hover=&#8220;|||&#8220;][et_pb_image src=&#8220;https:\/\/hundeschule-giessen.de\/angelika\/wp-content\/uploads\/Kalle-Hundefu\u0308hrerschein-1.jpg&#8220; alt=&#8220;BHV-Hundef\u00fchrerschein&#8220; align_tablet=&#8220;center&#8220; align_phone=&#8220;&#8220; align_last_edited=&#8220;on|desktop&#8220; admin_label=&#8220;Bild Desktop&#8220; _builder_version=&#8220;4.16&#8243; global_colors_info=&#8220;{}&#8220;][\/et_pb_image][\/et_pb_column][et_pb_column type=&#8220;1_2&#8243; _builder_version=&#8220;4.16&#8243; background_color=&#8220;#1d9811&#8243; custom_padding=&#8220;|||&#8220; global_colors_info=&#8220;{}&#8220; custom_padding__hover=&#8220;|||&#8220;][et_pb_text _builder_version=&#8220;4.16&#8243; header_font_size=&#8220;50px&#8220; custom_padding=&#8220;25%|||&#8220; header_text_shadow_style=&#8220;preset3&#8243; global_colors_info=&#8220;{}&#8220;]<\/p>\n<h1><span style=\"color: #ffe572;\">BHV-Hundef\u00fchrerschein<\/span><\/h1>\n<p>[\/et_pb_text][\/et_pb_column][\/et_pb_row][\/et_pb_section][et_pb_section fb_built=&#8220;1&#8243; disabled_on=&#8220;off|off|on&#8220; _builder_version=&#8220;4.16&#8243; custom_padding=&#8220;0px||0px|&#8220; global_colors_info=&#8220;{}&#8220;][et_pb_row column_structure=&#8220;1_2,1_2&#8243; make_equal=&#8220;on&#8220; _builder_version=&#8220;4.16&#8243; background_color=&#8220;#1d9811&#8243; width=&#8220;100%&#8220; max_width=&#8220;100%&#8220; custom_margin=&#8220;0px||0px|&#8220; custom_padding=&#8220;0px||0px|&#8220; use_custom_width=&#8220;on&#8220; width_unit=&#8220;off&#8220; custom_width_percent=&#8220;100%&#8220; global_colors_info=&#8220;{}&#8220;][et_pb_column type=&#8220;1_2&#8243; _builder_version=&#8220;4.16&#8243; custom_padding=&#8220;|||&#8220; global_colors_info=&#8220;{}&#8220; custom_padding__hover=&#8220;|||&#8220;][et_pb_image src=&#8220;https:\/\/hundeschule-giessen.de\/angelika\/wp-content\/uploads\/Kalle-Hundefu\u0308hrerschein-1.jpg&#8220; alt=&#8220;BHV-Hundef\u00fchrerschein&#8220; align_tablet=&#8220;center&#8220; align_phone=&#8220;&#8220; align_last_edited=&#8220;on|desktop&#8220; admin_label=&#8220;Bild Handy + Tablet&#8220; _builder_version=&#8220;4.16&#8243; global_colors_info=&#8220;{}&#8220;][\/et_pb_image][\/et_pb_column][et_pb_column type=&#8220;1_2&#8243; _builder_version=&#8220;4.16&#8243; background_color=&#8220;#1d9811&#8243; custom_padding=&#8220;|||&#8220; global_colors_info=&#8220;{}&#8220; custom_padding__hover=&#8220;|||&#8220;][et_pb_text _builder_version=&#8220;4.16&#8243; header_font_size=&#8220;50px&#8220; custom_padding=&#8220;15%||15%|&#8220; custom_padding_tablet=&#8220;0px||5%|&#8220; custom_padding_phone=&#8220;&#8220; custom_padding_last_edited=&#8220;on|tablet&#8220; header_font_size_tablet=&#8220;40px&#8220; header_font_size_phone=&#8220;35px&#8220; header_font_size_last_edited=&#8220;on|tablet&#8220; header_text_shadow_style=&#8220;preset3&#8243; global_colors_info=&#8220;{}&#8220;]<\/p>\n<h1 style=\"text-align: center;\"><span style=\"color: #ffe572;\">BHV-Hundef\u00fchrerschein<\/span><\/h1>\n<p>[\/et_pb_text][\/et_pb_column][\/et_pb_row][\/et_pb_section][et_pb_section fb_built=&#8220;1&#8243; _builder_version=&#8220;4.16&#8243; top_divider_style=&#8220;wave2&#8243; top_divider_color=&#8220;rgba(178,178,178,0.43)&#8220; top_divider_height=&#8220;64px&#8220; top_divider_flip=&#8220;horizontal&#8220; global_colors_info=&#8220;{}&#8220;][et_pb_row column_structure=&#8220;1_2,1_2&#8243; _builder_version=&#8220;4.16&#8243; custom_margin=&#8220;||0px|&#8220; custom_padding=&#8220;||0px|&#8220; global_colors_info=&#8220;{}&#8220;][et_pb_column type=&#8220;1_2&#8243; _builder_version=&#8220;4.16&#8243; custom_padding=&#8220;|||&#8220; global_colors_info=&#8220;{}&#8220; custom_padding__hover=&#8220;|||&#8220;][et_pb_text _builder_version=&#8220;4.16&#8243; global_colors_info=&#8220;{}&#8220;]<\/p>\n<h4><strong>Training und Pr\u00fcfung zum BHV-Hundef\u00fchrerschein<\/strong><\/h4>\n<p><span style=\"color: #1d9811;\"><b>Was ist der BHV-Hundef\u00fchrerschein?<\/b><\/span><\/p>\n<p>Der BHV ist der \u201eBerufsverband der Hundeerzieher\/innen und Verhaltensberater\/innen e.V.\u201c, im Internet unter www.hundeschule.de zu finden.<\/p>\n<p>[\/et_pb_text][\/et_pb_column][et_pb_column type=&#8220;1_2&#8243; _builder_version=&#8220;4.16&#8243; custom_padding=&#8220;|||&#8220; global_colors_info=&#8220;{}&#8220; custom_padding__hover=&#8220;|||&#8220;][et_pb_text _builder_version=&#8220;4.24.3&#8243; global_colors_info=&#8220;{}&#8220;]<\/p>\n<p>&nbsp;<\/p>\n<table>\n<thead>\n<tr>\n<th scope=\"col\">Wochentag<\/th>\n<th scope=\"col\">Betreuer<\/th>\n<\/tr>\n<\/thead>\n<tbody>\n<tr>\n<td data-label=\"Wochentag\">\n<p>Diese Kurse finden Mi-So abend oder Sa \/ So vormittag statt<b><br \/>Ab Mitte \/ Ende Juni 2024<br \/>Samstag 10:00-11:30 <\/b><\/p>\n<p>&nbsp;<\/p>\n<p>&nbsp;<\/p>\n<\/td>\n<td data-label=\"Betreuer\">Interessenten bitte bei<br \/>Angelika Stahl melden!<\/td>\n<\/tr>\n<\/tbody>\n<\/table>\n<p>&nbsp;<\/p>\n<p>[\/et_pb_text][\/et_pb_column][\/et_pb_row][et_pb_row _builder_version=&#8220;4.16&#8243; custom_margin=&#8220;1%|||&#8220; custom_padding=&#8220;0px|||&#8220; global_colors_info=&#8220;{}&#8220;][et_pb_column type=&#8220;4_4&#8243; _builder_version=&#8220;4.16&#8243; custom_padding=&#8220;|||&#8220; global_colors_info=&#8220;{}&#8220; custom_padding__hover=&#8220;|||&#8220;][et_pb_text _builder_version=&#8220;4.24.3&#8243; global_colors_info=&#8220;{}&#8220;]<\/p>\n<p>Der BHV-Hundef\u00fchrerschein ist eine Pr\u00fcfung zur Alltagstauglichkeit, in der festgestellt werden soll, ob sich das Halter-Hund-Team in der \u00d6ffentlichkeit bewegen kann, ohne Dritte zu bel\u00e4stigen oder zu gef\u00e4hrden. Kriterien f\u00fcr die Bewertung sind die Sachkunde des Hundehalters, sein praktischer Umgang mit dem Hund und der Erziehungs- und Ausbildungsstand des Hundes.<\/p>\n<div dir=\"auto\">\n<div class=\"moz-forward-container\">\n<div dir=\"auto\"><span style=\"color: #000000;\"><strong><br \/><\/strong><strong>Am 08.06.2024 fand wieder eine <span style=\"text-decoration: underline;\">BHV-Hundef\u00fchrerschein-Pr\u00fcfung<\/span> statt.<br \/><\/strong><\/span><\/div>\n<\/div>\n<\/div>\n<div dir=\"auto\">\n<div class=\"moz-forward-container\">\n<div dir=\"auto\">\n<div class=\"moz-forward-container\">\n<div dir=\"auto\"><span style=\"color: #000000;\"><strong>Wir haben sooooo ge\u00fcbt &#8211; in der Hundeschule, auf den Wiesen an der Lahn, am Bahnhof, und auch privat haben sich einige Teams getroffen. Es hat sich gelohnt:<\/strong><\/span><\/div>\n<div dir=\"auto\"><span style=\"color: #000000;\"><strong>Alle 5 Teams haben den BHV-Hundef\u00fchrerschein erhalten! <\/strong><\/span><\/div>\n<\/div>\n<p><span style=\"color: #000000;\"><strong><em>Franziska Dietz mit Molly (Stufe 2)<\/em><br \/><em>Linda Hauk mit Nala (Stufe 3)<\/em><br \/><em>Nadja J\u00e4ger mit Zelda (Stufe 3)<br \/>Matthias Lambeck mit Smoky (Stufe 3)<br \/>Nicole T\u00f6rner mit Rudi (Stufe 3)<br \/>DANKE an die Pr\u00fcferin Verena Sch\u00fcler und unsere Ablenkungspersonen Anna-Lea, Carsten, Karin, Kyra, Mar\u00e9n, Franziska mit Noia und Cornelia mit Ginga und die Hundesitterinnen Susanne und Jasmin!<\/em><\/strong><\/span><\/p>\n<\/div>\n<\/div>\n<p><strong><span style=\"color: #000000;\"><span style=\"color: #8300e9;\"><span style=\"color: #0c71c3;\"><span style=\"color: #000000;\"><\/span><\/span><\/span><\/span><\/strong><em><strong><span style=\"color: #000000;\"><br \/><\/span><\/strong><\/em><\/p>\n<\/div>\n<p>[\/et_pb_text][\/et_pb_column][\/et_pb_row][et_pb_row column_structure=&#8220;1_3,1_3,1_3&#8243; custom_padding_last_edited=&#8220;on|phone&#8220; _builder_version=&#8220;4.16&#8243; background_color=&#8220;rgba(178,178,178,0.43)&#8220; custom_padding=&#8220;2%|2%|2%|2%&#8220; custom_padding_tablet=&#8220;&#8220; custom_padding_phone=&#8220;2%|2%|0px|2%&#8220; box_shadow_style=&#8220;preset1&#8243; box_shadow_blur=&#8220;10px&#8220; global_colors_info=&#8220;{}&#8220;][et_pb_column type=&#8220;1_3&#8243; _builder_version=&#8220;4.16&#8243; custom_padding=&#8220;|||&#8220; global_colors_info=&#8220;{}&#8220; custom_padding__hover=&#8220;|||&#8220;][et_pb_text _builder_version=&#8220;4.16&#8243; global_colors_info=&#8220;{}&#8220;]<\/p>\n<p><span style=\"color: #1d9811;\"><b>Warum bietet die Hundeschule Gie\u00dfen das Training zum BHV-Hundef\u00fchrerschein an?<\/p>\n<p><\/b><\/span>\u201eDen Hundef\u00fchrerschein\u201c gibt es (noch) nicht, sondern eine Vielzahl von Angeboten. Wir haben uns f\u00fcr den BHV-Hundef\u00fchrerschein entschieden, da der BHV eine unabh\u00e4ngige Vereinigung ist, und die Pr\u00fcfung das Zusammenspiel von Hund und Halter in den Mittelpunkt stellt und sehr am allt\u00e4glichen Leben orientiert ist.<\/p>\n<p>Hiermit schaffen wir ein Angebot f\u00fcr alle Hundefreunde, die gerne eine alltagsbezogene Pr\u00fcfung mit ihrem Hund ablegen m\u00f6chten, sei es unabh\u00e4ngig von einem Hundeverein oder in Erg\u00e4nzung zu Vereinsangeboten.<\/p>\n<p>Nat\u00fcrlich ist es auch m\u00f6glich, die Kurse und Trainingsgruppen zu besuchen, ohne an der Pr\u00fcfung teilzunehmen, wenn man einfach den Gehorsam und die Alltagstauglichkeit des Hund-Mensch-Teams verbessern m\u00f6chte.<\/p>\n<p><span style=\"color: #1d9811;\"><b>Wie kann man an der Pr\u00fcfung zum BHV-Hundef\u00fchrerschein teilnehmen?<\/b><\/span><\/p>\n<p>Die Hundeschule Gie\u00dfen bietet Vorbereitungskurse an. Wir legen dann bei ausreichender Teilnehmerzahl in<\/p>\n<p>[\/et_pb_text][\/et_pb_column][et_pb_column type=&#8220;1_3&#8243; _builder_version=&#8220;4.16&#8243; custom_padding=&#8220;|||&#8220; global_colors_info=&#8220;{}&#8220; custom_padding__hover=&#8220;|||&#8220;][et_pb_text _builder_version=&#8220;4.16&#8243; custom_margin_tablet=&#8220;||0px|&#8220; custom_margin_phone=&#8220;&#8220; custom_margin_last_edited=&#8220;on|tablet&#8220; custom_padding_tablet=&#8220;||0px|&#8220; custom_padding_phone=&#8220;&#8220; custom_padding_last_edited=&#8220;on|tablet&#8220; global_colors_info=&#8220;{}&#8220;]<\/p>\n<p>\nAbsprache mit den Organisatoren vom BHV Pr\u00fcfungstermine fest.<\/p>\n<p><span style=\"color: #1d9811;\"><b>Was sind die Voraussetzungen f\u00fcr die Teilnahme an einem Vorbereitungskurs auf den Hundef\u00fchrerschein?<\/b><\/span><\/p>\n<p>Voraussetzungen f\u00fcr die Teilnahme an einen Vorbereitungskurs sind:<\/p>\n<p>Einigerma\u00dfen guter Grundgehorsam des Hundes und vor allem Kenntnisse des Hundef\u00fchrers, wie man einem Hund diesen Grundgehorsam vermittelt.<\/p>\n<p>Selbstverst\u00e4ndlich gibt es noch Tipps und Hilfestellung, wir wollen den Gehorsam vertiefen und absichern. Der Vorbereitungskurs auf den Hundef\u00fchrerschein ersetzt jedoch nicht den Basis-Erziehungskurs, sondern baut auf diesem auf!<\/p>\n<p>Interessenten f\u00fcr den Vorbereitungskurs, die vorher nicht in unserer Hundeschule waren, sind nat\u00fcrlich gerne willkommen, wir m\u00f6chten das Hund-Mensch-Team dann in einem Vorab-Termin kennen lernen und testen und kl\u00e4ren dann, ob der Ausbildungsstand ausreichend ist. Ebenso testen wir ggf. auch Teams, die bereits Kunden bei uns sind.<\/p>\n<p>[\/et_pb_text][\/et_pb_column][et_pb_column type=&#8220;1_3&#8243; _builder_version=&#8220;4.16&#8243; custom_padding=&#8220;|||&#8220; global_colors_info=&#8220;{}&#8220; custom_padding__hover=&#8220;|||&#8220;][et_pb_text _builder_version=&#8220;4.16&#8243; custom_margin_tablet=&#8220;0px|||&#8220; custom_margin_phone=&#8220;&#8220; custom_margin_last_edited=&#8220;on|tablet&#8220; custom_padding_tablet=&#8220;0px|||&#8220; custom_padding_phone=&#8220;&#8220; custom_padding_last_edited=&#8220;on|tablet&#8220; global_colors_info=&#8220;{}&#8220;]<\/p>\n<p><span style=\"color: #1d9811;\"><b>Wie l\u00e4uft der Vorbereitungskurs ab?<\/b><\/span><\/p>\n<p>Ein Vorbereitungskurs umfasst 10&#215;90 Minuten Training, das \u00fcberwiegend au\u00dferhalb des Hundeplatzes stattfindet. Es ist ein umfangreiches Programm!<\/p>\n<p>Erg\u00e4nzend bieten wir dann weitere Trainingsstunden an, hier k\u00f6nnen \u2013 auch gezielt \u2013 nochmals die Inhalte ge\u00fcbt werden, bis Halter und Hund sicher genug sind f\u00fcr die Pr\u00fcfung.<\/p>\n<p>Zus\u00e4tzlich gibt es bei Bedarf einen Termin, an dem Theoriefragen gekl\u00e4rt werden und der Pr\u00fcfungsablauf besprochen wird, die Theoriepr\u00fcfung k\u00f6nnen die Teilnehmer schonmal im Internet \u00fcben.<\/p>\n<p>Die Pr\u00fcfung ist zwar das Ziel, aber nicht unbedingt die direkte Folge des Kurses, da nicht jedes Team direkt nach dem Kurs schon \u201efit\u201c genug daf\u00fcr sein wird. Der Hundehalter muss sich vor dem Kurs im Klaren sein, was er erreichen will und wie die Aussichten daf\u00fcr sind. Die Erfahrung mit zahlreichen Kursen und inzwischen 31 Pr\u00fcfungen mit 156 teilnehmenden Teams &#8211; Zeitraum Mitte 2007 &#8211; November 2022 &#8211; zeigt aber, dass die allermeisten Kursteilnehmer auch die Pr\u00fcfung absolvieren wollen und dies auch erfolgreich tun!<\/p>\n<p>[\/et_pb_text][\/et_pb_column][\/et_pb_row][et_pb_row custom_padding_last_edited=&#8220;on|tablet&#8220; disabled_on=&#8220;off||&#8220; _builder_version=&#8220;4.25.1&#8243; custom_margin_tablet=&#8220;||0px|&#8220; custom_margin_phone=&#8220;&#8220; custom_margin_last_edited=&#8220;on|tablet&#8220; custom_padding_tablet=&#8220;||0px|&#8220; custom_padding_phone=&#8220;&#8220; hover_enabled=&#8220;0&#8243; global_colors_info=&#8220;{}&#8220; sticky_enabled=&#8220;0&#8243;][et_pb_column type=&#8220;4_4&#8243; _builder_version=&#8220;4.16&#8243; custom_padding=&#8220;|||&#8220; global_colors_info=&#8220;{}&#8220; custom_padding__hover=&#8220;|||&#8220;][et_pb_text admin_label=&#8220;Kosten &#038; Termine&#8220; _builder_version=&#8220;4.25.1&#8243; hover_enabled=&#8220;0&#8243; global_colors_info=&#8220;{}&#8220; sticky_enabled=&#8220;0&#8243;]<\/p>\n<p><span style=\"color: #1d9811;\"><b>\u00a0&#8211; allWie sind die Kosten?<\/b><\/span><\/p>\n<p>Derzeit (ab 03\/2024) sind die Preise wie folgt:<\/p>\n<table>\n<thead>\n<tr>\n<th scope=\"col\">Anzahl Termine<\/th>\n<th scope=\"col\">Dauer &amp; G\u00fcltigkeit<\/th>\n<th style=\"text-align: right;\" scope=\"col\">Preis<\/th>\n<\/tr>\n<\/thead>\n<tbody>\n<tr>\n<td data-label=\"Anzahl Termine\"><b>Basis-Erziehungskurs in der Hundeschule Gie\u00dfen besucht<\/b><br \/>\u2022 inklusive weiterer Stunden zur Pr\u00fcfungsvorbereitung<\/td>\n<td data-label=\"Dauer &amp; G\u00fcltigkeit\">90min, z.T. auch l\u00e4nger<br \/>\u2022 10+++ Termine<\/td>\n<td style=\"text-align: right;\" data-label=\"Preis\">355 \u20ac<\/td>\n<\/tr>\n<tr>\n<td data-label=\"Anzahl Termine\"><b>Basis-Erziehungskurs in der Hundeschule Gie\u00dfen NICHT besucht<br \/><\/b>\u2022 inklusive weiterer Stunden zur Pr\u00fcfungsvorbereitung<b><br \/><\/b><\/td>\n<td data-label=\"Dauer &amp; G\u00fcltigkeit\">90 min<br \/>\u2022 10+++ Termine<\/td>\n<td style=\"text-align: right;\" data-label=\"Preis\">425 \u20ac<\/td>\n<\/tr>\n<\/tbody>\n<\/table>\n<p>&nbsp;<\/p>\n<p><span style=\"color: #1d9811;\"><b>Pr\u00fcfungstermine<\/b><\/span><\/p>\n<table>\n<thead>\n<tr>\n<th scope=\"col\">Wochentag<\/th>\n<th scope=\"col\">Uhrzeit<\/th>\n<\/tr>\n<\/thead>\n<tbody>\n<tr>\n<td data-label=\"Wochentag\"><strong>die n\u00e4chsten Pr\u00fcfungen finden voraussichtlich im November 2024 statt<\/strong><strong><br \/><\/strong><\/td>\n<td data-label=\"Uhrzeit\"><strong>09:00<br \/><\/strong><\/td>\n<\/tr>\n<\/tbody>\n<\/table>\n<p>&nbsp;<\/p>\n<p>Informationen zu den Kurs-, Gruppen- und Pr\u00fcfungsterminen sowie Pr\u00fcfungsgeb\u00fchren bei Angelika, <strong>Tel. <\/strong><strong>0171\/7501330<\/strong> oder\u00a0<a href=\"mailto:Angelika.Stahl@hundeschule-giessen.de\">angelika.stahl@hundeschule-giessen.de<\/a><\/p>\n<p>[\/et_pb_text][\/et_pb_column][\/et_pb_row][\/et_pb_section]<\/p>\n","protected":false},"excerpt":{"rendered":"<p>BHV-Hundef\u00fchrerschein BHV-Hundef\u00fchrerschein Training und Pr\u00fcfung zum BHV-Hundef\u00fchrerschein Was ist der BHV-Hundef\u00fchrerschein? Der BHV ist der \u201eBerufsverband der Hundeerzieher\/innen und Verhaltensberater\/innen e.V.\u201c, im Internet unter www.hundeschule.de zu finden. &nbsp; Wochentag Betreuer Diese Kurse finden Mi-So abend oder Sa \/ So vormittag stattAb Mitte \/ Ende Juni 2024Samstag 10:00-11:30 &nbsp; &nbsp; Interessenten bitte beiAngelika Stahl melden! &nbsp;Der [&hellip;]<\/p>\n","protected":false},"author":1,"featured_media":0,"parent":113,"menu_order":0,"comment_status":"closed","ping_status":"closed","template":"","meta":{"_et_pb_use_builder":"on","_et_pb_old_content":"","_et_gb_content_width":"","footnotes":""},"class_list":["post-401","page","type-page","status-publish","hentry"],"_links":{"self":[{"href":"https:\/\/hundeschule-giessen.de\/angelika\/wp-json\/wp\/v2\/pages\/401","targetHints":{"allow":["GET"]}}],"collection":[{"href":"https:\/\/hundeschule-giessen.de\/angelika\/wp-json\/wp\/v2\/pages"}],"about":[{"href":"https:\/\/hundeschule-giessen.de\/angelika\/wp-json\/wp\/v2\/types\/page"}],"author":[{"embeddable":true,"href":"https:\/\/hundeschule-giessen.de\/angelika\/wp-json\/wp\/v2\/users\/1"}],"replies":[{"embeddable":true,"href":"https:\/\/hundeschule-giessen.de\/angelika\/wp-json\/wp\/v2\/comments?post=401"}],"version-history":[{"count":57,"href":"https:\/\/hundeschule-giessen.de\/angelika\/wp-json\/wp\/v2\/pages\/401\/revisions"}],"predecessor-version":[{"id":4322,"href":"https:\/\/hundeschule-giessen.de\/angelika\/wp-json\/wp\/v2\/pages\/401\/revisions\/4322"}],"up":[{"embeddable":true,"href":"https:\/\/hundeschule-giessen.de\/angelika\/wp-json\/wp\/v2\/pages\/113"}],"wp:attachment":[{"href":"https:\/\/hundeschule-giessen.de\/angelika\/wp-json\/wp\/v2\/media?parent=401"}],"curies":[{"name":"wp","href":"https:\/\/api.w.org\/{rel}","templated":true}]}}