{"id":405,"date":"2018-06-18T14:27:03","date_gmt":"2018-06-18T14:27:03","guid":{"rendered":"https:\/\/hundeschule.eikenroth.net\/?page_id=405"},"modified":"2022-03-03T21:57:14","modified_gmt":"2022-03-03T21:57:14","slug":"spiel-und-spassgruppen","status":"publish","type":"page","link":"https:\/\/hundeschule-giessen.de\/angelika\/kurse\/spiel-und-spassgruppen\/","title":{"rendered":"Spiel und Spa\u00dfgruppen"},"content":{"rendered":"<p>[et_pb_section fb_built=&#8220;1&#8243; disabled_on=&#8220;on|on|&#8220; _builder_version=&#8220;3.22&#8243; background_color=&#8220;#1d9811&#8243; custom_padding=&#8220;0px||0px|&#8220; global_colors_info=&#8220;{}&#8220;][et_pb_row column_structure=&#8220;1_2,1_2&#8243; make_equal=&#8220;on&#8220; _builder_version=&#8220;3.25&#8243; background_color=&#8220;#1d9811&#8243; custom_margin=&#8220;0px||0px|&#8220; custom_padding=&#8220;0px||0px|&#8220; custom_width_percent=&#8220;100%&#8220; global_colors_info=&#8220;{}&#8220;][et_pb_column type=&#8220;1_2&#8243; _builder_version=&#8220;3.25&#8243; custom_padding=&#8220;|||&#8220; global_colors_info=&#8220;{}&#8220; custom_padding__hover=&#8220;|||&#8220;][et_pb_image src=&#8220;https:\/\/hundeschule-giessen.de\/angelika\/wp-content\/uploads\/17-Hundeturnen-1-verkleinert-Jura-Sid-Miro-Mani-Jolly-2008-09-2.jpg&#8220; alt=&#8220;Spiel und Spa\u00dfgruppen&#8220; align_tablet=&#8220;center&#8220; align_phone=&#8220;&#8220; align_last_edited=&#8220;on|desktop&#8220; admin_label=&#8220;Bild Desktop&#8220; _builder_version=&#8220;3.23&#8243; global_colors_info=&#8220;{}&#8220;][\/et_pb_image][\/et_pb_column][et_pb_column type=&#8220;1_2&#8243; _builder_version=&#8220;3.25&#8243; background_color=&#8220;#1d9811&#8243; custom_padding=&#8220;|||&#8220; global_colors_info=&#8220;{}&#8220; custom_padding__hover=&#8220;|||&#8220;][et_pb_text _builder_version=&#8220;3.27.4&#8243; header_font_size=&#8220;50px&#8220; custom_padding=&#8220;25%|||&#8220; header_text_shadow_style=&#8220;preset3&#8243; global_colors_info=&#8220;{}&#8220;]<\/p>\n<h1><span style=\"color: #ffe572;\">Spiel und Spa\u00dfgruppen<\/span><\/h1>\n<p>[\/et_pb_text][\/et_pb_column][\/et_pb_row][\/et_pb_section][et_pb_section fb_built=&#8220;1&#8243; disabled_on=&#8220;off|off|on&#8220; _builder_version=&#8220;3.22&#8243; custom_padding=&#8220;0px||0px|&#8220; global_colors_info=&#8220;{}&#8220;][et_pb_row column_structure=&#8220;1_2,1_2&#8243; make_equal=&#8220;on&#8220; _builder_version=&#8220;3.25&#8243; background_color=&#8220;#1d9811&#8243; width=&#8220;100%&#8220; max_width=&#8220;100%&#8220; custom_margin=&#8220;0px||0px|&#8220; custom_padding=&#8220;0px||0px|&#8220; use_custom_width=&#8220;on&#8220; width_unit=&#8220;off&#8220; custom_width_percent=&#8220;100%&#8220; global_colors_info=&#8220;{}&#8220;][et_pb_column type=&#8220;1_2&#8243; _builder_version=&#8220;3.25&#8243; custom_padding=&#8220;|||&#8220; global_colors_info=&#8220;{}&#8220; custom_padding__hover=&#8220;|||&#8220;][et_pb_image src=&#8220;https:\/\/hundeschule-giessen.de\/angelika\/wp-content\/uploads\/17-Hundeturnen-1-verkleinert-Jura-Sid-Miro-Mani-Jolly-2008-09-2.jpg&#8220; alt=&#8220;Spiel und Spa\u00dfgruppen&#8220; align_tablet=&#8220;center&#8220; align_phone=&#8220;&#8220; align_last_edited=&#8220;on|desktop&#8220; admin_label=&#8220;Bild Handy + Tablet&#8220; _builder_version=&#8220;3.23&#8243; global_colors_info=&#8220;{}&#8220;][\/et_pb_image][\/et_pb_column][et_pb_column type=&#8220;1_2&#8243; _builder_version=&#8220;3.25&#8243; background_color=&#8220;#1d9811&#8243; custom_padding=&#8220;|||&#8220; global_colors_info=&#8220;{}&#8220; custom_padding__hover=&#8220;|||&#8220;][et_pb_text _builder_version=&#8220;3.27.4&#8243; header_font_size=&#8220;50px&#8220; custom_padding=&#8220;15%||15%|&#8220; custom_padding_tablet=&#8220;0px||5%|&#8220; custom_padding_phone=&#8220;&#8220; custom_padding_last_edited=&#8220;on|tablet&#8220; header_font_size_tablet=&#8220;40px&#8220; header_font_size_phone=&#8220;35px&#8220; header_font_size_last_edited=&#8220;on|tablet&#8220; header_text_shadow_style=&#8220;preset3&#8243; global_colors_info=&#8220;{}&#8220;]<\/p>\n<h1 style=\"text-align: center;\"><span style=\"color: #ffe572;\">Spiel &amp; Spa\u00dfgruppen<\/span><\/h1>\n<p>[\/et_pb_text][\/et_pb_column][\/et_pb_row][\/et_pb_section][et_pb_section fb_built=&#8220;1&#8243; _builder_version=&#8220;3.22&#8243; top_divider_style=&#8220;wave2&#8243; top_divider_color=&#8220;rgba(178,178,178,0.43)&#8220; top_divider_height=&#8220;81px&#8220; top_divider_flip=&#8220;horizontal|vertical&#8220; global_colors_info=&#8220;{}&#8220;][et_pb_row _builder_version=&#8220;3.25&#8243; custom_margin=&#8220;||0px|&#8220; custom_padding=&#8220;42px||0px||false|false&#8220; global_colors_info=&#8220;{}&#8220;][et_pb_column type=&#8220;4_4&#8243; _builder_version=&#8220;3.25&#8243; custom_padding=&#8220;|||&#8220; global_colors_info=&#8220;{}&#8220; custom_padding__hover=&#8220;|||&#8220;][et_pb_text _builder_version=&#8220;3.27.4&#8243; global_colors_info=&#8220;{}&#8220;]<\/p>\n<p>\nDiese Gruppe bietet Ihnen und Ihrem Hund vielf\u00e4ltige Besch\u00e4ftigungsm\u00f6glichkeiten. G\u00f6nnen Sie sich und Ihrem Hund den regelm\u00e4\u00dfigen Besuch dieser Gruppe! Voraussetzung ist ein guter Grundgehorsam, wie er im Erziehungs-Basiskurs vermittelt wird.<\/p>\n<p><strong>Hier einige der abwechslungsreichen Inhalte unserer Spiel- und Spa\u00df-Gruppe:<\/strong><\/p>\n<p>[\/et_pb_text][\/et_pb_column][\/et_pb_row][et_pb_row column_structure=&#8220;1_2,1_2&#8243; _builder_version=&#8220;3.25&#8243; custom_margin=&#8220;||0px|&#8220; custom_padding=&#8220;42px||0px||false|false&#8220; global_colors_info=&#8220;{}&#8220;][et_pb_column type=&#8220;1_2&#8243; _builder_version=&#8220;3.25&#8243; custom_padding=&#8220;|||&#8220; global_colors_info=&#8220;{}&#8220; custom_padding__hover=&#8220;|||&#8220;][et_pb_text _builder_version=&#8220;3.27.4&#8243; custom_margin=&#8220;0px|||&#8220; custom_margin_tablet=&#8220;0px||0px|&#8220; custom_margin_phone=&#8220;&#8220; custom_margin_last_edited=&#8220;on|tablet&#8220; custom_padding=&#8220;0px|||&#8220; custom_padding_tablet=&#8220;0px||0px|&#8220; custom_padding_phone=&#8220;&#8220; custom_padding_last_edited=&#8220;on|tablet&#8220; global_colors_info=&#8220;{}&#8220;]<\/p>\n<ul>\n<li>Motivations- und Konzentrations\u00fcbungen<\/li>\n<li>\u00dcbungen zur Kommunikation<\/li>\n<li>Bodenarbeit aus dem Tellington-Training<\/li>\n<li>Ger\u00e4tearbeit<\/li>\n<li>Gruppen\u00fcbungen zum Grundgehorsam<\/li>\n<li>lustige Mensch-Hund-Spiele<\/li>\n<li>spannende und abwechslungsreiche Parcours, Stations\u00fcbungen und Geschicklichkeits-Tests<\/li>\n<li>Ratespiele<\/li>\n<li>Vorstellung neuen und interessanten Hundezubeh\u00f6rs, z.B. intelligentes Hundespielzeug<\/li>\n<li>Spaziergang in der N\u00e4he des Hundeplatzes<\/li>\n<li>unser Hund lernt Kunstst\u00fcckchen (Einf\u00fchrung, f\u00fcr intensives Training gibt es die Click, Trick, Dance &amp; Fun-Kurse)<\/li>\n<\/ul>\n<p>[\/et_pb_text][\/et_pb_column][et_pb_column type=&#8220;1_2&#8243; _builder_version=&#8220;3.25&#8243; custom_padding=&#8220;|||&#8220; global_colors_info=&#8220;{}&#8220; custom_padding__hover=&#8220;|||&#8220;][et_pb_text _builder_version=&#8220;3.27.4&#8243; custom_margin=&#8220;0px|||&#8220; custom_margin_tablet=&#8220;0px||0px|&#8220; custom_margin_phone=&#8220;&#8220; custom_margin_last_edited=&#8220;on|desktop&#8220; custom_padding_tablet=&#8220;0px||0px|&#8220; custom_padding_phone=&#8220;&#8220; custom_padding_last_edited=&#8220;on|desktop&#8220; global_colors_info=&#8220;{}&#8220;]<\/p>\n<p>Kleine Hunde sind gerne auch mal unter sich, \u201eRiesen\u201c ebenso, verschiedene Hundegr\u00f6\u00dfen und -typen zeigen teilweise spezielles Verhalten in der Art, wie sie spielen, arbeiten und lernen. Auch f\u00fcr die Menschen ist es sch\u00f6n, einmal unter \u201eGleichgesinnten\u201c sein zu k\u00f6nnen und Erfahrungen auszutauschen. Daher bieten wir Ihnen neben den \u201egemixten\u201c Gruppen auch Spiel- und Spa\u00df-Gruppen speziell f\u00fcr folgende Hunderassen \/ -gruppen <em>&#8211; sofern es ausreichend Anfragen hierf\u00fcr gibt!<\/em><\/p>\n<ul>\n<li>\u00a0kleine Hunde<\/li>\n<li>\u00a0kleine Terrier<\/li>\n<li>\u201eXXL-Hunde\u201c wie Doggen, Bernhardiner, Irish Wolfhounds etc.<\/li>\n<li>Herdenschutzhunde<\/li>\n<\/ul>\n<p>[\/et_pb_text][\/et_pb_column][\/et_pb_row][et_pb_row _builder_version=&#8220;3.25&#8243; background_size=&#8220;initial&#8220; background_position=&#8220;top_left&#8220; background_repeat=&#8220;repeat&#8220; global_colors_info=&#8220;{}&#8220;][et_pb_column type=&#8220;4_4&#8243; _builder_version=&#8220;3.25&#8243; custom_padding=&#8220;|||&#8220; global_colors_info=&#8220;{}&#8220; custom_padding__hover=&#8220;|||&#8220;][et_pb_text admin_label=&#8220;Spiel &#038; Spa\u00dfgruppe f\u00fcr mittelgro\u00dfe\/gro\u00dfe Hunde&#8220; _builder_version=&#8220;3.27.4&#8243; global_colors_info=&#8220;{}&#8220;]<\/p>\n<h2>Spiel &amp; Spa\u00dfgruppe f\u00fcr mittelgro\u00dfe\/gro\u00dfe Hunde<\/h2>\n<p>[\/et_pb_text][et_pb_text admin_label=&#8220;Tabelle&#8220; _builder_version=&#8220;4.0.9&#8243; global_colors_info=&#8220;{}&#8220;]<\/p>\n<p>&nbsp;<\/p>\n<p>&nbsp;<\/p>\n<table>\n<thead>\n<tr>\n<th scope=\"col\">Wochentag<\/th>\n<th scope=\"col\">Betreuer<\/th>\n<\/tr>\n<\/thead>\n<tbody>\n<tr>\n<td data-label=\"Wochentag\">Dienstag<br \/><b>10:30 \u2013 11:30<br \/>ganzj\u00e4hrig; Freilauf und Training, <br \/>incl. Tellington Training, Longieren und Cavaletti <br \/><\/b><\/td>\n<td data-label=\"Betreuer\"><b>freie Pl\u00e4tze!<\/b><br \/>Angelika,<br \/>Brgitte<\/td>\n<\/tr>\n<tr>\n<td scope=\"row\" data-label=\"Wochentag\">Samstag<br \/><b>16:00 \u2013 17:00 <br \/>ganzj\u00e4hrig, meist nur Freilauf<br \/><\/b><\/td>\n<td data-label=\"Betreuer\"><b>freie Pl\u00e4tze!<\/b><br \/>Angelika <\/td>\n<\/tr>\n<\/tbody>\n<\/table>\n<p>&nbsp;<\/p>\n<p>[\/et_pb_text][\/et_pb_column][\/et_pb_row][et_pb_row _builder_version=&#8220;3.25&#8243; background_size=&#8220;initial&#8220; background_position=&#8220;top_left&#8220; background_repeat=&#8220;repeat&#8220; global_colors_info=&#8220;{}&#8220;][et_pb_column type=&#8220;4_4&#8243; _builder_version=&#8220;3.25&#8243; custom_padding=&#8220;|||&#8220; global_colors_info=&#8220;{}&#8220; custom_padding__hover=&#8220;|||&#8220;][et_pb_text admin_label=&#8220;Spiel &#038; Spa\u00dfgruppe f\u00fcr kleine Hunde&#8220; _builder_version=&#8220;3.27.4&#8243; global_colors_info=&#8220;{}&#8220;]<\/p>\n<h2>Spiel &amp; Spa\u00dfgruppe f\u00fcr kleine Hunde<\/h2>\n<p>[\/et_pb_text][et_pb_text _builder_version=&#8220;3.27.4&#8243; global_colors_info=&#8220;{}&#8220;]<\/p>\n<table>\n<thead>\n<tr>\n<th scope=\"col\">Wochentag<\/th>\n<th scope=\"col\">Betreuer<\/th>\n<\/tr>\n<\/thead>\n<tbody>\n<tr>\n<td data-label=\"Wochentag\"><b>Derzeit keine Gruppe, bitte bei Gunter Mattes nachfragen!<\/b><\/td>\n<td data-label=\"Betreuer\"><b>\/\/<\/b><\/td>\n<\/tr>\n<\/tbody>\n<\/table>\n<p>[\/et_pb_text][\/et_pb_column][\/et_pb_row][et_pb_row _builder_version=&#8220;3.25&#8243; background_size=&#8220;initial&#8220; background_position=&#8220;top_left&#8220; background_repeat=&#8220;repeat&#8220; global_colors_info=&#8220;{}&#8220;][et_pb_column type=&#8220;4_4&#8243; _builder_version=&#8220;3.25&#8243; custom_padding=&#8220;|||&#8220; global_colors_info=&#8220;{}&#8220; custom_padding__hover=&#8220;|||&#8220;][et_pb_text admin_label=&#8220;HSH Spa\u00df &#038; Sport f\u00fcr Herdenschutzhunde&#8220; _builder_version=&#8220;3.27.4&#8243; global_colors_info=&#8220;{}&#8220;]<\/p>\n<h2>HSH Spa\u00df &amp; Sport f\u00fcr Herdenschutzhunde<\/h2>\n<p>[\/et_pb_text][et_pb_text _builder_version=&#8220;3.27.4&#8243; global_colors_info=&#8220;{}&#8220;]<\/p>\n<table>\n<thead>\n<tr>\n<th scope=\"col\">Wochentag<\/th>\n<th scope=\"col\">Betreuer<\/th>\n<\/tr>\n<\/thead>\n<tbody>\n<tr>\n<td data-label=\"Wochentag\"><b>Derzeit keine Gruppe!<\/b><\/td>\n<td data-label=\"Betreuer\"><b>\/\/<\/b><\/td>\n<\/tr>\n<\/tbody>\n<\/table>\n<p>[\/et_pb_text][\/et_pb_column][\/et_pb_row][\/et_pb_section]<\/p>\n","protected":false},"excerpt":{"rendered":"<p>Spiel und Spa\u00dfgruppen Spiel &amp; Spa\u00dfgruppen Diese Gruppe bietet Ihnen und Ihrem Hund vielf\u00e4ltige Besch\u00e4ftigungsm\u00f6glichkeiten. G\u00f6nnen Sie sich und Ihrem Hund den regelm\u00e4\u00dfigen Besuch dieser Gruppe! Voraussetzung ist ein guter Grundgehorsam, wie er im Erziehungs-Basiskurs vermittelt wird. Hier einige der abwechslungsreichen Inhalte unserer Spiel- und Spa\u00df-Gruppe: Motivations- und Konzentrations\u00fcbungen \u00dcbungen zur Kommunikation Bodenarbeit aus dem [&hellip;]<\/p>\n","protected":false},"author":1,"featured_media":0,"parent":113,"menu_order":0,"comment_status":"closed","ping_status":"closed","template":"","meta":{"_et_pb_use_builder":"on","_et_pb_old_content":"","_et_gb_content_width":"","footnotes":""},"class_list":["post-405","page","type-page","status-publish","hentry"],"_links":{"self":[{"href":"https:\/\/hundeschule-giessen.de\/angelika\/wp-json\/wp\/v2\/pages\/405","targetHints":{"allow":["GET"]}}],"collection":[{"href":"https:\/\/hundeschule-giessen.de\/angelika\/wp-json\/wp\/v2\/pages"}],"about":[{"href":"https:\/\/hundeschule-giessen.de\/angelika\/wp-json\/wp\/v2\/types\/page"}],"author":[{"embeddable":true,"href":"https:\/\/hundeschule-giessen.de\/angelika\/wp-json\/wp\/v2\/users\/1"}],"replies":[{"embeddable":true,"href":"https:\/\/hundeschule-giessen.de\/angelika\/wp-json\/wp\/v2\/comments?post=405"}],"version-history":[{"count":43,"href":"https:\/\/hundeschule-giessen.de\/angelika\/wp-json\/wp\/v2\/pages\/405\/revisions"}],"predecessor-version":[{"id":3822,"href":"https:\/\/hundeschule-giessen.de\/angelika\/wp-json\/wp\/v2\/pages\/405\/revisions\/3822"}],"up":[{"embeddable":true,"href":"https:\/\/hundeschule-giessen.de\/angelika\/wp-json\/wp\/v2\/pages\/113"}],"wp:attachment":[{"href":"https:\/\/hundeschule-giessen.de\/angelika\/wp-json\/wp\/v2\/media?parent=405"}],"curies":[{"name":"wp","href":"https:\/\/api.w.org\/{rel}","templated":true}]}}