{"id":409,"date":"2018-06-18T14:29:10","date_gmt":"2018-06-18T14:29:10","guid":{"rendered":"https:\/\/hundeschule.eikenroth.net\/?page_id=409"},"modified":"2022-03-03T21:59:14","modified_gmt":"2022-03-03T21:59:14","slug":"agility","status":"publish","type":"page","link":"https:\/\/hundeschule-giessen.de\/angelika\/kurse\/agility\/","title":{"rendered":"Agility"},"content":{"rendered":"<p>[et_pb_section fb_built=&#8220;1&#8243; disabled_on=&#8220;on|on|&#8220; _builder_version=&#8220;3.22&#8243; background_color=&#8220;#1d9811&#8243; custom_padding=&#8220;0px||0px|&#8220; global_colors_info=&#8220;{}&#8220;][et_pb_row column_structure=&#8220;1_2,1_2&#8243; make_equal=&#8220;on&#8220; _builder_version=&#8220;3.25&#8243; background_color=&#8220;#1d9811&#8243; custom_margin=&#8220;0px||0px|&#8220; custom_padding=&#8220;0px||0px|&#8220; global_colors_info=&#8220;{}&#8220;][et_pb_column type=&#8220;1_2&#8243; _builder_version=&#8220;3.25&#8243; custom_padding=&#8220;|||&#8220; global_colors_info=&#8220;{}&#8220; custom_padding__hover=&#8220;|||&#8220;][et_pb_image src=&#8220;https:\/\/hundeschule-giessen.de\/angelika\/wp-content\/uploads\/Floeckchen_Sprung-01-DSC_7178-1-2.jpg&#8220; alt=&#8220;Agility&#8220; align_tablet=&#8220;center&#8220; align_phone=&#8220;&#8220; align_last_edited=&#8220;on|desktop&#8220; admin_label=&#8220;Bild Desktop&#8220; _builder_version=&#8220;3.23&#8243; global_colors_info=&#8220;{}&#8220;][\/et_pb_image][\/et_pb_column][et_pb_column type=&#8220;1_2&#8243; _builder_version=&#8220;3.25&#8243; background_color=&#8220;#1d9811&#8243; custom_padding=&#8220;|||&#8220; global_colors_info=&#8220;{}&#8220; custom_padding__hover=&#8220;|||&#8220;][et_pb_text _builder_version=&#8220;3.27.4&#8243; header_font_size=&#8220;50px&#8220; custom_padding=&#8220;25%|||&#8220; header_text_shadow_style=&#8220;preset3&#8243; global_colors_info=&#8220;{}&#8220;]<\/p>\n<h1><span style=\"color: #ffe572;\">Agility<\/span><\/h1>\n<p>[\/et_pb_text][\/et_pb_column][\/et_pb_row][\/et_pb_section][et_pb_section fb_built=&#8220;1&#8243; disabled_on=&#8220;off|off|on&#8220; _builder_version=&#8220;3.22&#8243; custom_padding=&#8220;0px||0px|&#8220; global_colors_info=&#8220;{}&#8220;][et_pb_row column_structure=&#8220;1_2,1_2&#8243; make_equal=&#8220;on&#8220; _builder_version=&#8220;3.25&#8243; background_color=&#8220;#1d9811&#8243; width=&#8220;100%&#8220; max_width=&#8220;100%&#8220; custom_margin=&#8220;0px||0px|&#8220; custom_padding=&#8220;0px||0px|&#8220; use_custom_width=&#8220;on&#8220; width_unit=&#8220;off&#8220; custom_width_percent=&#8220;100%&#8220; global_colors_info=&#8220;{}&#8220;][et_pb_column type=&#8220;1_2&#8243; _builder_version=&#8220;3.25&#8243; custom_padding=&#8220;|||&#8220; global_colors_info=&#8220;{}&#8220; custom_padding__hover=&#8220;|||&#8220;][et_pb_image src=&#8220;https:\/\/hundeschule-giessen.de\/angelika\/wp-content\/uploads\/Floeckchen_Sprung-01-DSC_7178-1-2.jpg&#8220; alt=&#8220;Agility&#8220; align_tablet=&#8220;center&#8220; align_phone=&#8220;&#8220; align_last_edited=&#8220;on|desktop&#8220; admin_label=&#8220;Bild Handy + Tablet&#8220; _builder_version=&#8220;3.23&#8243; global_colors_info=&#8220;{}&#8220;][\/et_pb_image][\/et_pb_column][et_pb_column type=&#8220;1_2&#8243; _builder_version=&#8220;3.25&#8243; background_color=&#8220;#1d9811&#8243; custom_padding=&#8220;|||&#8220; global_colors_info=&#8220;{}&#8220; custom_padding__hover=&#8220;|||&#8220;][et_pb_text _builder_version=&#8220;3.27.4&#8243; header_font_size=&#8220;50px&#8220; custom_padding=&#8220;15%||15%|&#8220; custom_padding_tablet=&#8220;0px||5%|&#8220; custom_padding_phone=&#8220;&#8220; custom_padding_last_edited=&#8220;on|tablet&#8220; header_font_size_tablet=&#8220;40px&#8220; header_font_size_phone=&#8220;35px&#8220; header_font_size_last_edited=&#8220;on|tablet&#8220; header_text_shadow_style=&#8220;preset3&#8243; global_colors_info=&#8220;{}&#8220;]<\/p>\n<h1 style=\"text-align: center;\"><span style=\"color: #ffe572;\">Agility<\/span><\/h1>\n<p>[\/et_pb_text][\/et_pb_column][\/et_pb_row][\/et_pb_section][et_pb_section fb_built=&#8220;1&#8243; _builder_version=&#8220;3.22&#8243; custom_margin=&#8220;||0px|&#8220; custom_padding=&#8220;||0px|&#8220; top_divider_style=&#8220;wave2&#8243; top_divider_color=&#8220;rgba(178,178,178,0.43)&#8220; top_divider_height=&#8220;59px&#8220; top_divider_flip=&#8220;vertical|horizontal&#8220; global_colors_info=&#8220;{}&#8220;][et_pb_row column_structure=&#8220;1_2,1_2&#8243; _builder_version=&#8220;3.25&#8243; custom_margin=&#8220;||0px|&#8220; custom_padding=&#8220;||0px|&#8220; global_colors_info=&#8220;{}&#8220;][et_pb_column type=&#8220;1_2&#8243; _builder_version=&#8220;3.25&#8243; custom_padding=&#8220;|||&#8220; global_colors_info=&#8220;{}&#8220; custom_padding__hover=&#8220;|||&#8220;][et_pb_text _builder_version=&#8220;3.27.4&#8243; custom_margin=&#8220;||0px|&#8220; custom_padding=&#8220;||0px|&#8220; global_colors_info=&#8220;{}&#8220;]<\/p>\n<p>Die scheinbare Leichtigkeit, mit der die \u201eProfis\u201c den Parcours meistern, t\u00e4uscht den Zuschauer oft hinweg \u00fcber die intensive Arbeit, die dahinter steckt. Obwohl Agility leichter aussieht, als es ist, ist es eine faszinierende Sportart, die die Geschicklichkeit und Intelligenz des Hundes f\u00f6rdert. Da eine enge Zusammenarbeit zwischen Hund und Mensch Voraussetzung ist, empfehlen wir ggf. vorab den Besuch eines Erziehungskurses.<\/p>\n<p>Bevor Sie mit Ihrem Hund Sport betreiben, empfiehlt sich auch ein gr\u00fcndlicher Check beim Tierarzt, denn ein Hund mit z. B. Gelenkproblemen oder Herzbeschwerden sollte nicht \u00fcberanstrengt werden. Auch solche Hunde k\u00f6nnen aber mit der entsprechenden Vorsicht am Training teilnehmen. Noch besser f\u00fcr junge, \u00e4ltere, und nicht ganz gesunde Hunde ist Hoopers Agility, das wir auch im Angebot haben!<\/p>\n<p>[\/et_pb_text][\/et_pb_column][et_pb_column type=&#8220;1_2&#8243; _builder_version=&#8220;3.25&#8243; custom_padding=&#8220;|||&#8220; global_colors_info=&#8220;{}&#8220; custom_padding__hover=&#8220;|||&#8220;][et_pb_text _builder_version=&#8220;4.0.9&#8243; custom_margin=&#8220;0px||0px|&#8220; custom_padding=&#8220;0px||0px|&#8220; global_colors_info=&#8220;{}&#8220;]<\/p>\n<p>Da sich erst im Laufe des Trainings herausstellt, ob Hund und Mensch wirklich f\u00fcr diesen Sport geeignet sind und auf Dauer Spa\u00df daran haben werden, haben wir unser Programm in folgende Stufen unterteilt:<\/p>\n<ul>\n<li>Agility-Schnupperkurs 6+1 Termine <\/li>\n<li>Agility-Fortgeschrittenenkurs 6+1 Termine <\/li>\n<li>Agility-Club kann fortlaufend besucht werden, regelm\u00e4\u00dfig oder unregelm\u00e4\u00dfig<\/li>\n<\/ul>\n<p>&nbsp;<\/p>\n<p>[\/et_pb_text][\/et_pb_column][\/et_pb_row][et_pb_row _builder_version=&#8220;3.25&#8243; custom_margin=&#8220;1%||0px|&#8220; custom_padding=&#8220;0px||0px|&#8220; global_colors_info=&#8220;{}&#8220;][et_pb_column type=&#8220;4_4&#8243; _builder_version=&#8220;3.25&#8243; custom_padding=&#8220;|||&#8220; global_colors_info=&#8220;{}&#8220; custom_padding__hover=&#8220;|||&#8220;][et_pb_text admin_label=&#8220;Agility-Schnupperkurse&#8220; _builder_version=&#8220;4.8.1&#8243; custom_margin=&#8220;0px|||&#8220; custom_margin_tablet=&#8220;&#8220; custom_margin_phone=&#8220;&#8220; custom_margin_last_edited=&#8220;on|&#8220; custom_padding=&#8220;2%|||&#8220; custom_padding_tablet=&#8220;0px|||&#8220; custom_padding_phone=&#8220;&#8220; custom_padding_last_edited=&#8220;on|tablet&#8220; global_colors_info=&#8220;{}&#8220;]<\/p>\n<h2>Agility-Schnupperkurse<\/h2>\n<table>\n<thead>\n<tr>\n<th scope=\"col\">Termine Stand M\u00c4RZ 2022<\/th>\n<th scope=\"col\">Belegung \/ Betreuer<\/th>\n<\/tr>\n<\/thead>\n<tbody>\n<tr>\n<td data-label=\"Wochentag\"><strong>Mittwoch 18:00-19:00<br \/>ab 09.03.22 <\/strong><strong><br \/><\/strong><\/td>\n<td data-label=\"Betreuer\"><b>belegt<br \/>Angelika <br \/><\/b><\/td>\n<\/tr>\n<\/tbody>\n<\/table>\n<p>&nbsp;<\/p>\n<p>[\/et_pb_text][et_pb_text admin_label=&#8220;Agility-Fortgeschrittenen-Kurse&#8220; _builder_version=&#8220;4.2.1&#8243; custom_margin=&#8220;0px|||&#8220; custom_padding=&#8220;0px|||&#8220; global_colors_info=&#8220;{}&#8220;]<\/p>\n<h2>Agility-Fortgeschrittenen-Kurse<\/h2>\n<table>\n<thead>\n<tr>\n<th scope=\"col\">Termin<\/th>\n<th scope=\"col\">Belegung \/ Betreuer<\/th>\n<\/tr>\n<\/thead>\n<tbody>\n<tr>\n<td data-label=\"Wochentag\"><strong>Dienstag 17:30-18:30 f\u00fcr midi-Hunde<br \/>ab 15.03.22 <\/strong><strong><\/strong><\/td>\n<td data-label=\"Betreuer\"><b>belegt<br \/>Angelika <br \/><\/b><\/td>\n<\/tr>\n<\/tbody>\n<\/table>\n<p>&nbsp;<\/p>\n<p>[\/et_pb_text][et_pb_text admin_label=&#8220;Agility-Club-Termine&#8220; _builder_version=&#8220;4.2.1&#8243; custom_margin=&#8220;0px|||&#8220; custom_padding=&#8220;2%||2%|&#8220; custom_padding_tablet=&#8220;2%||5%|&#8220; custom_padding_phone=&#8220;2%||7%|&#8220; custom_padding_last_edited=&#8220;on|phone&#8220; global_colors_info=&#8220;{}&#8220;]<\/p>\n<h2>Agility-Club-Termine<\/h2>\n<table>\n<thead>\n<tr>\n<th scope=\"col\">Termin<\/th>\n<th scope=\"col\">Belegung \/ Betreuer<\/th>\n<\/tr>\n<\/thead>\n<tbody>\n<tr>\n<td data-label=\"Wochentag\">.<b><br \/><\/b><\/td>\n<td data-label=\"Betreuer\"><b>.<\/b><\/td>\n<\/tr>\n<tr>\n<td data-label=\"Wochentag\">Freitag<br \/><b>18:00 &#8211; 19:00<\/b><\/td>\n<td data-label=\"Betreuer\"><b>Pl\u00e4tze frei!<\/b><br \/>Angelika Stahl<\/td>\n<\/tr>\n<\/tbody>\n<\/table>\n<p>&nbsp;<\/p>\n<p>[\/et_pb_text][\/et_pb_column][\/et_pb_row][\/et_pb_section]<\/p>\n","protected":false},"excerpt":{"rendered":"<p>Agility Agility Die scheinbare Leichtigkeit, mit der die \u201eProfis\u201c den Parcours meistern, t\u00e4uscht den Zuschauer oft hinweg \u00fcber die intensive Arbeit, die dahinter steckt. Obwohl Agility leichter aussieht, als es ist, ist es eine faszinierende Sportart, die die Geschicklichkeit und Intelligenz des Hundes f\u00f6rdert. Da eine enge Zusammenarbeit zwischen Hund und Mensch Voraussetzung ist, empfehlen [&hellip;]<\/p>\n","protected":false},"author":1,"featured_media":0,"parent":113,"menu_order":0,"comment_status":"closed","ping_status":"closed","template":"","meta":{"_et_pb_use_builder":"on","_et_pb_old_content":"","_et_gb_content_width":"","footnotes":""},"class_list":["post-409","page","type-page","status-publish","hentry"],"_links":{"self":[{"href":"https:\/\/hundeschule-giessen.de\/angelika\/wp-json\/wp\/v2\/pages\/409","targetHints":{"allow":["GET"]}}],"collection":[{"href":"https:\/\/hundeschule-giessen.de\/angelika\/wp-json\/wp\/v2\/pages"}],"about":[{"href":"https:\/\/hundeschule-giessen.de\/angelika\/wp-json\/wp\/v2\/types\/page"}],"author":[{"embeddable":true,"href":"https:\/\/hundeschule-giessen.de\/angelika\/wp-json\/wp\/v2\/users\/1"}],"replies":[{"embeddable":true,"href":"https:\/\/hundeschule-giessen.de\/angelika\/wp-json\/wp\/v2\/comments?post=409"}],"version-history":[{"count":44,"href":"https:\/\/hundeschule-giessen.de\/angelika\/wp-json\/wp\/v2\/pages\/409\/revisions"}],"predecessor-version":[{"id":3824,"href":"https:\/\/hundeschule-giessen.de\/angelika\/wp-json\/wp\/v2\/pages\/409\/revisions\/3824"}],"up":[{"embeddable":true,"href":"https:\/\/hundeschule-giessen.de\/angelika\/wp-json\/wp\/v2\/pages\/113"}],"wp:attachment":[{"href":"https:\/\/hundeschule-giessen.de\/angelika\/wp-json\/wp\/v2\/media?parent=409"}],"curies":[{"name":"wp","href":"https:\/\/api.w.org\/{rel}","templated":true}]}}