{"id":413,"date":"2018-06-18T14:30:45","date_gmt":"2018-06-18T14:30:45","guid":{"rendered":"https:\/\/hundeschule.eikenroth.net\/?page_id=413"},"modified":"2019-02-13T11:02:38","modified_gmt":"2019-02-13T11:02:38","slug":"frisbee","status":"publish","type":"page","link":"https:\/\/hundeschule-giessen.de\/angelika\/kurse\/frisbee\/","title":{"rendered":"Frisbee"},"content":{"rendered":"<p>[et_pb_section bb_built=&#8220;1&#8243; specialty=&#8220;off&#8220; next_background_color=&#8220;#ffffff&#8220; _builder_version=&#8220;3.11.1&#8243; custom_padding=&#8220;0px||0px|&#8220; disabled=&#8220;off&#8220; disabled_on=&#8220;on|on|&#8220; background_color=&#8220;#1d9811&#8243;][et_pb_row _builder_version=&#8220;3.11.1&#8243; width_unit=&#8220;off&#8220; custom_width_percent=&#8220;100%&#8220; background_color_2=&#8220;#1d9811&#8243; background_color=&#8220;#1d9811&#8243; make_equal=&#8220;on&#8220; custom_padding=&#8220;0px||0px|&#8220; custom_margin=&#8220;0px||0px|&#8220;][et_pb_column type=&#8220;1_2&#8243;][et_pb_image admin_label=&#8220;Bild Desktop&#8220; _builder_version=&#8220;3.19.9&#8243; src=&#8220;https:\/\/hundeschule-giessen.de\/angelika\/wp-content\/uploads\/Frisbee-1.jpg&#8220; alt=&#8220;Frisbee&#8220; \/][\/et_pb_column][et_pb_column type=&#8220;1_2&#8243;][et_pb_text _builder_version=&#8220;3.11.1&#8243; custom_padding=&#8220;25%|||&#8220; header_font_size=&#8220;50px&#8220; header_text_shadow_style=&#8220;preset3&#8243;]<\/p>\n<h1><span style=\"color: #ffe572;\">Frisbee<\/span><\/h1>\n<p>[\/et_pb_text][\/et_pb_column][\/et_pb_row][\/et_pb_section][et_pb_section bb_built=&#8220;1&#8243; specialty=&#8220;off&#8220; _builder_version=&#8220;3.11.1&#8243; custom_padding=&#8220;0px||0px|&#8220; disabled=&#8220;off&#8220; disabled_on=&#8220;off|off|on&#8220; prev_background_color=&#8220;#1d9811&#8243; next_background_color=&#8220;#000000&#8243;][et_pb_row _builder_version=&#8220;3.11.1&#8243; make_fullwidth=&#8220;on&#8220; use_custom_width=&#8220;on&#8220; width_unit=&#8220;off&#8220; custom_width_percent=&#8220;100%&#8220; background_color_2=&#8220;#1d9811&#8243; background_color=&#8220;#1d9811&#8243; make_equal=&#8220;on&#8220; custom_padding=&#8220;0px||0px|&#8220; custom_margin=&#8220;0px||0px|&#8220;][et_pb_column type=&#8220;1_2&#8243;][et_pb_image admin_label=&#8220;Bild Handy + Tablet&#8220; _builder_version=&#8220;3.19.9&#8243; src=&#8220;https:\/\/hundeschule-giessen.de\/angelika\/wp-content\/uploads\/Frisbee-1.jpg&#8220; alt=&#8220;Frisbee&#8220; \/][\/et_pb_column][et_pb_column type=&#8220;1_2&#8243;][et_pb_text _builder_version=&#8220;3.11.1&#8243; custom_padding=&#8220;15%||15%|&#8220; header_font_size=&#8220;50px&#8220; header_text_shadow_style=&#8220;preset3&#8243; header_font_size_tablet=&#8220;40px&#8220; header_font_size_phone=&#8220;35px&#8220; header_font_size_last_edited=&#8220;on|tablet&#8220; custom_padding_tablet=&#8220;0px||5%|&#8220; custom_padding_last_edited=&#8220;on|tablet&#8220;]<\/p>\n<h1 style=\"text-align: center;\"><span style=\"color: #ffe572;\">Frisbee<\/span><\/h1>\n<p>[\/et_pb_text][\/et_pb_column][\/et_pb_row][\/et_pb_section][et_pb_section bb_built=&#8220;1&#8243; _builder_version=&#8220;3.9&#8243; top_divider_style=&#8220;wave2&#8243; top_divider_color=&#8220;rgba(178,178,178,0.43)&#8220; top_divider_height=&#8220;86px&#8220; top_divider_flip=&#8220;horizontal&#8220; custom_margin=&#8220;||0px|&#8220; custom_padding=&#8220;||0px|&#8220; prev_background_color=&#8220;#000000&#8243;][et_pb_row _builder_version=&#8220;3.10.1&#8243; custom_margin=&#8220;2%||0px|&#8220; custom_padding=&#8220;||0px|&#8220;][et_pb_column type=&#8220;1_2&#8243;][et_pb_text _builder_version=&#8220;3.9&#8243;]<\/p>\n<p>\nFrisbee-Spielen mit Hund, auch \u201eDiscDogging\u201c genannt, ist eine Sportart aus den USA, bei der Mensch und Hund mit Frisbee-Scheiben-Werfen und individuellen Tricks und Kunstst\u00fcckchen Spa\u00df haben und k\u00f6rperlich und geistig gefordert werden.<\/p>\n<p>[\/et_pb_text][\/et_pb_column][et_pb_column type=&#8220;1_2&#8243;][et_pb_text admin_label=&#8220;Tabelle&#8220; _builder_version=&#8220;3.11.1&#8243;]<\/p>\n<table>\n<thead>\n<tr>\n<th scope=\"col\">Wochentag<\/th>\n<th scope=\"col\">Betreuer<\/th>\n<\/tr>\n<\/thead>\n<tbody>\n<tr>\n<td data-label=\"Wochentag\">Momentan keine Kurse!<\/td>\n<td data-label=\"Betreuer\">\/\/<\/td>\n<\/tr>\n<\/tbody>\n<\/table>\n<p>[\/et_pb_text][\/et_pb_column][\/et_pb_row][et_pb_row _builder_version=&#8220;3.10.1&#8243; custom_margin=&#8220;0px|||&#8220; custom_padding=&#8220;1%|||&#8220; custom_margin_tablet=&#8220;0px||0px|&#8220; custom_margin_last_edited=&#8220;on|tablet&#8220; custom_padding_tablet=&#8220;0px|||&#8220; custom_padding_last_edited=&#8220;on|phone&#8220;][et_pb_column type=&#8220;4_4&#8243;][et_pb_text _builder_version=&#8220;3.10.1&#8243; custom_padding=&#8220;||0px|&#8220;]<\/p>\n<p>\nVon Wurfspielen im Park bis hin zu Vorf\u00fchrungen und der Teilnahme an Wettbewerben, die es seit einigen Jahren auch in Deutschland gibt, ist alles m\u00f6glich!<\/p>\n<p>Inhalt des Trainings ist zum einen, die Wurftechnik der Menschen zu verfeinern, und zum zweiten, dem Hund das \u201erichtige\u201c Fangen und Zur\u00fcckbringen beizubringen. Dabei sind der Phantasie keine Grenzen gesetzt!<\/p>\n<p>Wenn Ihr Hund Spa\u00df am Verfolgen und Fangen von Gegenst\u00e4nden hat, sollten Sie sich diese Sportart nicht entgehen lassen! Wenn Sie meinen, nicht gut werden zu k\u00f6nnen, werden Ihnen unsere Wurf\u00fcbungen helfen, und wenn Ihr Hund die Scheibe nicht zuverl\u00e4ssig zur\u00fcckbringt, wird auch das im Kurs verbessert \u2013 daf\u00fcr sind unsere \u201eSchnupperkurse\u201c da.<\/p>\n<p>Frisbee-Kurse werden in der Hundeschule Gie\u00dfen \u2013 Gunter Mattes angeboten.<br \/>\nF\u00fcr weitere Informationen wenden Sie sich bitte an Gunter Mattes, 0170\/3019131 oder <a href=\"mailto:gunter.mattes@hundeschule-giessen.de\">gunter.mattes@hundeschule-giessen.de<\/a><\/p>\n<p>&nbsp;<\/p>\n<p>[\/et_pb_text][\/et_pb_column][\/et_pb_row][\/et_pb_section]<\/p>\n","protected":false},"excerpt":{"rendered":"<p>Frisbee Frisbee Frisbee-Spielen mit Hund, auch \u201eDiscDogging\u201c genannt, ist eine Sportart aus den USA, bei der Mensch und Hund mit Frisbee-Scheiben-Werfen und individuellen Tricks und Kunstst\u00fcckchen Spa\u00df haben und k\u00f6rperlich und geistig gefordert werden. Wochentag Betreuer Momentan keine Kurse! \/\/ Von Wurfspielen im Park bis hin zu Vorf\u00fchrungen und der Teilnahme an Wettbewerben, die es [&hellip;]<\/p>\n","protected":false},"author":1,"featured_media":0,"parent":113,"menu_order":0,"comment_status":"closed","ping_status":"closed","template":"","meta":{"_et_pb_use_builder":"on","_et_pb_old_content":"","_et_gb_content_width":"","footnotes":""},"class_list":["post-413","page","type-page","status-publish","hentry"],"_links":{"self":[{"href":"https:\/\/hundeschule-giessen.de\/angelika\/wp-json\/wp\/v2\/pages\/413","targetHints":{"allow":["GET"]}}],"collection":[{"href":"https:\/\/hundeschule-giessen.de\/angelika\/wp-json\/wp\/v2\/pages"}],"about":[{"href":"https:\/\/hundeschule-giessen.de\/angelika\/wp-json\/wp\/v2\/types\/page"}],"author":[{"embeddable":true,"href":"https:\/\/hundeschule-giessen.de\/angelika\/wp-json\/wp\/v2\/users\/1"}],"replies":[{"embeddable":true,"href":"https:\/\/hundeschule-giessen.de\/angelika\/wp-json\/wp\/v2\/comments?post=413"}],"version-history":[{"count":18,"href":"https:\/\/hundeschule-giessen.de\/angelika\/wp-json\/wp\/v2\/pages\/413\/revisions"}],"predecessor-version":[{"id":2825,"href":"https:\/\/hundeschule-giessen.de\/angelika\/wp-json\/wp\/v2\/pages\/413\/revisions\/2825"}],"up":[{"embeddable":true,"href":"https:\/\/hundeschule-giessen.de\/angelika\/wp-json\/wp\/v2\/pages\/113"}],"wp:attachment":[{"href":"https:\/\/hundeschule-giessen.de\/angelika\/wp-json\/wp\/v2\/media?parent=413"}],"curies":[{"name":"wp","href":"https:\/\/api.w.org\/{rel}","templated":true}]}}