{"id":419,"date":"2018-06-18T14:33:18","date_gmt":"2018-06-18T14:33:18","guid":{"rendered":"https:\/\/hundeschule.eikenroth.net\/?page_id=419"},"modified":"2022-03-03T22:07:37","modified_gmt":"2022-03-03T22:07:37","slug":"nasenarbeit","status":"publish","type":"page","link":"https:\/\/hundeschule-giessen.de\/angelika\/kurse\/nasenarbeit\/","title":{"rendered":"Nasenarbeit"},"content":{"rendered":"<p>[et_pb_section fb_built=&#8220;1&#8243; disabled_on=&#8220;on|on|&#8220; _builder_version=&#8220;3.22&#8243; background_color=&#8220;#1d9811&#8243; custom_padding=&#8220;0px||0px|&#8220; global_colors_info=&#8220;{}&#8220;][et_pb_row column_structure=&#8220;1_2,1_2&#8243; make_equal=&#8220;on&#8220; _builder_version=&#8220;3.25&#8243; background_color=&#8220;#1d9811&#8243; custom_margin=&#8220;0px||0px|&#8220; custom_padding=&#8220;0px||0px|&#8220; global_colors_info=&#8220;{}&#8220;][et_pb_column type=&#8220;1_2&#8243; _builder_version=&#8220;3.25&#8243; custom_padding=&#8220;|||&#8220; global_colors_info=&#8220;{}&#8220; custom_padding__hover=&#8220;|||&#8220;][et_pb_image src=&#8220;https:\/\/hundeschule-giessen.de\/angelika\/wp-content\/uploads\/ZOS-Laika-01-2.jpg&#8220; alt=&#8220;Nasenarbeit&#8220; align_tablet=&#8220;center&#8220; align_phone=&#8220;&#8220; align_last_edited=&#8220;on|desktop&#8220; admin_label=&#8220;Bild Desktop&#8220; _builder_version=&#8220;3.23&#8243; global_colors_info=&#8220;{}&#8220;][\/et_pb_image][\/et_pb_column][et_pb_column type=&#8220;1_2&#8243; _builder_version=&#8220;3.25&#8243; background_color=&#8220;#1d9811&#8243; custom_padding=&#8220;|||&#8220; global_colors_info=&#8220;{}&#8220; custom_padding__hover=&#8220;|||&#8220;][et_pb_text _builder_version=&#8220;3.27.4&#8243; header_font_size=&#8220;50px&#8220; custom_padding=&#8220;25%|||&#8220; header_text_shadow_style=&#8220;preset3&#8243; global_colors_info=&#8220;{}&#8220;]<\/p>\n<h1><span style=\"color: #ffe572;\">Nasenarbeit<\/span><\/h1>\n<p>[\/et_pb_text][\/et_pb_column][\/et_pb_row][\/et_pb_section][et_pb_section fb_built=&#8220;1&#8243; disabled_on=&#8220;off|off|on&#8220; _builder_version=&#8220;3.22&#8243; custom_padding=&#8220;0px||0px|&#8220; global_colors_info=&#8220;{}&#8220;][et_pb_row column_structure=&#8220;1_2,1_2&#8243; make_equal=&#8220;on&#8220; _builder_version=&#8220;3.25&#8243; background_color=&#8220;#1d9811&#8243; width=&#8220;100%&#8220; max_width=&#8220;100%&#8220; custom_margin=&#8220;0px||0px|&#8220; custom_padding=&#8220;0px||0px|&#8220; use_custom_width=&#8220;on&#8220; width_unit=&#8220;off&#8220; custom_width_percent=&#8220;100%&#8220; global_colors_info=&#8220;{}&#8220;][et_pb_column type=&#8220;1_2&#8243; _builder_version=&#8220;3.25&#8243; custom_padding=&#8220;|||&#8220; global_colors_info=&#8220;{}&#8220; custom_padding__hover=&#8220;|||&#8220;][et_pb_image src=&#8220;https:\/\/hundeschule-giessen.de\/angelika\/wp-content\/uploads\/ZOS-Laika-01-2.jpg&#8220; alt=&#8220;Nasenarbeit&#8220; align_tablet=&#8220;center&#8220; align_phone=&#8220;&#8220; align_last_edited=&#8220;on|desktop&#8220; admin_label=&#8220;Bild Handy + Tablet&#8220; _builder_version=&#8220;3.23&#8243; global_colors_info=&#8220;{}&#8220;][\/et_pb_image][\/et_pb_column][et_pb_column type=&#8220;1_2&#8243; _builder_version=&#8220;3.25&#8243; background_color=&#8220;#1d9811&#8243; custom_padding=&#8220;|||&#8220; global_colors_info=&#8220;{}&#8220; custom_padding__hover=&#8220;|||&#8220;][et_pb_text _builder_version=&#8220;3.27.4&#8243; header_font_size=&#8220;50px&#8220; custom_padding=&#8220;15%||15%|&#8220; custom_padding_tablet=&#8220;0px||5%|&#8220; custom_padding_phone=&#8220;&#8220; custom_padding_last_edited=&#8220;on|tablet&#8220; header_font_size_tablet=&#8220;40px&#8220; header_font_size_phone=&#8220;35px&#8220; header_font_size_last_edited=&#8220;on|tablet&#8220; header_text_shadow_style=&#8220;preset3&#8243; global_colors_info=&#8220;{}&#8220;]<\/p>\n<h1 style=\"text-align: center;\"><span style=\"color: #ffe572;\">Nasenarbeit<\/span><\/h1>\n<p>[\/et_pb_text][\/et_pb_column][\/et_pb_row][\/et_pb_section][et_pb_section fb_built=&#8220;1&#8243; _builder_version=&#8220;3.22&#8243; custom_margin=&#8220;||0px|&#8220; custom_padding=&#8220;||0px|&#8220; top_divider_style=&#8220;wave2&#8243; top_divider_color=&#8220;rgba(178,178,178,0.43)&#8220; top_divider_height=&#8220;86px&#8220; top_divider_flip=&#8220;vertical|horizontal&#8220; global_colors_info=&#8220;{}&#8220;][et_pb_row column_structure=&#8220;1_2,1_2&#8243; _builder_version=&#8220;3.25&#8243; custom_margin=&#8220;2%||0px|&#8220; custom_padding=&#8220;||0px|&#8220; global_colors_info=&#8220;{}&#8220;][et_pb_column type=&#8220;1_2&#8243; _builder_version=&#8220;3.25&#8243; custom_padding=&#8220;|||&#8220; global_colors_info=&#8220;{}&#8220; custom_padding__hover=&#8220;|||&#8220;][et_pb_text _builder_version=&#8220;3.27.4&#8243; global_colors_info=&#8220;{}&#8220;]<\/p>\n<p>Nasenarbeit ist eine Besch\u00e4ftigungsm\u00f6glichkeit, die wirklich f\u00fcr jeden Hund geeignet ist.<br \/> Und die M\u00f6glichkeiten sind zahlreich!<\/p>\n<p>Wir nennen unsere Angebot &#8222;NasenSpa\u00df&#8220; und in diesen Kursen werden euch verschiedene M\u00f6glichkeiten gezeigt, wie ihr euren Hund in dieser Richtung besch\u00e4ftigen und auslasten k\u00f6nnt.<\/p>\n<p>Da gibt es die &#8222;Verlorensuche&#8220;, und das Erschn\u00fcffeln von Gegenst\u00e4nden in einem Suchfeld, und vieles mehr!<\/p>\n<p>&nbsp;<\/p>\n<p>[\/et_pb_text][\/et_pb_column][et_pb_column type=&#8220;1_2&#8243; _builder_version=&#8220;3.25&#8243; custom_padding=&#8220;|||&#8220; global_colors_info=&#8220;{}&#8220; custom_padding__hover=&#8220;|||&#8220;][et_pb_text admin_label=&#8220;Tabelle&#8220; _builder_version=&#8220;4.6.1&#8243; global_colors_info=&#8220;{}&#8220;]<\/p>\n<table>\n<thead>\n<tr>\n<th scope=\"col\">Wochentag<\/th>\n<th scope=\"col\"><\/th>\n<th scope=\"col\">Betreuer<\/th>\n<\/tr>\n<\/thead>\n<tbody>\n<tr>\n<td data-label=\"Wochentag\">Stand 04.03.2022<\/td>\n<td data-label=\"Wochentag\"><\/td>\n<td data-label=\"Betreuer\"><\/td>\n<\/tr>\n<tr>\n<td data-label=\"Wochentag\">neue Kurse demn\u00e4chst!<\/td>\n<td data-label=\"Wochentag\">Interessenten bitte melden!<\/td>\n<td data-label=\"Betreuer\"><\/td>\n<\/tr>\n<tr>\n<td data-label=\"Wochentag\"><\/td>\n<td data-label=\"Wochentag\"><\/td>\n<td data-label=\"Betreuer\"><\/td>\n<\/tr>\n<\/tbody>\n<\/table>\n<p>&nbsp;<\/p>\n<p>[\/et_pb_text][\/et_pb_column][\/et_pb_row][et_pb_row _builder_version=&#8220;3.25&#8243; custom_margin=&#8220;0px|||&#8220; custom_padding=&#8220;0px|||&#8220; global_colors_info=&#8220;{}&#8220;][et_pb_column type=&#8220;4_4&#8243; _builder_version=&#8220;3.25&#8243; custom_padding=&#8220;|||&#8220; global_colors_info=&#8220;{}&#8220; custom_padding__hover=&#8220;|||&#8220;][et_pb_text _builder_version=&#8220;3.27.4&#8243; custom_margin_tablet=&#8220;||0px|&#8220; custom_margin_phone=&#8220;&#8220; custom_margin_last_edited=&#8220;on|desktop&#8220; custom_padding=&#8220;1%|||&#8220; custom_padding_tablet=&#8220;||0px|&#8220; custom_padding_phone=&#8220;&#8220; custom_padding_last_edited=&#8220;on|desktop&#8220; global_colors_info=&#8220;{}&#8220;]<\/p>\n<p>NasenSpa\u00df ist wirklich f\u00fcr JEDEN Hund geeignet, wir freuen uns auf eure Anfrage!<strong><br \/> <\/strong><\/p>\n<p>&nbsp;<\/p>\n<p>[\/et_pb_text][\/et_pb_column][\/et_pb_row][\/et_pb_section]<\/p>\n","protected":false},"excerpt":{"rendered":"<p>Nasenarbeit Nasenarbeit Nasenarbeit ist eine Besch\u00e4ftigungsm\u00f6glichkeit, die wirklich f\u00fcr jeden Hund geeignet ist. Und die M\u00f6glichkeiten sind zahlreich! Wir nennen unsere Angebot &#8222;NasenSpa\u00df&#8220; und in diesen Kursen werden euch verschiedene M\u00f6glichkeiten gezeigt, wie ihr euren Hund in dieser Richtung besch\u00e4ftigen und auslasten k\u00f6nnt. Da gibt es die &#8222;Verlorensuche&#8220;, und das Erschn\u00fcffeln von Gegenst\u00e4nden in einem [&hellip;]<\/p>\n","protected":false},"author":1,"featured_media":0,"parent":113,"menu_order":0,"comment_status":"closed","ping_status":"closed","template":"","meta":{"_et_pb_use_builder":"on","_et_pb_old_content":"","_et_gb_content_width":"","footnotes":""},"class_list":["post-419","page","type-page","status-publish","hentry"],"_links":{"self":[{"href":"https:\/\/hundeschule-giessen.de\/angelika\/wp-json\/wp\/v2\/pages\/419","targetHints":{"allow":["GET"]}}],"collection":[{"href":"https:\/\/hundeschule-giessen.de\/angelika\/wp-json\/wp\/v2\/pages"}],"about":[{"href":"https:\/\/hundeschule-giessen.de\/angelika\/wp-json\/wp\/v2\/types\/page"}],"author":[{"embeddable":true,"href":"https:\/\/hundeschule-giessen.de\/angelika\/wp-json\/wp\/v2\/users\/1"}],"replies":[{"embeddable":true,"href":"https:\/\/hundeschule-giessen.de\/angelika\/wp-json\/wp\/v2\/comments?post=419"}],"version-history":[{"count":22,"href":"https:\/\/hundeschule-giessen.de\/angelika\/wp-json\/wp\/v2\/pages\/419\/revisions"}],"predecessor-version":[{"id":3832,"href":"https:\/\/hundeschule-giessen.de\/angelika\/wp-json\/wp\/v2\/pages\/419\/revisions\/3832"}],"up":[{"embeddable":true,"href":"https:\/\/hundeschule-giessen.de\/angelika\/wp-json\/wp\/v2\/pages\/113"}],"wp:attachment":[{"href":"https:\/\/hundeschule-giessen.de\/angelika\/wp-json\/wp\/v2\/media?parent=419"}],"curies":[{"name":"wp","href":"https:\/\/api.w.org\/{rel}","templated":true}]}}