{"id":430,"date":"2018-06-18T14:38:20","date_gmt":"2018-06-18T14:38:20","guid":{"rendered":"https:\/\/hundeschule.eikenroth.net\/?page_id=430"},"modified":"2019-02-13T11:14:02","modified_gmt":"2019-02-13T11:14:02","slug":"fruehfoerderung-fuer-welpen-und-junghunde","status":"publish","type":"page","link":"https:\/\/hundeschule-giessen.de\/angelika\/kurse\/fruehfoerderung-fuer-welpen-und-junghunde\/","title":{"rendered":"Fr\u00fchf\u00f6rderung f\u00fcr Welpen und Junghunde"},"content":{"rendered":"<p>[et_pb_section bb_built=&#8220;1&#8243; disabled_on=&#8220;on|on|&#8220; _builder_version=&#8220;3.11.1&#8243; background_color=&#8220;#1d9811&#8243; custom_padding=&#8220;0px||0px|&#8220; next_background_color=&#8220;#ffffff&#8220;][et_pb_row custom_width_percent=&#8220;100%&#8220; custom_padding=&#8220;0px||0px|&#8220; custom_margin=&#8220;0px||0px|&#8220; make_equal=&#8220;on&#8220; background_color_2=&#8220;#1d9811&#8243; _builder_version=&#8220;3.11.1&#8243; background_color=&#8220;#1d9811&#8243;][et_pb_column type=&#8220;1_2&#8243;][et_pb_image admin_label=&#8220;Bild Desktop&#8220; src=&#8220;https:\/\/hundeschule-giessen.de\/angelika\/wp-content\/uploads\/Welpenfruehfoerderung.jpg&#8220; alt=&#8220;Fr\u00fchf\u00f6rderung f\u00fcr Welpen und Junghunde&#8220; _builder_version=&#8220;3.19.9&#8243; \/][\/et_pb_column][et_pb_column type=&#8220;1_2&#8243;][et_pb_text _builder_version=&#8220;3.11.1&#8243; header_font_size=&#8220;50px&#8220; header_text_shadow_style=&#8220;preset3&#8243; custom_padding=&#8220;20%|||&#8220;]<\/p>\n<h1><span style=\"color: #ffe572;\">Fr\u00fchf\u00f6rderung f\u00fcr Welpen und Junghunde<\/span><\/h1>\n<p>[\/et_pb_text][\/et_pb_column][\/et_pb_row][\/et_pb_section][et_pb_section bb_built=&#8220;1&#8243; disabled_on=&#8220;off|off|on&#8220; _builder_version=&#8220;3.11.1&#8243; custom_padding=&#8220;0px||0px|&#8220; prev_background_color=&#8220;#1d9811&#8243; next_background_color=&#8220;#000000&#8243;][et_pb_row use_custom_width=&#8220;on&#8220; width_unit=&#8220;off&#8220; custom_width_percent=&#8220;100%&#8220; custom_padding=&#8220;0px||0px|&#8220; custom_margin=&#8220;0px||0px|&#8220; make_equal=&#8220;on&#8220; background_color_2=&#8220;#1d9811&#8243; _builder_version=&#8220;3.11.1&#8243; background_color=&#8220;#1d9811&#8243;][et_pb_column type=&#8220;1_2&#8243;][et_pb_image admin_label=&#8220;Bild Handy + Tablet&#8220; src=&#8220;https:\/\/hundeschule-giessen.de\/angelika\/wp-content\/uploads\/Welpenfruehfoerderung.jpg&#8220; _builder_version=&#8220;3.19.9&#8243; alt=&#8220;Fr\u00fchf\u00f6rderung f\u00fcr Welpen und Junghunde&#8220; \/][\/et_pb_column][et_pb_column type=&#8220;1_2&#8243;][et_pb_text _builder_version=&#8220;3.11.1&#8243; header_font_size=&#8220;50px&#8220; header_font_size_tablet=&#8220;40px&#8220; header_font_size_phone=&#8220;35px&#8220; header_font_size_last_edited=&#8220;on|tablet&#8220; header_text_shadow_style=&#8220;preset3&#8243; custom_padding=&#8220;15%||15%|&#8220; custom_padding_tablet=&#8220;0px||5%|&#8220; custom_padding_last_edited=&#8220;on|tablet&#8220;]<\/p>\n<h1 style=\"text-align: center;\"><span style=\"color: #ffe572;\">Fr\u00fchf\u00f6rderung f\u00fcr Welpen &amp; Junghunde<\/span><\/h1>\n<p>[\/et_pb_text][\/et_pb_column][\/et_pb_row][\/et_pb_section][et_pb_section bb_built=&#8220;1&#8243; _builder_version=&#8220;3.9&#8243; custom_margin=&#8220;||0px|&#8220; custom_padding=&#8220;||0px|&#8220; top_divider_style=&#8220;wave2&#8243; top_divider_color=&#8220;rgba(178,178,178,0.43)&#8220; top_divider_height=&#8220;86px&#8220; top_divider_flip=&#8220;horizontal&#8220; prev_background_color=&#8220;#000000&#8243;][et_pb_row custom_padding=&#8220;||0px|&#8220; custom_margin=&#8220;2%||0px|&#8220; _builder_version=&#8220;3.9&#8243;][et_pb_column type=&#8220;1_2&#8243;][et_pb_text _builder_version=&#8220;3.9&#8243;]<\/p>\n<p>\n<span style=\"color: #1d9811;\"><strong>Fr\u00fch \u00fcbt sich&#8230;<\/strong><\/span><\/p>\n<p>Was H\u00e4nschen nicht lernt, lernt Hans nimmermehr? \u2013 Nein, so ist es gl\u00fccklicherweise nicht. Auch ein erwachsener Hund ist in der Lage, neue Dinge zu lernen. Wenn man jedoch fr\u00fchzeitig beginnt, den Hund seiner Rasse und seinen Neigungen gem\u00e4\u00df zu f\u00f6rdern, macht man es sich und dem Vierbeiner leicht.<\/p>\n<p>[\/et_pb_text][\/et_pb_column][et_pb_column type=&#8220;1_2&#8243;][et_pb_text _builder_version=&#8220;3.11.1&#8243;]<\/p>\n<table>\n<thead>\n<tr>\n<th scope=\"col\">Wochentag<\/th>\n<th scope=\"col\">Betreuer<\/th>\n<\/tr>\n<\/thead>\n<tbody>\n<tr>\n<td data-label=\"Wochentag\">Momentan keine Kurse!<\/td>\n<td data-label=\"Betreuer\">\/\/<\/td>\n<\/tr>\n<\/tbody>\n<\/table>\n<p>[\/et_pb_text][\/et_pb_column][\/et_pb_row][et_pb_row custom_padding=&#8220;0px|||&#8220; custom_margin=&#8220;0px|||&#8220; _builder_version=&#8220;3.9&#8243;][et_pb_column type=&#8220;4_4&#8243;][et_pb_text _builder_version=&#8220;3.11.1&#8243;]<\/p>\n<p>Wenn ein Hund spielerisch und Schritt f\u00fcr Schritt an neue Aufgaben herangef\u00fchrt wird, macht ihm das Lernen und das \u00dcben Spa\u00df, und er wird sp\u00e4ter weniger Probleme in seiner \u201eSportart\u201c haben als Sp\u00e4teinsteiger. Nutzen wir also die Welpen- und Junghundezeit, in der unsere Vierbeiner so aufnahmebereit sind wie sp\u00e4ter nie wieder!<\/p>\n<p>Die Hundeschule Gie\u00dfen bietet mit der Fr\u00fchf\u00f6rderung Besch\u00e4ftigungsm\u00f6glichkeiten in verschiedenen Bereichen; die Angebote sind \u00a0gedacht als erg\u00e4nzendes Training zu den bestehenden Welpen- und Junghundgruppen. In den Kursen und Workshops mit geringer Teilnehmerzahl legen wir Wert auf altersgem\u00e4\u00dfe Lerninhalte und individuelle Betreuung. \u00a0Ziel der Fr\u00fchf\u00f6rderung ist es zudem, Hunden und Menschen die M\u00f6glichkeit zu geben, in eine f\u00fcr sie fremde \u201eDisziplin\u201c fr\u00fchzeitig hineinzuschnuppern.<\/p>\n<p>[\/et_pb_text][\/et_pb_column][\/et_pb_row][et_pb_row custom_padding=&#8220;0px||0px|&#8220; custom_margin=&#8220;0px||1.5%|&#8220; _builder_version=&#8220;3.9&#8243; custom_margin_tablet=&#8220;0px||5%|&#8220; custom_margin_phone=&#8220;0px||7%|&#8220; custom_margin_last_edited=&#8220;on|phone&#8220;][et_pb_column type=&#8220;1_2&#8243;][et_pb_text _builder_version=&#8220;3.11.1&#8243;]<\/p>\n<p><span style=\"color: #1d9811;\"><strong>Agility-Schnupperkurs und -Fortgeschrittenenkurs<\/strong><\/span><\/p>\n<p>F\u00fcr Welpen und Junghunde bieten wir einen Fr\u00fchf\u00f6rderkurs \u201eAgility-Schnuppern\u201c (Kursdauer 6&#215;60 Minuten, Kosten 68,- \u20ac) an. F\u00fcr die Bindung unserer kleinen Vierbeiner an ihre Menschen ist gemeinsamer Sport sehr f\u00f6rderlich, denn richtig durchgef\u00fchrt lernen die Hunde dabei: Diesem Menschen kann ich vertrauen, denn alles, was er mit mir unternimmt, ist sicher und macht auch noch riesig Spa\u00df. Die jungen Hunde lernen spielerisch ihr neues Hobby kennen, und es gibt nat\u00fcrlich in der \u00dcbungsstunde auch ausreichend Spielphasen; w\u00e4hrend die Hunde das Spiel genie\u00dfen, werden Herrchen und Frauchen \u00fcber die Agility-Theorie informiert. Wir arbeiten mit welpengerechten Ger\u00e4ten, so dass keine \u00dcberlastung der Welpen auftreten kann. Im Anschluss an den Schnupperkurs schlie\u00dft sich ein Fortgeschrittenen\u2013Kurs an, in dem alle Ger\u00e4te des Sportes vorgestellt und gearbeitet werden. Nat\u00fcrlich haben wir auch hier die Gesundheit der Hunde immer im Blick.<\/p>\n<p>[\/et_pb_text][\/et_pb_column][et_pb_column type=&#8220;1_2&#8243;][et_pb_text _builder_version=&#8220;3.11.1&#8243;]<\/p>\n<p><span style=\"color: #1d9811;\"><strong>Einstieg ins Hoopers Agility<br \/><\/strong><\/span><\/p>\n<p>Kurse oder Workshops auf Anfrage!<\/p>\n<p><span style=\"color: #1d9811;\"><strong>Einstieg in Click&amp;Trick<\/strong><\/span><\/p>\n<p>Kurse oder Workshops auf Anfrage!<\/p>\n<p><span style=\"color: #1d9811;\"><strong>Einstieg in die Nasenarbeit<br \/><\/strong><\/span><\/p>\n<p>Kurse oder Workshops auf Anfrage!<\/p>\n<p>[\/et_pb_text][\/et_pb_column][\/et_pb_row][\/et_pb_section]<\/p>\n","protected":false},"excerpt":{"rendered":"<p>Fr\u00fchf\u00f6rderung f\u00fcr Welpen und Junghunde Fr\u00fchf\u00f6rderung f\u00fcr Welpen &amp; Junghunde Fr\u00fch \u00fcbt sich&#8230; Was H\u00e4nschen nicht lernt, lernt Hans nimmermehr? \u2013 Nein, so ist es gl\u00fccklicherweise nicht. Auch ein erwachsener Hund ist in der Lage, neue Dinge zu lernen. Wenn man jedoch fr\u00fchzeitig beginnt, den Hund seiner Rasse und seinen Neigungen gem\u00e4\u00df zu f\u00f6rdern, macht [&hellip;]<\/p>\n","protected":false},"author":1,"featured_media":0,"parent":113,"menu_order":0,"comment_status":"closed","ping_status":"closed","template":"","meta":{"_et_pb_use_builder":"on","_et_pb_old_content":"","_et_gb_content_width":"","footnotes":""},"class_list":["post-430","page","type-page","status-publish","hentry"],"_links":{"self":[{"href":"https:\/\/hundeschule-giessen.de\/angelika\/wp-json\/wp\/v2\/pages\/430","targetHints":{"allow":["GET"]}}],"collection":[{"href":"https:\/\/hundeschule-giessen.de\/angelika\/wp-json\/wp\/v2\/pages"}],"about":[{"href":"https:\/\/hundeschule-giessen.de\/angelika\/wp-json\/wp\/v2\/types\/page"}],"author":[{"embeddable":true,"href":"https:\/\/hundeschule-giessen.de\/angelika\/wp-json\/wp\/v2\/users\/1"}],"replies":[{"embeddable":true,"href":"https:\/\/hundeschule-giessen.de\/angelika\/wp-json\/wp\/v2\/comments?post=430"}],"version-history":[{"count":15,"href":"https:\/\/hundeschule-giessen.de\/angelika\/wp-json\/wp\/v2\/pages\/430\/revisions"}],"predecessor-version":[{"id":1504,"href":"https:\/\/hundeschule-giessen.de\/angelika\/wp-json\/wp\/v2\/pages\/430\/revisions\/1504"}],"up":[{"embeddable":true,"href":"https:\/\/hundeschule-giessen.de\/angelika\/wp-json\/wp\/v2\/pages\/113"}],"wp:attachment":[{"href":"https:\/\/hundeschule-giessen.de\/angelika\/wp-json\/wp\/v2\/media?parent=430"}],"curies":[{"name":"wp","href":"https:\/\/api.w.org\/{rel}","templated":true}]}}