{"id":432,"date":"2018-06-18T14:39:08","date_gmt":"2018-06-18T14:39:08","guid":{"rendered":"https:\/\/hundeschule.eikenroth.net\/?page_id=432"},"modified":"2022-12-15T23:04:28","modified_gmt":"2022-12-15T23:04:28","slug":"einzeltraining-einzelberatung","status":"publish","type":"page","link":"https:\/\/hundeschule-giessen.de\/angelika\/kurse\/einzeltraining-einzelberatung\/","title":{"rendered":"Einzeltraining \/ Einzelberatung"},"content":{"rendered":"<p>[et_pb_section fb_built=&#8220;1&#8243; disabled_on=&#8220;on|on|&#8220; _builder_version=&#8220;4.16&#8243; background_color=&#8220;#1d9811&#8243; custom_padding=&#8220;0px||0px|&#8220; global_colors_info=&#8220;{}&#8220;][et_pb_row column_structure=&#8220;1_2,1_2&#8243; make_equal=&#8220;on&#8220; _builder_version=&#8220;4.16&#8243; background_color=&#8220;#1d9811&#8243; custom_margin=&#8220;0px||0px|&#8220; custom_padding=&#8220;0px||0px|&#8220; custom_width_percent=&#8220;100%&#8220; global_colors_info=&#8220;{}&#8220;][et_pb_column type=&#8220;1_2&#8243; _builder_version=&#8220;4.16&#8243; custom_padding=&#8220;|||&#8220; global_colors_info=&#8220;{}&#8220; custom_padding__hover=&#8220;|||&#8220;][et_pb_image src=&#8220;https:\/\/hundeschule-giessen.de\/angelika\/wp-content\/uploads\/PhilosophieundAngebot.jpg&#8220; alt=&#8220;Einzeltraining&#8220; align_tablet=&#8220;center&#8220; align_phone=&#8220;&#8220; align_last_edited=&#8220;on|desktop&#8220; admin_label=&#8220;Bild Desktop&#8220; _builder_version=&#8220;4.16&#8243; global_colors_info=&#8220;{}&#8220;][\/et_pb_image][\/et_pb_column][et_pb_column type=&#8220;1_2&#8243; _builder_version=&#8220;4.16&#8243; background_color=&#8220;#1d9811&#8243; custom_padding=&#8220;|||&#8220; global_colors_info=&#8220;{}&#8220; custom_padding__hover=&#8220;|||&#8220;][et_pb_text _builder_version=&#8220;4.16&#8243; header_font_size=&#8220;50px&#8220; custom_padding=&#8220;25%|||&#8220; header_text_shadow_style=&#8220;preset3&#8243; global_colors_info=&#8220;{}&#8220;]<\/p>\n<h1><span style=\"color: #ffe572;\">Einzeltraining \/ Einzelberatung<\/span><\/h1>\n<p>[\/et_pb_text][\/et_pb_column][\/et_pb_row][\/et_pb_section][et_pb_section fb_built=&#8220;1&#8243; disabled_on=&#8220;off|off|on&#8220; _builder_version=&#8220;4.16&#8243; custom_padding=&#8220;0px||0px|&#8220; global_colors_info=&#8220;{}&#8220;][et_pb_row column_structure=&#8220;1_2,1_2&#8243; make_equal=&#8220;on&#8220; _builder_version=&#8220;4.16&#8243; background_color=&#8220;#1d9811&#8243; width=&#8220;100%&#8220; max_width=&#8220;100%&#8220; custom_margin=&#8220;0px||0px|&#8220; custom_padding=&#8220;0px||0px|&#8220; use_custom_width=&#8220;on&#8220; width_unit=&#8220;off&#8220; custom_width_percent=&#8220;100%&#8220; global_colors_info=&#8220;{}&#8220;][et_pb_column type=&#8220;1_2&#8243; _builder_version=&#8220;4.16&#8243; custom_padding=&#8220;|||&#8220; global_colors_info=&#8220;{}&#8220; custom_padding__hover=&#8220;|||&#8220;][et_pb_image src=&#8220;https:\/\/hundeschule-giessen.de\/angelika\/wp-content\/uploads\/PhilosophieundAngebot.jpg&#8220; alt=&#8220;Einzeltraining&#8220; align_tablet=&#8220;center&#8220; align_phone=&#8220;&#8220; align_last_edited=&#8220;on|desktop&#8220; admin_label=&#8220;Bild Handy + Tablet&#8220; _builder_version=&#8220;4.16&#8243; global_colors_info=&#8220;{}&#8220;][\/et_pb_image][\/et_pb_column][et_pb_column type=&#8220;1_2&#8243; _builder_version=&#8220;4.16&#8243; background_color=&#8220;#1d9811&#8243; custom_padding=&#8220;|||&#8220; global_colors_info=&#8220;{}&#8220; custom_padding__hover=&#8220;|||&#8220;][et_pb_text _builder_version=&#8220;4.16&#8243; header_font_size=&#8220;50px&#8220; custom_padding=&#8220;15%||15%|&#8220; custom_padding_tablet=&#8220;0px||5%|&#8220; custom_padding_phone=&#8220;&#8220; custom_padding_last_edited=&#8220;on|tablet&#8220; header_font_size_tablet=&#8220;40px&#8220; header_font_size_phone=&#8220;35px&#8220; header_font_size_last_edited=&#8220;on|tablet&#8220; header_text_shadow_style=&#8220;preset3&#8243; global_colors_info=&#8220;{}&#8220;]<\/p>\n<h1 style=\"text-align: center;\"><span style=\"color: #ffe572;\">Einzeltraining \/ Einzelberatung<\/span><\/h1>\n<p>[\/et_pb_text][\/et_pb_column][\/et_pb_row][\/et_pb_section][et_pb_section fb_built=&#8220;1&#8243; _builder_version=&#8220;4.16&#8243; custom_margin=&#8220;||0px|&#8220; custom_padding=&#8220;||0px|&#8220; top_divider_style=&#8220;wave2&#8243; top_divider_color=&#8220;rgba(178,178,178,0.43)&#8220; top_divider_height=&#8220;73px&#8220; top_divider_flip=&#8220;vertical|horizontal&#8220; global_colors_info=&#8220;{}&#8220;][et_pb_row column_structure=&#8220;1_2,1_2&#8243; _builder_version=&#8220;4.16&#8243; custom_margin=&#8220;2%||0px|&#8220; custom_padding=&#8220;||0px|&#8220; global_colors_info=&#8220;{}&#8220;][et_pb_column type=&#8220;1_2&#8243; _builder_version=&#8220;4.16&#8243; custom_padding=&#8220;|||&#8220; global_colors_info=&#8220;{}&#8220; custom_padding__hover=&#8220;|||&#8220;][et_pb_text _builder_version=&#8220;4.16&#8243; global_colors_info=&#8220;{}&#8220;]<\/p>\n<p>\n<span style=\"color: #1d9811;\"><strong>Beratung bei der Anschaffung eines Hundes<\/strong><\/span><\/p>\n<p>Wir hoffen, dass dieses Angebot wachsenden Zuspruch findet. Leider werden immer noch viele Hunde \u201eaus dem Bauch heraus\u201c gekauft und Informationen von kompetenter, unabh\u00e4ngiger Seite werden <strong>vor dem Kauf <\/strong>kaum nachgefragt.<\/p>\n<p>[\/et_pb_text][\/et_pb_column][et_pb_column type=&#8220;1_2&#8243; _builder_version=&#8220;4.16&#8243; custom_padding=&#8220;|||&#8220; global_colors_info=&#8220;{}&#8220; custom_padding__hover=&#8220;|||&#8220;][et_pb_text admin_label=&#8220;Tabelle&#8220; _builder_version=&#8220;4.16&#8243; global_colors_info=&#8220;{}&#8220;]<\/p>\n<table>\n<thead>\n<tr>\n<th scope=\"col\">Wochentag<\/th>\n<th scope=\"col\">Betreuer<\/th>\n<\/tr>\n<\/thead>\n<tbody>\n<tr>\n<td data-label=\"Wochentag\"><b>Termine nach <br \/><\/b><\/td>\n<td data-label=\"Betreuer\"><strong>Vereinbarung<\/strong> <\/td>\n<\/tr>\n<tr>\n<td data-label=\"Wochentag\"><\/td>\n<td data-label=\"Betreuer\"><\/td>\n<\/tr>\n<\/tbody>\n<\/table>\n<p>&nbsp;<\/p>\n<p>[\/et_pb_text][\/et_pb_column][\/et_pb_row][et_pb_row _builder_version=&#8220;4.16&#8243; custom_margin=&#8220;1%||0px|&#8220; custom_padding=&#8220;0px||0px|&#8220; global_colors_info=&#8220;{}&#8220;][et_pb_column type=&#8220;4_4&#8243; _builder_version=&#8220;4.16&#8243; custom_padding=&#8220;|||&#8220; global_colors_info=&#8220;{}&#8220; custom_padding__hover=&#8220;|||&#8220;][et_pb_text _builder_version=&#8220;4.16&#8243; global_colors_info=&#8220;{}&#8220;]<\/p>\n<p>Wir wollen Neuhundehaltern helfen, aber auch anderen, die auf eine ganz andere Rasse oder Mischung \u201eumsteigen\u201c m\u00f6chten, m\u00f6glichst einen passenden Hund zu finden. Wir m\u00f6chten auch dazu beitragen, dass die \u201eProdukte\u201c gedankenloser \u201eHobbyz\u00fcchter\u201c und skrupelloser Tiervermehrer keine Abnehmer mehr finden und solche Menschen hoffentlich irgendwann mit der \u201eWare Hund\u201c kein Geld mehr verdienen k\u00f6nnen. Bitte hilf uns dabei, empfiehl uns Bekannten, die einen \u201eHundewunsch\u201c hegen, ein Beratungsgespr\u00e4ch \u2013 es lohnt sich, f\u00fcr Mensch und Hund.<\/p>\n<p>[\/et_pb_text][\/et_pb_column][\/et_pb_row][et_pb_row column_structure=&#8220;1_2,1_2&#8243; _builder_version=&#8220;4.16&#8243; custom_margin=&#8220;1%||0px|&#8220; custom_padding=&#8220;||0px|&#8220; global_colors_info=&#8220;{}&#8220;][et_pb_column type=&#8220;1_2&#8243; _builder_version=&#8220;4.16&#8243; custom_padding=&#8220;|||&#8220; global_colors_info=&#8220;{}&#8220; custom_padding__hover=&#8220;|||&#8220;][et_pb_text _builder_version=&#8220;4.19.2&#8243; hover_enabled=&#8220;0&#8243; global_colors_info=&#8220;{}&#8220; sticky_enabled=&#8220;0&#8243;]<\/p>\n<p><span style=\"color: #1d9811;\"><strong>Beratung in Problemf\u00e4llen<\/strong><\/span><\/p>\n<p>Hast du ein spezielles Problem mit deinem Hund, dann helfen wir gerne.<\/p>\n<p>Ob<\/p>\n<ul>\n<li>dein Hund nicht mit fremden Hunden vertr\u00e4glich ist,<\/li>\n<li>deine Hunde untereinander nicht klarkommen,<\/li>\n<li>dein Hund den Brieftr\u00e4ger \u201ezum Fressen gern\u201c hat,<\/li>\n<li>du sogar selbst die Z\u00e4hne deines Hundes schon schmerzhaft zu sp\u00fcren bekommen hast,<\/li>\n<li>dein Hund ausgepr\u00e4gten Jagdtrieb zeigt,<\/li>\n<li>dein Hund Schwierigkeiten beim Autofahren hat,<\/li>\n<\/ul>\n<p>gemeinsam werden wir L\u00f6sungsstrategien erarbeiten, ggf. in Zusammenarbeit mit deinem Haus-Tierarzt.<br \/>Sollte es einmal so sein, dass wir dir nicht die optimale Unterst\u00fctzung bieten k\u00f6nnen, dann werden wir dir eine Kollegin oder einen Kollegen empfehlen, die oder der dir hoffentlich weiterhelfen kann!<\/p>\n<p>[\/et_pb_text][\/et_pb_column][et_pb_column type=&#8220;1_2&#8243; _builder_version=&#8220;4.16&#8243; custom_padding=&#8220;|||&#8220; global_colors_info=&#8220;{}&#8220; custom_padding__hover=&#8220;|||&#8220;][et_pb_text _builder_version=&#8220;4.19.2&#8243; hover_enabled=&#8220;0&#8243; global_colors_info=&#8220;{}&#8220; sticky_enabled=&#8220;0&#8243;]<\/p>\n<p><span style=\"color: #1d9811;\"><strong>Einzeltraining<\/strong><\/span><\/p>\n<p>Einzeltraining kann sinnvoll und notwendig sein, wenn du deinen Hund noch nicht lange hast und erst noch dabei bist, eine feste Bindung aufzubauen. Auch wenn du noch nicht \u00fcber viel Hundeerfahrung verf\u00fcgst, kann Einzelbetreuung helfen, Fehler deinerseits von Anfang an zu vermeiden. Mit Hunden, die sich durch andere Hunde stark ablenken lassen, oder die sozial unsicher oder unvertr\u00e4glich sind, sollte anfangs einzeln gearbeitet werden.<\/p>\n<p><span style=\"color: #1d9811;\"><strong>Hausbesuche<\/strong><\/span><\/p>\n<p>Gerade in Problemf\u00e4llen ist meist ein Hausbesuch notwendig, da viele Verhaltensauff\u00e4lligkeiten ihren Ursprung im h\u00e4uslichen Umfeld und dem Umgang der Menschen mit ihrem Hund haben. Davon m\u00fcssen wir uns ein genaues Bild machen, um dir m\u00f6glichst wirksam helfen zu k\u00f6nnen.<\/p>\n<p>Wir begleiten dich auch bei deinem gewohnten Spaziergang und unterst\u00fctzen dich, hierbei besser mit deinem Hund zurechtzukommen.<\/p>\n<p>&nbsp;<\/p>\n<p>&nbsp;<\/p>\n<p>&nbsp;<\/p>\n<p>[\/et_pb_text][\/et_pb_column][\/et_pb_row][\/et_pb_section]<\/p>\n","protected":false},"excerpt":{"rendered":"<p>Einzeltraining \/ Einzelberatung Einzeltraining \/ Einzelberatung Beratung bei der Anschaffung eines Hundes Wir hoffen, dass dieses Angebot wachsenden Zuspruch findet. Leider werden immer noch viele Hunde \u201eaus dem Bauch heraus\u201c gekauft und Informationen von kompetenter, unabh\u00e4ngiger Seite werden vor dem Kauf kaum nachgefragt. Wochentag Betreuer Termine nach Vereinbarung &nbsp; Wir wollen Neuhundehaltern helfen, aber auch [&hellip;]<\/p>\n","protected":false},"author":1,"featured_media":0,"parent":113,"menu_order":0,"comment_status":"closed","ping_status":"closed","template":"","meta":{"_et_pb_use_builder":"on","_et_pb_old_content":"","_et_gb_content_width":"","footnotes":""},"class_list":["post-432","page","type-page","status-publish","hentry"],"_links":{"self":[{"href":"https:\/\/hundeschule-giessen.de\/angelika\/wp-json\/wp\/v2\/pages\/432","targetHints":{"allow":["GET"]}}],"collection":[{"href":"https:\/\/hundeschule-giessen.de\/angelika\/wp-json\/wp\/v2\/pages"}],"about":[{"href":"https:\/\/hundeschule-giessen.de\/angelika\/wp-json\/wp\/v2\/types\/page"}],"author":[{"embeddable":true,"href":"https:\/\/hundeschule-giessen.de\/angelika\/wp-json\/wp\/v2\/users\/1"}],"replies":[{"embeddable":true,"href":"https:\/\/hundeschule-giessen.de\/angelika\/wp-json\/wp\/v2\/comments?post=432"}],"version-history":[{"count":20,"href":"https:\/\/hundeschule-giessen.de\/angelika\/wp-json\/wp\/v2\/pages\/432\/revisions"}],"predecessor-version":[{"id":3993,"href":"https:\/\/hundeschule-giessen.de\/angelika\/wp-json\/wp\/v2\/pages\/432\/revisions\/3993"}],"up":[{"embeddable":true,"href":"https:\/\/hundeschule-giessen.de\/angelika\/wp-json\/wp\/v2\/pages\/113"}],"wp:attachment":[{"href":"https:\/\/hundeschule-giessen.de\/angelika\/wp-json\/wp\/v2\/media?parent=432"}],"curies":[{"name":"wp","href":"https:\/\/api.w.org\/{rel}","templated":true}]}}