{"id":489,"date":"2018-06-20T08:08:24","date_gmt":"2018-06-20T08:08:24","guid":{"rendered":"https:\/\/hundeschule.eikenroth.net\/?page_id=489"},"modified":"2024-03-28T22:30:26","modified_gmt":"2024-03-28T22:30:26","slug":"veranstaltungen-2","status":"publish","type":"page","link":"https:\/\/hundeschule-giessen.de\/angelika\/veranstaltungen-2\/","title":{"rendered":"Veranstaltungen"},"content":{"rendered":"<p>[et_pb_section fb_built=&#8220;1&#8243; _builder_version=&#8220;4.16&#8243; top_divider_style=&#8220;wave2&#8243; top_divider_color=&#8220;rgba(178,178,178,0.43)&#8220; top_divider_flip=&#8220;horizontal&#8220; global_colors_info=&#8220;{}&#8220;][et_pb_row _builder_version=&#8220;4.16&#8243; custom_margin=&#8220;3%|||&#8220; global_colors_info=&#8220;{}&#8220;][et_pb_column type=&#8220;4_4&#8243; _builder_version=&#8220;4.16&#8243; custom_padding=&#8220;|||&#8220; global_colors_info=&#8220;{}&#8220; custom_padding__hover=&#8220;|||&#8220;][et_pb_text admin_label=&#8220;Seminare&#8220; _builder_version=&#8220;4.16&#8243; max_width=&#8220;80%&#8220; module_alignment=&#8220;center&#8220; custom_margin=&#8220;||0px|&#8220; custom_padding=&#8220;||0px|&#8220; global_colors_info=&#8220;{}&#8220;]<\/p>\n<h2>Seminare<\/h2>\n<p>[\/et_pb_text][et_pb_divider color=&#8220;rgba(178,178,178,0.43)&#8220; divider_weight=&#8220;2&#8243; _builder_version=&#8220;4.16&#8243; module_alignment=&#8220;left&#8220; height=&#8220;15px&#8220; custom_margin=&#8220;0px||0px|&#8220; custom_padding=&#8220;0px||0px|&#8220; saved_tabs=&#8220;all&#8220; global_colors_info=&#8220;{}&#8220;][\/et_pb_divider][et_pb_text _builder_version=&#8220;4.24.2&#8243; max_width=&#8220;80%&#8220; module_alignment=&#8220;center&#8220; hover_enabled=&#8220;0&#8243; global_colors_info=&#8220;{}&#8220; sticky_enabled=&#8220;0&#8243;]<\/p>\n<p>In Intensiv-Seminaren in kleinen Gruppen werden dir und deinem Hund Wege zum besseren Verst\u00e4ndnis und spezielle Trainingsmethoden bzw. Besch\u00e4ftigungsm\u00f6glichkeiten vermittelt.<\/p>\n<p>So bieten wir z.B. Seminare \u00fcber<\/p>\n<ul>\n<li>Clickertraining<\/li>\n<li>Tellington-Training <\/li>\n<li>Longieren<br \/>und weitere Themen<\/li>\n<\/ul>\n<p>Alle Seminare werden auf der Terminseite bekannt gegeben.<\/p>\n<p>[\/et_pb_text][et_pb_text admin_label=&#8220;Kurs %22Erste Hilfe am Hund%22&#8243; _builder_version=&#8220;4.16&#8243; max_width=&#8220;80%&#8220; module_alignment=&#8220;center&#8220; custom_margin=&#8220;||0px|&#8220; custom_padding=&#8220;||0px|&#8220; global_colors_info=&#8220;{}&#8220;]<\/p>\n<h2>Kurs &#8222;Erste Hilfe am Hund&#8220;<\/h2>\n<p>[\/et_pb_text][et_pb_divider color=&#8220;rgba(178,178,178,0.43)&#8220; divider_weight=&#8220;2&#8243; _builder_version=&#8220;4.16&#8243; module_alignment=&#8220;left&#8220; height=&#8220;15px&#8220; custom_margin=&#8220;0px||0px|&#8220; custom_padding=&#8220;0px||0px|&#8220; saved_tabs=&#8220;all&#8220; global_colors_info=&#8220;{}&#8220;][\/et_pb_divider][et_pb_text _builder_version=&#8220;4.16&#8243; max_width=&#8220;80%&#8220; module_alignment=&#8220;center&#8220; global_colors_info=&#8220;{}&#8220;]Dieser Kurs vermittelt Ihnen Grundkenntnisse f\u00fcr den richtigen Umgang mit Notfallsituationen sowie weitere wichtige Informationen zur Gesundheit des Hundes.<\/p>\n<p>Zur Zeit ist kein Kurs in Planung.<br \/>\n[\/et_pb_text][et_pb_text admin_label=&#8220;Angebote f\u00fcr Schulklassen, Kindergartengruppen etc.&#8220; _builder_version=&#8220;4.16&#8243; max_width=&#8220;80%&#8220; module_alignment=&#8220;center&#8220; custom_margin=&#8220;||0px|&#8220; custom_padding=&#8220;||0px|&#8220; global_colors_info=&#8220;{}&#8220;]<\/p>\n<h2>Angebote f\u00fcr Schulklassen, Kindergartengruppen etc.<\/h2>\n<p>[\/et_pb_text][et_pb_divider color=&#8220;rgba(178,178,178,0.43)&#8220; divider_weight=&#8220;2&#8243; _builder_version=&#8220;4.16&#8243; module_alignment=&#8220;left&#8220; height=&#8220;15px&#8220; custom_margin=&#8220;0px||0px|&#8220; custom_padding=&#8220;0px||0px|&#8220; saved_tabs=&#8220;all&#8220; global_colors_info=&#8220;{}&#8220;][\/et_pb_divider][et_pb_text _builder_version=&#8220;4.24.2&#8243; max_width=&#8220;80%&#8220; module_alignment=&#8220;center&#8220; hover_enabled=&#8220;0&#8243; global_colors_info=&#8220;{}&#8220; sticky_enabled=&#8220;0&#8243;]<\/p>\n<p>Wir bieten Schulklassen, Projektgruppen, Kindergartengruppen und Ferienbetreuungsgruppen ein buntes Programm rund um den Hund. Inhalte sind:<\/p>\n<ul>\n<li>Wir sprechen mit den Kindern \u2013 basierend auf dem im Unterricht Erlernten &#8211; \u00fcber Hunderassen, deren Haltung, Erziehung, Pflege und Besch\u00e4ftigung. <\/li>\n<li>Sehr wichtig ist uns das Thema Tierschutz im In- und Ausland.<\/li>\n<li>Wir zeigen, wie sich ein Hund im Alltag verhalten sollte.<\/li>\n<li>Wir stellen vor, wie man Familienhunde sinnvoll besch\u00e4ftigen kann: z.B. Agility (Hindernissport), Suchen und Bringen von Gegenst\u00e4nden, Tricks und Kunstst\u00fccke. Dabei werden die Kinder mit einbezogen.<\/li>\n<li>Wir \u00fcben den richtigen Umgang bei Hundebegegnungen.\n<p><strong>Die Kinder haben dabei Gelegenheit, mit kinderfreundlichen, umweltsicheren Hunden intensiven Kontakt aufzunehmen, die Hunde zu f\u00fchren und auch mit ihnen am Ger\u00e4teparcours zu trainieren.<\/strong><\/li>\n<\/ul>\n<p>Wir bieten diesen Beitrag zum besseren Verst\u00e4ndnis zwischen Kind und Hund mehrfach im Jahr an. Gerne versuchen wir, Ihren Wunschtermin zu ber\u00fccksichtigen. Bitte haben Sie Verst\u00e4ndnis daf\u00fcr, dass dies nicht immer m\u00f6glich ist, da ein solches Angebot nur mit einem enormen Aufwand an Zeit und teilnehmenden Mitarbeitern und Helfern m\u00f6glich ist.<\/p>\n<p>Die Dauer eines Termins sollte je nach Gruppenst\u00e4rke etwa 2 Stunden betragen. Maximale Teilnehmerzahl 26 Kinder.<br \/>Bei Gruppen von mehr als 8-10 Kindern arbeiten wir in zwei Gruppen.<\/p>\n<p>Wir m\u00f6chten an diesem Angebot nichts verdienen, da wir es sehr wichtig finden, das Verst\u00e4ndnis f\u00fcr Hunde schon bei Kindern zu f\u00f6rdern. Wir bitten jedoch um eine <strong>Spende von 2-3 \u20ac pro teilnehmendem Kind<\/strong>. Diese Spende wird an einen <strong>gemeinn\u00fctzigen Tierschutzverein<\/strong> unserer Wahl weiter gegeben.<\/p>\n<p>&nbsp;<\/p>\n<p>[\/et_pb_text][\/et_pb_column][\/et_pb_row][\/et_pb_section]<\/p>\n","protected":false},"excerpt":{"rendered":"<p>Seminare In Intensiv-Seminaren in kleinen Gruppen werden dir und deinem Hund Wege zum besseren Verst\u00e4ndnis und spezielle Trainingsmethoden bzw. Besch\u00e4ftigungsm\u00f6glichkeiten vermittelt. So bieten wir z.B. Seminare \u00fcber Clickertraining Tellington-Training Longierenund weitere Themen Alle Seminare werden auf der Terminseite bekannt gegeben.Kurs &#8222;Erste Hilfe am Hund&#8220; Dieser Kurs vermittelt Ihnen Grundkenntnisse f\u00fcr den richtigen Umgang mit Notfallsituationen [&hellip;]<\/p>\n","protected":false},"author":1,"featured_media":0,"parent":0,"menu_order":0,"comment_status":"closed","ping_status":"closed","template":"","meta":{"_et_pb_use_builder":"on","_et_pb_old_content":"","_et_gb_content_width":"","footnotes":""},"class_list":["post-489","page","type-page","status-publish","hentry"],"_links":{"self":[{"href":"https:\/\/hundeschule-giessen.de\/angelika\/wp-json\/wp\/v2\/pages\/489","targetHints":{"allow":["GET"]}}],"collection":[{"href":"https:\/\/hundeschule-giessen.de\/angelika\/wp-json\/wp\/v2\/pages"}],"about":[{"href":"https:\/\/hundeschule-giessen.de\/angelika\/wp-json\/wp\/v2\/types\/page"}],"author":[{"embeddable":true,"href":"https:\/\/hundeschule-giessen.de\/angelika\/wp-json\/wp\/v2\/users\/1"}],"replies":[{"embeddable":true,"href":"https:\/\/hundeschule-giessen.de\/angelika\/wp-json\/wp\/v2\/comments?post=489"}],"version-history":[{"count":17,"href":"https:\/\/hundeschule-giessen.de\/angelika\/wp-json\/wp\/v2\/pages\/489\/revisions"}],"predecessor-version":[{"id":4268,"href":"https:\/\/hundeschule-giessen.de\/angelika\/wp-json\/wp\/v2\/pages\/489\/revisions\/4268"}],"wp:attachment":[{"href":"https:\/\/hundeschule-giessen.de\/angelika\/wp-json\/wp\/v2\/media?parent=489"}],"curies":[{"name":"wp","href":"https:\/\/api.w.org\/{rel}","templated":true}]}}