{"id":501,"date":"2018-06-20T10:00:44","date_gmt":"2018-06-20T10:00:44","guid":{"rendered":"https:\/\/hundeschule.eikenroth.net\/?page_id=501"},"modified":"2023-03-31T22:39:37","modified_gmt":"2023-03-31T22:39:37","slug":"schwarzes-brett","status":"publish","type":"page","link":"https:\/\/hundeschule-giessen.de\/angelika\/schwarzes-brett\/","title":{"rendered":"Schwarzes Brett"},"content":{"rendered":"<p>[et_pb_section fb_built=&#8220;1&#8243; _builder_version=&#8220;4.16&#8243; top_divider_style=&#8220;wave2&#8243; top_divider_color=&#8220;rgba(178,178,178,0.43)&#8220; top_divider_flip=&#8220;horizontal&#8220; global_colors_info=&#8220;{}&#8220;][et_pb_row custom_padding_last_edited=&#8220;on|tablet&#8220; _builder_version=&#8220;4.16&#8243; custom_margin=&#8220;3%|||&#8220; custom_margin_tablet=&#8220;5%||0px|&#8220; custom_margin_phone=&#8220;7%||0px|&#8220; custom_margin_last_edited=&#8220;on|phone&#8220; custom_padding_tablet=&#8220;||0px|&#8220; custom_padding_phone=&#8220;&#8220; global_colors_info=&#8220;{}&#8220;][et_pb_column type=&#8220;4_4&#8243; _builder_version=&#8220;4.16&#8243; custom_padding=&#8220;|||&#8220; global_colors_info=&#8220;{}&#8220; custom_padding__hover=&#8220;|||&#8220;][et_pb_text _builder_version=&#8220;4.16&#8243; custom_margin=&#8220;||0px|&#8220; custom_padding=&#8220;||0px|&#8220; global_colors_info=&#8220;{}&#8220;]<\/p>\n<h2>Schwarzes Brett<\/h2>\n<p>[\/et_pb_text][et_pb_divider color=&#8220;rgba(178,178,178,0.43)&#8220; divider_weight=&#8220;2&#8243; _builder_version=&#8220;4.16&#8243; module_alignment=&#8220;left&#8220; height=&#8220;20px&#8220; custom_margin=&#8220;0px||0px|&#8220; custom_padding=&#8220;0px||0px|&#8220; saved_tabs=&#8220;all&#8220; global_colors_info=&#8220;{}&#8220;][\/et_pb_divider][et_pb_text _builder_version=&#8220;4.16&#8243; custom_margin=&#8220;0px|||&#8220; custom_padding=&#8220;0px|||&#8220; global_colors_info=&#8220;{}&#8220;]<\/p>\n<p>Hier haben Sie die M\u00f6glichkeit, Angebote und Gesuche zu ver\u00f6ffentlichen.<br \/> H\u00e4ufig werden z.B. Transportboxen gesucht; der Welpe ist aus seinem Geschirr \/ K\u00f6rbchen etc. herausgewachsen&#8230;<\/p>\n<p>[\/et_pb_text][\/et_pb_column][\/et_pb_row][et_pb_row _builder_version=&#8220;4.16&#8243; custom_margin=&#8220;0px|||&#8220; custom_margin_tablet=&#8220;&#8220; custom_margin_phone=&#8220;&#8220; custom_margin_last_edited=&#8220;on|tablet&#8220; custom_padding=&#8220;0px|||&#8220; global_colors_info=&#8220;{}&#8220;][et_pb_column type=&#8220;4_4&#8243; _builder_version=&#8220;4.16&#8243; custom_padding=&#8220;|||&#8220; global_colors_info=&#8220;{}&#8220; custom_padding__hover=&#8220;|||&#8220;][et_pb_text admin_label=&#8220;Angebot 1: Hundebox&#8220; _builder_version=&#8220;4.16&#8243; background_color=&#8220;rgba(178,178,178,0.43)&#8220; custom_padding=&#8220;2%|2%|2%|2%&#8220; box_shadow_style=&#8220;preset1&#8243; box_shadow_blur=&#8220;10px&#8220; global_colors_info=&#8220;{}&#8220;]<\/p>\n<h4>Immer gibt es Hundefreunde, die eine Wohnung oder ein Haus zu mieten oder zu kaufen suchen.<\/h4>\n<p><strong>Wenn ihr auf der Suche seid, oder etwas anzubieten habt, k\u00f6nnen wir dies hier gerne einstellen!<\/strong><\/p>\n<p><strong>x<\/strong><\/p>\n<p><strong> <\/strong><\/p>\n<p>[\/et_pb_text][\/et_pb_column][\/et_pb_row][\/et_pb_section]<\/p>\n","protected":false},"excerpt":{"rendered":"<p>Schwarzes Brett Hier haben Sie die M\u00f6glichkeit, Angebote und Gesuche zu ver\u00f6ffentlichen. H\u00e4ufig werden z.B. Transportboxen gesucht; der Welpe ist aus seinem Geschirr \/ K\u00f6rbchen etc. herausgewachsen&#8230;Immer gibt es Hundefreunde, die eine Wohnung oder ein Haus zu mieten oder zu kaufen suchen. Wenn ihr auf der Suche seid, oder etwas anzubieten habt, k\u00f6nnen wir dies [&hellip;]<\/p>\n","protected":false},"author":1,"featured_media":0,"parent":0,"menu_order":0,"comment_status":"closed","ping_status":"closed","template":"","meta":{"_et_pb_use_builder":"on","_et_pb_old_content":"","_et_gb_content_width":"","footnotes":""},"class_list":["post-501","page","type-page","status-publish","hentry"],"_links":{"self":[{"href":"https:\/\/hundeschule-giessen.de\/angelika\/wp-json\/wp\/v2\/pages\/501","targetHints":{"allow":["GET"]}}],"collection":[{"href":"https:\/\/hundeschule-giessen.de\/angelika\/wp-json\/wp\/v2\/pages"}],"about":[{"href":"https:\/\/hundeschule-giessen.de\/angelika\/wp-json\/wp\/v2\/types\/page"}],"author":[{"embeddable":true,"href":"https:\/\/hundeschule-giessen.de\/angelika\/wp-json\/wp\/v2\/users\/1"}],"replies":[{"embeddable":true,"href":"https:\/\/hundeschule-giessen.de\/angelika\/wp-json\/wp\/v2\/comments?post=501"}],"version-history":[{"count":46,"href":"https:\/\/hundeschule-giessen.de\/angelika\/wp-json\/wp\/v2\/pages\/501\/revisions"}],"predecessor-version":[{"id":4058,"href":"https:\/\/hundeschule-giessen.de\/angelika\/wp-json\/wp\/v2\/pages\/501\/revisions\/4058"}],"wp:attachment":[{"href":"https:\/\/hundeschule-giessen.de\/angelika\/wp-json\/wp\/v2\/media?parent=501"}],"curies":[{"name":"wp","href":"https:\/\/api.w.org\/{rel}","templated":true}]}}