{"id":520,"date":"2018-06-20T11:41:15","date_gmt":"2018-06-20T11:41:15","guid":{"rendered":"https:\/\/hundeschule.eikenroth.net\/?page_id=520"},"modified":"2022-03-03T22:01:56","modified_gmt":"2022-03-03T22:01:56","slug":"scent-hurdle-racing","status":"publish","type":"page","link":"https:\/\/hundeschule-giessen.de\/angelika\/kurse\/scent-hurdle-racing\/","title":{"rendered":"Scent Hurdle Racing"},"content":{"rendered":"<p>[et_pb_section fb_built=&#8220;1&#8243; disabled_on=&#8220;on|on|&#8220; _builder_version=&#8220;3.22&#8243; background_color=&#8220;#1d9811&#8243; custom_padding=&#8220;0px||0px|&#8220; global_colors_info=&#8220;{}&#8220;][et_pb_row column_structure=&#8220;1_2,1_2&#8243; make_equal=&#8220;on&#8220; _builder_version=&#8220;3.25&#8243; background_color=&#8220;#1d9811&#8243; custom_margin=&#8220;0px||0px|&#8220; custom_padding=&#8220;0px||0px|&#8220; custom_width_percent=&#8220;100%&#8220; global_colors_info=&#8220;{}&#8220;][et_pb_column type=&#8220;1_2&#8243; _builder_version=&#8220;3.25&#8243; custom_padding=&#8220;|||&#8220; global_colors_info=&#8220;{}&#8220; custom_padding__hover=&#8220;|||&#8220;][et_pb_image src=&#8220;https:\/\/hundeschule-giessen.de\/angelika\/wp-content\/uploads\/IMG_2680-Arbeitskopie-4-2.jpg&#8220; alt=&#8220;Scent Hurdle Racing&#8220; align_tablet=&#8220;center&#8220; align_phone=&#8220;&#8220; align_last_edited=&#8220;on|desktop&#8220; admin_label=&#8220;Bild Desktop&#8220; _builder_version=&#8220;3.23&#8243; global_colors_info=&#8220;{}&#8220;][\/et_pb_image][\/et_pb_column][et_pb_column type=&#8220;1_2&#8243; _builder_version=&#8220;3.25&#8243; background_color=&#8220;#1d9811&#8243; custom_padding=&#8220;|||&#8220; global_colors_info=&#8220;{}&#8220; custom_padding__hover=&#8220;|||&#8220;][et_pb_text _builder_version=&#8220;3.27.4&#8243; header_font_size=&#8220;50px&#8220; custom_padding=&#8220;35%|||&#8220; header_text_shadow_style=&#8220;preset3&#8243; global_colors_info=&#8220;{}&#8220;]<\/p>\n<h1><span style=\"color: #ffe572;\">Scent Hurdle Racing<\/span><\/h1>\n<p>[\/et_pb_text][\/et_pb_column][\/et_pb_row][\/et_pb_section][et_pb_section fb_built=&#8220;1&#8243; disabled_on=&#8220;off|off|on&#8220; _builder_version=&#8220;3.22&#8243; custom_padding=&#8220;0px||0px|&#8220; global_colors_info=&#8220;{}&#8220;][et_pb_row column_structure=&#8220;1_2,1_2&#8243; make_equal=&#8220;on&#8220; _builder_version=&#8220;3.25&#8243; background_color=&#8220;#1d9811&#8243; width=&#8220;100%&#8220; max_width=&#8220;100%&#8220; custom_margin=&#8220;0px||0px|&#8220; custom_padding=&#8220;0px||0px|&#8220; use_custom_width=&#8220;on&#8220; width_unit=&#8220;off&#8220; custom_width_percent=&#8220;100%&#8220; global_colors_info=&#8220;{}&#8220;][et_pb_column type=&#8220;1_2&#8243; _builder_version=&#8220;3.25&#8243; custom_padding=&#8220;|||&#8220; global_colors_info=&#8220;{}&#8220; custom_padding__hover=&#8220;|||&#8220;][et_pb_image src=&#8220;https:\/\/hundeschule-giessen.de\/angelika\/wp-content\/uploads\/IMG_2680-Arbeitskopie-4-2.jpg&#8220; alt=&#8220;Scent Hurdle Racing&#8220; align_tablet=&#8220;center&#8220; align_phone=&#8220;&#8220; align_last_edited=&#8220;on|desktop&#8220; admin_label=&#8220;Bild Handy + Tablet&#8220; _builder_version=&#8220;3.23&#8243; global_colors_info=&#8220;{}&#8220;][\/et_pb_image][\/et_pb_column][et_pb_column type=&#8220;1_2&#8243; _builder_version=&#8220;3.25&#8243; background_color=&#8220;#1d9811&#8243; custom_padding=&#8220;|||&#8220; global_colors_info=&#8220;{}&#8220; custom_padding__hover=&#8220;|||&#8220;][et_pb_text _builder_version=&#8220;3.27.4&#8243; header_font_size=&#8220;50px&#8220; custom_padding=&#8220;15%||15%|&#8220; custom_padding_tablet=&#8220;0px||5%|&#8220; custom_padding_phone=&#8220;&#8220; custom_padding_last_edited=&#8220;on|tablet&#8220; header_font_size_tablet=&#8220;40px&#8220; header_font_size_phone=&#8220;35px&#8220; header_font_size_last_edited=&#8220;on|tablet&#8220; header_text_shadow_style=&#8220;preset3&#8243; global_colors_info=&#8220;{}&#8220;]<\/p>\n<h1 style=\"text-align: center;\"><span style=\"color: #ffe572;\">Scent Hurdle Racing<\/span><\/h1>\n<p>[\/et_pb_text][\/et_pb_column][\/et_pb_row][\/et_pb_section][et_pb_section fb_built=&#8220;1&#8243; custom_padding_last_edited=&#8220;on|tablet&#8220; _builder_version=&#8220;3.22&#8243; custom_margin=&#8220;||0px|&#8220; custom_margin_tablet=&#8220;&#8220; custom_margin_phone=&#8220;&#8220; custom_margin_last_edited=&#8220;on|tablet&#8220; custom_padding=&#8220;||0px|&#8220; custom_padding_tablet=&#8220;&#8220; custom_padding_phone=&#8220;&#8220; top_divider_style=&#8220;wave2&#8243; top_divider_color=&#8220;rgba(178,178,178,0.43)&#8220; top_divider_height=&#8220;86px&#8220; top_divider_flip=&#8220;horizontal&#8220; global_colors_info=&#8220;{}&#8220;][et_pb_row column_structure=&#8220;1_2,1_2&#8243; custom_padding_last_edited=&#8220;on|tablet&#8220; _builder_version=&#8220;3.25&#8243; custom_margin=&#8220;2%||0px|&#8220; custom_margin_tablet=&#8220;5%||0px|&#8220; custom_margin_phone=&#8220;7%||0px|&#8220; custom_margin_last_edited=&#8220;on|phone&#8220; custom_padding=&#8220;||0px|&#8220; custom_padding_tablet=&#8220;0px||0px|&#8220; custom_padding_phone=&#8220;&#8220; global_colors_info=&#8220;{}&#8220;][et_pb_column type=&#8220;1_2&#8243; _builder_version=&#8220;3.25&#8243; custom_padding=&#8220;|||&#8220; global_colors_info=&#8220;{}&#8220; custom_padding__hover=&#8220;|||&#8220;][et_pb_text _builder_version=&#8220;4.0.9&#8243; global_colors_info=&#8220;{}&#8220;]<\/p>\n<p>Scent Hurdle Racing ist eine der Lieblingssportarten meiner Hunde Jura, Spot, Yocco, Fl\u00f6ckchen, Baloo und Tiki! Seit 2014 haben wir diese Sportart im Programm und eine Menge Spa\u00df damit. Das Training im Scent Hurdle Racing kombiniert Ger\u00e4tearbeit &#8211; vor allem H\u00fcrden, aber auch Tunnels und andere &#8211; mit Apportieren und vor allem Nasenarbeit. Diese Mischung verschiedener Disziplinen macht das Trainig abwechslungsreich und spannend!<br \/> Die &#8222;klassische&#8220; Variante, wie sie auch auf Wettk\u00e4mpfen abl\u00e4uft, ist so, dass vier Teams nacheinander starten. Der Hund wird vorausgeschickt \u00fcber vier H\u00fcrden &#8211; insofern ist der Aufbau wie beim Flyball -, vorne liegen dann die Apportel aller Mannschaftsmitglieder, aus denen der Hund nach dem Geruch das eigene heraussucht. Damit l\u00e4uft er dann \u00fcber die H\u00fcrden zur\u00fcck und der n\u00e4chste Hund wird gestartet. Im Wettkampf starten dann, wie beim Flyball, zwei Mannschaften gegeneinander und es geht um Zeit und Fehlerfreiheit.<br \/> Uns geht es aber nicht um Wettk\u00e4mpfe sondern um Besch\u00e4ftigung und Spa\u00df. Daher starten wir nicht in Mannschaften, sondern jeder arbeitet mit seinem Hund. Wir variieren die Strecke und das Suchfeld und bauen auch andere \u00dcbungen mit ein.<br \/> So haben wir in den Clubs dauerhaft Spa\u00df daran, uns immer neue Sachen auszudenken, wie wir unsere Hunde fordern und f\u00f6rdern k\u00f6nnen.<br \/> Schaut mal rein und lasst euch von dieser tollen Sportart faszinieren!<\/p>\n<p>[\/et_pb_text][\/et_pb_column][et_pb_column type=&#8220;1_2&#8243; _builder_version=&#8220;3.25&#8243; custom_padding=&#8220;|||&#8220; global_colors_info=&#8220;{}&#8220; custom_padding__hover=&#8220;|||&#8220;][et_pb_text admin_label=&#8220;Tabelle&#8220; _builder_version=&#8220;4.8.1&#8243; global_colors_info=&#8220;{}&#8220;]<\/p>\n<table>\n<thead>\n<tr>\n<th scope=\"col\">Wochentag<\/th>\n<th scope=\"col\">Betreuer<\/th>\n<\/tr>\n<\/thead>\n<tbody>\n<tr>\n<td data-label=\"Wochentag\">Stand 04.03.2022<\/td>\n<td data-label=\"Betreuer\"><\/td>\n<\/tr>\n<tr>\n<td data-label=\"Wochentag\">Einsteiger-Kurs<br \/><strong>demn\u00e4chst neue Termine!<br \/><\/strong><\/td>\n<td data-label=\"Betreuer\">Angelika<\/td>\n<\/tr>\n<tr>\n<td data-label=\"Wochentag\"><\/td>\n<td data-label=\"Betreuer\"><\/td>\n<\/tr>\n<tr>\n<td data-label=\"Wochentag\">.<b><br \/><\/b><\/td>\n<td data-label=\"Betreuer\">.<\/td>\n<\/tr>\n<tr>\n<td data-label=\"Wochentag\">Samstag<br \/>SHR Club<br \/><b>11:30 \u2013 12:30<br \/><\/b><\/td>\n<td data-label=\"Betreuer\">Angelika <\/td>\n<\/tr>\n<tr>\n<td data-label=\"Wochentag\"><\/td>\n<td data-label=\"Betreuer\"><\/td>\n<\/tr>\n<\/tbody>\n<\/table>\n<p>&nbsp;<\/p>\n<p>[\/et_pb_text][\/et_pb_column][\/et_pb_row][et_pb_row custom_padding_last_edited=&#8220;on|desktop&#8220; _builder_version=&#8220;3.25&#8243; custom_margin=&#8220;0px|||&#8220; custom_margin_tablet=&#8220;0px||2%|&#8220; custom_margin_phone=&#8220;0px||4%|&#8220; custom_margin_last_edited=&#8220;on|phone&#8220; custom_padding=&#8220;1%|||&#8220; custom_padding_tablet=&#8220;0px||0px|&#8220; custom_padding_phone=&#8220;&#8220; global_colors_info=&#8220;{}&#8220;][et_pb_column type=&#8220;4_4&#8243; _builder_version=&#8220;3.25&#8243; custom_padding=&#8220;|||&#8220; global_colors_info=&#8220;{}&#8220; custom_padding__hover=&#8220;|||&#8220;][et_pb_text _builder_version=&#8220;3.27.4&#8243; global_colors_info=&#8220;{}&#8220;]<\/p>\n<p>Da sich erst im Laufe einiger Trainingseinheiten herausstellt, ob Hund und Mensch wirklich f\u00fcr diesen Sport zu begeisternsind und auf Dauer Spa\u00df daran haben werden, haben wir unser Programm in folgende Stufen unterteilt:<\/p>\n<ul>\n<li>SHR-Schnupperkurs 6+1 Termine<\/li>\n<li>SHR-Fortgeschrittenenkurs 6+1 Termine <\/li>\n<li>SHR-Club<\/li>\n<\/ul>\n<p>[\/et_pb_text][\/et_pb_column][\/et_pb_row][\/et_pb_section]<\/p>\n","protected":false},"excerpt":{"rendered":"<p>Scent Hurdle Racing Scent Hurdle Racing Scent Hurdle Racing ist eine der Lieblingssportarten meiner Hunde Jura, Spot, Yocco, Fl\u00f6ckchen, Baloo und Tiki! Seit 2014 haben wir diese Sportart im Programm und eine Menge Spa\u00df damit. Das Training im Scent Hurdle Racing kombiniert Ger\u00e4tearbeit &#8211; vor allem H\u00fcrden, aber auch Tunnels und andere &#8211; mit Apportieren [&hellip;]<\/p>\n","protected":false},"author":1,"featured_media":0,"parent":113,"menu_order":0,"comment_status":"closed","ping_status":"closed","template":"","meta":{"_et_pb_use_builder":"on","_et_pb_old_content":"","_et_gb_content_width":"","footnotes":""},"class_list":["post-520","page","type-page","status-publish","hentry"],"_links":{"self":[{"href":"https:\/\/hundeschule-giessen.de\/angelika\/wp-json\/wp\/v2\/pages\/520","targetHints":{"allow":["GET"]}}],"collection":[{"href":"https:\/\/hundeschule-giessen.de\/angelika\/wp-json\/wp\/v2\/pages"}],"about":[{"href":"https:\/\/hundeschule-giessen.de\/angelika\/wp-json\/wp\/v2\/types\/page"}],"author":[{"embeddable":true,"href":"https:\/\/hundeschule-giessen.de\/angelika\/wp-json\/wp\/v2\/users\/1"}],"replies":[{"embeddable":true,"href":"https:\/\/hundeschule-giessen.de\/angelika\/wp-json\/wp\/v2\/comments?post=520"}],"version-history":[{"count":33,"href":"https:\/\/hundeschule-giessen.de\/angelika\/wp-json\/wp\/v2\/pages\/520\/revisions"}],"predecessor-version":[{"id":3827,"href":"https:\/\/hundeschule-giessen.de\/angelika\/wp-json\/wp\/v2\/pages\/520\/revisions\/3827"}],"up":[{"embeddable":true,"href":"https:\/\/hundeschule-giessen.de\/angelika\/wp-json\/wp\/v2\/pages\/113"}],"wp:attachment":[{"href":"https:\/\/hundeschule-giessen.de\/angelika\/wp-json\/wp\/v2\/media?parent=520"}],"curies":[{"name":"wp","href":"https:\/\/api.w.org\/{rel}","templated":true}]}}