{"id":534,"date":"2018-06-20T12:13:01","date_gmt":"2018-06-20T12:13:01","guid":{"rendered":"https:\/\/hundeschule.eikenroth.net\/?page_id=534"},"modified":"2026-03-06T22:23:54","modified_gmt":"2026-03-06T22:23:54","slug":"preisliste","status":"publish","type":"page","link":"https:\/\/hundeschule-giessen.de\/angelika\/preisliste\/","title":{"rendered":"Preisliste"},"content":{"rendered":"<p>[et_pb_section fb_built=&#8220;1&#8243; _builder_version=&#8220;4.16&#8243; custom_margin=&#8220;||0px|&#8220; custom_padding=&#8220;||0px|&#8220; top_divider_style=&#8220;wave2&#8243; top_divider_color=&#8220;rgba(178,178,178,0.43)&#8220; top_divider_height=&#8220;75px&#8220; top_divider_flip=&#8220;vertical|horizontal&#8220; global_colors_info=&#8220;{}&#8220;][et_pb_row _builder_version=&#8220;4.16&#8243; background_size=&#8220;initial&#8220; background_position=&#8220;top_left&#8220; background_repeat=&#8220;repeat&#8220; global_colors_info=&#8220;{}&#8220;][et_pb_column type=&#8220;4_4&#8243; _builder_version=&#8220;4.16&#8243; custom_padding=&#8220;|||&#8220; global_colors_info=&#8220;{}&#8220; custom_padding__hover=&#8220;|||&#8220;][et_pb_text _builder_version=&#8220;4.16&#8243; custom_margin=&#8220;||0px|0px&#8220; custom_padding=&#8220;||0px|&#8220; global_colors_info=&#8220;{}&#8220;]<\/p>\n<h2 style=\"text-align: left;\">Preisliste<\/h2>\n<p>[\/et_pb_text][et_pb_divider color=&#8220;rgba(178,178,178,0.43)&#8220; divider_weight=&#8220;2&#8243; _builder_version=&#8220;4.16&#8243; module_alignment=&#8220;center&#8220; height=&#8220;15px&#8220; custom_margin=&#8220;0px||0px|&#8220; custom_padding=&#8220;0px||0px|&#8220; saved_tabs=&#8220;all&#8220; global_colors_info=&#8220;{}&#8220;][\/et_pb_divider][et_pb_text _builder_version=&#8220;4.16&#8243; custom_margin=&#8220;||0px|0px&#8220; custom_padding=&#8220;||0px|&#8220; global_colors_info=&#8220;{}&#8220;]<\/p>\n<p>Alle hier aufgef\u00fchrten Preise der Hundeschule Gie\u00dfen verstehen sich als Euro-Preise (inkl. MwSt.).<\/p>\n<p>Diese Preisliste ist\u00a0<strong>g\u00fcltig ab 01.03.2026 <\/strong>und verliert ihre G\u00fcltigkeit mit Erscheinen einer neuen Preisliste.<br \/>Diese Liste finden Sie auch im\u00a0Downloadbereich zum Herunterladen.<\/p>\n<p>[\/et_pb_text][\/et_pb_column][\/et_pb_row][\/et_pb_section][et_pb_section fb_built=&#8220;1&#8243; _builder_version=&#8220;4.16&#8243; module_alignment=&#8220;center&#8220; custom_margin=&#8220;0px||0px|&#8220; custom_padding=&#8220;0px||0px|&#8220; global_colors_info=&#8220;{}&#8220;][et_pb_row custom_padding_last_edited=&#8220;on|tablet&#8220; disabled_on=&#8220;off||&#8220; _builder_version=&#8220;4.16&#8243; custom_margin_tablet=&#8220;4%||0px|&#8220; custom_margin_phone=&#8220;6%||0px|&#8220; custom_margin_last_edited=&#8220;on|phone&#8220; custom_padding_tablet=&#8220;0px||0px|&#8220; custom_padding_phone=&#8220;&#8220; global_colors_info=&#8220;{}&#8220;][et_pb_column type=&#8220;4_4&#8243; _builder_version=&#8220;4.16&#8243; custom_padding=&#8220;|||&#8220; global_colors_info=&#8220;{}&#8220; custom_padding__hover=&#8220;|||&#8220;][et_pb_text admin_label=&#8220;Welpen-\/Junghundegruppen&#8220; _builder_version=&#8220;4.16&#8243; custom_margin=&#8220;||0px|&#8220; custom_padding=&#8220;||0px|0px&#8220; global_colors_info=&#8220;{}&#8220;]<\/p>\n<h3>Welpen-\/Junghundegruppen<\/h3>\n<p>[\/et_pb_text][et_pb_text _builder_version=&#8220;4.16&#8243; custom_margin=&#8220;0px||0px|0px&#8220; custom_padding=&#8220;0px||0px|&#8220; global_colors_info=&#8220;{}&#8220;]<\/p>\n<p>Teilnehmer ohne Hund: eine \u201eSchnupperstunde\u201c in der Welpen-\u00a0<strong>oder<\/strong>\u00a0Junghundegr. ist kostenlos<br \/>Teilnehmer mit Hund: eine \u201eSchnupperstunde\u201c in der Welpen-\u00a0<strong>oder<\/strong>\u00a0Junghundegr. ist kostenlos<br \/>ACHTUNG &#8211; wenn du in eine bereits laufende Gruppe einsteigst, werden wir zun\u00e4chst einen Termin f\u00fcr eine Einzeltrainingsstunde vereinbaren, bevor du mit deinem Welpen bzw. Junghund am Gruppentraining teilnimmst.<\/p>\n<p>[\/et_pb_text][et_pb_text admin_label=&#8220;Tabelle&#8220; _builder_version=&#8220;4.16&#8243; custom_margin=&#8220;0px||0px|0px&#8220; custom_padding=&#8220;3%||0px|&#8220; global_colors_info=&#8220;{}&#8220;]<\/p>\n<p>&nbsp;<\/p>\n<table>\n<thead>\n<tr>\n<th scope=\"col\">Anzahl Termine<\/th>\n<th scope=\"col\">Dauer &amp; G\u00fcltigkeit<\/th>\n<th style=\"text-align: right;\" scope=\"col\">Preis<\/th>\n<\/tr>\n<\/thead>\n<tbody>\n<tr>\n<td data-label=\"Anzahl Termine\"><b>1 Termin<\/b><\/td>\n<td data-label=\"Dauer &amp; G\u00fcltigkeit\">60 min<\/td>\n<td style=\"text-align: right;\" data-label=\"Preis\">20,00 \u20ac<\/td>\n<\/tr>\n<tr>\n<td data-label=\"Anzahl Termine\"><b>5er Karte<\/b><\/td>\n<td data-label=\"Dauer &amp; G\u00fcltigkeit\">60 min<br \/>\u2022 G\u00fcltigkeit: 7 Wochen<\/td>\n<td style=\"text-align: right;\" data-label=\"Preis\">90,00 \u20ac<\/td>\n<\/tr>\n<tr>\n<td data-label=\"Anzahl Termine\"><b>10er Karte<\/b><\/td>\n<td data-label=\"Dauer &amp; G\u00fcltigkeit\">60 min<br \/>\u2022 G\u00fcltigkeit: 14 Wochen<\/td>\n<td style=\"text-align: right;\" data-label=\"Preis\">150,00 \u20ac<\/td>\n<\/tr>\n<\/tbody>\n<\/table>\n<p>&nbsp;<\/p>\n<p>[\/et_pb_text][\/et_pb_column][\/et_pb_row][et_pb_row custom_padding_last_edited=&#8220;on|tablet&#8220; disabled_on=&#8220;off||&#8220; _builder_version=&#8220;4.16&#8243; custom_margin_tablet=&#8220;0px||0px|&#8220; custom_margin_phone=&#8220;&#8220; custom_margin_last_edited=&#8220;on|tablet&#8220; custom_padding_tablet=&#8220;0px||0px|&#8220; custom_padding_phone=&#8220;&#8220; global_colors_info=&#8220;{}&#8220;][et_pb_column type=&#8220;4_4&#8243; _builder_version=&#8220;4.16&#8243; custom_padding=&#8220;|||&#8220; global_colors_info=&#8220;{}&#8220; custom_padding__hover=&#8220;|||&#8220;][et_pb_text admin_label=&#8220;Erziehungskurse&#8220; _builder_version=&#8220;4.16&#8243; custom_margin_tablet=&#8220;||0px|&#8220; custom_margin_phone=&#8220;&#8220; custom_margin_last_edited=&#8220;on|desktop&#8220; custom_padding_tablet=&#8220;||0px|0px&#8220; custom_padding_phone=&#8220;&#8220; custom_padding_last_edited=&#8220;on|desktop&#8220; global_colors_info=&#8220;{}&#8220;]<\/p>\n<h3>Erziehungskurse<\/h3>\n<p>[\/et_pb_text][et_pb_text admin_label=&#8220;Tabelle&#8220; _builder_version=&#8220;4.16&#8243; custom_margin=&#8220;0px||0px|0px&#8220; custom_padding=&#8220;3%||0px|&#8220; global_colors_info=&#8220;{}&#8220;]<\/p>\n<p>&nbsp;<\/p>\n<table>\n<thead>\n<tr>\n<th scope=\"col\"><\/th>\n<th scope=\"col\">Dauer &amp; Anzahl Termine<\/th>\n<th style=\"text-align: right;\" scope=\"col\">Preis<\/th>\n<\/tr>\n<\/thead>\n<tbody>\n<tr>\n<td data-label=\"Anzahl Termine\"><b>Basiskurs**<\/b><\/td>\n<td data-label=\"Dauer &amp; G\u00fcltigkeit\">90 min<br \/>\u2022 10+1 Termine<\/td>\n<td style=\"text-align: right;\" data-label=\"Preis\">325,00 \u20ac<\/td>\n<\/tr>\n<tr>\n<td data-label=\"Anzahl Termine\"><b>Fortgeschrittene**<\/b><\/td>\n<td data-label=\"Dauer &amp; G\u00fcltigkeit\">60 min<br \/>\u2022 10+1 Termine<\/td>\n<td style=\"text-align: right;\" data-label=\"Preis\">195,00 \u20ac<\/td>\n<\/tr>\n<\/tbody>\n<\/table>\n<p>&nbsp;<\/p>\n<p>[\/et_pb_text][\/et_pb_column][\/et_pb_row][et_pb_row custom_padding_last_edited=&#8220;on|tablet&#8220; disabled_on=&#8220;off||&#8220; _builder_version=&#8220;4.16&#8243; background_size=&#8220;initial&#8220; background_position=&#8220;top_left&#8220; background_repeat=&#8220;repeat&#8220; custom_margin_tablet=&#8220;0px||0px|&#8220; custom_margin_phone=&#8220;&#8220; custom_margin_last_edited=&#8220;on|tablet&#8220; custom_padding_tablet=&#8220;0px||0px|&#8220; custom_padding_phone=&#8220;&#8220; global_colors_info=&#8220;{}&#8220;][et_pb_column type=&#8220;4_4&#8243; _builder_version=&#8220;4.16&#8243; custom_padding=&#8220;|||&#8220; global_colors_info=&#8220;{}&#8220; custom_padding__hover=&#8220;|||&#8220;][et_pb_text admin_label=&#8220;Vorbereitungskurse f\u00fcr den BHV-Hundef\u00fchrerschein&#8220; _builder_version=&#8220;4.16&#8243; custom_margin_tablet=&#8220;||0px|&#8220; custom_margin_phone=&#8220;&#8220; custom_margin_last_edited=&#8220;on|tablet&#8220; custom_padding=&#8220;|||0px&#8220; custom_padding_tablet=&#8220;||0px|0px&#8220; custom_padding_phone=&#8220;&#8220; custom_padding_last_edited=&#8220;on|desktop&#8220; global_colors_info=&#8220;{}&#8220;]<\/p>\n<h3>Vorbereitungskurse f\u00fcr den BHV-Hundef\u00fchrerschein<\/h3>\n<p>[\/et_pb_text][et_pb_text admin_label=&#8220;Tabelle&#8220; _builder_version=&#8220;4.16&#8243; custom_margin=&#8220;0px||0px|0px&#8220; custom_padding=&#8220;3%||0px|&#8220; global_colors_info=&#8220;{}&#8220;]<\/p>\n<p>&nbsp;<\/p>\n<table>\n<thead>\n<tr>\n<th scope=\"col\"><\/th>\n<th scope=\"col\">Dauer &amp; Anzahl\u00a0 Termine<\/th>\n<th style=\"text-align: right;\" scope=\"col\">Preis<\/th>\n<\/tr>\n<\/thead>\n<tbody>\n<tr>\n<td data-label=\"Anzahl Termine\"><b>Basis-Erziehungskurs in der Hundeschule Gie\u00dfen besucht<\/b><br \/>\u2022 inklusive weiterer Stunden zur Pr\u00fcfungsvorbereitung<\/td>\n<td data-label=\"Dauer &amp; G\u00fcltigkeit\">90 min, z.T. auch l\u00e4nger<br \/>mehr als 10 Termine<\/td>\n<td style=\"text-align: right;\" data-label=\"Preis\">385,00 \u20ac<\/td>\n<\/tr>\n<tr>\n<td data-label=\"Anzahl Termine\"><b>Basis-Erziehungskurs in der Hundeschule Gie\u00dfen NICHT besucht<\/b><\/td>\n<td data-label=\"Dauer &amp; G\u00fcltigkeit\"><\/td>\n<td style=\"text-align: right;\" data-label=\"Preis\">455,00 \u20ac<\/td>\n<\/tr>\n<\/tbody>\n<\/table>\n<p>&nbsp;<\/p>\n<p>[\/et_pb_text][\/et_pb_column][\/et_pb_row][et_pb_row custom_padding_last_edited=&#8220;on|tablet&#8220; disabled_on=&#8220;off||&#8220; _builder_version=&#8220;4.16&#8243; background_size=&#8220;initial&#8220; background_position=&#8220;top_left&#8220; background_repeat=&#8220;repeat&#8220; custom_margin_tablet=&#8220;0px||0px|&#8220; custom_margin_phone=&#8220;&#8220; custom_margin_last_edited=&#8220;on|tablet&#8220; custom_padding_tablet=&#8220;0px||0px|&#8220; custom_padding_phone=&#8220;&#8220; global_colors_info=&#8220;{}&#8220;][et_pb_column type=&#8220;4_4&#8243; _builder_version=&#8220;4.16&#8243; custom_padding=&#8220;|||&#8220; global_colors_info=&#8220;{}&#8220; custom_padding__hover=&#8220;|||&#8220;][et_pb_text admin_label=&#8220;Sport- und Besch\u00e4ftigung&#8220; _builder_version=&#8220;4.16&#8243; custom_margin_tablet=&#8220;||0px|&#8220; custom_margin_phone=&#8220;&#8220; custom_margin_last_edited=&#8220;on|tablet&#8220; custom_padding=&#8220;|||0px&#8220; custom_padding_tablet=&#8220;||0px|0px&#8220; custom_padding_phone=&#8220;&#8220; custom_padding_last_edited=&#8220;on|desktop&#8220; global_colors_info=&#8220;{}&#8220;]<\/p>\n<h3>Sport- und Besch\u00e4ftigung<\/h3>\n<p>[\/et_pb_text][et_pb_text admin_label=&#8220;Tabelle&#8220; _builder_version=&#8220;4.16&#8243; custom_margin=&#8220;0px||0px|0px&#8220; custom_padding=&#8220;3%||0px|&#8220; global_colors_info=&#8220;{}&#8220;]<\/p>\n<table>\n<thead>\n<tr>\n<th scope=\"col\"><\/th>\n<th scope=\"col\">Dauer &amp; Anzahl Termine<\/th>\n<th style=\"text-align: right;\" scope=\"col\">Preis<\/th>\n<\/tr>\n<\/thead>\n<tbody>\n<tr>\n<td data-label=\"Anzahl Termine\"><b>Agility \/ Hoopers \/ Scent Hurdle Racing \/ Longieren \/ Cavaletti \/<br \/>Click&amp;Trick-Kurs Schnupperkurs**<\/b><\/td>\n<td data-label=\"Dauer &amp; G\u00fcltigkeit\">60 min\u00a0<br \/>\u2022 6+1 Termine<\/td>\n<td style=\"text-align: right;\" data-label=\"Preis\">155,00 \u20ac<\/td>\n<\/tr>\n<tr>\n<td data-label=\"Anzahl Termine\"><b>Monday Morning Club<\/b><\/td>\n<td data-label=\"Dauer &amp; G\u00fcltigkeit\">60 min<br \/>je Termin<\/td>\n<td style=\"text-align: right;\" data-label=\"Preis\">20,00 \u20ac<\/td>\n<\/tr>\n<tr>\n<td data-label=\"Anzahl Termine\"><b>.<\/b><\/td>\n<td data-label=\"Dauer &amp; G\u00fcltigkeit\">.<\/td>\n<td style=\"text-align: right;\" data-label=\"Preis\">.<\/td>\n<\/tr>\n<\/tbody>\n<\/table>\n<p>&nbsp;<\/p>\n<p>[\/et_pb_text][et_pb_text disabled_on=&#8220;on||&#8220; _builder_version=&#8220;4.16&#8243; custom_margin_tablet=&#8220;0px||0px|&#8220; custom_margin_phone=&#8220;&#8220; custom_margin_last_edited=&#8220;on|tablet&#8220; custom_padding=&#8220;|||0px&#8220; custom_padding_tablet=&#8220;0px||0px|0px&#8220; custom_padding_phone=&#8220;&#8220; custom_padding_last_edited=&#8220;on|phone&#8220; global_colors_info=&#8220;{}&#8220;] ** Interessenten ohne Hund: einmal Zusehen ist kostenlos. [\/et_pb_text][\/et_pb_column][\/et_pb_row][et_pb_row custom_padding_last_edited=&#8220;on|tablet&#8220; disabled_on=&#8220;off||&#8220; _builder_version=&#8220;4.16&#8243; background_size=&#8220;initial&#8220; background_position=&#8220;top_left&#8220; background_repeat=&#8220;repeat&#8220; custom_margin_tablet=&#8220;0px||0px|&#8220; custom_margin_phone=&#8220;&#8220; custom_margin_last_edited=&#8220;on|tablet&#8220; custom_padding_tablet=&#8220;0px||0px|&#8220; custom_padding_phone=&#8220;&#8220; global_colors_info=&#8220;{}&#8220;][et_pb_column type=&#8220;4_4&#8243; _builder_version=&#8220;4.16&#8243; custom_padding=&#8220;|||&#8220; global_colors_info=&#8220;{}&#8220; custom_padding__hover=&#8220;|||&#8220;][et_pb_text admin_label=&#8220;Agility &#038; Spiel und Spa\u00dfgruppen&#8220; _builder_version=&#8220;4.27.5&#8243; custom_margin_tablet=&#8220;||0px|&#8220; custom_margin_phone=&#8220;&#8220; custom_margin_last_edited=&#8220;on|tablet&#8220; custom_padding=&#8220;|||0px&#8220; custom_padding_tablet=&#8220;||0px|0px&#8220; custom_padding_phone=&#8220;&#8220; custom_padding_last_edited=&#8220;on|desktop&#8220; global_colors_info=&#8220;{}&#8220;]<\/p>\n<h3>Agility-Club, SHR-Club &amp; Spiel und Spa\u00dfgruppen<\/h3>\n<p>[\/et_pb_text][et_pb_text admin_label=&#8220;Tabelle&#8220; _builder_version=&#8220;4.16&#8243; custom_margin=&#8220;0px||0px|0px&#8220; custom_padding=&#8220;3%||0px|&#8220; global_colors_info=&#8220;{}&#8220;]<\/p>\n<table>\n<thead>\n<tr>\n<th scope=\"col\">Anzahl Termine<\/th>\n<th scope=\"col\">Dauer &amp; G\u00fcltigkeit<\/th>\n<th style=\"text-align: right;\" scope=\"col\">Preis<\/th>\n<\/tr>\n<\/thead>\n<tbody>\n<tr>\n<td data-label=\"Anzahl Termine\"><b>1 Termin<\/b><\/td>\n<td data-label=\"Dauer &amp; G\u00fcltigkeit\">60 min<\/td>\n<td style=\"text-align: right;\" data-label=\"Preis\">20,00 \u20ac<\/td>\n<\/tr>\n<tr>\n<td data-label=\"Anzahl Termine\"><b>5er Karte<\/b><\/td>\n<td data-label=\"Dauer &amp; G\u00fcltigkeit\">60 min<br \/>\u2022 G\u00fcltigkeit: 8 Wochen<\/td>\n<td style=\"text-align: right;\" data-label=\"Preis\">85,00 \u20ac<\/td>\n<\/tr>\n<tr>\n<td data-label=\"Anzahl Termine\"><b>10er Karte<\/b><\/td>\n<td data-label=\"Dauer &amp; G\u00fcltigkeit\">60 min<br \/>\u2022 G\u00fcltigkeit: 16 Wochen<\/td>\n<td style=\"text-align: right;\" data-label=\"Preis\">140,00 \u20ac<\/td>\n<\/tr>\n<tr>\n<td data-label=\"Anzahl Termine\"><\/td>\n<td data-label=\"Dauer &amp; G\u00fcltigkeit\"><\/td>\n<td style=\"text-align: right;\" data-label=\"Preis\"><\/td>\n<\/tr>\n<tr>\n<td data-label=\"Anzahl Termine\"><\/td>\n<td data-label=\"Dauer &amp; G\u00fcltigkeit\"><\/td>\n<td style=\"text-align: right;\" data-label=\"Preis\"><\/td>\n<\/tr>\n<\/tbody>\n<\/table>\n<p>&nbsp;<\/p>\n<p>[\/et_pb_text][\/et_pb_column][\/et_pb_row][et_pb_row custom_padding_last_edited=&#8220;on|tablet&#8220; disabled_on=&#8220;off||&#8220; _builder_version=&#8220;4.16&#8243; background_size=&#8220;initial&#8220; background_position=&#8220;top_left&#8220; background_repeat=&#8220;repeat&#8220; custom_margin_tablet=&#8220;0px||0px|&#8220; custom_margin_phone=&#8220;&#8220; custom_margin_last_edited=&#8220;on|tablet&#8220; custom_padding_tablet=&#8220;0px||0px|&#8220; custom_padding_phone=&#8220;&#8220; global_colors_info=&#8220;{}&#8220;][et_pb_column type=&#8220;4_4&#8243; _builder_version=&#8220;4.16&#8243; custom_padding=&#8220;|||&#8220; global_colors_info=&#8220;{}&#8220; custom_padding__hover=&#8220;|||&#8220;][et_pb_text admin_label=&#8220;Beratung vor Anschaffung des Hundes&#8220; _builder_version=&#8220;4.16&#8243; custom_margin_tablet=&#8220;0px||0px|&#8220; custom_margin_phone=&#8220;&#8220; custom_margin_last_edited=&#8220;on|tablet&#8220; custom_padding=&#8220;|||0px&#8220; custom_padding_tablet=&#8220;0px||0px|0px&#8220; custom_padding_phone=&#8220;&#8220; custom_padding_last_edited=&#8220;on|desktop&#8220; global_colors_info=&#8220;{}&#8220;]<\/p>\n<h3>Beratung vor Anschaffung des Hundes<\/h3>\n<p>Beratungsgespr\u00e4ch, Hilfe bei Z\u00fcchterauswahl, Tierheimbesuch etc.<br \/>\n[\/et_pb_text][et_pb_text admin_label=&#8220;Tabelle&#8220; _builder_version=&#8220;4.16&#8243; custom_margin=&#8220;0px||0px|0px&#8220; custom_padding=&#8220;3%||0px|&#8220; global_colors_info=&#8220;{}&#8220;]<\/p>\n<table>\n<thead>\n<tr>\n<th scope=\"col\">Anzahl Termine<\/th>\n<th scope=\"col\">Dauer\u00a0<\/th>\n<th style=\"text-align: right;\" scope=\"col\">Preis<\/th>\n<\/tr>\n<\/thead>\n<tbody>\n<tr>\n<td data-label=\"Anzahl Termine\"><b>1 Termin<\/b><\/td>\n<td data-label=\"Dauer &amp; G\u00fcltigkeit\">60-90 min<\/td>\n<td style=\"text-align: right;\" data-label=\"Preis\">50,00 \u20ac<\/td>\n<\/tr>\n<\/tbody>\n<\/table>\n<p>&nbsp;<\/p>\n<p>[\/et_pb_text][\/et_pb_column][\/et_pb_row][et_pb_row custom_padding_last_edited=&#8220;on|tablet&#8220; disabled_on=&#8220;off||&#8220; _builder_version=&#8220;4.16&#8243; background_size=&#8220;initial&#8220; background_position=&#8220;top_left&#8220; background_repeat=&#8220;repeat&#8220; custom_margin_tablet=&#8220;0px|||&#8220; custom_margin_phone=&#8220;&#8220; custom_margin_last_edited=&#8220;on|tablet&#8220; custom_padding_tablet=&#8220;0px|||&#8220; custom_padding_phone=&#8220;&#8220; global_colors_info=&#8220;{}&#8220;][et_pb_column type=&#8220;4_4&#8243; _builder_version=&#8220;4.16&#8243; custom_padding=&#8220;|||&#8220; global_colors_info=&#8220;{}&#8220; custom_padding__hover=&#8220;|||&#8220;][et_pb_text admin_label=&#8220;Einzeltraining, Problemberatung, Hausbesuch&#8220; _builder_version=&#8220;4.16&#8243; custom_margin_tablet=&#8220;||0px|&#8220; custom_margin_phone=&#8220;&#8220; custom_margin_last_edited=&#8220;on|tablet&#8220; custom_padding=&#8220;|||0px&#8220; custom_padding_tablet=&#8220;||0px|0px&#8220; custom_padding_phone=&#8220;&#8220; custom_padding_last_edited=&#8220;on|desktop&#8220; global_colors_info=&#8220;{}&#8220;]<\/p>\n<h3>Einzeltraining, Problemberatung, Hausbesuch<\/h3>\n<p>[\/et_pb_text][et_pb_text admin_label=&#8220;Tabelle&#8220; _builder_version=&#8220;4.16&#8243; custom_margin=&#8220;0px||0px|0px&#8220; custom_padding=&#8220;3%||0px|&#8220; global_colors_info=&#8220;{}&#8220;]<\/p>\n<table>\n<thead>\n<tr>\n<th scope=\"col\">Anzahl Termine<\/th>\n<th scope=\"col\">Dauer &amp; G\u00fcltigkeit<\/th>\n<th style=\"text-align: right;\" scope=\"col\">Preis<\/th>\n<\/tr>\n<\/thead>\n<tbody>\n<tr>\n<td data-label=\"Anzahl Termine\"><b>1 Termin<\/b><\/td>\n<td data-label=\"Dauer &amp; G\u00fcltigkeit\">60 min<\/td>\n<td style=\"text-align: right;\" data-label=\"Preis\">75,00 \u20ac<br \/>\u2022 ggf. zzgl. Anfahrt<\/td>\n<\/tr>\n<tr>\n<td data-label=\"Anzahl Termine\"><b>5er Karte<\/b><\/td>\n<td data-label=\"Dauer &amp; G\u00fcltigkeit\">60 min<br \/>\u2022 G\u00fcltigkeit: 4 Monate<\/td>\n<td style=\"text-align: right;\" data-label=\"Preis\">365,00 \u20ac<br \/>\u2022 ggf. zzgl. Anfahrt<\/td>\n<\/tr>\n<tr>\n<td data-label=\"Anzahl Termine\"><b>10er Karte<\/b><\/td>\n<td data-label=\"Dauer &amp; G\u00fcltigkeit\">60 min<br \/>\u2022 G\u00fcltigkeit: 8 Monate<\/td>\n<td style=\"text-align: right;\" data-label=\"Preis\">710,00 \u20ac<br \/>\u2022 ggf. zzgl. Anfahrt<\/td>\n<\/tr>\n<\/tbody>\n<\/table>\n<p>&nbsp;<\/p>\n<p>[\/et_pb_text][\/et_pb_column][\/et_pb_row][\/et_pb_section][et_pb_section fb_built=&#8220;1&#8243; custom_padding_last_edited=&#8220;on|phone&#8220; _builder_version=&#8220;4.16&#8243; custom_margin=&#8220;0px|||&#8220; custom_margin_tablet=&#8220;&#8220; custom_margin_phone=&#8220;&#8220; custom_margin_last_edited=&#8220;on|phone&#8220; custom_padding=&#8220;0px|||&#8220; custom_padding_tablet=&#8220;&#8220; custom_padding_phone=&#8220;2%|||&#8220; global_colors_info=&#8220;{}&#8220;][et_pb_row custom_padding_last_edited=&#8220;on|tablet&#8220; _builder_version=&#8220;4.16&#8243; background_size=&#8220;initial&#8220; background_position=&#8220;top_left&#8220; background_repeat=&#8220;repeat&#8220; custom_margin_tablet=&#8220;||0px|&#8220; custom_margin_phone=&#8220;&#8220; custom_margin_last_edited=&#8220;on|tablet&#8220; custom_padding_tablet=&#8220;||0px|&#8220; custom_padding_phone=&#8220;&#8220; global_colors_info=&#8220;{}&#8220;][et_pb_column type=&#8220;4_4&#8243; _builder_version=&#8220;4.16&#8243; custom_padding=&#8220;|||&#8220; global_colors_info=&#8220;{}&#8220; custom_padding__hover=&#8220;|||&#8220;][et_pb_text admin_label=&#8220;Eine Erm\u00e4\u00dfigung von 10% wird gew\u00e4hrt f\u00fcr:&#8220; _builder_version=&#8220;4.16&#8243; background_color=&#8220;rgba(178,178,178,0.43)&#8220; max_width_tablet=&#8220;&#8220; max_width_phone=&#8220;&#8220; max_width_last_edited=&#8220;on|phone&#8220; custom_padding=&#8220;2%|2%|2%|2%&#8220; custom_padding_tablet=&#8220;4%|4%|4%|4%&#8220; custom_padding_phone=&#8220;3%|3%|3%|3%&#8220; custom_padding_last_edited=&#8220;on|phone&#8220; box_shadow_style=&#8220;preset1&#8243; box_shadow_blur=&#8220;10px&#8220; global_colors_info=&#8220;{}&#8220;]<\/p>\n<p><strong>Eine Erm\u00e4\u00dfigung von 10% wird gew\u00e4hrt f\u00fcr:<\/strong><\/p>\n<p>&#8211;\u00a0\u00a0\u00a0\u00a0 Hunde, die \u00fcber einen <strong>Tierschutzverein<\/strong> vermittelt wurden, bis 2 Jahre nach \u00dcbernahme<\/p>\n<p>&#8211;\u00a0\u00a0\u00a0\u00a0 Studierende, Sch\u00fcler<\/p>\n<p>&#8211;\u00a0\u00a0\u00a0\u00a0 Vielbucher: wenn mind. 2 Kurse (nicht Gruppen\/Clubs) parallel besucht werden, bekommt der Kunde auf den g\u00fcnstigeren Kurs 10% Erm\u00e4\u00dfigung, gilt auch f\u00fcr Einzeltraining, Achtung: nur wenn das Training bei derselben Trainerin stattfindet!<\/p>\n<p>Je Teilnahmegeb\u00fchr gibt es nur EINE Erm\u00e4\u00dfigung!<\/p>\n<p>[\/et_pb_text][et_pb_text admin_label=&#8220;Eine Erm\u00e4\u00dfigung von 10% wird gew\u00e4hrt f\u00fcr:&#8220; _builder_version=&#8220;4.16&#8243; background_color=&#8220;rgba(178,178,178,0.43)&#8220; max_width_tablet=&#8220;&#8220; max_width_phone=&#8220;&#8220; max_width_last_edited=&#8220;on|phone&#8220; custom_padding=&#8220;2%|2%|2%|2%&#8220; custom_padding_tablet=&#8220;4%|4%|4%|4%&#8220; custom_padding_phone=&#8220;3%|3%|3%|3%&#8220; custom_padding_last_edited=&#8220;on|phone&#8220; box_shadow_style=&#8220;preset1&#8243; box_shadow_blur=&#8220;10px&#8220; global_colors_info=&#8220;{}&#8220;]<\/p>\n<p><strong>Hundebetreuung &#8211; Pension und Tagesbetreuung:<\/strong><br \/>bei Interesse bitte nachfragen, Unterlagen werden dann zugesendet<\/p>\n<p>[\/et_pb_text][\/et_pb_column][\/et_pb_row][\/et_pb_section]<\/p>\n","protected":false},"excerpt":{"rendered":"<p>Preisliste Alle hier aufgef\u00fchrten Preise der Hundeschule Gie\u00dfen verstehen sich als Euro-Preise (inkl. MwSt.). Diese Preisliste ist\u00a0g\u00fcltig ab 01.03.2026 und verliert ihre G\u00fcltigkeit mit Erscheinen einer neuen Preisliste.Diese Liste finden Sie auch im\u00a0Downloadbereich zum Herunterladen.Welpen-\/Junghundegruppen Teilnehmer ohne Hund: eine \u201eSchnupperstunde\u201c in der Welpen-\u00a0oder\u00a0Junghundegr. ist kostenlosTeilnehmer mit Hund: eine \u201eSchnupperstunde\u201c in der Welpen-\u00a0oder\u00a0Junghundegr. ist kostenlosACHTUNG &#8211; [&hellip;]<\/p>\n","protected":false},"author":1,"featured_media":0,"parent":0,"menu_order":0,"comment_status":"closed","ping_status":"closed","template":"","meta":{"_et_pb_use_builder":"on","_et_pb_old_content":"","_et_gb_content_width":"","footnotes":""},"class_list":["post-534","page","type-page","status-publish","hentry"],"_links":{"self":[{"href":"https:\/\/hundeschule-giessen.de\/angelika\/wp-json\/wp\/v2\/pages\/534","targetHints":{"allow":["GET"]}}],"collection":[{"href":"https:\/\/hundeschule-giessen.de\/angelika\/wp-json\/wp\/v2\/pages"}],"about":[{"href":"https:\/\/hundeschule-giessen.de\/angelika\/wp-json\/wp\/v2\/types\/page"}],"author":[{"embeddable":true,"href":"https:\/\/hundeschule-giessen.de\/angelika\/wp-json\/wp\/v2\/users\/1"}],"replies":[{"embeddable":true,"href":"https:\/\/hundeschule-giessen.de\/angelika\/wp-json\/wp\/v2\/comments?post=534"}],"version-history":[{"count":105,"href":"https:\/\/hundeschule-giessen.de\/angelika\/wp-json\/wp\/v2\/pages\/534\/revisions"}],"predecessor-version":[{"id":4593,"href":"https:\/\/hundeschule-giessen.de\/angelika\/wp-json\/wp\/v2\/pages\/534\/revisions\/4593"}],"wp:attachment":[{"href":"https:\/\/hundeschule-giessen.de\/angelika\/wp-json\/wp\/v2\/media?parent=534"}],"curies":[{"name":"wp","href":"https:\/\/api.w.org\/{rel}","templated":true}]}}