{"id":562,"date":"2018-06-20T13:27:14","date_gmt":"2018-06-20T13:27:14","guid":{"rendered":"https:\/\/hundeschule.eikenroth.net\/?page_id=562"},"modified":"2025-12-24T23:29:29","modified_gmt":"2025-12-24T23:29:29","slug":"die-trainer","status":"publish","type":"page","link":"https:\/\/hundeschule-giessen.de\/angelika\/hundeschule\/die-trainer\/","title":{"rendered":"Die Trainer"},"content":{"rendered":"<p>[et_pb_section fb_built=&#8220;1&#8243; _builder_version=&#8220;4.16&#8243; top_divider_style=&#8220;wave2&#8243; top_divider_color=&#8220;rgba(178,178,178,0.43)&#8220; top_divider_flip=&#8220;horizontal&#8220; global_colors_info=&#8220;{}&#8220;][et_pb_row column_structure=&#8220;1_2,1_2&#8243; custom_padding_last_edited=&#8220;on|tablet&#8220; _builder_version=&#8220;4.16&#8243; custom_margin=&#8220;3%|||&#8220; custom_margin_tablet=&#8220;3%||0px|&#8220; custom_margin_phone=&#8220;&#8220; custom_margin_last_edited=&#8220;on|tablet&#8220; custom_padding_tablet=&#8220;||0px|&#8220; custom_padding_phone=&#8220;&#8220; global_colors_info=&#8220;{}&#8220;][et_pb_column type=&#8220;1_2&#8243; _builder_version=&#8220;4.16&#8243; custom_padding=&#8220;|||&#8220; global_colors_info=&#8220;{}&#8220; custom_padding__hover=&#8220;|||&#8220;][et_pb_text _builder_version=&#8220;4.16&#8243; global_colors_info=&#8220;{}&#8220;]<\/p>\n<h2>Die Trainerinnen<\/h2>\n<p><strong>Angelika Stahl<br \/>(mehr zu: Lena Habich, Sarah Becker, Brigitte Hartmann-Stamm und Christine Oltmanns demn\u00e4chst, bzw. auf den Seiten:<br \/><a href=\"http:\/\/www.hundetraining-habich.de\">www.hundetraining-habich.de<\/a>\u00a0<br \/><a href=\"http:\/\/www.dreipfoten.de\">www.dreipfoten.de<\/a> )<\/strong><\/p>\n<p>Angelika Stahl:<br \/>Mich faszinieren alle Hunde, denen ich begegne, vor allem die Anpassungsf\u00e4higkeit und die Intelligenz unseres \u201e\u00e4ltesten Begleiters\u201c. Ich genie\u00dfe es, durch meine Arbeit als Trainerin und Betreuerin von Hunden so viele verschiedene Hunde kennenzulernen, mit ihnen zu arbeiten und von ihnen zu lernen. Nicht nur jede Rasse, jede Mischung, sondern jeder Hund als Individuum ist etwas Besonderes!<\/p>\n<p>Mit Tieren wollte ich arbeiten, doch sowohl als Tierarzt als auch als Hundetrainer ist man ja mehr mit den Menschen besch\u00e4ftigt als mit den Hunden\u2026 auch dies macht mir viel Freude, und es ist schon wunderbar, wie vielen interessanten und liebenswerten Menschen man begegnet, wenn man mit Hunden zu tun hat! Nat\u00fcrlich erlebt man auch mal, dass man mit jemandem nicht auf einer &#8222;Wellenl\u00e4nge&#8220; ist oder jemand uneinsichtig ist oder seinen Hund so behandelt wie man das selbst nicht tun w\u00fcrde; doch das Positive \u00fcberwiegt bei weitem und so ist mein Leben durch diesen Beruf wirklich reicher geworden.<\/p>\n<p>Geboren (1969) und aufgewachsen bin ich in Coburg \/ Oberfranken. 1989 kam ich zum Studium der Veterin\u00e4rmedizin nach Gie\u00dfen und erhielt 1995 meine Approbation als Tier\u00e4rztin. Ich habe dann noch sieben Jahre an der Universit\u00e4t im Bereich der Lebensmittelhygiene gearbeitet &#8211; inzwischen ern\u00e4hre ich mich seit vielen Jahren vegan&#8230;. \ud83d\ude42 und bin sehr gl\u00fccklich damit.<\/p>\n<p>Anfang der 90er Jahre nahm ich Kontakt zu einem hiesigen Hundeverein auf, in dem ich bald auch Ausbilderin und f\u00fcr einige Zeit auch Vorsitzende wurde. Da ich inzwischen geheiratet hatte und wir hier eine Hofreite gekauft hatten (inzwischen bin ich geschieden), kam die Idee, vor Ort eine Hundeschule zu gr\u00fcnden. Eine Idee, die sich als absolut richtig erwiesen hat! Die Stelle an der Uni war befristet, Tierarztpraxen gibt es hier schon viele, meine Berufung schien eher das Training mit Hunden und ihren Menschen zu sein \u2013 und was es in Gie\u00dfen damals noch nicht gab, war eine gro\u00dfe Hundeschule mit mehreren Trainern, von denen zumindest einer hauptberuflich in der Hundeschule t\u00e4tig ist, und einem wirklich umfangreichen und kompetenten Angebot f\u00fcr alle Familienhunde und zudem einem sicher eingez\u00e4unten Areal, das vielf\u00e4ltigen Bed\u00fcrfnissen Rechnung tr\u00e4gt.<\/p>\n<p>So entstand die Hundeschule Gie\u00dfen.<\/p>\n<p>Inzwischen gibt es in der Region ein gro\u00dfes Angebot von Hundetrainern und Hundeschulen, wir sind mit einigen davon bekannt und in regelm\u00e4\u00dfigem Kontakt und freuen uns, dass Menschen mit Hunden hier so vielf\u00e4ltige M\u00f6glichkeiten haben. Trotzdem die Zahl der Kollegen w\u00e4chst, haben wir immer gut zu tun &#8211; wie sch\u00f6n, dass immer mehr Menschen Spa\u00df daran haben mit ihren Hunden zu trainieren oder sich Rat und Unterst\u00fctzung holen!<\/p>\n<p>[\/et_pb_text][et_pb_image src=&#8220;https:\/\/hundeschule-giessen.de\/angelika\/wp-content\/uploads\/angelika07b.jpg&#8220; align_tablet=&#8220;center&#8220; align_phone=&#8220;&#8220; align_last_edited=&#8220;on|desktop&#8220; _builder_version=&#8220;4.16&#8243; box_shadow_style=&#8220;preset1&#8243; box_shadow_blur=&#8220;10px&#8220; global_colors_info=&#8220;{}&#8220;][\/et_pb_image][\/et_pb_column][et_pb_column type=&#8220;1_2&#8243; _builder_version=&#8220;4.16&#8243; custom_padding=&#8220;|||&#8220; global_colors_info=&#8220;{}&#8220; custom_padding__hover=&#8220;|||&#8220;][et_pb_image src=&#8220;https:\/\/hundeschule-giessen.de\/angelika\/wp-content\/uploads\/Angelika-mit-Hunden-03.jpg&#8220; align_tablet=&#8220;center&#8220; align_phone=&#8220;&#8220; align_last_edited=&#8220;on|desktop&#8220; _builder_version=&#8220;4.16&#8243; custom_margin=&#8220;10%|||&#8220; custom_margin_tablet=&#8220;0px|||&#8220; custom_margin_phone=&#8220;&#8220; custom_margin_last_edited=&#8220;on|tablet&#8220; custom_padding_tablet=&#8220;0px|||&#8220; custom_padding_phone=&#8220;&#8220; custom_padding_last_edited=&#8220;on|tablet&#8220; box_shadow_style=&#8220;preset1&#8243; box_shadow_blur=&#8220;10px&#8220; global_colors_info=&#8220;{}&#8220;][\/et_pb_image][et_pb_text _builder_version=&#8220;4.16&#8243; global_colors_info=&#8220;{}&#8220;]<\/p>\n<p>In meiner Kindheit geh\u00f6rte Cocker Spaniel-H\u00fcndin &#8222;Tina&#8220; zur Familie, w\u00e4hrend meines Studiums war Bobtail &#8222;Urmel&#8220; mein Begleiter, der nach einem Unfall zu mir kam. Zahlreiche weitere Hunde folgten, bis zu neun geh\u00f6rten gleichzeitig zur Familie.<\/p>\n<p>Heute lebe ich in Nordeck mit (Stand Anfang 2026) neun eigenen Hunden: Sarplaninac-Mix (Jugoslawischer Hirtenhund) \u201eSiro\u201c (9 J., Kroatien), Sarplaninac-Mix &#8222;Libi&#8220; (3 J., Rum\u00e4nien), Bouvier des Flandres &#8222;Gipsy&#8220; (6 J., D), dem kleinen schwarzen &#8222;Yocco&#8220; (15 J., Portugal), &#8222;Opa Ulli&#8220; (15 J., Portugal), dem kleinen Pinscher &#8222;Kalle&#8220; (13 J., D), Maltipoo &#8222;Simba&#8220; (12 J, D), Podenco-Mix &#8222;Noni&#8220; (2 J. Portugal) und Sheltie\u00a0 &#8222;Makana&#8220; (1 Jahr, Ungarn).\u00a0<br \/>Terrier-Mix &#8222;Spot&#8220;, genannt &#8222;Opa Spot&#8220; (17 J., Ungarn) verbringt seinen Lebensabend bei einer lieben Freundin und ich besuche ihn jede Woche dort.<br \/>Alle Hunde habe ich aus dem Tierschutz von verschiedenen Vereinen \u00fcbernommen, Simba habe ich privat \u00fcbernommen. Von 2003 bis 2016 geh\u00f6rten zur Familie noch die Wiesenauer Minischweine \u201eOskar\u201c (als &#8222;Fundschwein&#8220; ins Tierheim gekommen!) und \u201eEmil\u201c. Nach dem Abschied von den beiden im Jahre 2016 zogen jedoch keine Nachfolger ein, daf\u00fcr bin ich zuviel unterwegs, und die Schweine kann man nicht gut mitnehmen (150 kg!!). Bei mir wohnen auch oft noch ein oder zwei Hunde aus dem Tierschutz, die ein neues zu Hause suchen, oder andere Notf\u00e4lle, sowie einige Hunde von Kunden unserer Hundeschule, die ich w\u00e4hrend Urlaub etc. betreue.<\/p>\n<p>Da ist immer was los! Und es ist herrlich, mit all diesen Hunden zu leben!<\/p>\n<p>Unseren Hunden habe ich eine extra Seite gewidmet \u2013 f\u00fcr alle Menschen, die mal einigen Minuten Zeit haben, deren spannende und oft anf\u00e4nglich traurigen Geschichten, die aber immer zum \u201eHappy End\u201c f\u00fchren, zu lesen.<\/p>\n<p><strong>Eigene Weiterbildungen<\/strong><\/p>\n<p>Auf der Suche nach einer geeigneten Hundeschule sollten Sie auf die Qualifikation der Trainer achten. Wir sorgen durch regelm\u00e4\u00dfige Teilnahme an Fortbildungsveranstaltungen f\u00fcr einen aktuellen Stand unseres Wissens und unserer Ausbildungsmethoden. Unten finden Sie einen \u00dcberblick \u00fcber Seminare, Vortr\u00e4ge und Praktika, die ich besucht bzw. absolviert habe (diese ist leider nicht aktuell &#8211; nat\u00fcrlich bilden wir uns alle regelm\u00e4\u00dfig fort!).<\/p>\n<p>Seit 01.08.2014 gilt die Erlaubnispflicht f\u00fcr Hundetrainer, und alle Trainerinnen, die in der Hundeschule Gie\u00dfen t\u00e4tig sind, haben diese Erlaubnis vom zust\u00e4ndigen Veterin\u00e4ramt erhalten.<\/p>\n<p>Wie unter \u201eDie Hundeschule \u2013 Philosophie\u201c beschrieben, vertreten wir bewusst NICHT eine Trainingsphilosophie, denn wohl jede \u201eRichtung\u201c oder \u201eMethode\u201c mit oft klangvollem Namen hat viel Gutes, grenzt aber oft anderes aus, was gut und n\u00fctzlich sein kann, nur weil man es nicht selbst &#8222;erfunden&#8220; hat.<\/p>\n<p>So vielf\u00e4ltig wie die Hunde und Menschen, die zu uns kommen, soll auch unser Spektrum an Methoden und Hilfsmitteln sein! Daher lernen wir von vielen Trainern immer Neues dazu. Und sehr, sehr vieles lernen wir nat\u00fcrlich von unseren besten Lehrmeistern \u2013 den Hunden, die ja ebenfalls sehr unterschiedlich sind!<\/p>\n<p>[\/et_pb_text][\/et_pb_column][\/et_pb_row][et_pb_row custom_padding_last_edited=&#8220;on|tablet&#8220; _builder_version=&#8220;4.16&#8243; custom_margin_tablet=&#8220;0px||0px|&#8220; custom_margin_phone=&#8220;&#8220; custom_margin_last_edited=&#8220;on|tablet&#8220; custom_padding_tablet=&#8220;0px||0px|&#8220; custom_padding_phone=&#8220;&#8220; global_colors_info=&#8220;{}&#8220;][et_pb_column type=&#8220;4_4&#8243; _builder_version=&#8220;4.16&#8243; custom_padding=&#8220;|||&#8220; global_colors_info=&#8220;{}&#8220; custom_padding__hover=&#8220;|||&#8220;][et_pb_text _builder_version=&#8220;4.16&#8243; global_colors_info=&#8220;{}&#8220;]<\/p>\n<h2>Eigene Weiterbildung<\/h2>\n<p>[\/et_pb_text][et_pb_text admin_label=&#8220;Tabelle&#8220; _builder_version=&#8220;4.16&#8243; global_colors_info=&#8220;{}&#8220;]<\/p>\n<table style=\"height: 300px;\" width=\"525\">\n<thead>\n<tr>\n<th scope=\"col\">Datum<\/th>\n<th scope=\"col\">Thema<\/th>\n<th scope=\"col\">Ort<\/th>\n<th scope=\"col\">Veranstalter\/Referent<\/th>\n<\/tr>\n<\/thead>\n<tbody>\n<tr>\n<td data-label=\"Datum\">15.+16.08.1998<\/td>\n<td data-label=\"Thema\">Einf\u00fchrung in Obedience<\/td>\n<td data-label=\"Ort\">Linden (N\u00e4he Gie\u00dfen)<\/td>\n<td data-label=\"Veranstalter\/Referent\">Birgit Laser<\/td>\n<\/tr>\n<tr>\n<td scope=\"row\" data-label=\"Datum\">29.+30.08.1998<\/td>\n<td data-label=\"Thema\">Hundeerziehung in Theorie und Praxis<\/td>\n<td data-label=\"Ort\">Leipzig<\/td>\n<td data-label=\"Veranstalter\/Referent\">G\u00fcnther Bloch<\/td>\n<\/tr>\n<tr>\n<td scope=\"row\" data-label=\"Datum\">30.+31.01.1999<\/td>\n<td data-label=\"Thema\">Tellington-Training f\u00fcr Hunde<\/td>\n<td data-label=\"Ort\">Fronhausen<\/td>\n<td data-label=\"Veranstalter\/Referent\">Karin Petra Freiling, Verena Kr\u00fcpe<\/td>\n<\/tr>\n<tr>\n<td scope=\"row\" data-label=\"Datum\">11.-13.09.1998<\/td>\n<td data-label=\"Thema\">Der Hund und die Aggression<\/td>\n<td data-label=\"Ort\">Wissen\/Sieg<\/td>\n<td data-label=\"Veranstalter\/Referent\">Gesellschaft f. Haustierforschung (GfH) \/ Prof. H. Hemmer, Dr. E. Klinghammer, Th. Baumann u.a.<\/td>\n<\/tr>\n<tr>\n<td scope=\"row\" data-label=\"Datum\">09.-11.04.1999<\/td>\n<td data-label=\"Thema\">Heimtierhaltung<\/td>\n<td data-label=\"Ort\">Bad Boll<\/td>\n<td data-label=\"Veranstalter\/Referent\">Ev. Akademie Bad Boll<\/td>\n<\/tr>\n<tr>\n<td scope=\"row\" data-label=\"Datum\">10.-12.09.1999<\/td>\n<td data-label=\"Thema\">Der Hund als Sch\u00fcler<\/td>\n<td data-label=\"Ort\">Wissen\/Sieg<\/td>\n<td data-label=\"Veranstalter\/Referent\">GfH \/ Dr. R. Mugford, Dr. D. Feddersen-Petersen, G. Bloch u.a.<\/td>\n<\/tr>\n<tr>\n<td scope=\"row\" data-label=\"Datum\">24.\/25.05.2000<\/td>\n<td data-label=\"Thema\">Telepathische Kommunikation mit Tieren<\/td>\n<td data-label=\"Ort\">Taunusstein<\/td>\n<td data-label=\"Veranstalter\/Referent\">Penelope Smith<\/td>\n<\/tr>\n<tr>\n<td data-label=\"Datum\">08.-10.09.2000<\/td>\n<td data-label=\"Thema\">Der Hund im Spiel<\/td>\n<td data-label=\"Ort\">Wissen\/Sieg<\/td>\n<td data-label=\"Veranstalter\/Referent\">GfH \/ Prof. H. Hemmer, Prof. M. Pietralla, Dr. E. Birmelin, Clarissa v. Reinhardt, G. Bloch u.a.<\/td>\n<\/tr>\n<tr>\n<td data-label=\"Datum\">16.\/17.09.2000<\/td>\n<td data-label=\"Thema\">Umgang mit Herdenschutzhunden in Theorie u. Praxis<\/td>\n<td data-label=\"Ort\">K\u00f6ln-Porz<\/td>\n<td data-label=\"Veranstalter\/Referent\">G\u00fcnther Bloch, Angelika Lanzerath<\/td>\n<\/tr>\n<tr>\n<td data-label=\"Datum\">13.-15.10.2000<\/td>\n<td data-label=\"Thema\">Herdenschutzhunde- Basisseminar<\/td>\n<td data-label=\"Ort\">Grassau \/ Chiemsee<\/td>\n<td data-label=\"Veranstalter\/Referent\">Grassau \/ Chiemsee<\/td>\n<\/tr>\n<tr>\n<td data-label=\"Datum\">02.\/03.12.2000<\/td>\n<td data-label=\"Thema\">Clickertraining<\/td>\n<td data-label=\"Ort\">Eresing\/Ammersee<\/td>\n<td data-label=\"Veranstalter\/Referent\">Prof. Martin Pietralla<\/td>\n<\/tr>\n<tr>\n<td data-label=\"Datum\">26.03.-15.04.2001<\/td>\n<td data-label=\"Thema\">Praktikum<\/td>\n<td data-label=\"Ort\">Hundefarm Eifel<\/td>\n<td data-label=\"Veranstalter\/Referent\">G\u00fcnther Bloch, Angelika Lanzerath<\/td>\n<\/tr>\n<tr>\n<td data-label=\"Datum\">27.08.-07.09.2001<\/td>\n<td data-label=\"Thema\">Verhaltenstherapie Modul I bis V<\/td>\n<td data-label=\"Ort\">Gie\u00dfen<\/td>\n<td data-label=\"Veranstalter\/Referent\">Akademie f\u00fcr Tier\u00e4rztliche Fortbildung (ATF) \/Dr. B. Sch\u00f6ning, Dr. R. Jones-Baade, Dr. Feddersen-Petersen, C. Quandt u.a.<\/td>\n<\/tr>\n<tr>\n<td data-label=\"Datum\">14.-15.09.2001<\/td>\n<td data-label=\"Thema\">Eberhard Trumler &#8211; von Hunden und Pferden<\/td>\n<td data-label=\"Ort\">Wissen\/Sieg<\/td>\n<td data-label=\"Veranstalter\/Referent\">GfH \/ Prof. H. Sambraus, Prof.\u00a0 A. Grauvogel, Dr. D. Feddersen-Petersen, G. Bloch u.a<\/td>\n<\/tr>\n<tr>\n<td data-label=\"Datum\">23.\/24.02.2002<\/td>\n<td data-label=\"Thema\">Ausbildung f\u00fcr Ausbilder<\/td>\n<td data-label=\"Ort\">Aschaffenburg<\/td>\n<td data-label=\"Veranstalter\/Referent\">Hundeschule Aschaffenburg \/ Petra F\u00fchrmann, Iris Franzke, Perdita L\u00fcbbe<\/td>\n<\/tr>\n<tr>\n<td data-label=\"Datum\">11.03.-22.03.2002<\/td>\n<td data-label=\"Thema\">Verhaltenstherapie Modul VI bis X<\/td>\n<td data-label=\"Ort\">Gie\u00dfen<\/td>\n<td data-label=\"Veranstalter\/Referent\">Akademie f\u00fcr Tier\u00e4rztliche Fortbildung (ATF) \/Dr. B. Sch\u00f6ning, Dr. R. Jones-Baade, Dr. Bernauer-M\u00fcnz, C. Quandt u.a.<\/td>\n<\/tr>\n<tr>\n<td data-label=\"Datum\">20.\/21.04.2002<\/td>\n<td data-label=\"Thema\">Ausbildung durch Spielmotivation<\/td>\n<td data-label=\"Ort\">Wetzlar<\/td>\n<td data-label=\"Veranstalter\/Referent\">IRJGV Wetzlar \/ Anita Balser, Hundeteamschule Wetterau<\/td>\n<\/tr>\n<tr>\n<td data-label=\"Datum\">11.03.2002<\/td>\n<td data-label=\"Thema\">Kommunikation f\u00fcr Hundetrainer<\/td>\n<td data-label=\"Ort\">Aschaffenburg<\/td>\n<td data-label=\"Veranstalter\/Referent\">Hundeschule Aschaffenburg \/ Rainer Gothe<\/td>\n<\/tr>\n<tr>\n<td data-label=\"Datum\">05.\/06.04.2003<\/td>\n<td data-label=\"Thema\">Aufbau von Raufer-\/ Spielgruppen<\/td>\n<td data-label=\"Ort\">Aschaffenburg<\/td>\n<td data-label=\"Veranstalter\/Referent\">Hundeschule Aschaffenburg \/ Petra F\u00fchrmann, Iris Franzke, Perdita L\u00fcbbe<\/td>\n<\/tr>\n<tr>\n<td data-label=\"Datum\">10.\/11.05.2003<\/td>\n<td data-label=\"Thema\">Teamdance f\u00fcr Anf\u00e4nger<\/td>\n<td data-label=\"Ort\">Gie\u00dfen<\/td>\n<td data-label=\"Veranstalter\/Referent\">Hundeschule Gie\u00dfen \/ Anita Balser, Hundeteamschule Wetterau<\/td>\n<\/tr>\n<tr>\n<td data-label=\"Datum\">26.10.2003<\/td>\n<td data-label=\"Thema\">Kommunikation und Konzentration Teil 1<\/td>\n<td data-label=\"Ort\">Friedberg<\/td>\n<td data-label=\"Veranstalter\/Referent\">Hundeteamschule \/ Anita Balser<\/td>\n<\/tr>\n<tr>\n<td data-label=\"Datum\">29.02.2004<\/td>\n<td data-label=\"Thema\">K\u00f6rpersprache der Hunde<\/td>\n<td data-label=\"Ort\">Heuchelheim<\/td>\n<td data-label=\"Veranstalter\/Referent\">Hundeschule R\u00fchl \/ Viviane Theby<\/td>\n<\/tr>\n<tr>\n<td data-label=\"Datum\">01.\/02.05.2004<\/td>\n<td data-label=\"Thema\">Agility-Workshop<\/td>\n<td data-label=\"Ort\">Wittlich-Bombogen<\/td>\n<td data-label=\"Veranstalter\/Referent\">Tierakademie Scheuerhof \/ Viviane Theby, Michaela Hares<\/td>\n<\/tr>\n<tr>\n<td data-label=\"Datum\">01.08.2004<\/td>\n<td data-label=\"Thema\">Kommunikation und Konzentration Teil 2<\/td>\n<td data-label=\"Ort\">Gie\u00dfen<\/td>\n<td data-label=\"Veranstalter\/Referent\">Hundeschule Gie\u00dfen \/ Anita Balser (Hundeteamschule )<\/td>\n<\/tr>\n<tr>\n<td data-label=\"Datum\">19.-21.11.2004<\/td>\n<td data-label=\"Thema\">3. Internationales Hundesymposium<\/td>\n<td data-label=\"Ort\">Aschau \/ Chiemgau<\/td>\n<td data-label=\"Veranstalter\/Referent\">animal learn \/ Barry Eaton, Anne Lill, Kvam, Anders Hallgren, Immanuel Birmelin, Clarissa v. Reinhardt, Martina Scholz u.a.<\/td>\n<\/tr>\n<tr>\n<td data-label=\"Datum\">18.-20.11.2005<\/td>\n<td data-label=\"Thema\">4. Internationales Hundesymposium<\/td>\n<td data-label=\"Ort\">Aschau \/ Chiemgau<\/td>\n<td data-label=\"Veranstalter\/Referent\">animal learn \/ Terry Ryan, Joachim Leidholf, Christina Sondermann, Doroth\u00e9e Schneider, Sabine Neumann, Mirjam Cordt, Clarissa v. Reinhardt, u.a.<\/td>\n<\/tr>\n<tr>\n<td data-label=\"Datum\">10.12.2005<\/td>\n<td data-label=\"Thema\">Biologie des Hundeverhaltens<\/td>\n<td data-label=\"Ort\">Edingen<\/td>\n<td data-label=\"Veranstalter\/Referent\">Hundeschule fit for dogs \/ Udo Ganslo\u00dfer<\/td>\n<\/tr>\n<tr>\n<td data-label=\"Datum\">13.06.-14.06.2006<\/td>\n<td data-label=\"Thema\">Angst und Aggression bei Hunden<\/td>\n<td data-label=\"Ort\">Burbach<\/td>\n<td data-label=\"Veranstalter\/Referent\">Hundezentrum Siegerland \/ Thomas Baumann<\/td>\n<\/tr>\n<tr>\n<td data-label=\"Datum\">28.+29.10.06<\/td>\n<td data-label=\"Thema\">Wetzlarer Wolfs- und Hundetage<\/td>\n<td data-label=\"Ort\">Wettenberg bei Gie\u00dfen<\/td>\n<td data-label=\"Veranstalter\/Referent\">Perdita L\u00fcbbe, Udo Ganslo\u00dfer, G\u00fcnther Bloch, Micha Dudek, Elli Radinger<\/td>\n<\/tr>\n<tr>\n<td data-label=\"Datum\">12.+13.05.2007<\/td>\n<td data-label=\"Thema\">Das Wissen \u2013 Bindung, F\u00fchrung, Vertrauen<\/td>\n<td data-label=\"Ort\">Gie\u00dfen<\/td>\n<td data-label=\"Veranstalter\/Referent\">Hundeschule Gie\u00dfen \/ Anita Balser und Michael Stephan (Hundeteamschule)<\/td>\n<\/tr>\n<tr>\n<td data-label=\"Datum\">07.+08.07.2007<\/td>\n<td data-label=\"Thema\">Longieren<\/td>\n<td data-label=\"Ort\">Gie\u00dfen<\/td>\n<td data-label=\"Veranstalter\/Referent\">Hundeschule Gie\u00dfen \/ Anita Balser und Michael Stephan (Hundeteamschule)<\/td>\n<\/tr>\n<tr>\n<td data-label=\"Datum\">27.+28.10.2007<\/td>\n<td data-label=\"Thema\">Vorbereitung und Durchf\u00fchrung einer Hundef\u00fchrerscheinpr\u00fcfung<\/td>\n<td data-label=\"Ort\">Niedernhausen<\/td>\n<td data-label=\"Veranstalter\/Referent\">BHV-Fortbildung,Vivane Theby<\/td>\n<\/tr>\n<tr>\n<td data-label=\"Datum\">23.+24.02.2008<\/td>\n<td data-label=\"Thema\">Clickertraining<\/td>\n<td data-label=\"Ort\">Niedernhausen<\/td>\n<td data-label=\"Veranstalter\/Referent\">BHV-Fortbildung,Sabine Winkler und Beate Poetting<\/td>\n<\/tr>\n<tr>\n<td data-label=\"Datum\">19.+20.04.2008<\/td>\n<td data-label=\"Thema\">Feinheiten im Training<\/td>\n<td data-label=\"Ort\">Gie\u00dfen<\/td>\n<td data-label=\"Veranstalter\/Referent\">Hundeschule Gie\u00dfen \/\u00a0Viviane Theby<\/td>\n<\/tr>\n<tr>\n<td data-label=\"Datum\">16.+17.08.2008<\/td>\n<td data-label=\"Thema\">Rudelharmonie<\/td>\n<td data-label=\"Ort\">Pohlheim bei Gie\u00dfen<\/td>\n<td data-label=\"Veranstalter\/Referent\">Hundebunt \/ Anita Balser und Michael Stephan (Hundeteamschule)<\/td>\n<\/tr>\n<tr>\n<td data-label=\"Datum\">27.+28.09.2008<\/td>\n<td data-label=\"Thema\">K\u00f6rpersprache plus &#8211; In der Muttersprache des Hundes<\/td>\n<td data-label=\"Ort\">Gie\u00dfen<\/td>\n<td data-label=\"Veranstalter\/Referent\">Hundeschule Gie\u00dfen \/ Anita Balser und Michael Stephan (Hundeteamschule)<\/td>\n<\/tr>\n<tr>\n<td data-label=\"Datum\">25.+26.10.2008<\/td>\n<td data-label=\"Thema\">Neurophysiologie und Pharmakologie<\/td>\n<td data-label=\"Ort\">Hohenroda<\/td>\n<td data-label=\"Veranstalter\/Referent\">BHV-Fortbildung,Barbara Sch\u00f6ning<\/td>\n<\/tr>\n<tr>\n<td data-label=\"Datum\">28.02.+01.03.2009<\/td>\n<td data-label=\"Thema\">Antijagdtraining<\/td>\n<td data-label=\"Ort\">Niedernhausen<\/td>\n<td data-label=\"Veranstalter\/Referent\">BHV-Fortbildung,Ariane Ulrich<\/td>\n<\/tr>\n<tr>\n<td data-label=\"Datum\">31.10.+01.11.2009<\/td>\n<td data-label=\"Thema\">Kommunikation mit dem Kunden<\/td>\n<td data-label=\"Ort\">Niedernhausen<\/td>\n<td data-label=\"Veranstalter\/Referent\">BHV-Fortbildung<\/td>\n<\/tr>\n<tr>\n<td data-label=\"Datum\">29.10.+30.10.2011<\/td>\n<td data-label=\"Thema\">Besondere Aspekte beim Training mit Welpen<\/td>\n<td data-label=\"Ort\">Offenbach<\/td>\n<td data-label=\"Veranstalter\/Referent\">BHV-Fortbildung,\u00a0Katja Frey, Vivane Theby<\/td>\n<\/tr>\n<tr>\n<td data-label=\"Datum\">22.02.+23.02.2014<\/td>\n<td data-label=\"Thema\">Tricktraining<\/td>\n<td data-label=\"Ort\">Niedernhausen<\/td>\n<td data-label=\"Veranstalter\/Referent\">BHV-Fortbildung, Denise Nardelli<\/td>\n<\/tr>\n<tr>\n<td data-label=\"Datum\">21.02.+22.02.2015<\/td>\n<td data-label=\"Thema\">Rallye Obedience<\/td>\n<td data-label=\"Ort\">Hogheim-Langenhain<\/td>\n<td data-label=\"Veranstalter\/Referent\">BHV-Fortbildung,\u00a0Dr. Katrin Hagmann<\/td>\n<\/tr>\n<tr>\n<td data-label=\"Datum\">27.02.+28.02.2016<\/td>\n<td data-label=\"Thema\">Jagdhunde und Jagdgebrauchshunde in der Hundeschule<\/td>\n<td data-label=\"Ort\">Niedernhausen<\/td>\n<td data-label=\"Veranstalter\/Referent\">BHV-Fortbildung,\u00a0Anke Lehne<\/td>\n<\/tr>\n<tr>\n<td data-label=\"Datum\">25.02.+26.02.2017<\/td>\n<td data-label=\"Thema\">Die Kraft der Sprache<\/td>\n<td data-label=\"Ort\">Niedernhausen<\/td>\n<td data-label=\"Veranstalter\/Referent\">BHV-Fortbildung,\u00a0Ina Willax<\/td>\n<\/tr>\n<tr>\n<td data-label=\"Datum\">24.02.+25.03.2018<\/td>\n<td data-label=\"Thema\">Impulskontrolle<\/td>\n<td data-label=\"Ort\">Niedernhausen<\/td>\n<td data-label=\"Veranstalter\/Referent\">BHV-Fortbildung, Tanja Bischof<\/td>\n<\/tr>\n<tr>\n<td data-label=\"Datum\">23.02.+24.02.2019<\/td>\n<td data-label=\"Thema\">Entspannung Modul 2<\/td>\n<td data-label=\"Ort\">Niedernhausen<\/td>\n<td data-label=\"Veranstalter\/Referent\">BHV-Fortbildung Dr. Katrin Voigt, Cornelie Harms<\/td>\n<\/tr>\n<\/tbody>\n<\/table>\n<p>&nbsp;<\/p>\n<p>[\/et_pb_text][et_pb_text _builder_version=&#8220;4.23.1&#8243; global_colors_info=&#8220;{}&#8220;]<\/p>\n<p>Mehrere Seminare und Hundefreizeiten bei Karin Petra Freiling mit Tellington-Training u.a.<\/p>\n<p>J\u00e4hrlich Fortbildung beim BHV, Teilnahme an verschiedenen Webinaren, online-Hundekongress etc.<\/p>\n<p>[\/et_pb_text][\/et_pb_column][\/et_pb_row][\/et_pb_section]<\/p>\n","protected":false},"excerpt":{"rendered":"<p>Die Trainerinnen Angelika Stahl(mehr zu: Lena Habich, Sarah Becker, Brigitte Hartmann-Stamm und Christine Oltmanns demn\u00e4chst, bzw. auf den Seiten:www.hundetraining-habich.de\u00a0www.dreipfoten.de ) Angelika Stahl:Mich faszinieren alle Hunde, denen ich begegne, vor allem die Anpassungsf\u00e4higkeit und die Intelligenz unseres \u201e\u00e4ltesten Begleiters\u201c. Ich genie\u00dfe es, durch meine Arbeit als Trainerin und Betreuerin von Hunden so viele verschiedene Hunde kennenzulernen, [&hellip;]<\/p>\n","protected":false},"author":1,"featured_media":0,"parent":91,"menu_order":0,"comment_status":"closed","ping_status":"closed","template":"","meta":{"_et_pb_use_builder":"on","_et_pb_old_content":"","_et_gb_content_width":"","footnotes":""},"class_list":["post-562","page","type-page","status-publish","hentry"],"_links":{"self":[{"href":"https:\/\/hundeschule-giessen.de\/angelika\/wp-json\/wp\/v2\/pages\/562","targetHints":{"allow":["GET"]}}],"collection":[{"href":"https:\/\/hundeschule-giessen.de\/angelika\/wp-json\/wp\/v2\/pages"}],"about":[{"href":"https:\/\/hundeschule-giessen.de\/angelika\/wp-json\/wp\/v2\/types\/page"}],"author":[{"embeddable":true,"href":"https:\/\/hundeschule-giessen.de\/angelika\/wp-json\/wp\/v2\/users\/1"}],"replies":[{"embeddable":true,"href":"https:\/\/hundeschule-giessen.de\/angelika\/wp-json\/wp\/v2\/comments?post=562"}],"version-history":[{"count":43,"href":"https:\/\/hundeschule-giessen.de\/angelika\/wp-json\/wp\/v2\/pages\/562\/revisions"}],"predecessor-version":[{"id":4565,"href":"https:\/\/hundeschule-giessen.de\/angelika\/wp-json\/wp\/v2\/pages\/562\/revisions\/4565"}],"up":[{"embeddable":true,"href":"https:\/\/hundeschule-giessen.de\/angelika\/wp-json\/wp\/v2\/pages\/91"}],"wp:attachment":[{"href":"https:\/\/hundeschule-giessen.de\/angelika\/wp-json\/wp\/v2\/media?parent=562"}],"curies":[{"name":"wp","href":"https:\/\/api.w.org\/{rel}","templated":true}]}}