{"id":567,"date":"2018-06-20T13:29:05","date_gmt":"2018-06-20T13:29:05","guid":{"rendered":"https:\/\/hundeschule.eikenroth.net\/?page_id=567"},"modified":"2025-12-24T23:33:25","modified_gmt":"2025-12-24T23:33:25","slug":"das-gelaende","status":"publish","type":"page","link":"https:\/\/hundeschule-giessen.de\/angelika\/hundeschule\/das-gelaende\/","title":{"rendered":"Das Gel\u00e4nde"},"content":{"rendered":"<p>[et_pb_section fb_built=&#8220;1&#8243; _builder_version=&#8220;4.16&#8243; top_divider_style=&#8220;wave2&#8243; top_divider_color=&#8220;rgba(178,178,178,0.43)&#8220; top_divider_height=&#8220;60px&#8220; top_divider_flip=&#8220;vertical&#8220; global_colors_info=&#8220;{}&#8220;][et_pb_row column_structure=&#8220;1_2,1_2&#8243; custom_padding_last_edited=&#8220;on|tablet&#8220; _builder_version=&#8220;4.16&#8243; custom_margin_tablet=&#8220;||0px|&#8220; custom_margin_phone=&#8220;&#8220; custom_margin_last_edited=&#8220;on|tablet&#8220; custom_padding_tablet=&#8220;||0px|&#8220; custom_padding_phone=&#8220;&#8220; global_colors_info=&#8220;{}&#8220;][et_pb_column type=&#8220;1_2&#8243; _builder_version=&#8220;4.16&#8243; custom_padding=&#8220;|||&#8220; global_colors_info=&#8220;{}&#8220; custom_padding__hover=&#8220;|||&#8220;][et_pb_text _builder_version=&#8220;4.16&#8243; global_colors_info=&#8220;{}&#8220;]<\/p>\n<h2>Das Gel\u00e4nde<\/h2>\n<p><strong>*Stand 2026*<\/strong><\/p>\n<p>F\u00fcr das Training in der Hundeschule Gie\u00dfen stehen mehrere Trainingsfl\u00e4chen von 1.000-1.500 qm zur Verf\u00fcgung. Hinzu kommen noch Parkfl\u00e4chen, Wegef\u00fchrung und mehrere 100 qm Hundegehege.<\/p>\n<p>Eine Halle besitzen wir nicht, aber wir haben unseren Boden so gestaltet, dass er ganzj\u00e4hrig recht komfortabel f\u00fcr die Zwei- und Vierbeiner ist. Der Boden ist teils mit Gummimatten belegt und stellenweise gibt es auch etwas Naturboden mit Gras. Durch diese &#8222;gehobene&#8220; Ausstattung k\u00f6nnen wir ganzj\u00e4hrig drau\u00dfen arbeiten und je nach Witterung, Trainingsart und den Bed\u00fcrfnissen der teilnehmenden Hunde und Menschen den passenden Untergrund w\u00e4hlen, kleine Hunde laufen z.B. oft lieber auf den Gummimatten.<br \/>Seit 2017 haben wir eine Holzh\u00fctte von 5&#215;5 Metern, die mit einem Heizl\u00fcfter beheizt werden kann. Ganz junge Welpen und Kleinhunde f\u00fchlen sich im Winter dort wohler als drau\u00dfen und auch Workshops mit bis zu 5 Teams kann man dort abhalten.<\/p>\n<p>Ger\u00e4umige Gehege und eine kleinere Auslauffl\u00e4che stehen f\u00fcr die Trainerhunde und die Pensionshunde zur Verf\u00fcgung.<\/p>\n<p>&nbsp;<\/p>\n<p>[\/et_pb_text][\/et_pb_column][et_pb_column type=&#8220;1_2&#8243; _builder_version=&#8220;4.16&#8243; custom_padding=&#8220;|||&#8220; global_colors_info=&#8220;{}&#8220; custom_padding__hover=&#8220;|||&#8220;][et_pb_gallery gallery_ids=&#8220;3052,3014,2297,3213&#8243; show_title_and_caption=&#8220;off&#8220; show_pagination=&#8220;off&#8220; zoom_icon_color=&#8220;#1d9811&#8243; _builder_version=&#8220;4.16&#8243; box_shadow_style_image=&#8220;preset1&#8243; box_shadow_blur_image=&#8220;10px&#8220; global_colors_info=&#8220;{}&#8220;][\/et_pb_gallery][et_pb_text _builder_version=&#8220;4.16&#8243; global_colors_info=&#8220;{}&#8220;]<\/p>\n<p><a href=\"https:\/\/hundeschule-giessen.de\/angelika\/das-gelaende-fotogalerie\/\">zur Bildergalerie des Gel\u00e4ndes<\/a><\/p>\n<p>[\/et_pb_text][\/et_pb_column][\/et_pb_row][\/et_pb_section]<\/p>\n","protected":false},"excerpt":{"rendered":"<p>Das Gel\u00e4nde *Stand 2026* F\u00fcr das Training in der Hundeschule Gie\u00dfen stehen mehrere Trainingsfl\u00e4chen von 1.000-1.500 qm zur Verf\u00fcgung. Hinzu kommen noch Parkfl\u00e4chen, Wegef\u00fchrung und mehrere 100 qm Hundegehege. Eine Halle besitzen wir nicht, aber wir haben unseren Boden so gestaltet, dass er ganzj\u00e4hrig recht komfortabel f\u00fcr die Zwei- und Vierbeiner ist. Der Boden ist [&hellip;]<\/p>\n","protected":false},"author":1,"featured_media":0,"parent":91,"menu_order":0,"comment_status":"closed","ping_status":"closed","template":"","meta":{"_et_pb_use_builder":"on","_et_pb_old_content":"","_et_gb_content_width":"","footnotes":""},"class_list":["post-567","page","type-page","status-publish","hentry"],"_links":{"self":[{"href":"https:\/\/hundeschule-giessen.de\/angelika\/wp-json\/wp\/v2\/pages\/567","targetHints":{"allow":["GET"]}}],"collection":[{"href":"https:\/\/hundeschule-giessen.de\/angelika\/wp-json\/wp\/v2\/pages"}],"about":[{"href":"https:\/\/hundeschule-giessen.de\/angelika\/wp-json\/wp\/v2\/types\/page"}],"author":[{"embeddable":true,"href":"https:\/\/hundeschule-giessen.de\/angelika\/wp-json\/wp\/v2\/users\/1"}],"replies":[{"embeddable":true,"href":"https:\/\/hundeschule-giessen.de\/angelika\/wp-json\/wp\/v2\/comments?post=567"}],"version-history":[{"count":14,"href":"https:\/\/hundeschule-giessen.de\/angelika\/wp-json\/wp\/v2\/pages\/567\/revisions"}],"predecessor-version":[{"id":4567,"href":"https:\/\/hundeschule-giessen.de\/angelika\/wp-json\/wp\/v2\/pages\/567\/revisions\/4567"}],"up":[{"embeddable":true,"href":"https:\/\/hundeschule-giessen.de\/angelika\/wp-json\/wp\/v2\/pages\/91"}],"wp:attachment":[{"href":"https:\/\/hundeschule-giessen.de\/angelika\/wp-json\/wp\/v2\/media?parent=567"}],"curies":[{"name":"wp","href":"https:\/\/api.w.org\/{rel}","templated":true}]}}