{"id":674,"date":"2018-07-04T08:40:00","date_gmt":"2018-07-04T08:40:00","guid":{"rendered":"https:\/\/hundeschule.eikenroth.net\/?page_id=674"},"modified":"2024-11-27T15:37:06","modified_gmt":"2024-11-27T15:37:06","slug":"impressum","status":"publish","type":"page","link":"https:\/\/hundeschule-giessen.de\/angelika\/impressum\/","title":{"rendered":"Impressum"},"content":{"rendered":"<p>[et_pb_section fb_built=&#8220;1&#8243; _builder_version=&#8220;4.16&#8243; top_divider_style=&#8220;wave2&#8243; top_divider_color=&#8220;rgba(178,178,178,0.43)&#8220; top_divider_height=&#8220;45px&#8220; top_divider_flip=&#8220;vertical|horizontal&#8220; global_colors_info=&#8220;{}&#8220;][et_pb_row _builder_version=&#8220;4.16&#8243; custom_margin=&#8220;0px||0px|&#8220; custom_padding=&#8220;0px||0px|&#8220; global_colors_info=&#8220;{}&#8220;][et_pb_column type=&#8220;4_4&#8243; _builder_version=&#8220;4.16&#8243; custom_padding=&#8220;|||&#8220; global_colors_info=&#8220;{}&#8220; custom_padding__hover=&#8220;|||&#8220;][et_pb_text admin_label=&#8220;Impressum&#8220; _builder_version=&#8220;4.16&#8243; custom_margin=&#8220;||0px|&#8220; custom_padding=&#8220;||0px|&#8220; global_colors_info=&#8220;{}&#8220;]<\/p>\n<h1>Impressum<\/h1>\n<p>[\/et_pb_text][et_pb_divider color=&#8220;rgba(178,178,178,0.43)&#8220; divider_weight=&#8220;2&#8243; _builder_version=&#8220;4.16&#8243; module_alignment=&#8220;left&#8220; height=&#8220;20px&#8220; custom_margin=&#8220;0px||0px|&#8220; custom_padding=&#8220;0px||0px|&#8220; global_colors_info=&#8220;{}&#8220;][\/et_pb_divider][et_pb_text disabled_on=&#8220;off|off|off&#8220; _builder_version=&#8220;4.27.3&#8243; hover_enabled=&#8220;0&#8243; global_colors_info=&#8220;{}&#8220; sticky_enabled=&#8220;0&#8243;]<\/p>\n<p><strong>Hundeschule Gie\u00dfen \u2013 Angelika Stahl<\/strong><br \/>Inh.:\u00a0Angelika Stahl<\/p>\n<p>Die Erlaubnis nach \u00a7 11 Tierschutzgesetz wurde durch den Landkreis Gie\u00dfen erteilt<\/p>\n<p><strong>Postalische Anschrift:<\/strong><br \/><strong>(Achtung: dies ist nicht das Trainingsgel\u00e4nde!)<\/strong><br \/>Giessener Str. 1<br \/>35469 Allendorf\/Lumda<\/p>\n<p><strong>Kontakt:<br \/><\/strong>Telefon: 0171 7501330<br \/>E-Mail: <a href=\"mailto:angelika.stahl@hundeschule-giessen.de\">angelika.stahl@hundeschule-giessen.de<\/a><strong><br \/><\/strong><\/p>\n<p><strong>Bankverbindung:<\/strong><br \/>Volksbank Mittelhessen<br \/>BLZ 513 900 00<br \/>Konto 48 1605 06<br \/>IBAN DE20513900000048160506<br \/>BIC VBMHDE5F<\/p>\n<p><strong>Bildnachweise:<\/strong><br \/>Homepage (unten): Eric Isselee\/Shutterstock.com<br \/>Kurse\/Welpengruppe: Orientgold\/Shutterstock.com<br \/>Kurse\/Dummyarbeit: anetapics\/Shutterstock.com<br \/>Kurse\/Longieren: Shakarrigrafie\/Shutterstock.com<br \/>Kurse\/Frisbee: Adam Fichna\/Shutterstock.com<br \/>Kurse\/Hoopers Agility: Angelique van Heertum\/Shutterstock.com<br \/>Kurse\/Fr\u00fchf\u00f6rderung f\u00fcr Welpen und Junghunde: anetapics\/Shutterstock.com<br \/>Kurse\/Kind und Hund: Pressmaster\/Shutterstock.com<br \/>Kurse\/Treibball: Karl Steiner\/Shutterstock.com<\/p>\n<p>[\/et_pb_text][\/et_pb_column][\/et_pb_row][\/et_pb_section]<\/p>\n","protected":false},"excerpt":{"rendered":"<p>Impressum Hundeschule Gie\u00dfen \u2013 Angelika StahlInh.:\u00a0Angelika Stahl Die Erlaubnis nach \u00a7 11 Tierschutzgesetz wurde durch den Landkreis Gie\u00dfen erteilt Postalische Anschrift:(Achtung: dies ist nicht das Trainingsgel\u00e4nde!)Giessener Str. 135469 Allendorf\/Lumda Kontakt:Telefon: 0171 7501330E-Mail: angelika.stahl@hundeschule-giessen.de Bankverbindung:Volksbank MittelhessenBLZ 513 900 00Konto 48 1605 06IBAN DE20513900000048160506BIC VBMHDE5F Bildnachweise:Homepage (unten): Eric Isselee\/Shutterstock.comKurse\/Welpengruppe: Orientgold\/Shutterstock.comKurse\/Dummyarbeit: anetapics\/Shutterstock.comKurse\/Longieren: Shakarrigrafie\/Shutterstock.comKurse\/Frisbee: Adam Fichna\/Shutterstock.comKurse\/Hoopers Agility: Angelique van [&hellip;]<\/p>\n","protected":false},"author":1,"featured_media":0,"parent":0,"menu_order":0,"comment_status":"closed","ping_status":"closed","template":"","meta":{"_et_pb_use_builder":"on","_et_pb_old_content":"","_et_gb_content_width":"","footnotes":""},"class_list":["post-674","page","type-page","status-publish","hentry"],"_links":{"self":[{"href":"https:\/\/hundeschule-giessen.de\/angelika\/wp-json\/wp\/v2\/pages\/674","targetHints":{"allow":["GET"]}}],"collection":[{"href":"https:\/\/hundeschule-giessen.de\/angelika\/wp-json\/wp\/v2\/pages"}],"about":[{"href":"https:\/\/hundeschule-giessen.de\/angelika\/wp-json\/wp\/v2\/types\/page"}],"author":[{"embeddable":true,"href":"https:\/\/hundeschule-giessen.de\/angelika\/wp-json\/wp\/v2\/users\/1"}],"replies":[{"embeddable":true,"href":"https:\/\/hundeschule-giessen.de\/angelika\/wp-json\/wp\/v2\/comments?post=674"}],"version-history":[{"count":13,"href":"https:\/\/hundeschule-giessen.de\/angelika\/wp-json\/wp\/v2\/pages\/674\/revisions"}],"predecessor-version":[{"id":4425,"href":"https:\/\/hundeschule-giessen.de\/angelika\/wp-json\/wp\/v2\/pages\/674\/revisions\/4425"}],"wp:attachment":[{"href":"https:\/\/hundeschule-giessen.de\/angelika\/wp-json\/wp\/v2\/media?parent=674"}],"curies":[{"name":"wp","href":"https:\/\/api.w.org\/{rel}","templated":true}]}}