{"id":727,"date":"2018-07-04T14:04:05","date_gmt":"2018-07-04T14:04:05","guid":{"rendered":"https:\/\/hundeschule.eikenroth.net\/?page_id=727"},"modified":"2024-03-28T22:37:33","modified_gmt":"2024-03-28T22:37:33","slug":"shop","status":"publish","type":"page","link":"https:\/\/hundeschule-giessen.de\/angelika\/shop\/","title":{"rendered":"Shop"},"content":{"rendered":"<p>[et_pb_section fb_built=&#8220;1&#8243; _builder_version=&#8220;4.16&#8243; top_divider_style=&#8220;wave2&#8243; top_divider_color=&#8220;rgba(178,178,178,0.43)&#8220; top_divider_height=&#8220;85px&#8220; top_divider_flip=&#8220;vertical&#8220; global_colors_info=&#8220;{}&#8220;][et_pb_row custom_padding_last_edited=&#8220;on|tablet&#8220; _builder_version=&#8220;4.16&#8243; background_size=&#8220;initial&#8220; background_position=&#8220;top_left&#8220; background_repeat=&#8220;repeat&#8220; custom_margin_tablet=&#8220;5%||0px|&#8220; custom_margin_phone=&#8220;7%|||&#8220; custom_margin_last_edited=&#8220;on|tablet&#8220; custom_padding_tablet=&#8220;||0px|&#8220; custom_padding_phone=&#8220;&#8220; global_colors_info=&#8220;{}&#8220;][et_pb_column type=&#8220;4_4&#8243; _builder_version=&#8220;4.16&#8243; custom_padding=&#8220;|||&#8220; global_colors_info=&#8220;{}&#8220; custom_padding__hover=&#8220;|||&#8220;][et_pb_text _builder_version=&#8220;4.16&#8243; custom_margin=&#8220;2%||0px|&#8220; custom_padding=&#8220;||0px|&#8220; global_colors_info=&#8220;{}&#8220;]<\/p>\n<h2 style=\"text-align: left;\">Shop<\/h2>\n<p>[\/et_pb_text][et_pb_divider color=&#8220;rgba(178,178,178,0.43)&#8220; divider_weight=&#8220;2&#8243; _builder_version=&#8220;4.16&#8243; module_alignment=&#8220;left&#8220; height=&#8220;20px&#8220; custom_margin=&#8220;0px||0px|&#8220; custom_padding=&#8220;0px||0px|&#8220; saved_tabs=&#8220;all&#8220; global_colors_info=&#8220;{}&#8220;][\/et_pb_divider][et_pb_text _builder_version=&#8220;4.24.2&#8243; hover_enabled=&#8220;0&#8243; global_colors_info=&#8220;{}&#8220; sticky_enabled=&#8220;0&#8243;]<\/p>\n<p>Liebe Kunden, <br \/>die Hundeschule Gie\u00dfen verkauft derzeit nur folgendes Zubeh\u00f6r:<br \/>&#8211; B\u00fccher und Kartensets f\u00fcr die Vorbereitung zum BHV-Hundef\u00fchrerschein<br \/>&#8211; Clicker <br \/>&#8211; Haltis<br \/>&#8211; gro\u00dfe, sehr stabilen Hundeplanschbecken!<br \/>Hier findet ihr aber einige Tipps, wo man was bekommen kann! <\/p>\n<p>[\/et_pb_text][\/et_pb_column][\/et_pb_row][et_pb_row column_structure=&#8220;1_3,1_3,1_3&#8243; custom_padding_last_edited=&#8220;on|tablet&#8220; _builder_version=&#8220;4.16&#8243; background_size=&#8220;initial&#8220; background_position=&#8220;top_left&#8220; background_repeat=&#8220;repeat&#8220; custom_margin=&#8220;||1.9%|&#8220; custom_margin_tablet=&#8220;0px||0px|&#8220; custom_margin_phone=&#8220;&#8220; custom_margin_last_edited=&#8220;on|desktop&#8220; custom_padding_tablet=&#8220;0px||0px|&#8220; custom_padding_phone=&#8220;&#8220; global_colors_info=&#8220;{}&#8220;][et_pb_column type=&#8220;1_3&#8243; _builder_version=&#8220;4.16&#8243; custom_padding=&#8220;|||&#8220; global_colors_info=&#8220;{}&#8220; custom_padding__hover=&#8220;|||&#8220;][et_pb_text _builder_version=&#8220;4.24.2&#8243; background_color=&#8220;rgba(178,178,178,0.43)&#8220; custom_margin=&#8220;2%||0px|&#8220; custom_padding=&#8220;3%|3%|3%|3%&#8220; hover_enabled=&#8220;0&#8243; box_shadow_style=&#8220;preset1&#8243; box_shadow_blur=&#8220;10px&#8220; global_colors_info=&#8220;{}&#8220; sticky_enabled=&#8220;0&#8243;]<\/p>\n<h5>Zubeh\u00f6r\u00a0 &amp; Leckerchen, und die tollen Biothane-Leinen!<\/h5>\n<p>Schaut hier rein,\u00a0<br \/>dort gibt es viele tolle Sachen rund um den Hund:<br \/><strong>www.hundeschulen.com<\/strong><\/p>\n<p>[\/et_pb_text][\/et_pb_column][et_pb_column type=&#8220;1_3&#8243; _builder_version=&#8220;4.16&#8243; custom_padding=&#8220;|||&#8220; global_colors_info=&#8220;{}&#8220; custom_padding__hover=&#8220;|||&#8220;][et_pb_text _builder_version=&#8220;4.16&#8243; background_color=&#8220;rgba(178,178,178,0.43)&#8220; custom_margin=&#8220;2%||0px|&#8220; custom_padding=&#8220;3%|3%|3%|3%&#8220; box_shadow_style=&#8220;preset1&#8243; box_shadow_blur=&#8220;10px&#8220; global_colors_info=&#8220;{}&#8220;]<\/p>\n<h5>Gesunde Hundenahrung<\/h5>\n<p>Kerstins Knabberwerkstatt, im Internet unter<br \/>\n<a href=\"http:\/\/www.knabberwerkstatt.de\">www.knabberwerkstatt.de<\/a><br \/>\n[\/et_pb_text][\/et_pb_column][et_pb_column type=&#8220;1_3&#8243; _builder_version=&#8220;4.16&#8243; custom_padding=&#8220;|||&#8220; global_colors_info=&#8220;{}&#8220; custom_padding__hover=&#8220;|||&#8220;][et_pb_text _builder_version=&#8220;4.16&#8243; background_color=&#8220;rgba(178,178,178,0.43)&#8220; custom_margin=&#8220;2%||0px|&#8220; custom_padding=&#8220;3%|3%|3%|3%&#8220; box_shadow_style=&#8220;preset1&#8243; box_shadow_blur=&#8220;10px&#8220; global_colors_info=&#8220;{}&#8220;]<\/p>\n<h5>Das bekommen Sie nicht \u00fcberall!<\/h5>\n<p>Haltis\u00a0in\u00a0verschiedenen\u00a0Farben! Geschirre<br \/>\nund Halsb\u00e4nder in Ma\u00df-Anfertigung bei<br \/>\n<a href=\"http:\/\/www.steinmuhlys.de\/\" target=\"_blank\" rel=\"noopener noreferrer\">www.steinmuhlys.de<\/a>!<br \/>\n[\/et_pb_text][\/et_pb_column][\/et_pb_row][\/et_pb_section]<\/p>\n","protected":false},"excerpt":{"rendered":"<p>Shop Liebe Kunden, die Hundeschule Gie\u00dfen verkauft derzeit nur folgendes Zubeh\u00f6r:- B\u00fccher und Kartensets f\u00fcr die Vorbereitung zum BHV-Hundef\u00fchrerschein- Clicker &#8211; Haltis- gro\u00dfe, sehr stabilen Hundeplanschbecken!Hier findet ihr aber einige Tipps, wo man was bekommen kann! Zubeh\u00f6r\u00a0 &amp; Leckerchen, und die tollen Biothane-Leinen! Schaut hier rein,\u00a0dort gibt es viele tolle Sachen rund um den Hund:www.hundeschulen.comGesunde [&hellip;]<\/p>\n","protected":false},"author":1,"featured_media":0,"parent":0,"menu_order":0,"comment_status":"closed","ping_status":"closed","template":"","meta":{"_et_pb_use_builder":"on","_et_pb_old_content":"","_et_gb_content_width":"","footnotes":""},"class_list":["post-727","page","type-page","status-publish","hentry"],"_links":{"self":[{"href":"https:\/\/hundeschule-giessen.de\/angelika\/wp-json\/wp\/v2\/pages\/727","targetHints":{"allow":["GET"]}}],"collection":[{"href":"https:\/\/hundeschule-giessen.de\/angelika\/wp-json\/wp\/v2\/pages"}],"about":[{"href":"https:\/\/hundeschule-giessen.de\/angelika\/wp-json\/wp\/v2\/types\/page"}],"author":[{"embeddable":true,"href":"https:\/\/hundeschule-giessen.de\/angelika\/wp-json\/wp\/v2\/users\/1"}],"replies":[{"embeddable":true,"href":"https:\/\/hundeschule-giessen.de\/angelika\/wp-json\/wp\/v2\/comments?post=727"}],"version-history":[{"count":27,"href":"https:\/\/hundeschule-giessen.de\/angelika\/wp-json\/wp\/v2\/pages\/727\/revisions"}],"predecessor-version":[{"id":4270,"href":"https:\/\/hundeschule-giessen.de\/angelika\/wp-json\/wp\/v2\/pages\/727\/revisions\/4270"}],"wp:attachment":[{"href":"https:\/\/hundeschule-giessen.de\/angelika\/wp-json\/wp\/v2\/media?parent=727"}],"curies":[{"name":"wp","href":"https:\/\/api.w.org\/{rel}","templated":true}]}}